{"id":22037,"date":"2024-05-08T10:35:58","date_gmt":"2024-05-08T03:35:58","guid":{"rendered":"https:\/\/livinghome.vn\/thiet-bi\/?post_type=product&#038;p=22037"},"modified":"2024-11-29T14:16:59","modified_gmt":"2024-11-29T07:16:59","slug":"bo-noi-inox-5-mon-kaff-kf-st09304","status":"publish","type":"product","link":"https:\/\/livinghome.vn\/thiet-bi\/bo-noi-inox-5-mon-kaff-kf-st09304\/","title":{"rendered":"B\u1ed9 N\u1ed3i Inox 5 M\u00f3n Kaff KF-ST09304"},"content":{"rendered":"<p><strong>B\u1ed9 n\u1ed3i KAFF cao c\u1ea5p 5 m\u00f3n Inox 304 KF-ST09304<\/strong> l\u00e0 s\u1ea3n ph\u1ea9m m\u1edbi nh\u1ea5t c\u1ee7a th\u01b0\u01a1ng hi\u1ec7u KAFF n\u1ed5i ti\u1ebfng, mang \u0111\u1ebfn cho b\u1ea1n tr\u1ea3i nghi\u1ec7m n\u1ea5u n\u01b0\u1edbng ho\u00e0n h\u1ea3o.<\/p>\n<p><img loading=\"lazy\" decoding=\"async\" class=\"alignnone size-full wp-image-22055\" src=\"https:\/\/livinghome.vn\/thiet-bi\/wp-content\/uploads\/2024\/05\/bo-noi-inox-5-mon-KF-ST09304-3.jpg\" alt=\"\" width=\"1200\" height=\"1200\" title=\"\" srcset=\"https:\/\/livinghome.vn\/thiet-bi\/wp-content\/uploads\/2024\/05\/bo-noi-inox-5-mon-KF-ST09304-3.jpg 1200w, https:\/\/livinghome.vn\/thiet-bi\/wp-content\/uploads\/2024\/05\/bo-noi-inox-5-mon-KF-ST09304-3-400x400.jpg 400w, https:\/\/livinghome.vn\/thiet-bi\/wp-content\/uploads\/2024\/05\/bo-noi-inox-5-mon-KF-ST09304-3-800x800.jpg 800w, https:\/\/livinghome.vn\/thiet-bi\/wp-content\/uploads\/2024\/05\/bo-noi-inox-5-mon-KF-ST09304-3-280x280.jpg 280w, https:\/\/livinghome.vn\/thiet-bi\/wp-content\/uploads\/2024\/05\/bo-noi-inox-5-mon-KF-ST09304-3-768x768.jpg 768w, https:\/\/livinghome.vn\/thiet-bi\/wp-content\/uploads\/2024\/05\/bo-noi-inox-5-mon-KF-ST09304-3-300x300.jpg 300w, https:\/\/livinghome.vn\/thiet-bi\/wp-content\/uploads\/2024\/05\/bo-noi-inox-5-mon-KF-ST09304-3-600x600.jpg 600w, https:\/\/livinghome.vn\/thiet-bi\/wp-content\/uploads\/2024\/05\/bo-noi-inox-5-mon-KF-ST09304-3-100x100.jpg 100w\" sizes=\"auto, (max-width: 1200px) 100vw, 1200px\" \/><\/p>\n<p>\u2022 B\u1ed9 n\u1ed3i Inox 304 cao c\u1ea5p 5 m\u00f3n 9 th\u1ee9:<br \/>\n+ N\u1ed3i cao c\u1ea5p c\u00f3 n\u1eafp k\u00edch th\u01b0\u1edbc 16x8cm<br \/>\n+ N\u1ed3i cao c\u1ea5p c\u00f3 n\u1eafp k\u00edch th\u01b0\u1edbc 18x9cm<br \/>\n+ N\u1ed3i cao c\u1ea5p c\u00f3 n\u1eafp k\u00edch th\u01b0\u1edbc 20x10cm<br \/>\n+ N\u1ed3i cao c\u1ea5p c\u00f3 n\u1eafp k\u00edch th\u01b0\u1edbc 24x14cm<br \/>\n+ Ch\u1ea3o cao c\u1ea5p kh\u00f4ng c\u00f3 n\u1eafp, c\u00f3 l\u1edbp tr\u00e1ng men ch\u1ed1ng d\u00ednh an to\u00e0n s\u1ee9c kh\u1ecfe k\u00edch th\u01b0\u1edbc 24\u00d77.5cm<br \/>\n\u2022 Ch\u1ea5t li\u1ec7u th\u00e9p kh\u00f4ng g\u1ec9 SS304 \u2013 b\u1ec1n b\u1ec9, truy\u1ec1n gi\u1eef nhi\u1ec7t t\u1ed1t v\u00e0 an to\u00e0n cho s\u1ee9c kh\u1ecfe<br \/>\n\u2022 C\u00f4ng ngh\u1ec7 Superthermic v\u1edbi \u0111\u00e1y n\u1ed3i 5 l\u1edbp &#8211; s\u1eed d\u1ee5ng t\u1ed1t v\u1edbi m\u1ecdi lo\u1ea1i b\u1ebfp: Bottom Thick -ness 0.8 SS304 body + 1.0 Fe + 2.0 Al + 0.5 SS430 capsule<br \/>\n\u2022 N\u1eafp n\u1ed3i k\u00ednh &amp; trong su\u1ed1t d\u00e0y 4.0mm gi\u00fap d\u1ec5 d\u00e0ng quan s\u00e1t qu\u00e1 tr\u00ecnh n\u1ea5u \u0103n<br \/>\n\u2022 Tay c\u1ea7m ch\u1eafc ch\u1eafn, v\u00e0nh n\u1ed3i r\u1ed9ng d\u1ec5 d\u00e0ng r\u00f3t \u0111\u1ed5 th\u1ee9c \u0103n<br \/>\n\u2022 C\u00f4ng ngh\u1ec7 \u0111\u00e1nh b\u00f3ng hi\u1ec7n \u0111\u1ea1i gi\u00fap b\u1ed9 n\u1ed3i KAFF c\u00f3 t\u00ednh th\u1ea9m m\u1ef9 cao: Polish inside mirror, outside: mirror + sanding<\/p>\n<p><img loading=\"lazy\" decoding=\"async\" class=\"alignnone size-full wp-image-22054\" src=\"https:\/\/livinghome.vn\/thiet-bi\/wp-content\/uploads\/2024\/05\/bo-noi-inox-5-mon-KF-ST09304-4.jpg\" alt=\"\" width=\"1200\" height=\"1200\" title=\"\" srcset=\"https:\/\/livinghome.vn\/thiet-bi\/wp-content\/uploads\/2024\/05\/bo-noi-inox-5-mon-KF-ST09304-4.jpg 1200w, https:\/\/livinghome.vn\/thiet-bi\/wp-content\/uploads\/2024\/05\/bo-noi-inox-5-mon-KF-ST09304-4-400x400.jpg 400w, https:\/\/livinghome.vn\/thiet-bi\/wp-content\/uploads\/2024\/05\/bo-noi-inox-5-mon-KF-ST09304-4-800x800.jpg 800w, https:\/\/livinghome.vn\/thiet-bi\/wp-content\/uploads\/2024\/05\/bo-noi-inox-5-mon-KF-ST09304-4-280x280.jpg 280w, https:\/\/livinghome.vn\/thiet-bi\/wp-content\/uploads\/2024\/05\/bo-noi-inox-5-mon-KF-ST09304-4-768x768.jpg 768w, https:\/\/livinghome.vn\/thiet-bi\/wp-content\/uploads\/2024\/05\/bo-noi-inox-5-mon-KF-ST09304-4-300x300.jpg 300w, https:\/\/livinghome.vn\/thiet-bi\/wp-content\/uploads\/2024\/05\/bo-noi-inox-5-mon-KF-ST09304-4-600x600.jpg 600w, https:\/\/livinghome.vn\/thiet-bi\/wp-content\/uploads\/2024\/05\/bo-noi-inox-5-mon-KF-ST09304-4-100x100.jpg 100w\" sizes=\"auto, (max-width: 1200px) 100vw, 1200px\" \/><\/p>\n","protected":false},"excerpt":{"rendered":"<ul>\n<li>H\u00e3ng s\u1ea3n xu\u1ea5t: Kaff Germany<\/li>\n<li>Xu\u1ea5t x\u1ee9: Ch\u00ednh h\u00e3ng Germany<\/li>\n<li>Ch\u1ea5t li\u1ec7u: Inox 304 nguy\u00ean ch\u1ea5t an cho s\u1ee9c kh\u1ecfe<\/li>\n<li>\u0110\u1ed9 d\u00e0y \u0111\u00e1y: 5 l\u1edbp (5 \u0111\u00e1y)<\/li>\n<li>Th\u00e0nh ph\u1ea7n: 4 n\u1ed3i size 16-18-20-24cm v\u00e0 ch\u1ea3o ch\u1ed1ng d\u00ednh cao c\u1ea5p size 24cm<\/li>\n<\/ul>\n","protected":false},"featured_media":22057,"comment_status":"open","ping_status":"closed","template":"","meta":[],"product_brand":[],"product_cat":[71,164],"product_tag":[],"class_list":{"0":"post-22037","1":"product","2":"type-product","3":"status-publish","4":"has-post-thumbnail","6":"product_cat-thuong-hieu","7":"product_cat-thuong-hieu-kaff","9":"first","10":"instock","11":"sale","12":"shipping-taxable","13":"purchasable","14":"product-type-simple"},"_links":{"self":[{"href":"https:\/\/livinghome.vn\/thiet-bi\/wp-json\/wp\/v2\/product\/22037","targetHints":{"allow":["GET"]}}],"collection":[{"href":"https:\/\/livinghome.vn\/thiet-bi\/wp-json\/wp\/v2\/product"}],"about":[{"href":"https:\/\/livinghome.vn\/thiet-bi\/wp-json\/wp\/v2\/types\/product"}],"replies":[{"embeddable":true,"href":"https:\/\/livinghome.vn\/thiet-bi\/wp-json\/wp\/v2\/comments?post=22037"}],"wp:featuredmedia":[{"embeddable":true,"href":"https:\/\/livinghome.vn\/thiet-bi\/wp-json\/wp\/v2\/media\/22057"}],"wp:attachment":[{"href":"https:\/\/livinghome.vn\/thiet-bi\/wp-json\/wp\/v2\/media?parent=22037"}],"wp:term":[{"taxonomy":"product_brand","embeddable":true,"href":"https:\/\/livinghome.vn\/thiet-bi\/wp-json\/wp\/v2\/product_brand?post=22037"},{"taxonomy":"product_cat","embeddable":true,"href":"https:\/\/livinghome.vn\/thiet-bi\/wp-json\/wp\/v2\/product_cat?post=22037"},{"taxonomy":"product_tag","embeddable":true,"href":"https:\/\/livinghome.vn\/thiet-bi\/wp-json\/wp\/v2\/product_tag?post=22037"}],"curies":[{"name":"wp","href":"https:\/\/api.w.org\/{rel}","templated":true}]}}