{"id":22032,"date":"2024-05-07T23:25:49","date_gmt":"2024-05-07T16:25:49","guid":{"rendered":"https:\/\/livinghome.vn\/thiet-bi\/?post_type=product&#038;p=22032"},"modified":"2024-11-29T14:16:59","modified_gmt":"2024-11-29T07:16:59","slug":"noi-chien-khong-dau-kaff-kf-afs8ad","status":"publish","type":"product","link":"https:\/\/livinghome.vn\/thiet-bi\/noi-chien-khong-dau-kaff-kf-afs8ad\/","title":{"rendered":"N\u1ed3i Chi\u00ean Kh\u00f4ng D\u1ea7u Kaff KF &#8211; AFS8AD"},"content":{"rendered":"<h3><strong><img loading=\"lazy\" decoding=\"async\" class=\"alignnone size-full wp-image-22035\" src=\"https:\/\/livinghome.vn\/thiet-bi\/wp-content\/uploads\/2024\/05\/noi-chien-khong-dau-kaff-kf-afs8ad-2.jpg\" alt=\"\" width=\"1200\" height=\"1200\" title=\"\" srcset=\"https:\/\/livinghome.vn\/thiet-bi\/wp-content\/uploads\/2024\/05\/noi-chien-khong-dau-kaff-kf-afs8ad-2.jpg 1200w, https:\/\/livinghome.vn\/thiet-bi\/wp-content\/uploads\/2024\/05\/noi-chien-khong-dau-kaff-kf-afs8ad-2-400x400.jpg 400w, https:\/\/livinghome.vn\/thiet-bi\/wp-content\/uploads\/2024\/05\/noi-chien-khong-dau-kaff-kf-afs8ad-2-800x800.jpg 800w, https:\/\/livinghome.vn\/thiet-bi\/wp-content\/uploads\/2024\/05\/noi-chien-khong-dau-kaff-kf-afs8ad-2-280x280.jpg 280w, https:\/\/livinghome.vn\/thiet-bi\/wp-content\/uploads\/2024\/05\/noi-chien-khong-dau-kaff-kf-afs8ad-2-768x768.jpg 768w, https:\/\/livinghome.vn\/thiet-bi\/wp-content\/uploads\/2024\/05\/noi-chien-khong-dau-kaff-kf-afs8ad-2-300x300.jpg 300w, https:\/\/livinghome.vn\/thiet-bi\/wp-content\/uploads\/2024\/05\/noi-chien-khong-dau-kaff-kf-afs8ad-2-600x600.jpg 600w, https:\/\/livinghome.vn\/thiet-bi\/wp-content\/uploads\/2024\/05\/noi-chien-khong-dau-kaff-kf-afs8ad-2-100x100.jpg 100w\" sizes=\"auto, (max-width: 1200px) 100vw, 1200px\" \/><\/strong><\/h3>\n<h3><strong><img loading=\"lazy\" decoding=\"async\" class=\"alignnone size-full wp-image-22034\" src=\"https:\/\/livinghome.vn\/thiet-bi\/wp-content\/uploads\/2024\/05\/noi-chien-khong-dau-kaff-kf-afs8ad-3.jpg\" alt=\"\" width=\"1200\" height=\"1200\" title=\"\" srcset=\"https:\/\/livinghome.vn\/thiet-bi\/wp-content\/uploads\/2024\/05\/noi-chien-khong-dau-kaff-kf-afs8ad-3.jpg 1200w, https:\/\/livinghome.vn\/thiet-bi\/wp-content\/uploads\/2024\/05\/noi-chien-khong-dau-kaff-kf-afs8ad-3-400x400.jpg 400w, https:\/\/livinghome.vn\/thiet-bi\/wp-content\/uploads\/2024\/05\/noi-chien-khong-dau-kaff-kf-afs8ad-3-800x800.jpg 800w, https:\/\/livinghome.vn\/thiet-bi\/wp-content\/uploads\/2024\/05\/noi-chien-khong-dau-kaff-kf-afs8ad-3-280x280.jpg 280w, https:\/\/livinghome.vn\/thiet-bi\/wp-content\/uploads\/2024\/05\/noi-chien-khong-dau-kaff-kf-afs8ad-3-768x768.jpg 768w, https:\/\/livinghome.vn\/thiet-bi\/wp-content\/uploads\/2024\/05\/noi-chien-khong-dau-kaff-kf-afs8ad-3-300x300.jpg 300w, https:\/\/livinghome.vn\/thiet-bi\/wp-content\/uploads\/2024\/05\/noi-chien-khong-dau-kaff-kf-afs8ad-3-600x600.jpg 600w, https:\/\/livinghome.vn\/thiet-bi\/wp-content\/uploads\/2024\/05\/noi-chien-khong-dau-kaff-kf-afs8ad-3-100x100.jpg 100w\" sizes=\"auto, (max-width: 1200px) 100vw, 1200px\" \/><br \/>\nTh\u00f4ng s\u1ed1 k\u1ef9 thu\u1eadt:<\/strong><\/h3>\n<p>\u2022 N\u1ed3i chi\u00ean kh\u00f4ng d\u1ea7u dung t\u00edch 8,2 l\u00edt c\u00f4ng su\u1ea5t 1500W<br \/>\n\u2022 C\u00f4ng ngh\u1ec7 TurboStar, m\u00f3n chi\u00ean gi\u00f2n ngon ho\u00e0n h\u1ea3o<br \/>\n\u2022 Gi\u00fap th\u1ee9c \u0103n gi\u1ea3m 80% ch\u1ea5t b\u00e9o<br \/>\n\u2022 C\u00f4ng ngh\u1ec7 tu\u1ea7n ho\u00e0n kh\u00f4ng kh\u00ed c\u01b0\u1ee1ng b\u1ee9c t\u1ed1c \u0111\u1ed9 cao<br \/>\n\u2022 \u0110i\u1ec1u khi\u1ec3n c\u1ea3m \u1ee9ng v\u1edbi m\u00e0n h\u00ecnh LED<br \/>\n\u2022 C\u00f3 th\u1ec3 \u0111i\u1ec1u ch\u1ec9nh nhi\u1ec7t \u0111\u1ed9 60-200 \u0111\u1ed9<br \/>\n\u2022 5 menu n\u1ea5u c\u00e0i s\u1eb5n, 4 ch\u1ee9c n\u0103ng kh\u1edfi \u0111\u1ed9ng nhanh<br \/>\n\u2022 Ch\u1ee9c n\u0103ng h\u1eb9n gi\u1edd 90 ph\u00fat<br \/>\n\u2022 C\u00e1c t\u00ednh n\u0103ng s\u1ea3n ph\u1ea9m<br \/>\n+T\u1ef1 \u0111\u1ed9ng ng\u1eaft<br \/>\n+V\u1ecf m\u00e1y m\u00e1t<br \/>\n+Ch\u00e2n ch\u1ed1ng tr\u01b0\u1ee3t<br \/>\n+Ch\u1ee9c n\u0103ng n\u1ea5u c\u00e0i \u0111\u1eb7t s\u1eb5n<br \/>\n+T\u00edn hi\u1ec7u s\u1eb5n s\u00e0ng<br \/>\n+\u0110i\u1ec1u khi\u1ec3n nhi\u1ec7t \u0111\u1ed9<br \/>\n+Ch\u1ee9c n\u0103ng gi\u1eef \u1ea5m<br \/>\n+QuickClean (L\u00e0m s\u1ea1ch nhanh)<br \/>\n\u2022 Phu\u0323 ki\u00ea\u0323n: Gi\u00e1 chi\u00ean, ch\u1ecfa ng\u0103n k\u00e9o<br \/>\n\u2022 K\u00edch th\u01b0\u1edbc s\u1ea3n ph\u1ea9m: 276*385*324mm<br \/>\n\u2022 K\u00edch th\u01b0\u1edbc h\u1ed9p: 420*326*374mm<\/p>\n<p><img loading=\"lazy\" decoding=\"async\" class=\"alignnone size-full wp-image-22033\" src=\"https:\/\/livinghome.vn\/thiet-bi\/wp-content\/uploads\/2024\/05\/noi-chien-khong-dau-kaff-kf-afs8ad-4.jpg\" alt=\"\" width=\"1200\" height=\"1200\" title=\"\" srcset=\"https:\/\/livinghome.vn\/thiet-bi\/wp-content\/uploads\/2024\/05\/noi-chien-khong-dau-kaff-kf-afs8ad-4.jpg 1200w, https:\/\/livinghome.vn\/thiet-bi\/wp-content\/uploads\/2024\/05\/noi-chien-khong-dau-kaff-kf-afs8ad-4-400x400.jpg 400w, https:\/\/livinghome.vn\/thiet-bi\/wp-content\/uploads\/2024\/05\/noi-chien-khong-dau-kaff-kf-afs8ad-4-800x800.jpg 800w, https:\/\/livinghome.vn\/thiet-bi\/wp-content\/uploads\/2024\/05\/noi-chien-khong-dau-kaff-kf-afs8ad-4-280x280.jpg 280w, https:\/\/livinghome.vn\/thiet-bi\/wp-content\/uploads\/2024\/05\/noi-chien-khong-dau-kaff-kf-afs8ad-4-768x768.jpg 768w, https:\/\/livinghome.vn\/thiet-bi\/wp-content\/uploads\/2024\/05\/noi-chien-khong-dau-kaff-kf-afs8ad-4-300x300.jpg 300w, https:\/\/livinghome.vn\/thiet-bi\/wp-content\/uploads\/2024\/05\/noi-chien-khong-dau-kaff-kf-afs8ad-4-600x600.jpg 600w, https:\/\/livinghome.vn\/thiet-bi\/wp-content\/uploads\/2024\/05\/noi-chien-khong-dau-kaff-kf-afs8ad-4-100x100.jpg 100w\" sizes=\"auto, (max-width: 1200px) 100vw, 1200px\" \/><\/p>\n","protected":false},"excerpt":{"rendered":"<p>\u2022 N\u1ed3i chi\u00ean kh\u00f4ng d\u1ea7u dung t\u00edch 8,2 l\u00edt c\u00f4ng su\u1ea5t 1500W<\/p>\n<p>\u2022 C\u00f4ng ngh\u1ec7 TurboStar, m\u00f3n chi\u00ean gi\u00f2n ngon ho\u00e0n h\u1ea3o<\/p>\n<p>\u2022 Gi\u00fap th\u1ee9c \u0103n gi\u1ea3m 80% ch\u1ea5t b\u00e9o<\/p>\n<p>\u2022 C\u00f4ng ngh\u1ec7 tu\u1ea7n ho\u00e0n kh\u00f4ng kh\u00ed c\u01b0\u1ee1ng b\u1ee9c t\u1ed1c \u0111\u1ed9 cao<\/p>\n<p>\u2022 \u0110i\u1ec1u khi\u1ec3n c\u1ea3m \u1ee9ng v\u1edbi m\u00e0n h\u00ecnh LED<\/p>\n<p>\u2022 C\u00f3 th\u1ec3 \u0111i\u1ec1u ch\u1ec9nh nhi\u1ec7t \u0111\u1ed9 60-200oC<\/p>\n<p>\u2022 5 menu n\u1ea5u c\u00e0i s\u1eb5n, 4 ch\u1ee9c n\u0103ng kh\u1edfi \u0111\u1ed9ng nhanh<\/p>\n<p>\u2022 Ch\u1ee9c n\u0103ng h\u1eb9n gi\u1edd 90 ph\u00fat<\/p>\n<p>\u2022 C\u00e1c t\u00ednh n\u0103ng s\u1ea3n ph\u1ea9m<\/p>\n<p>+T\u1ef1 \u0111\u1ed9ng ng\u1eaft<\/p>\n<p>+V\u1ecf m\u00e1y m\u00e1t<\/p>\n<p>+Ch\u00e2n ch\u1ed1ng tr\u01b0\u1ee3t<\/p>\n<p>+Ch\u1ee9c n\u0103ng n\u1ea5u c\u00e0i \u0111\u1eb7t s\u1eb5n<\/p>\n<p>+T\u00edn hi\u1ec7u s\u1eb5n s\u00e0ng<\/p>\n<p>+\u0110i\u1ec1u khi\u1ec3n nhi\u1ec7t \u0111\u1ed9<\/p>\n<p>+Ch\u1ee9c n\u0103ng gi\u1eef \u1ea5m<\/p>\n<p>+QuickClean (L\u00e0m s\u1ea1ch nhanh)<\/p>\n<p>\u2022 Ph\u1ee5 ki\u1ec7n: Gi\u00e1 chi\u00ean, ch\u1ecfa ng\u0103n k\u00e9o<\/p>\n","protected":false},"featured_media":22036,"comment_status":"open","ping_status":"closed","template":"","meta":[],"product_brand":[],"product_cat":[2040,2041,71,164],"product_tag":[],"class_list":{"0":"post-22032","1":"product","2":"type-product","3":"status-publish","4":"has-post-thumbnail","6":"product_cat-noi-chien-khong-dau","7":"product_cat-noi-chien-khong-dau-kaff","8":"product_cat-thuong-hieu","9":"product_cat-thuong-hieu-kaff","11":"first","12":"instock","13":"sale","14":"shipping-taxable","15":"purchasable","16":"product-type-simple"},"_links":{"self":[{"href":"https:\/\/livinghome.vn\/thiet-bi\/wp-json\/wp\/v2\/product\/22032","targetHints":{"allow":["GET"]}}],"collection":[{"href":"https:\/\/livinghome.vn\/thiet-bi\/wp-json\/wp\/v2\/product"}],"about":[{"href":"https:\/\/livinghome.vn\/thiet-bi\/wp-json\/wp\/v2\/types\/product"}],"replies":[{"embeddable":true,"href":"https:\/\/livinghome.vn\/thiet-bi\/wp-json\/wp\/v2\/comments?post=22032"}],"wp:featuredmedia":[{"embeddable":true,"href":"https:\/\/livinghome.vn\/thiet-bi\/wp-json\/wp\/v2\/media\/22036"}],"wp:attachment":[{"href":"https:\/\/livinghome.vn\/thiet-bi\/wp-json\/wp\/v2\/media?parent=22032"}],"wp:term":[{"taxonomy":"product_brand","embeddable":true,"href":"https:\/\/livinghome.vn\/thiet-bi\/wp-json\/wp\/v2\/product_brand?post=22032"},{"taxonomy":"product_cat","embeddable":true,"href":"https:\/\/livinghome.vn\/thiet-bi\/wp-json\/wp\/v2\/product_cat?post=22032"},{"taxonomy":"product_tag","embeddable":true,"href":"https:\/\/livinghome.vn\/thiet-bi\/wp-json\/wp\/v2\/product_tag?post=22032"}],"curies":[{"name":"wp","href":"https:\/\/api.w.org\/{rel}","templated":true}]}}