{"id":22020,"date":"2024-05-07T22:53:20","date_gmt":"2024-05-07T15:53:20","guid":{"rendered":"https:\/\/livinghome.vn\/thiet-bi\/?post_type=product&#038;p=22020"},"modified":"2024-11-29T14:16:59","modified_gmt":"2024-11-29T07:16:59","slug":"may-giat-kaff-kf-mfc1269t3w","status":"publish","type":"product","link":"https:\/\/livinghome.vn\/thiet-bi\/may-giat-kaff-kf-mfc1269t3w\/","title":{"rendered":"M\u00e1y Gi\u1eb7t Kaff KF-MFC1269T3W"},"content":{"rendered":"<h3><img loading=\"lazy\" decoding=\"async\" class=\"alignnone size-full wp-image-22022\" src=\"https:\/\/livinghome.vn\/thiet-bi\/wp-content\/uploads\/2024\/05\/may-giat-kaff-kf-mfc1269t3w-2.jpg\" alt=\"\" width=\"1200\" height=\"1402\" title=\"\" srcset=\"https:\/\/livinghome.vn\/thiet-bi\/wp-content\/uploads\/2024\/05\/may-giat-kaff-kf-mfc1269t3w-2.jpg 1200w, https:\/\/livinghome.vn\/thiet-bi\/wp-content\/uploads\/2024\/05\/may-giat-kaff-kf-mfc1269t3w-2-342x400.jpg 342w, https:\/\/livinghome.vn\/thiet-bi\/wp-content\/uploads\/2024\/05\/may-giat-kaff-kf-mfc1269t3w-2-685x800.jpg 685w, https:\/\/livinghome.vn\/thiet-bi\/wp-content\/uploads\/2024\/05\/may-giat-kaff-kf-mfc1269t3w-2-768x897.jpg 768w, https:\/\/livinghome.vn\/thiet-bi\/wp-content\/uploads\/2024\/05\/may-giat-kaff-kf-mfc1269t3w-2-600x701.jpg 600w\" sizes=\"auto, (max-width: 1200px) 100vw, 1200px\" \/><\/h3>\n<h3><strong>Th\u00f4ng s\u1ed1 k\u1ef9 thu\u1eadt:<\/strong><\/h3>\n<p style=\"text-align: left\">\u2022 M\u00e1y gi\u1eb7t c\u1eeda tr\u01b0\u1edbc hi\u1ec7n \u0111\u1ea1i l\u1ed3ng ngang<br \/>\n\u2022 15 ch\u01b0\u01a1ng tr\u00ecnh gi\u1eb7t t\u1ef1 \u0111\u1ed9ng t\u00edch h\u1ee3p (ECO 40-60, Cotton, Cotton prewash, Cotton 20\u00b0C, Colours, Synthetics, Wool, Duvet, Rinse, Allergy Safe, Spin\/Drain, Hand wash\/Delicate, Rapid 12 min, Fast 60\u2019 60\u00b0C, Jeans )<br \/>\n\u2022 Kh\u1ed1i l\u01b0\u1ee3ng gi\u1eb7t 12Kg, kh\u1ed1i l\u01b0\u1ee3ng v\u1eaft 9Kg. C\u00f4ng su\u1ea5t gi\u1eb7t 70W<br \/>\n\u2022 Chu\u00f4ng b\u00e1o khi qu\u00e1 tr\u00ecnh s\u1ea5y k\u1ebft th\u00fac, ki\u1ec3m so\u00e1t m\u1ecdi s\u1ef1 c\u1ed1 c\u00f3 th\u1ec3 g\u1eb7p cho h\u1ec7 th\u1ed1ng \u0111i\u1ec7n, n\u01b0\u1edbc v\u00e0 ng\u01b0ng m\u1ecdi ho\u1ea1t \u0111\u1ed9ng v\u00f4 c\u00f9ng an to\u00e0n<br \/>\n\u2022 \u0110\u1ed9ng c\u01a1 BLDC kh\u00f4ng s\u1eed d\u1ee5ng ch\u1ed5i than EcoSilence Drive gi\u00fap m\u00e1y gi\u1eb7t ho\u1ea1t \u0111\u1ed9ng hi\u1ec3u qu\u1ea3 t\u1ed1i \u0111a, kinh t\u1ebf, b\u1ec1n b\u1ec9 v\u00e0 \u00eam \u00e1i<br \/>\n\u2022 M\u00e0n h\u00ecnh hi\u1ec3n th\u1ecb Led hi\u1ec3n th\u1ecb m\u00e0u s\u00e1ng tr\u1eafng<br \/>\n\u2022 Ki\u1ec3u kh\u00f3a c\u1eeda l\u1ed3ng gi\u1eb7t PTC Lock<br \/>\n\u2022 T\u1ed1c \u0111\u1ed9 quay: RPM 400-800-1000-1400. T\u1ed1c \u0111\u1ed9 v\u00e0ng quay 1400 v\u00f2ng\/ ph\u00fat<br \/>\n\u2022 T\u00ednh n\u0103ng: N\u00fat b\u1ea5m ch\u1ecdn t\u00ednh n\u0103ng:<br \/>\n+ Gi\u1eb7t ch\u1edd l\u00ean \u0111\u1ebfn 24h (Delay 24 hours)<br \/>\n+ Ch\u1ee9c n\u0103ng hi\u1ec7n th\u1ecb kh\u00f3a c\u1eeda (Door lock indicator)<br \/>\n+ \u0110i\u1ec1u ch\u1ec9nh nhi\u1ec7t \u0111\u1ed9 s\u1ea5y theo \u00fd mu\u1ed1n (Temp)<br \/>\n+ Ch\u1ee9c n\u0103ng \u0111i\u1ec1u ch\u1ec9nh t\u1ed1c \u0111\u1ed9 v\u1eaft kh\u00f4 (Spin)<br \/>\n+ Ch\u1ee9c n\u0103ng Wifi (Wifi Function)<br \/>\n+ Ch\u1ee9c n\u0103ng ch\u1ed1ng b\u1ecdt (Foam protection)<br \/>\n+ H\u1ec7 th\u1ed1ng ki\u1ec3m so\u00e1t m\u1ea5t c\u00e2n b\u1eb1ng (Unbalance control system)<br \/>\n+ B\u1ea3o v\u1ec7 ch\u1ed1ng tr\u00e0n (Overflow protection)<br \/>\n+ H\u1ec7 th\u1ed1ng ph\u00e1t hi\u1ec7n l\u1ed7i (Failure detection system)<br \/>\n+ Gi\u1ea3m t\u1ea3i \u0111\u1ed9 \u1ed3n khi gi\u1eb7t (Mute Washing)<br \/>\n+ Kh\u00f3a tr\u1ebb em (Child lock)<br \/>\n+ Kh\u1edfi \u0111\u1ed9ng ch\u1edd 3S (Press 3 seconds)<br \/>\n+ Th\u00eam t\u1ea3i (Reload)<br \/>\n+ Gi\u1eb7t s\u01a1 b\u1ed9 (Prewash)<br \/>\n+ Gi\u1eb7t chuy\u00ean s\u00e2u (Intensive)<br \/>\n+ Gi\u1eb7t nhanh (Speed Wash)<br \/>\n+ Gi\u1eb7t th\u00eam (Extra Rinse)<br \/>\n+ Th\u1eb3ng \u0111\u1ed3 d\u1ec5 \u1ee7i (Easy iron)<br \/>\n+ Ch\u1ecdn t\u1ed1c \u0111\u1ed9 v\u1eaft 0-600-800-1000-1200-1400 (Spin Speed Selection)<br \/>\n\u2022 Ti\u00eau chu\u1ea9n (Energy efficiency)Ti\u1ebft ki\u1ec7m n\u0103ng l\u01b0\u1ee3ng A+++ (-%20) theo ti\u00eau chu\u1ea9n ch\u00e2u \u00c2u<br \/>\n\u2022 \u0110\u1ed9 \u1ed3n khi gi\u1eb7t (Noise washing) (dB):53dB\/ \u0110\u1ed9 \u1ed3n khi v\u1eaft (Noise spinning) (dB)74dB<br \/>\n\u2022 Th\u1eddi l\u01b0\u1ee3ng gi\u1eb7t ti\u00eau chu\u1ea9n (Program Duration)Th\u1eddi l\u01b0\u1ee3ng ch\u01b0\u01a1ng tr\u00ecnh gi\u1eb7t [min] Eco 40- 60 (\u0110\u1ea7y t\u1ea3i &#8211; full load): 3h59ph; Th\u1eddi l\u01b0\u1ee3ng ch\u01b0\u01a1ng tr\u00ecnh gi\u1eb7t [min] Eco 40-60 (N\u1eeda t\u1ea3i &#8211; half load): 2h50ph; Th\u1eddi l\u01b0\u1ee3ng ch\u01b0\u01a1ng tr\u00ecnh gi\u1eb7t [min] Eco 40-60 (1\/4 t\u1ea3i &#8211; full load): 2h20ph<br \/>\n\u2022 \u00c1p su\u1ea5t n\u01b0\u1edbc ti\u00eau chu\u1ea9n: 0.05 &#8211; 1Mpa<br \/>\n\u2022 C\u1eeda m\u00e1y ho\u1ea1t \u0111\u1ed9ng \u0111\u00f3ng m\u1edf b\u1eb1ng kh\u00f3a \u0111i\u1ec7n t\u1eed<br \/>\n\u2022 Motor BLDC kh\u00f4ng s\u1eed d\u1ee5ng ch\u1ed5i than EcoSilence Drive gi\u00fap m\u00e1y gi\u1eb7t ho\u1ea1t \u0111\u1ed9ng hi\u1ec3u qu\u1ea3 t\u1ed1i \u0111a, kinh t\u1ebf, b\u1ec1n b\u1ec9 v\u00e0 \u00eam \u00e1i<br \/>\n\u2022 \u0110i\u1ec7n \u00e1p 220V-240V\/50Hz\/10A. C\u00f4ng su\u1ea5t \u0111\u1ecbnh m\u1ee9c (Power rating) 2200W x 10A<br \/>\n\u2022 D\u1eaft \u0111i\u1ec7n ki\u1ec3u c\u1eafm ti\u00eau chu\u1ea9n Euro Plug. D\u00e2y c\u00e1p ngu\u1ed3n\/\u1ed1ng n\u01b0\u1edbc c\u1ea5p\/\u1ed1ng x\u1ea3: 1.5m\/1.0m\/1.6m<br \/>\n\u2022 Dung t\u00edch tang tr\u1ed1ng gi\u1eb7t: 62 L\u00edt. \u0110\u01b0\u1eddng k\u00ednh tang tr\u1ed1ng gi\u1eb7t: 510 mm<br \/>\n\u2022 \u0110\u01b0\u1eddng k\u00ednh c\u1eeda k\u00ednh: 330 mm. \u0110\u01b0\u1eddng k\u00ednh khung c\u1eeda ngo\u00e0i: 480 mm<br \/>\n\u2022 K\u00edch th\u01b0\u1edbc s\u1ea3n ph\u1ea9m (HxWxD) (mm): 845x597x632<br \/>\n\u2022 Tr\u1ecdng l\u01b0\u1ee3ng: 77 Kg<\/p>\n<p><img loading=\"lazy\" decoding=\"async\" class=\"alignnone size-full wp-image-22021\" src=\"https:\/\/livinghome.vn\/thiet-bi\/wp-content\/uploads\/2024\/05\/may-giat-kaff-kf-mfc1269t3w-3.jpg\" alt=\"\" width=\"1200\" height=\"787\" title=\"\" srcset=\"https:\/\/livinghome.vn\/thiet-bi\/wp-content\/uploads\/2024\/05\/may-giat-kaff-kf-mfc1269t3w-3.jpg 1200w, https:\/\/livinghome.vn\/thiet-bi\/wp-content\/uploads\/2024\/05\/may-giat-kaff-kf-mfc1269t3w-3-610x400.jpg 610w, https:\/\/livinghome.vn\/thiet-bi\/wp-content\/uploads\/2024\/05\/may-giat-kaff-kf-mfc1269t3w-3-768x504.jpg 768w, https:\/\/livinghome.vn\/thiet-bi\/wp-content\/uploads\/2024\/05\/may-giat-kaff-kf-mfc1269t3w-3-600x394.jpg 600w\" sizes=\"auto, (max-width: 1200px) 100vw, 1200px\" \/><\/p>\n","protected":false},"excerpt":{"rendered":"<p>&#8211; M\u00e1y gi\u1eb7t c\u1eeda tr\u01b0\u1edbc hi\u1ec7n \u0111\u1ea1i l\u1ed3ng ngang<\/p>\n<p>&#8211; 15 ch\u01b0\u01a1ng tr\u00ecnh gi\u1eb7t t\u1ef1 \u0111\u1ed9ng t\u00edch h\u1ee3p (ECO 40-60, Cotton, Cotton prewash, Cotton 20\u00b0C, Colours, Synthetics, Wool, Duvet, Rinse, Allergy Safe, Spin\/Drain, Hand wash\/Delicate, Rapid 12 min, Fast 60&#8242; 60\u00b0C, Jeans )<\/p>\n<p>&#8211; Kh\u1ed1i l\u01b0\u1ee3ng gi\u1eb7t 12Kg<\/p>\n<p>&#8211; Kh\u1ed1i l\u01b0\u1ee3ng v\u1eaft 9Kg<\/p>\n<p>&#8211; C\u00f4ng su\u1ea5t gi\u1eb7t 70W<\/p>\n<p>&#8211; Ch\u1ee9c n\u0103ng Wifi (Wifi Function)<\/p>\n<p>&#8211; Chu\u00f4ng b\u00e1o khi qu\u00e1 tr\u00ecnh s\u1ea5y k\u1ebft th\u00fac, ki\u1ec3m so\u00e1t m\u1ecdi s\u1ef1 c\u1ed1 c\u00f3 th\u1ec3 g\u1eb7p cho h\u1ec7 th\u1ed1ng \u0111i\u1ec7n, n\u01b0\u1edbc v\u00e0 ng\u01b0ng m\u1ecdi ho\u1ea1t \u0111\u1ed9ng v\u00f4 c\u00f9ng an to\u00e0n<\/p>\n<p>&#8211; \u0110\u1ed9ng c\u01a1 BLDC kh\u00f4ng s\u1eed d\u1ee5ng ch\u1ed5i than EcoSilence Drive gi\u00fap m\u00e1y gi\u1eb7t ho\u1ea1t \u0111\u1ed9ng hi\u1ec3u qu\u1ea3 t\u1ed1i \u0111a, kinh t\u1ebf, b\u1ec1n b\u1ec9 v\u00e0 \u00eam \u00e1i<\/p>\n<p>&#8211; D\u1eaft \u0111i\u1ec7n ki\u1ec3u c\u1eafm ti\u00eau chu\u1ea9n Euro Plug<\/p>\n","protected":false},"featured_media":22023,"comment_status":"open","ping_status":"closed","template":"","meta":[],"product_brand":[],"product_cat":[213,2038,71,164],"product_tag":[],"class_list":{"0":"post-22020","1":"product","2":"type-product","3":"status-publish","4":"has-post-thumbnail","6":"product_cat-may-giat","7":"product_cat-may-giat-kaff","8":"product_cat-thuong-hieu","9":"product_cat-thuong-hieu-kaff","11":"first","12":"instock","13":"sale","14":"shipping-taxable","15":"purchasable","16":"product-type-simple"},"_links":{"self":[{"href":"https:\/\/livinghome.vn\/thiet-bi\/wp-json\/wp\/v2\/product\/22020","targetHints":{"allow":["GET"]}}],"collection":[{"href":"https:\/\/livinghome.vn\/thiet-bi\/wp-json\/wp\/v2\/product"}],"about":[{"href":"https:\/\/livinghome.vn\/thiet-bi\/wp-json\/wp\/v2\/types\/product"}],"replies":[{"embeddable":true,"href":"https:\/\/livinghome.vn\/thiet-bi\/wp-json\/wp\/v2\/comments?post=22020"}],"wp:featuredmedia":[{"embeddable":true,"href":"https:\/\/livinghome.vn\/thiet-bi\/wp-json\/wp\/v2\/media\/22023"}],"wp:attachment":[{"href":"https:\/\/livinghome.vn\/thiet-bi\/wp-json\/wp\/v2\/media?parent=22020"}],"wp:term":[{"taxonomy":"product_brand","embeddable":true,"href":"https:\/\/livinghome.vn\/thiet-bi\/wp-json\/wp\/v2\/product_brand?post=22020"},{"taxonomy":"product_cat","embeddable":true,"href":"https:\/\/livinghome.vn\/thiet-bi\/wp-json\/wp\/v2\/product_cat?post=22020"},{"taxonomy":"product_tag","embeddable":true,"href":"https:\/\/livinghome.vn\/thiet-bi\/wp-json\/wp\/v2\/product_tag?post=22020"}],"curies":[{"name":"wp","href":"https:\/\/api.w.org\/{rel}","templated":true}]}}