{"id":22011,"date":"2024-05-07T22:12:48","date_gmt":"2024-05-07T15:12:48","guid":{"rendered":"https:\/\/livinghome.vn\/thiet-bi\/?post_type=product&#038;p=22011"},"modified":"2024-11-29T14:16:59","modified_gmt":"2024-11-29T07:16:59","slug":"tu-lanh-am-toan-phan-kaff-kf-bi540w-luxury","status":"publish","type":"product","link":"https:\/\/livinghome.vn\/thiet-bi\/tu-lanh-am-toan-phan-kaff-kf-bi540w-luxury\/","title":{"rendered":"T\u1ee7 L\u1ea1nh \u00c2m To\u00e0n Ph\u1ea7n Kaff KF-BI540W Luxury"},"content":{"rendered":"<p><strong>T\u1ee7 l\u1ea1nh \u00e2m to\u00e0n ph\u1ea7n Kaff KF-BI540W LUXURY<\/strong> l\u00e0 s\u1ea3n ph\u1ea9m cao c\u1ea5p \u0111\u01b0\u1ee3c s\u1ea3n xu\u1ea5t b\u1edfi th\u01b0\u01a1ng hi\u1ec7u Kaff n\u1ed5i ti\u1ebfng c\u1ee7a \u0110\u1ee9c. V\u1edbi thi\u1ebft k\u1ebf sang tr\u1ecdng, hi\u1ec7n \u0111\u1ea1i c\u00f9ng nhi\u1ec1u t\u00ednh n\u0103ng ti\u00ean ti\u1ebfn, KF-BI540W LUXURY s\u1ebd mang \u0111\u1ebfn cho b\u1ea1n tr\u1ea3i nghi\u1ec7m s\u1eed d\u1ee5ng ho\u00e0n h\u1ea3o nh\u1ea5t.<\/p>\n<p><img loading=\"lazy\" decoding=\"async\" class=\"size-full wp-image-22014 aligncenter\" src=\"https:\/\/livinghome.vn\/thiet-bi\/wp-content\/uploads\/2024\/05\/tu-lanh-am-toan-phan-kaff-kf-bi540w-luxury-1.jpg\" alt=\"\" width=\"800\" height=\"800\" title=\"\" srcset=\"https:\/\/livinghome.vn\/thiet-bi\/wp-content\/uploads\/2024\/05\/tu-lanh-am-toan-phan-kaff-kf-bi540w-luxury-1.jpg 800w, https:\/\/livinghome.vn\/thiet-bi\/wp-content\/uploads\/2024\/05\/tu-lanh-am-toan-phan-kaff-kf-bi540w-luxury-1-400x400.jpg 400w, https:\/\/livinghome.vn\/thiet-bi\/wp-content\/uploads\/2024\/05\/tu-lanh-am-toan-phan-kaff-kf-bi540w-luxury-1-280x280.jpg 280w, https:\/\/livinghome.vn\/thiet-bi\/wp-content\/uploads\/2024\/05\/tu-lanh-am-toan-phan-kaff-kf-bi540w-luxury-1-768x768.jpg 768w, https:\/\/livinghome.vn\/thiet-bi\/wp-content\/uploads\/2024\/05\/tu-lanh-am-toan-phan-kaff-kf-bi540w-luxury-1-300x300.jpg 300w, https:\/\/livinghome.vn\/thiet-bi\/wp-content\/uploads\/2024\/05\/tu-lanh-am-toan-phan-kaff-kf-bi540w-luxury-1-600x600.jpg 600w, https:\/\/livinghome.vn\/thiet-bi\/wp-content\/uploads\/2024\/05\/tu-lanh-am-toan-phan-kaff-kf-bi540w-luxury-1-100x100.jpg 100w\" sizes=\"auto, (max-width: 800px) 100vw, 800px\" \/><br \/>\n\u2022 T\u1ee7 l\u1ea1nh cao c\u1ea5p \u00e2m to\u00e0n ph\u1ea7n d\u1ea1ng Multi Door (4 c\u00e1nh m\u1edf tr\u00ean)<br \/>\n\u2022 Thi\u1ebft k\u1ebf \u00e2m t\u1ee7 v\u1edbi c\u1eeda c\u00f3 th\u1ec3 l\u1eafp m\u1eb7t g\u1ed7 ph\u00eda tr\u01b0\u1edbc theo \u00fd th\u00edch v\u00e0 thi\u1ebft k\u1ebf ri\u00eang c\u1ee7a<br \/>\nt\u1eebng gian b\u1ebfp<br \/>\n\u2022 T\u1ed5ng dung t\u00edch (Total Gross Volume) 540 L<br \/>\n\u2022 Dung t\u00edch ng\u0103n \u0111\u00f4ng ( Gross Freezer Volume): 175 L<br \/>\n\u2022 Dung t\u00edch ng\u0103n l\u1ea1nh (Gross Refrigerator Volume): 365 L<br \/>\n\u2022 C\u00f4ng ngh\u1ec7 l\u00e0m l\u1ea1nh MultiAirflow t\u0103ng hi\u1ec7u qu\u1ea3 v\u00e0 t\u1eadn d\u1ee5ng t\u1ed1i \u0111a lu\u1ed3ng kh\u00ed l\u1ea1nh<br \/>\n\u2022 V\u00f9ng c\u1ea5p \u0111\u00f4ng nhanh &#8211; \u0111\u00f4ng m\u1ec1m th\u1ee9c \u0103n (Fast Freezing Zone)<br \/>\n\u2022 Gi\u00e1 \u0111\u1ee1 chai kim lo\u1ea1i c\u00f3 th\u1ec3 \u0111i\u1ec1u ch\u1ec9nh (Adjustable metal bottle rack)<br \/>\n\u2022 H\u1ec7 th\u1ed1ng l\u00e0m l\u1ea1nh 02 d\u00e0n l\u1ea1nh, b\u1ed9 \u0111i\u1ec1u khi\u1ec3n nhi\u1ec1u m\u00e0u s\u1eafc (Two power and colorful display board)<br \/>\n\u2022 Ch\u1ed1ng \u0111\u00f4ng tuy\u1ebft (Frost free)<br \/>\n\u2022 H\u1ec7 th\u1ed1ng t\u1ef1 l\u00e0m \u0111\u00e1 l\u00ean khay &#8211; l\u1ea5y n\u01b0\u1edbc ngo\u00e0i th\u00f4ng qua m\u00e1y l\u1ecdc (Auto Ice)<br \/>\n\u2022 Thi\u1ebft k\u1ebf \u00e2m t\u1ee7 v\u1edbi c\u1eeda c\u00f3 th\u1ec3 l\u1eafp m\u1eb7t g\u1ed7 ph\u00eda tr\u01b0\u1edbc theo \u00fd th\u00edch v\u00e0 thi\u1ebft k\u1ebf ri\u00eang c\u1ee7a t\u1eebng gian b\u1ebfp<br \/>\n\u2022 C\u1eeda c\u00f3 th\u1ec3 l\u1eafp \u0111\u1eb7t \u0111\u1ea3o chi\u1ec1u, d\u1ec5 d\u00e0ng v\u1ec7 sinh<br \/>\n\u2022 Thi\u1ebft k\u1ebf hi\u1ec7n \u0111\u1ea1i v\u1edbi ng\u0103n ch\u1ee9a l\u1edbn<br \/>\n\u2022 H\u1ec7 th\u1ed1ng \u0111\u00e8n LED chi\u1ebfu s\u00e1ng b\u00ean trong<br \/>\n\u2022 N\u1ed9i th\u1ea5t m\u00e0u tr\u1eafng<br \/>\n\u2022 V\u00f9ng nhi\u1ec7t \u0111\u1ed9 linh ho\u1ea1t (Flexible temperature zone)<br \/>\n\u2022 K\u1ec7 kim lo\u1ea1i c\u00f3 th\u1ec3 \u0111i\u1ec1u ch\u1ec9nh (Adjustable metal shelf)<br \/>\n\u2022 H\u1ec7 th\u1ed1ng chi\u1ebfu s\u00e1ng ng\u0103n k\u00e9o t\u1ee7 l\u1ea1nh (Refrigerated drawer lighting system)<br \/>\n\u2022 Ng\u0103n \u0111i\u1ec1u ch\u1ec9nh \u0111\u1ed9 \u1ea9m (Humidity adjustment drawer)<br \/>\n\u2022 C\u1eeda m\u1edf g\u00f3c 115 \u0111\u1ed9 (Door open angle 115 degree)<br \/>\n\u2022 S\u1eed d\u1ee5ng c\u00f4ng ngh\u1ec7 bi\u1ebfn t\u1ea7n hi\u1ec7n \u0111\u1ea1i (Inverter compressor)<br \/>\n\u2022 Ng\u0103n k\u00e9o v\u00e0o ra d\u1ea1ng \u0111\u1ea9y ti\u1ec7n l\u1ee3i<br \/>\n\u2022 Ti\u00eau chu\u1ea9n n\u0103ng l\u01b0\u1ee3ng A++ (Energy Efficiency Class)<br \/>\n\u2022 \u0110\u1ed9 \u1ed3n 43 dB(A) (Noise)<br \/>\n\u2022 T\u1ea3n nhi\u1ec7t d\u01b0\u1edbi c\u00f9ng (Bottom heat dissipation)<br \/>\n\u2022 Kh\u1ed1i l\u01b0\u1ee3ng thi\u1ebft b\u1ecb: 95Kg (Gross Weight 95kg)<br \/>\n\u2022 \u0110i\u1ec7n n\u0103ng ti\u00eau th\u1ee5 (Energy Efficiency Class): 1.12kwh\/24h \u2013 409kwh\/n\u0103m<br \/>\n\u2022 Ngu\u1ed3n \u0111i\u1ec7n s\u1eed d\u1ee5ng (Rated Voltage\/Frequency): 220V-240V\/50-60HZ, 2.5A<br \/>\n\u2022 K\u00edch th\u01b0\u1edbc s\u1ea3n ph\u1ea9m (Product Dimensions): 962R x 572S x 1996C mm<br \/>\n\u2022 K\u00edch th\u01b0\u1edbc \u00e2m t\u1ee7 (Product Dimensions): 964R x Min580S x 2000C mm<\/p>\n<p><img loading=\"lazy\" decoding=\"async\" class=\"alignnone size-full wp-image-22012\" src=\"https:\/\/livinghome.vn\/thiet-bi\/wp-content\/uploads\/2024\/05\/tu-lanh-am-toan-phan-kaff-kf-bi540w-luxury-3.jpg\" alt=\"\" width=\"1200\" height=\"839\" title=\"\" srcset=\"https:\/\/livinghome.vn\/thiet-bi\/wp-content\/uploads\/2024\/05\/tu-lanh-am-toan-phan-kaff-kf-bi540w-luxury-3.jpg 1200w, https:\/\/livinghome.vn\/thiet-bi\/wp-content\/uploads\/2024\/05\/tu-lanh-am-toan-phan-kaff-kf-bi540w-luxury-3-572x400.jpg 572w, https:\/\/livinghome.vn\/thiet-bi\/wp-content\/uploads\/2024\/05\/tu-lanh-am-toan-phan-kaff-kf-bi540w-luxury-3-1144x800.jpg 1144w, https:\/\/livinghome.vn\/thiet-bi\/wp-content\/uploads\/2024\/05\/tu-lanh-am-toan-phan-kaff-kf-bi540w-luxury-3-768x537.jpg 768w, https:\/\/livinghome.vn\/thiet-bi\/wp-content\/uploads\/2024\/05\/tu-lanh-am-toan-phan-kaff-kf-bi540w-luxury-3-600x420.jpg 600w\" sizes=\"auto, (max-width: 1200px) 100vw, 1200px\" \/><\/p>\n","protected":false},"excerpt":{"rendered":"<p>\u2022 T\u1ee7 l\u1ea1nh cao c\u1ea5p \u00e2m to\u00e0n ph\u1ea7n d\u1ea1ng Multi Door (4 c\u00e1nh m\u1edf tr\u00ean)<br \/>\n\u2022 Thi\u1ebft k\u1ebf \u00e2m t\u1ee7 v\u1edbi c\u1eeda c\u00f3 th\u1ec3 l\u1eafp m\u1eb7t g\u1ed7 ph\u00eda tr\u01b0\u1edbc theo \u00fd th\u00edch v\u00e0 thi\u1ebft k\u1ebf ri\u00eang c\u1ee7a t\u1eebng gian b\u1ebfp<\/p>\n","protected":false},"featured_media":22014,"comment_status":"open","ping_status":"closed","template":"","meta":[],"product_brand":[],"product_cat":[71,164,201,2035],"product_tag":[],"class_list":{"0":"post-22011","1":"product","2":"type-product","3":"status-publish","4":"has-post-thumbnail","6":"product_cat-thuong-hieu","7":"product_cat-thuong-hieu-kaff","8":"product_cat-tu-lanh","9":"product_cat-tu-lanh-kaff","11":"first","12":"instock","13":"sale","14":"shipping-taxable","15":"purchasable","16":"product-type-simple"},"_links":{"self":[{"href":"https:\/\/livinghome.vn\/thiet-bi\/wp-json\/wp\/v2\/product\/22011","targetHints":{"allow":["GET"]}}],"collection":[{"href":"https:\/\/livinghome.vn\/thiet-bi\/wp-json\/wp\/v2\/product"}],"about":[{"href":"https:\/\/livinghome.vn\/thiet-bi\/wp-json\/wp\/v2\/types\/product"}],"replies":[{"embeddable":true,"href":"https:\/\/livinghome.vn\/thiet-bi\/wp-json\/wp\/v2\/comments?post=22011"}],"wp:featuredmedia":[{"embeddable":true,"href":"https:\/\/livinghome.vn\/thiet-bi\/wp-json\/wp\/v2\/media\/22014"}],"wp:attachment":[{"href":"https:\/\/livinghome.vn\/thiet-bi\/wp-json\/wp\/v2\/media?parent=22011"}],"wp:term":[{"taxonomy":"product_brand","embeddable":true,"href":"https:\/\/livinghome.vn\/thiet-bi\/wp-json\/wp\/v2\/product_brand?post=22011"},{"taxonomy":"product_cat","embeddable":true,"href":"https:\/\/livinghome.vn\/thiet-bi\/wp-json\/wp\/v2\/product_cat?post=22011"},{"taxonomy":"product_tag","embeddable":true,"href":"https:\/\/livinghome.vn\/thiet-bi\/wp-json\/wp\/v2\/product_tag?post=22011"}],"curies":[{"name":"wp","href":"https:\/\/api.w.org\/{rel}","templated":true}]}}