{"id":22005,"date":"2024-05-07T21:57:09","date_gmt":"2024-05-07T14:57:09","guid":{"rendered":"https:\/\/livinghome.vn\/thiet-bi\/?post_type=product&#038;p=22005"},"modified":"2024-11-29T14:16:59","modified_gmt":"2024-11-29T07:16:59","slug":"tu-lanh-side-by-side-kaff-kf-bcd620di","status":"publish","type":"product","link":"https:\/\/livinghome.vn\/thiet-bi\/tu-lanh-side-by-side-kaff-kf-bcd620di\/","title":{"rendered":"T\u1ee7 L\u1ea1nh Side By Side Kaff KF-BCD620DI"},"content":{"rendered":"<h3><img loading=\"lazy\" decoding=\"async\" class=\"size-full wp-image-22010 aligncenter\" src=\"https:\/\/livinghome.vn\/thiet-bi\/wp-content\/uploads\/2024\/05\/tu-lanh-side-by-side-kaff-kf-bcd620di-1.jpg\" alt=\"\" width=\"800\" height=\"800\" title=\"\" srcset=\"https:\/\/livinghome.vn\/thiet-bi\/wp-content\/uploads\/2024\/05\/tu-lanh-side-by-side-kaff-kf-bcd620di-1.jpg 800w, https:\/\/livinghome.vn\/thiet-bi\/wp-content\/uploads\/2024\/05\/tu-lanh-side-by-side-kaff-kf-bcd620di-1-400x400.jpg 400w, https:\/\/livinghome.vn\/thiet-bi\/wp-content\/uploads\/2024\/05\/tu-lanh-side-by-side-kaff-kf-bcd620di-1-280x280.jpg 280w, https:\/\/livinghome.vn\/thiet-bi\/wp-content\/uploads\/2024\/05\/tu-lanh-side-by-side-kaff-kf-bcd620di-1-768x768.jpg 768w, https:\/\/livinghome.vn\/thiet-bi\/wp-content\/uploads\/2024\/05\/tu-lanh-side-by-side-kaff-kf-bcd620di-1-300x300.jpg 300w, https:\/\/livinghome.vn\/thiet-bi\/wp-content\/uploads\/2024\/05\/tu-lanh-side-by-side-kaff-kf-bcd620di-1-600x600.jpg 600w, https:\/\/livinghome.vn\/thiet-bi\/wp-content\/uploads\/2024\/05\/tu-lanh-side-by-side-kaff-kf-bcd620di-1-100x100.jpg 100w\" sizes=\"auto, (max-width: 800px) 100vw, 800px\" \/><\/h3>\n<h3><strong>Th\u00f4ng s\u1ed1 k\u1ef9 thu\u1eadt<\/strong><\/h3>\n<p>\u2022 T\u1ee7 l\u1ea1nh cao c\u1ea5p Side By SIde Multi Door (4 c\u00e1nh)<br \/>\n\u2022 T\u1ed5ng dung t\u00edch (Total Gross Volume) 563 L &#8211; Th\u1ec3 t\u00edch s\u1eed d\u1ee5ng th\u1ef1c 531 L<br \/>\n\u2022 Dung t\u00edch ng\u0103n \u0111\u00f4ng ( Gross Freezer Volume): 140 L<br \/>\n\u2022 Dung t\u00edch ng\u0103n l\u1ea1nh (Gross Refrigerator Volume): 319 L<br \/>\n\u2022 \u0110i\u1ec1u khi\u1ec3n c\u1ea3m \u1ee9ng<br \/>\n\u2022 C\u00f4ng ngh\u1ec7 th\u1ebf h\u1ec7 m\u1edbi: T\u1ee7 l\u1ea1nh v\u1edbi c\u00f4ng ngh\u1ec7 l\u00e0m l\u1ea1nh th\u1ebf h\u1ec7 m\u1edbi c\u00f3 h\u1ec7 th\u1ed1ng v\u1eadn h\u00e0nh kh\u00e1c v\u1edbi t\u1ee7 l\u1ea1nh t\u0129nh. C\u00e1c t\u1ee7 l\u1ea1nh (t\u0129nh) kh\u00e1c c\u00f3 th\u1ec3 b\u1ecb \u0111\u00f3ng \u0111\u00e1 trong ng\u0103n \u0111\u00e1 do c\u1eeda m\u1edf v\u00e0 \u0111\u1ed9 \u1ea9m c\u1ee7a th\u1ef1c ph\u1ea9m, nh\u1eefng t\u1ee7 l\u1ea1nh nh\u01b0 v\u1eady c\u1ea7n ph\u1ea3i l\u00e0m tan \u0111\u00e1 th\u01b0\u1eddng xuy\u00ean, ph\u1ea3i t\u1eaft t\u1ee7 l\u1ea1nh m\u1edf th\u01b0\u1eddng xuy\u00ean v\u00e0 th\u1ef1c ph\u1ea9m \u0111\u00f4ng l\u1ea1nh \u0111\u01b0\u1ee3c b\u1ea3o qu\u1ea3n trong c\u00e1c khay ch\u1ee9a. \u1ede c\u00e1c t\u1ee7 l\u1ea1nh c\u00f3 c\u00f4ng ngh\u1ec7 m\u1edbi l\u00e0m l\u1ea1nh th\u1ebf h\u1ec7 m\u1edbi, qu\u1ea1t th\u1ed5i h\u01a1i l\u1ea1nh kh\u00f4 \u0111\u1ec1u kh\u1eafp c\u00e1c ng\u0103n m\u00e1t, ng\u0103n \u0111\u00e1, kh\u00f4ng kh\u00ed l\u1ea1nh l\u00e0m m\u00e1t th\u1ef1c ph\u1ea9m m\u1ed9t c\u00e1ch \u0111\u1ed3ng \u0111\u1ec1u, ng\u0103n ch\u1eb7n h\u01a1i \u1ea9m v\u00e0 t\u00edch t\u1ee5 \u0111\u00e1 trong t\u1ee7, trong ng\u0103n m\u00e1t t\u1ee7 l\u1ea1nh, kh\u00f4ng kh\u00ed \u0111\u01b0\u1ee3c qu\u1ea1t th\u1ed5i m\u00e1t khi \u0111i qua khe h\u1edf ph\u00eda sau \u1ed1ng d\u1eabn kh\u00ed, c\u00e1c qu\u1ea1t n\u00e0y n\u1eb1m \u1edf ph\u00eda tr\u00ean ng\u0103n m\u00e1t.<br \/>\n\u0110\u1ed3ng th\u1eddi, kh\u00f4ng kh\u00ed \u0111\u01b0\u1ee3c th\u1ed5i qua c\u00e1c l\u1ed7 tr\u00ean \u1ed1ng d\u1eabn kh\u00ed, ph\u00e2n t\u00e1n \u0111\u1ec1u h\u01a1i l\u1ea1nh kh\u1eafp ng\u0103n m\u00e1t, kh\u00f4ng c\u00f3 \u0111\u01b0\u1eddng th\u00f4ng kh\u00ed l\u00e0m l\u1ea1nh gi\u1eefa ng\u0103n \u0111\u00e1 v\u00e0 ng\u0103n m\u00e1t, do \u0111\u00f3 kh\u00f4ng b\u1ecb tr\u1ed9n l\u1eabn m\u00f9i. K\u1ebft qu\u1ea3 l\u00e0 t\u1ee7 l\u1ea1nh v\u1edbi c\u00f4ng ngh\u1ec7 l\u00e0m l\u1ea1nh th\u1ebf h\u1ec7 m\u1edbi mang \u0111\u1ebfn cho kh\u00e1ch h\u00e0ng s\u1ef1 ti\u1ec7n d\u1ee5ng c\u0169ng nh\u01b0 dung t\u00edch l\u1edbn v\u00e0 b\u1ec1 m\u1eb7t ngo\u00e0i th\u1ea9m m\u1ef9.<\/p>\n<p><img loading=\"lazy\" decoding=\"async\" class=\"alignnone size-full wp-image-22007\" src=\"https:\/\/livinghome.vn\/thiet-bi\/wp-content\/uploads\/2024\/05\/tu-lanh-side-by-side-kaff-kf-bcd620di-4.jpg\" alt=\"\" width=\"1200\" height=\"828\" title=\"\" srcset=\"https:\/\/livinghome.vn\/thiet-bi\/wp-content\/uploads\/2024\/05\/tu-lanh-side-by-side-kaff-kf-bcd620di-4.jpg 1200w, https:\/\/livinghome.vn\/thiet-bi\/wp-content\/uploads\/2024\/05\/tu-lanh-side-by-side-kaff-kf-bcd620di-4-580x400.jpg 580w, https:\/\/livinghome.vn\/thiet-bi\/wp-content\/uploads\/2024\/05\/tu-lanh-side-by-side-kaff-kf-bcd620di-4-1159x800.jpg 1159w, https:\/\/livinghome.vn\/thiet-bi\/wp-content\/uploads\/2024\/05\/tu-lanh-side-by-side-kaff-kf-bcd620di-4-768x530.jpg 768w, https:\/\/livinghome.vn\/thiet-bi\/wp-content\/uploads\/2024\/05\/tu-lanh-side-by-side-kaff-kf-bcd620di-4-600x414.jpg 600w\" sizes=\"auto, (max-width: 1200px) 100vw, 1200px\" \/><br \/>\n\u2022 Ch\u1ebf \u0111\u1ed9 l\u00e0m m\u00e1t, c\u1ea5p \u0111\u00f4ng si\u00eau t\u1ed1c<br \/>\n\u2022 Ch\u1ebf \u0111\u1ed9 \u0111i\u1ec1u ch\u1ec9nh nhi\u1ec7t ng\u0103n m\u00e1t, ng\u0103n \u0111\u00e1<br \/>\n\u2022 Ch\u1ebf \u0111\u1ed9 k\u00edch ho\u1ea1t ti\u1ebft ki\u1ec7m n\u0103ng l\u01b0\u1ee3ng<br \/>\n\u2022 Ch\u1ebf \u0111\u1ed9 t\u1ef1 t\u1eaft m\u00e0n h\u00ecnh<br \/>\n\u2022 Ch\u1ee9c n\u0103ng c\u1ea3nh b\u00e1o \u00e2m khi m\u1edf t\u1ee7: N\u1ebfu c\u1eeda t\u1ee7 l\u1ea1nh m\u1edf l\u00e2u h\u01a1n 2 ph\u00fat th\u00ec s\u1ebd c\u00f3 ti\u1ebfng b\u00edp b\u00edp<br \/>\n\u2022 C\u1ea3nh b\u00e1o thi\u1ebft l\u1eadp nhi\u1ec7t \u0111\u1ed9<br \/>\n\u2022 Ch\u1ee9c n\u0103ng \u0111i\u1ec1u ch\u1ec9nh nhi\u1ec7t \u0111\u1ed9 t\u00f9y thu\u1ed9c v\u00e0o lo\u1ea1i th\u1ef1c ph\u1ea9m \u1edf khay ch\u1ee9a<br \/>\n\u2022 C\u00f4ng ngh\u1ec7 NoFrost l\u00e0m m\u00e1t \u0111a n\u0103ng<br \/>\n\u2022 Ch\u1ed1ng \u0111\u00f4ng tuy\u1ebft (Multi Cooling NoFrost Technology)<br \/>\n\u2022 H\u1ec7 th\u1ed1ng t\u1ef1 l\u00e0m \u0111\u00e1 vi\u00ean b\u1eb1ng khay<br \/>\n\u2022 Ch\u1ee9c n\u0103ng l\u1ea5y n\u01b0\u1edbc ngo\u00e0i t\u1eeb khay b\u00ean trong \u0111\u01b0\u1ee3c kh\u1eed khu\u1ea9n b\u1eb1ng c\u00f4ng ngh\u1ec7 Ion Tech<br \/>\n\u2022 Thi\u1ebft k\u1ebf hi\u1ec7n \u0111\u1ea1i v\u1edbi ng\u0103n ch\u1ee9a l\u1edbn<br \/>\n\u2022 H\u1ec7 th\u1ed1ng \u0111\u00e8n LED b\u00ean h\u00f4ng v\u00e0 LED tr\u00ean khay ch\u1ee9a<br \/>\n\u2022 H\u1ec7 th\u1ed1ng 6 ng\u0103n l\u1ea1nh c\u1eeda k\u00e9o<br \/>\n\u2022 K\u00ednh c\u01b0\u1eddng l\u1ef1c ng\u0103n l\u1ea1nh<br \/>\n\u2022 V\u00f9ng nhi\u1ec7t \u0111\u1ed9 linh ho\u1ea1t (Chill Zone)<br \/>\n\u2022 C\u00f4ng ngh\u1ec7 t\u1ee7 l\u1ea1nh sinh th\u00e1i PureBeam+: Gi\u1ea3i ph\u00e1p b\u1ea3o qu\u1ea3n th\u1ef1c ph\u1ea9m t\u01b0\u01a1i ngon d\u00e0i l\u00e2u<br \/>\n+ T\u1ee7 l\u1ea1nh PureBeam+ l\u00e0 gi\u1ea3i ph\u00e1p b\u1ea3o qu\u1ea3n th\u1ef1c ph\u1ea9m t\u01b0\u01a1i ngon d\u00e0i l\u00e2u, s\u1eed d\u1ee5ng c\u00f4ng ngh\u1ec7 sinh th\u00e1i PureBeam+ \u0111\u1ec3 ti\u00eau di\u1ec7t m\u1ecdi vi khu\u1ea9n v\u00e0 vi r\u00fat c\u00f3 h\u1ea1i, \u0111\u1ed3ng th\u1eddi l\u00e0m gi\u1ea3m c\u00e1c h\u1ee3p ch\u1ea5t h\u1eefu c\u01a1 d\u1ec5 bay h\u01a1i h\u00ecnh th\u00e0nh do s\u1ef1 h\u01b0 h\u1ecfng c\u1ee7a th\u1ef1c ph\u1ea9m. Nh\u1edd \u0111\u00f3, ch\u1ea5t l\u01b0\u1ee3ng kh\u00f4ng kh\u00ed trong t\u1ee7 l\u1ea1nh \u0111\u01b0\u1ee3c c\u1ea3i thi\u1ec7n v\u00e0 lu\u00f4n \u0111\u01b0\u1ee3c gi\u1eef s\u1ea1ch s\u1ebd, gi\u00fap k\u00e9o d\u00e0i th\u1eddi h\u1ea1n s\u1eed d\u1ee5ng c\u1ee7a th\u1ef1c ph\u1ea9m l\u00ean t\u1edbi 8 l\u1ea7n<br \/>\n+ C\u00f4ng ngh\u1ec7 PureBeam+ ho\u1ea1t \u0111\u1ed9ng d\u1ef1a tr\u00ean nguy\u00ean l\u00fd s\u1eed d\u1ee5ng \u00e1nh s\u00e1ng UVC \u0111\u1ec3 ti\u00eau di\u1ec7t vi khu\u1ea9n v\u00e0 vi r\u00fat. \u00c1nh s\u00e1ng UVC c\u00f3 b\u01b0\u1edbc s\u00f3ng ng\u1eafn v\u00e0 n\u0103ng l\u01b0\u1ee3ng cao, c\u00f3 kh\u1ea3 n\u0103ng xuy\u00ean qua m\u00e0ng t\u1ebf b\u00e0o c\u1ee7a vi khu\u1ea9n v\u00e0 vi r\u00fat, l\u00e0m ph\u00e1 v\u1ee1 DNA v\u00e0 RNA c\u1ee7a ch\u00fang, khi\u1ebfn ch\u00fang kh\u00f4ng th\u1ec3 sinh s\u1ea3n v\u00e0 ph\u00e1t tri\u1ec3n<\/p>\n<p><img loading=\"lazy\" decoding=\"async\" class=\"alignnone size-full wp-image-22006\" src=\"https:\/\/livinghome.vn\/thiet-bi\/wp-content\/uploads\/2024\/05\/tu-lanh-side-by-side-kaff-kf-bcd620di-5.jpg\" alt=\"\" width=\"1200\" height=\"828\" title=\"\" srcset=\"https:\/\/livinghome.vn\/thiet-bi\/wp-content\/uploads\/2024\/05\/tu-lanh-side-by-side-kaff-kf-bcd620di-5.jpg 1200w, https:\/\/livinghome.vn\/thiet-bi\/wp-content\/uploads\/2024\/05\/tu-lanh-side-by-side-kaff-kf-bcd620di-5-580x400.jpg 580w, https:\/\/livinghome.vn\/thiet-bi\/wp-content\/uploads\/2024\/05\/tu-lanh-side-by-side-kaff-kf-bcd620di-5-1159x800.jpg 1159w, https:\/\/livinghome.vn\/thiet-bi\/wp-content\/uploads\/2024\/05\/tu-lanh-side-by-side-kaff-kf-bcd620di-5-768x530.jpg 768w, https:\/\/livinghome.vn\/thiet-bi\/wp-content\/uploads\/2024\/05\/tu-lanh-side-by-side-kaff-kf-bcd620di-5-600x414.jpg 600w\" sizes=\"auto, (max-width: 1200px) 100vw, 1200px\" \/><\/p>\n","protected":false},"excerpt":{"rendered":"<p>\u2022 T\u1ee7 l\u1ea1nh cao c\u1ea5p Side By SIde Multi Door (4 c\u00e1nh)<\/p>\n<p>\u2022 T\u1ed5ng dung t\u00edch (Total Gross Volume) 563 L &#8211; Th\u1ec3 t\u00edch s\u1eed d\u1ee5ng th\u1ef1c 531 L<\/p>\n<p>\u2022 Dung t\u00edch ng\u0103n \u0111\u00f4ng ( Gross Freezer Volume): 140 L<\/p>\n<p>\u2022 Dung t\u00edch ng\u0103n l\u1ea1nh (Gross Refrigerator Volume): 319 L<\/p>\n","protected":false},"featured_media":22010,"comment_status":"open","ping_status":"closed","template":"","meta":[],"product_brand":[],"product_cat":[71,164,201,2035],"product_tag":[],"class_list":{"0":"post-22005","1":"product","2":"type-product","3":"status-publish","4":"has-post-thumbnail","6":"product_cat-thuong-hieu","7":"product_cat-thuong-hieu-kaff","8":"product_cat-tu-lanh","9":"product_cat-tu-lanh-kaff","11":"first","12":"instock","13":"sale","14":"shipping-taxable","15":"purchasable","16":"product-type-simple"},"_links":{"self":[{"href":"https:\/\/livinghome.vn\/thiet-bi\/wp-json\/wp\/v2\/product\/22005","targetHints":{"allow":["GET"]}}],"collection":[{"href":"https:\/\/livinghome.vn\/thiet-bi\/wp-json\/wp\/v2\/product"}],"about":[{"href":"https:\/\/livinghome.vn\/thiet-bi\/wp-json\/wp\/v2\/types\/product"}],"replies":[{"embeddable":true,"href":"https:\/\/livinghome.vn\/thiet-bi\/wp-json\/wp\/v2\/comments?post=22005"}],"wp:featuredmedia":[{"embeddable":true,"href":"https:\/\/livinghome.vn\/thiet-bi\/wp-json\/wp\/v2\/media\/22010"}],"wp:attachment":[{"href":"https:\/\/livinghome.vn\/thiet-bi\/wp-json\/wp\/v2\/media?parent=22005"}],"wp:term":[{"taxonomy":"product_brand","embeddable":true,"href":"https:\/\/livinghome.vn\/thiet-bi\/wp-json\/wp\/v2\/product_brand?post=22005"},{"taxonomy":"product_cat","embeddable":true,"href":"https:\/\/livinghome.vn\/thiet-bi\/wp-json\/wp\/v2\/product_cat?post=22005"},{"taxonomy":"product_tag","embeddable":true,"href":"https:\/\/livinghome.vn\/thiet-bi\/wp-json\/wp\/v2\/product_tag?post=22005"}],"curies":[{"name":"wp","href":"https:\/\/api.w.org\/{rel}","templated":true}]}}