{"id":22000,"date":"2024-05-07T21:45:18","date_gmt":"2024-05-07T14:45:18","guid":{"rendered":"https:\/\/livinghome.vn\/thiet-bi\/?post_type=product&#038;p=22000"},"modified":"2024-11-29T14:18:43","modified_gmt":"2024-11-29T07:18:43","slug":"may-rua-chen-ket-hop-bon-rua-kaff-kf-swm6","status":"publish","type":"product","link":"https:\/\/livinghome.vn\/thiet-bi\/may-rua-chen-ket-hop-bon-rua-kaff-kf-swm6\/","title":{"rendered":"M\u00e1y r\u1eeda ch\u00e9n k\u1ebft h\u1ee3p b\u1ed3n r\u1eeda Kaff KF-SWM6"},"content":{"rendered":"<h4><strong><img loading=\"lazy\" decoding=\"async\" class=\"size-full wp-image-22004 aligncenter\" src=\"https:\/\/livinghome.vn\/thiet-bi\/wp-content\/uploads\/2024\/05\/may-rua-chen-ket-hop-bon-rua-kaff-kf-swm6-1.jpg\" alt=\"\" width=\"800\" height=\"800\" title=\"\" srcset=\"https:\/\/livinghome.vn\/thiet-bi\/wp-content\/uploads\/2024\/05\/may-rua-chen-ket-hop-bon-rua-kaff-kf-swm6-1.jpg 800w, https:\/\/livinghome.vn\/thiet-bi\/wp-content\/uploads\/2024\/05\/may-rua-chen-ket-hop-bon-rua-kaff-kf-swm6-1-400x400.jpg 400w, https:\/\/livinghome.vn\/thiet-bi\/wp-content\/uploads\/2024\/05\/may-rua-chen-ket-hop-bon-rua-kaff-kf-swm6-1-280x280.jpg 280w, https:\/\/livinghome.vn\/thiet-bi\/wp-content\/uploads\/2024\/05\/may-rua-chen-ket-hop-bon-rua-kaff-kf-swm6-1-768x768.jpg 768w, https:\/\/livinghome.vn\/thiet-bi\/wp-content\/uploads\/2024\/05\/may-rua-chen-ket-hop-bon-rua-kaff-kf-swm6-1-300x300.jpg 300w, https:\/\/livinghome.vn\/thiet-bi\/wp-content\/uploads\/2024\/05\/may-rua-chen-ket-hop-bon-rua-kaff-kf-swm6-1-600x600.jpg 600w, https:\/\/livinghome.vn\/thiet-bi\/wp-content\/uploads\/2024\/05\/may-rua-chen-ket-hop-bon-rua-kaff-kf-swm6-1-100x100.jpg 100w\" sizes=\"auto, (max-width: 800px) 100vw, 800px\" \/><br \/>\nTh\u00f4ng s\u1ed1 k\u1ef9 thu\u1eadt:<\/strong><\/h4>\n<p>\u2022 M\u00e1y r\u1eeda ch\u00e9n t\u00edch h\u1ee3p b\u1ed3n r\u1eeda<br \/>\n\u2022 Ch\u1ea5t li\u1ec7u inox kh\u00f4ng r\u1ec9<br \/>\n\u2022 4 ch\u01b0\u01a1ng tr\u00ecnh r\u1eeda: r\u1eeda m\u1ea1nh, r\u1eeda k\u1ef9 , r\u1eeda ti\u1ebft ki\u1ec7m , r\u1eeda th\u1ecbt v\u00e0 rau c\u1ee7<br \/>\n\u2022 \u0110i\u1ec1u khi\u1ec3n c\u1ea3m \u1ee9ng hi\u1ec7n \u0111\u1ea1i<br \/>\n\u2022 M\u00e0n h\u00ecnh hi\u1ec3n th\u1ecb Led LCD<br \/>\n\u2022 Ch\u1ee9c n\u0103ng t\u1ef1 v\u1ec7 sinh khoang r\u1eeda<br \/>\n\u2022 C\u00f3 th\u1ec3 r\u1eeda rau c\u1ee7 qu\u1ea3, r\u1eeda th\u1ecbt<br \/>\n\u2022 Kh\u1eed Khu\u1ea9n b\u1eb1ng s\u00f3ng si\u00eau \u00e2m\/Ultrasonic ware founction<br \/>\n\u2022 Ch\u1ee9c n\u0103ng t\u1ea1o Ozon\/Ozon option<br \/>\n\u2022 Ch\u1ee9c n\u0103ng kh\u00f3a tr\u1ebb em th\u00f4ng minh<br \/>\n\u2022 Ch\u1ee9c n\u0103ng ch\u1ed1ng r\u00f2 r\u1ec9 n\u01b0\u1edbc<br \/>\n\u2022 \u0110i\u1ec7n \u00e1p 220-240V\/60Hz<br \/>\n\u2022 \u0110\u1ed9 \u1ed3n t\u1ed1i \u0111a 58Db<br \/>\n\u2022 C\u00f4ng su\u1ea5t 1760W<br \/>\n\u2022 \u0110\u1ed9ng c\u01a1 BLD ti\u1ebft ki\u1ec7m n\u0103ng l\u01b0\u1ee3ng<br \/>\n\u2022 L\u01b0\u1ee3ng n\u01b0\u1edbc ti\u00eau th\u1ee5\/6 L\u00edt\/l\u1ea7n r\u1eeda<br \/>\n\u2022 K\u00edch th\u01b0\u1edbc s\u1ea3n ph\u1ea9m: 880 x 490 x 540 mm<br \/>\n\u2022 K\u00edch th\u01b0\u1edbc kho\u00e9t \u0111\u00e1: 850 x 460 x Min510 mm<\/p>\n<p><img loading=\"lazy\" decoding=\"async\" class=\"alignnone size-full wp-image-22001\" src=\"https:\/\/livinghome.vn\/thiet-bi\/wp-content\/uploads\/2024\/05\/may-rua-chen-ket-hop-bon-rua-kaff-kf-swm6-4.jpg\" alt=\"\" width=\"1200\" height=\"1394\" title=\"\" srcset=\"https:\/\/livinghome.vn\/thiet-bi\/wp-content\/uploads\/2024\/05\/may-rua-chen-ket-hop-bon-rua-kaff-kf-swm6-4.jpg 1200w, https:\/\/livinghome.vn\/thiet-bi\/wp-content\/uploads\/2024\/05\/may-rua-chen-ket-hop-bon-rua-kaff-kf-swm6-4-344x400.jpg 344w, https:\/\/livinghome.vn\/thiet-bi\/wp-content\/uploads\/2024\/05\/may-rua-chen-ket-hop-bon-rua-kaff-kf-swm6-4-689x800.jpg 689w, https:\/\/livinghome.vn\/thiet-bi\/wp-content\/uploads\/2024\/05\/may-rua-chen-ket-hop-bon-rua-kaff-kf-swm6-4-768x892.jpg 768w, https:\/\/livinghome.vn\/thiet-bi\/wp-content\/uploads\/2024\/05\/may-rua-chen-ket-hop-bon-rua-kaff-kf-swm6-4-600x697.jpg 600w\" sizes=\"auto, (max-width: 1200px) 100vw, 1200px\" \/><\/p>\n","protected":false},"excerpt":{"rendered":"<p>\u2013 H\u00e3ng s\u1ea3n xu\u1ea5t: KAFF( \u0110\u1ee8C)<\/p>\n<p>\u2013 M\u00e3 s\u1ea3n ph\u1ea9m: KF-SWM6<\/p>\n<p>\u2013\u00a0Made in Germany<\/p>\n","protected":false},"featured_media":22004,"comment_status":"open","ping_status":"closed","template":"","meta":[],"product_brand":[],"product_cat":[92,607,71,164],"product_tag":[],"class_list":{"0":"post-22000","1":"product","2":"type-product","3":"status-publish","4":"has-post-thumbnail","6":"product_cat-may-rua-chen-bat","7":"product_cat-may-rua-chen-bat-kaff","8":"product_cat-thuong-hieu","9":"product_cat-thuong-hieu-kaff","11":"first","12":"instock","13":"sale","14":"shipping-taxable","15":"purchasable","16":"product-type-simple"},"_links":{"self":[{"href":"https:\/\/livinghome.vn\/thiet-bi\/wp-json\/wp\/v2\/product\/22000","targetHints":{"allow":["GET"]}}],"collection":[{"href":"https:\/\/livinghome.vn\/thiet-bi\/wp-json\/wp\/v2\/product"}],"about":[{"href":"https:\/\/livinghome.vn\/thiet-bi\/wp-json\/wp\/v2\/types\/product"}],"replies":[{"embeddable":true,"href":"https:\/\/livinghome.vn\/thiet-bi\/wp-json\/wp\/v2\/comments?post=22000"}],"wp:featuredmedia":[{"embeddable":true,"href":"https:\/\/livinghome.vn\/thiet-bi\/wp-json\/wp\/v2\/media\/22004"}],"wp:attachment":[{"href":"https:\/\/livinghome.vn\/thiet-bi\/wp-json\/wp\/v2\/media?parent=22000"}],"wp:term":[{"taxonomy":"product_brand","embeddable":true,"href":"https:\/\/livinghome.vn\/thiet-bi\/wp-json\/wp\/v2\/product_brand?post=22000"},{"taxonomy":"product_cat","embeddable":true,"href":"https:\/\/livinghome.vn\/thiet-bi\/wp-json\/wp\/v2\/product_cat?post=22000"},{"taxonomy":"product_tag","embeddable":true,"href":"https:\/\/livinghome.vn\/thiet-bi\/wp-json\/wp\/v2\/product_tag?post=22000"}],"curies":[{"name":"wp","href":"https:\/\/api.w.org\/{rel}","templated":true}]}}