{"id":21996,"date":"2024-05-07T21:36:45","date_gmt":"2024-05-07T14:36:45","guid":{"rendered":"https:\/\/livinghome.vn\/thiet-bi\/?post_type=product&#038;p=21996"},"modified":"2024-11-29T14:18:44","modified_gmt":"2024-11-29T07:18:44","slug":"may-rua-chen-kaff-kf-bhmi775y","status":"publish","type":"product","link":"https:\/\/livinghome.vn\/thiet-bi\/may-rua-chen-kaff-kf-bhmi775y\/","title":{"rendered":"M\u00e1y r\u1eeda ch\u00e9n Kaff KF-BHMI775Y"},"content":{"rendered":"<p data-sourcepos=\"1:1-1:360\"><strong>M\u00e1y r\u1eeda ch\u00e9n Kaff KF-BHMI775Y<\/strong> l\u00e0 s\u1ea3n ph\u1ea9m nh\u1eadp kh\u1ea9u nguy\u00ean chi\u1ebfc t\u1eeb Th\u00e1i Lan, \u1ee9ng d\u1ee5ng c\u00f4ng ngh\u1ec7 ti\u00ean ti\u1ebfn cho hi\u1ec7u qu\u1ea3 t\u1ed1i \u01b0u. Thi\u1ebft k\u1ebf hi\u1ec7n \u0111\u1ea1i, l\u1eafp \u00e2m d\u1ec5 d\u00e0ng v\u1edbi chi\u1ec1u cao 775mm ph\u00f9 h\u1ee3p cho t\u1ee7 b\u1ebfp cao 810mm. S\u1ee9c ch\u1ee9a l\u1edbn 15 b\u1ed9 \u0111\u1ed3 \u0103n Ch\u00e2u \u00c2u \u0111\u00e1p \u1ee9ng nhu c\u1ea7u s\u1eed d\u1ee5ng cho gia \u0111\u00ecnh \u0111\u00f4ng th\u00e0nh vi\u00ean. M\u00e1y ti\u1ebft ki\u1ec7m \u0111i\u1ec7n n\u0103ng v\u00e0 n\u01b0\u1edbc v\u1edbi ti\u00eau chu\u1ea9n Ch\u00e2u \u00c2u A+++.<\/p>\n<p data-sourcepos=\"3:1-3:185\">M\u00e1y ho\u1ea1t \u0111\u1ed9ng \u00eam \u00e1i nh\u1edd b\u01a1m ch\u00ednh v\u00e0 b\u01a1m x\u1ea3 BLDC, kh\u00f4ng g\u00e2y ti\u1ebfng \u1ed3n \u1ea3nh h\u01b0\u1edfng. C\u00f4ng ngh\u1ec7 di\u1ec7t khu\u1ea9n b\u1eb1ng tia UV v\u00e0 s\u1ea5y kh\u00ed t\u01b0\u01a1i 72h ch\u1ed1ng \u1ea9m m\u1ed1c gi\u00fap ch\u00e9n b\u00e1t lu\u00f4n s\u1ea1ch s\u1ebd v\u00e0 an to\u00e0n.<\/p>\n<p data-sourcepos=\"3:1-3:185\"><img loading=\"lazy\" decoding=\"async\" class=\"alignnone size-full wp-image-21998\" src=\"https:\/\/livinghome.vn\/thiet-bi\/wp-content\/uploads\/2024\/05\/may-rua-chen-kaff-kf-bhmi775y-2.jpg\" alt=\"\" width=\"1200\" height=\"550\" title=\"\" srcset=\"https:\/\/livinghome.vn\/thiet-bi\/wp-content\/uploads\/2024\/05\/may-rua-chen-kaff-kf-bhmi775y-2.jpg 1200w, https:\/\/livinghome.vn\/thiet-bi\/wp-content\/uploads\/2024\/05\/may-rua-chen-kaff-kf-bhmi775y-2-800x367.jpg 800w, https:\/\/livinghome.vn\/thiet-bi\/wp-content\/uploads\/2024\/05\/may-rua-chen-kaff-kf-bhmi775y-2-768x352.jpg 768w, https:\/\/livinghome.vn\/thiet-bi\/wp-content\/uploads\/2024\/05\/may-rua-chen-kaff-kf-bhmi775y-2-600x275.jpg 600w\" sizes=\"auto, (max-width: 1200px) 100vw, 1200px\" \/><\/p>\n<h4 data-sourcepos=\"3:1-3:185\"><strong>\u0110\u1eb7c \u0111i\u1ec3m n\u1ed5i b\u1eadt<\/strong><\/h4>\n<p data-sourcepos=\"3:1-3:185\">\u2022 M\u00e1y r\u1eeda ch\u00e9n \u0111\u1ed9c l\u1eadp<br \/>\n\u2022 Th\u00e2n inox m\u00e0u \u0111en cao c\u1ea5p<br \/>\n\u2022 3 d\u00e0n r\u1eeda ti\u1ec7n l\u1ee3i<br \/>\n\u2022 S\u1ee9c ch\u1ee9a 17 b\u1ed9 \u0111\u1ed3 \u0103n Ch\u00e2u \u00c2u<br \/>\n\u2022 8 Ch\u01b0\u01a1ng tr\u00ecnh r\u1eeda t\u00edch h\u1ee3p<br \/>\n\u2022 Ch\u1ee9c n\u0103ng m\u1edf c\u1eeda t\u1ef1 \u0111\u1ed9ng (Auto open door)<br \/>\n\u2022 H\u1ec7 th\u1ed1ng PTC s\u1ea5y kh\u00f4 kh\u00ed n\u00f3ng<br \/>\n\u2022 Ch\u1ee9c n\u0103ng kh\u1eed khu\u1ea9n l\u00ean \u0111\u1ebfn 72 \u0111\u1ed9 gi\u00fap di\u1ec7t khu\u1ea9n l\u00ean \u0111\u1ebfn 99.99% (Sterilization)<br \/>\n\u2022 Ch\u1ee9c n\u0103ng s\u1ea5y kh\u00ed t\u01b0\u01a1i 72h.T\u0103ng c\u01b0\u1eddng v\u00f2i r\u1eeda k\u00e9p (Dual zone wash function)<br \/>\n\u2022 Ch\u1ee9c n\u0103ng r\u1eeda th\u00f4ng minh (Smart Washing Function Auto)<br \/>\n\u2022 Ch\u1ee9c n\u0103ng kh\u1eed tr\u00f9ng b\u1eb1ng tia c\u1ef1c t\u00edm UV (internal UV light)<br \/>\n\u2022 S\u1ea5y t\u0103ng c\u01b0\u1eddng (Turbo Fan)<br \/>\n\u2022 Kh\u00f3a tr\u1ebb em (Child lock)<br \/>\n\u2022 Ch\u1ee9c n\u0103ng t\u1ea1o Ozon<br \/>\n\u2022 Ch\u1ee9c n\u0103ng c\u00e0i \u0111\u1eb7t l\u01b0\u1ee3ng mu\u1ed1i v\u00e0 d\u1ea7u b\u00f3ng (Adjustment of Water Softener Setting)<br \/>\n\u2022 Ch\u1ee9c n\u0103ng n\u00e2ng h\u1ea1 khay r\u1eeda (Adjustable upper basket)<br \/>\n\u2022 Ch\u1ee9c n\u0103ng r\u1eeda n\u1eeda t\u1ea3i (Half load)<br \/>\n\u2022 \u0110i\u1ec1u khi\u1ec3n c\u1ea3m \u1ee9ng hi\u1ec7n \u0111\u1ea1i, m\u00e0n h\u00ecnh Led sang tr\u1ecdng<br \/>\n\u2022 Ch\u1ee9c n\u0103ng h\u1eb9n gi\u1edd (Delay time)<br \/>\n\u2022 \u0110\u1ed9 \u1ed3n c\u1ef1c th\u1ea5p maximum 48 dB<br \/>\n\u2022 B\u01a1m ch\u00ednh v\u00e0 b\u01a1m x\u1ea3 BLDC (Dual smart BLDC motor)<br \/>\n\u2022 Ti\u00eau chu\u1ea9n ti\u1ebft ki\u1ec7m n\u0103ng l\u01b0\u1ee3ng ch\u00e2u \u00c2u A+++(bi\u1ebfn t\u1ea7n t\u00edch h\u1ee3p)<br \/>\n\u2022 Ch\u1ee9c n\u0103ng kh\u00f3a m\u00e1y khi c\u00f3 s\u1ef1 c\u1ed1 t\u00e1c \u0111\u1ed9ng (ng\u1eadp n\u01b0\u1edbc, va \u0111\u1eadp, y\u1ebfu \u0111i\u1ec7n, thi\u1ebfu n\u01b0\u1edbc,&#8230;)<br \/>\n\u2022 Ch\u1ed1ng r\u00f2 n\u01b0\u1edbc t\u1eeb m\u00e1y<br \/>\n\u2022 \u0110i\u1ec1u khi\u1ec3n c\u1ea3m \u1ee9ng, m\u00e0n h\u00ecnh led sang tr\u1ecdng<br \/>\n\u2022 \u0110\u1ed9 \u1ed3n maximum 48dB<br \/>\n\u2022 Ti\u00eau chu\u1ea9n ti\u1ebft ki\u1ec7m n\u0103ng l\u01b0\u1ee3ng Ch\u00e2u \u00c2u A+++ (bi\u1ebfn t\u1ea7n t\u00edch h\u1ee3p)<br \/>\n\u2022 M\u1ee9c ti\u00eau th\u1ee5 \u0111i\u1ec7n n\u0103ng maximum 0.92 Kwh\/l\u1ea7n r\u1eeda<br \/>\n\u2022 Nhi\u1ec7t \u0111\u1ed9 n\u01b0\u1edbc n\u00f3ng l\u00ean \u0111\u1ebfn 72 \u0111\u1ed9<br \/>\n\u2022 M\u1ee9c ti\u00eau th\u1ee5 n\u01b0\u1edbc: 6 &#8211; 11.2 l\u00edt\/l\u1ea7n r\u1eeda<br \/>\n\u2022 \u00c1p su\u1ea5t n\u01b0\u1edbc: 0.4 \u0111\u1ebfn 10 Bar<br \/>\n\u2022 \u0110i\u1ec7n n\u0103ng \u0111\u1ea7u v\u00e0o: 220-240V \/ 50-60Hz<br \/>\n\u2022 Chi\u1ec1u d\u00e0i c\u00e1p \u0111i\u1ec7n: 1.5m<br \/>\n\u2022 K\u00edch th\u01b0\u1edbc: 775(Kh\u00f4ng c\u00f3 n\u1eafp)\/805(C\u00f3 n\u1eafp tr\u00ean)C x 598R x 600S mm<\/p>\n<p data-sourcepos=\"3:1-3:185\"><img loading=\"lazy\" decoding=\"async\" class=\"alignnone size-full wp-image-21997\" src=\"https:\/\/livinghome.vn\/thiet-bi\/wp-content\/uploads\/2024\/05\/may-rua-chen-kaff-kf-bhmi775y-3.jpg\" alt=\"\" width=\"1200\" height=\"1077\" title=\"\" srcset=\"https:\/\/livinghome.vn\/thiet-bi\/wp-content\/uploads\/2024\/05\/may-rua-chen-kaff-kf-bhmi775y-3.jpg 1200w, https:\/\/livinghome.vn\/thiet-bi\/wp-content\/uploads\/2024\/05\/may-rua-chen-kaff-kf-bhmi775y-3-446x400.jpg 446w, https:\/\/livinghome.vn\/thiet-bi\/wp-content\/uploads\/2024\/05\/may-rua-chen-kaff-kf-bhmi775y-3-891x800.jpg 891w, https:\/\/livinghome.vn\/thiet-bi\/wp-content\/uploads\/2024\/05\/may-rua-chen-kaff-kf-bhmi775y-3-768x689.jpg 768w, https:\/\/livinghome.vn\/thiet-bi\/wp-content\/uploads\/2024\/05\/may-rua-chen-kaff-kf-bhmi775y-3-600x539.jpg 600w\" sizes=\"auto, (max-width: 1200px) 100vw, 1200px\" \/><\/p>\n","protected":false},"excerpt":{"rendered":"<p>\u2022 M\u00e1y r\u1eeda ch\u00e9n \u0111\u1ed9c l\u1eadp<br \/>\n\u2022 Th\u00e2n inox m\u00e0u \u0111en cao c\u1ea5p<br \/>\n\u2022 3 d\u00e0n r\u1eeda ti\u1ec7n l\u1ee3i<br \/>\n\u2022 S\u1ee9c ch\u1ee9a 15 b\u1ed9 \u0111\u1ed3 \u0103n Ch\u00e2u \u00c2u<\/p>\n","protected":false},"featured_media":21999,"comment_status":"open","ping_status":"closed","template":"","meta":[],"product_brand":[],"product_cat":[92,607,71,164],"product_tag":[],"class_list":{"0":"post-21996","1":"product","2":"type-product","3":"status-publish","4":"has-post-thumbnail","6":"product_cat-may-rua-chen-bat","7":"product_cat-may-rua-chen-bat-kaff","8":"product_cat-thuong-hieu","9":"product_cat-thuong-hieu-kaff","11":"first","12":"instock","13":"sale","14":"shipping-taxable","15":"purchasable","16":"product-type-simple"},"_links":{"self":[{"href":"https:\/\/livinghome.vn\/thiet-bi\/wp-json\/wp\/v2\/product\/21996","targetHints":{"allow":["GET"]}}],"collection":[{"href":"https:\/\/livinghome.vn\/thiet-bi\/wp-json\/wp\/v2\/product"}],"about":[{"href":"https:\/\/livinghome.vn\/thiet-bi\/wp-json\/wp\/v2\/types\/product"}],"replies":[{"embeddable":true,"href":"https:\/\/livinghome.vn\/thiet-bi\/wp-json\/wp\/v2\/comments?post=21996"}],"wp:featuredmedia":[{"embeddable":true,"href":"https:\/\/livinghome.vn\/thiet-bi\/wp-json\/wp\/v2\/media\/21999"}],"wp:attachment":[{"href":"https:\/\/livinghome.vn\/thiet-bi\/wp-json\/wp\/v2\/media?parent=21996"}],"wp:term":[{"taxonomy":"product_brand","embeddable":true,"href":"https:\/\/livinghome.vn\/thiet-bi\/wp-json\/wp\/v2\/product_brand?post=21996"},{"taxonomy":"product_cat","embeddable":true,"href":"https:\/\/livinghome.vn\/thiet-bi\/wp-json\/wp\/v2\/product_cat?post=21996"},{"taxonomy":"product_tag","embeddable":true,"href":"https:\/\/livinghome.vn\/thiet-bi\/wp-json\/wp\/v2\/product_tag?post=21996"}],"curies":[{"name":"wp","href":"https:\/\/api.w.org\/{rel}","templated":true}]}}