{"id":21992,"date":"2024-05-07T21:29:24","date_gmt":"2024-05-07T14:29:24","guid":{"rendered":"https:\/\/livinghome.vn\/thiet-bi\/?post_type=product&#038;p=21992"},"modified":"2024-11-29T14:18:44","modified_gmt":"2024-11-29T07:18:44","slug":"may-rua-chen-kaff-kf-garde820","status":"publish","type":"product","link":"https:\/\/livinghome.vn\/thiet-bi\/may-rua-chen-kaff-kf-garde820\/","title":{"rendered":"M\u00e1y R\u1eeda Ch\u00e9n Kaff KF-GARDE820"},"content":{"rendered":"<p><strong>M\u00e1y r\u1eeda ch\u00e9n \u00e2m b\u00e1n ph\u1ea7n Kaff KF-GARDE820<\/strong> l\u00e0 l\u1ef1a ch\u1ecdn l\u00fd t\u01b0\u1edfng cho nh\u1eefng gia \u0111\u00ecnh c\u00f3 \u0111\u00f4ng th\u00e0nh vi\u00ean v\u1edbi s\u1ee9c ch\u1ee9a l\u00ean \u0111\u1ebfn 15 b\u1ed9 \u0111\u1ed3 \u0103n Ch\u00e2u \u00c2u. Thi\u1ebft k\u1ebf \u00e2m b\u00e1n ph\u1ea7n hi\u1ec7n \u0111\u1ea1i, sang tr\u1ecdng, ti\u1ebft ki\u1ec7m kh\u00f4ng gian b\u1ebfp t\u1ed1i \u01b0u.<\/p>\n<p><img loading=\"lazy\" decoding=\"async\" class=\"size-full wp-image-21995 aligncenter\" src=\"https:\/\/livinghome.vn\/thiet-bi\/wp-content\/uploads\/2024\/05\/may-rua-chen-kaff-kf-garde820-1.jpg\" alt=\"\" width=\"800\" height=\"800\" title=\"\" srcset=\"https:\/\/livinghome.vn\/thiet-bi\/wp-content\/uploads\/2024\/05\/may-rua-chen-kaff-kf-garde820-1.jpg 800w, https:\/\/livinghome.vn\/thiet-bi\/wp-content\/uploads\/2024\/05\/may-rua-chen-kaff-kf-garde820-1-400x400.jpg 400w, https:\/\/livinghome.vn\/thiet-bi\/wp-content\/uploads\/2024\/05\/may-rua-chen-kaff-kf-garde820-1-280x280.jpg 280w, https:\/\/livinghome.vn\/thiet-bi\/wp-content\/uploads\/2024\/05\/may-rua-chen-kaff-kf-garde820-1-768x768.jpg 768w, https:\/\/livinghome.vn\/thiet-bi\/wp-content\/uploads\/2024\/05\/may-rua-chen-kaff-kf-garde820-1-300x300.jpg 300w, https:\/\/livinghome.vn\/thiet-bi\/wp-content\/uploads\/2024\/05\/may-rua-chen-kaff-kf-garde820-1-600x600.jpg 600w, https:\/\/livinghome.vn\/thiet-bi\/wp-content\/uploads\/2024\/05\/may-rua-chen-kaff-kf-garde820-1-100x100.jpg 100w\" sizes=\"auto, (max-width: 800px) 100vw, 800px\" \/><br \/>\n\u2022 M\u00e1y r\u1eeda ch\u00e9n \u00e2m b\u00e1n ph\u1ea7n<br \/>\n\u2022 S\u1ee9c ch\u1ee9a 15 b\u1ed9 \u0111\u1ed3 \u0103n Ch\u00e2u \u00c2u<br \/>\n\u2022 10 Ch\u01b0\u01a1ng tr\u00ecnh r\u1eeda t\u00edch h\u1ee3p: Prewash, Mini 14\u2019 (Jet Wash), Quick 30\u2019 40\u00b0C, Eco (Standard Programme), Super 50\u2019 65\u00b0C (Quick Clean), Easy Care 60\u00b0C, Dual Pro Wash 60\u00b0C, Smart 30\u00b0C &#8211; 50\u00b0C, Smart 50\u00b0C &#8211; 60\u00b0C, Smart 60\u00b0C &#8211; 70\u00b0C.<br \/>\n\u2022 Ch\u1ee9c n\u0103ng m\u1edf c\u1eeda t\u1ef1 \u0111\u1ed9ng (Auto open door)<\/p>\n<h4><strong>Ch\u1ee9c n\u0103ng \u0111\u1eb7c bi\u1ec7t:<\/strong><\/h4>\n<p>\u2022 Delay timer option<br \/>\n\u2022 Eco Wash &#8211; Half load option (with 3 mode), Tablet option, Extra Hygiene option, Extra Drying option, Extra Silent option (Silent Wash), Extra Fast option, Energy Save option, Rinse-aid indicator, Salt indicator, Washing cycle indicators, End of cycle indicator<br \/>\n\u2022 Ch\u1ee9c n\u0103ng UVON di\u1ec7t khu\u1ea9n (UVON natural tech)<br \/>\n\u2022 Ch\u1ee9c n\u0103ng ION di\u1ec7t khu\u1ea9n (ION natural tech)<br \/>\n\u2022 H\u1ec7 th\u1ed1ng s\u1ea5y kh\u00f4 Tubo (Drying system)<br \/>\n\u2022 Kh\u00f3a tr\u1ebb em (Child lock)<br \/>\n\u2022 Ch\u1ee9c n\u0103ng t\u1ea1o Ozon<\/p>\n<p><img loading=\"lazy\" decoding=\"async\" class=\"alignnone size-full wp-image-21993\" src=\"https:\/\/livinghome.vn\/thiet-bi\/wp-content\/uploads\/2024\/05\/may-rua-chen-kaff-kf-garde820-3.jpg\" alt=\"\" width=\"1200\" height=\"1275\" title=\"\" srcset=\"https:\/\/livinghome.vn\/thiet-bi\/wp-content\/uploads\/2024\/05\/may-rua-chen-kaff-kf-garde820-3.jpg 1200w, https:\/\/livinghome.vn\/thiet-bi\/wp-content\/uploads\/2024\/05\/may-rua-chen-kaff-kf-garde820-3-376x400.jpg 376w, https:\/\/livinghome.vn\/thiet-bi\/wp-content\/uploads\/2024\/05\/may-rua-chen-kaff-kf-garde820-3-753x800.jpg 753w, https:\/\/livinghome.vn\/thiet-bi\/wp-content\/uploads\/2024\/05\/may-rua-chen-kaff-kf-garde820-3-768x816.jpg 768w, https:\/\/livinghome.vn\/thiet-bi\/wp-content\/uploads\/2024\/05\/may-rua-chen-kaff-kf-garde820-3-600x638.jpg 600w\" sizes=\"auto, (max-width: 1200px) 100vw, 1200px\" \/><\/p>\n<h4><strong>H\u1ec7 th\u1ed1ng ch\u1ed1ng Siphon<\/strong><\/h4>\n<p>\u2022 \u0110i\u1ec1u khi\u1ec3n c\u1ea3m \u1ee9ng hi\u1ec7n \u0111\u1ea1i, m\u00e0n h\u00ecnh Led sang tr\u1ecdng<br \/>\n\u2022 Ch\u1ee9c n\u0103ng h\u1eb9n gi\u1edd (Delay time)<br \/>\n\u2022 \u0110\u1ed9 \u1ed3n c\u1ef1c th\u1ea5p maximum 42 dB<br \/>\n\u2022 Ti\u00eau chu\u1ea9n ti\u1ebft ki\u1ec7m n\u0103ng l\u01b0\u1ee3ng ch\u00e2u \u00c2u A+++, ch\u1ec9 s\u1ed1 hi\u1ec7u qu\u1ea3 n\u0103ng l\u01b0\u1ee3ng A<br \/>\n\u2022 Ch\u1ee9c n\u0103ng kh\u00f3a m\u00e1y khi c\u00f3 s\u1ef1 c\u1ed1 t\u00e1c \u0111\u1ed9ng (ng\u1eadp n\u01b0\u1edbc, va \u0111\u1eadp, y\u1ebfu \u0111i\u1ec7n, thi\u1ebfu n\u01b0\u1edbc,&#8230;)<br \/>\n\u2022 Ch\u1ed1ng r\u00f2 n\u01b0\u1edbc t\u1eeb m\u00e1y<br \/>\n\u2022 H\u1ec7 th\u1ed1ng chuy\u1ec3n h\u01b0\u1edbng \u0111i\u1ec7n (Electrical Diverter system)<br \/>\n\u2022 \u0110\u00e8n b\u00e1o m\u00e1y ho\u1ea1t \u0111\u1ed9ng v\u00e0 k\u1ebft th\u00fac ch\u01b0\u01a1ng tr\u00ecnh r\u1eeda<br \/>\n\u2022 Ch\u1ee9c n\u0103ng ki\u1ec3m tra \u0111\u1ed9 c\u1ee9ng v\u00e0 l\u00e0m m\u1ec1m n\u01b0\u1edbc<br \/>\n\u2022 \u0110\u00e8n chi\u1ebfu s\u00e1ng b\u00ean trong (One spot)<br \/>\n\u2022 K\u00edch th\u01b0\u1edbc s\u1ea3n ph\u1ea9m: 820C x 598R x 570S mm<br \/>\n\u2022 Ngu\u1ed3n \u0111i\u1ec7n: 220-240 V \/ 50 Hz \/ 10 A<\/p>\n","protected":false},"excerpt":{"rendered":"<p>\u2022 M\u00e1y r\u1eeda ch\u00e9n \u00e2m b\u00e1n ph\u1ea7n<\/p>\n<p>\u2022 S\u1ee9c ch\u1ee9a 15 b\u1ed9 \u0111\u1ed3 \u0103n Ch\u00e2u \u00c2u<\/p>\n<p>\u2022 10 Ch\u01b0\u01a1ng tr\u00ecnh r\u1eeda t\u00edch h\u1ee3p<\/p>\n","protected":false},"featured_media":21995,"comment_status":"open","ping_status":"closed","template":"","meta":[],"product_brand":[],"product_cat":[92,607,71,164],"product_tag":[],"class_list":{"0":"post-21992","1":"product","2":"type-product","3":"status-publish","4":"has-post-thumbnail","6":"product_cat-may-rua-chen-bat","7":"product_cat-may-rua-chen-bat-kaff","8":"product_cat-thuong-hieu","9":"product_cat-thuong-hieu-kaff","11":"first","12":"instock","13":"sale","14":"shipping-taxable","15":"purchasable","16":"product-type-simple"},"_links":{"self":[{"href":"https:\/\/livinghome.vn\/thiet-bi\/wp-json\/wp\/v2\/product\/21992","targetHints":{"allow":["GET"]}}],"collection":[{"href":"https:\/\/livinghome.vn\/thiet-bi\/wp-json\/wp\/v2\/product"}],"about":[{"href":"https:\/\/livinghome.vn\/thiet-bi\/wp-json\/wp\/v2\/types\/product"}],"replies":[{"embeddable":true,"href":"https:\/\/livinghome.vn\/thiet-bi\/wp-json\/wp\/v2\/comments?post=21992"}],"wp:featuredmedia":[{"embeddable":true,"href":"https:\/\/livinghome.vn\/thiet-bi\/wp-json\/wp\/v2\/media\/21995"}],"wp:attachment":[{"href":"https:\/\/livinghome.vn\/thiet-bi\/wp-json\/wp\/v2\/media?parent=21992"}],"wp:term":[{"taxonomy":"product_brand","embeddable":true,"href":"https:\/\/livinghome.vn\/thiet-bi\/wp-json\/wp\/v2\/product_brand?post=21992"},{"taxonomy":"product_cat","embeddable":true,"href":"https:\/\/livinghome.vn\/thiet-bi\/wp-json\/wp\/v2\/product_cat?post=21992"},{"taxonomy":"product_tag","embeddable":true,"href":"https:\/\/livinghome.vn\/thiet-bi\/wp-json\/wp\/v2\/product_tag?post=21992"}],"curies":[{"name":"wp","href":"https:\/\/api.w.org\/{rel}","templated":true}]}}