{"id":21989,"date":"2024-05-07T21:18:36","date_gmt":"2024-05-07T14:18:36","guid":{"rendered":"https:\/\/livinghome.vn\/thiet-bi\/?post_type=product&#038;p=21989"},"modified":"2024-11-29T14:18:44","modified_gmt":"2024-11-29T07:18:44","slug":"may-rua-chen-kaff-kf-bisms8-plus","status":"publish","type":"product","link":"https:\/\/livinghome.vn\/thiet-bi\/may-rua-chen-kaff-kf-bisms8-plus\/","title":{"rendered":"M\u00e1y r\u1eeda ch\u00e9n Kaff KF-BISMS8 Plus"},"content":{"rendered":"<p><strong>M\u00e1y r\u1eeda ch\u00e9n Kaff KF-BISMS8 Plus<\/strong> l\u00e0 model m\u1edbi nh\u1ea5t \u0111\u01b0\u1ee3c ra m\u1eaft n\u0103m nay, mang \u0111\u1ebfn cho b\u1ea1n tr\u1ea3i nghi\u1ec7m r\u1eeda ch\u00e9n hi\u1ec7n \u0111\u1ea1i v\u00e0 ti\u1ec7n l\u1ee3i b\u1eadc nh\u1ea5t.<br \/>\n\u2022 M\u00e1y r\u1eeda ch\u00e9n \u00e2m b\u00e1n ph\u1ea7n<br \/>\n\u2022 M\u1eb7t k\u00ednh \u0111en ph\u1ed1i inox cao c\u1ea5p<br \/>\n\u2022 S\u1ee9c ch\u1ee9a 12 b\u1ed9 \u0111\u1ed3 \u0103n Ch\u00e2u \u00c2u<br \/>\n\u2022 8 Ch\u01b0\u01a1ng tr\u00ecnh r\u1eeda t\u00edch h\u1ee3p: R\u1eeda k\u1ef9 (Intensive or Heavy), r\u1eeda th\u00f4ng minh &#8211; r\u1eeda t\u1ef1 \u0111\u1ed9ng<br \/>\n(AI wash), r\u1eeda ti\u1ebft ki\u1ec7m (ECO Wash), r\u1eeda nhanh (ECO Wash), r\u1eeda ly (Glass wash), r\u1eeda<br \/>\n1H (1H Wash), r\u1eeda hoa qu\u1ea3 (Fruit and vegetable wash), r\u1eeda m\u00e1y &#8211; v\u1ec7 sinh b\u00ean trong m\u00e1y<br \/>\n(Self cleaning)<\/p>\n<p><img loading=\"lazy\" decoding=\"async\" class=\"size-full wp-image-21991 aligncenter\" src=\"https:\/\/livinghome.vn\/thiet-bi\/wp-content\/uploads\/2024\/05\/may-rua-chen-kaff-8-kf-bisms8-plus-1.jpg\" alt=\"\" width=\"800\" height=\"800\" title=\"\" srcset=\"https:\/\/livinghome.vn\/thiet-bi\/wp-content\/uploads\/2024\/05\/may-rua-chen-kaff-8-kf-bisms8-plus-1.jpg 800w, https:\/\/livinghome.vn\/thiet-bi\/wp-content\/uploads\/2024\/05\/may-rua-chen-kaff-8-kf-bisms8-plus-1-400x400.jpg 400w, https:\/\/livinghome.vn\/thiet-bi\/wp-content\/uploads\/2024\/05\/may-rua-chen-kaff-8-kf-bisms8-plus-1-280x280.jpg 280w, https:\/\/livinghome.vn\/thiet-bi\/wp-content\/uploads\/2024\/05\/may-rua-chen-kaff-8-kf-bisms8-plus-1-768x768.jpg 768w, https:\/\/livinghome.vn\/thiet-bi\/wp-content\/uploads\/2024\/05\/may-rua-chen-kaff-8-kf-bisms8-plus-1-300x300.jpg 300w, https:\/\/livinghome.vn\/thiet-bi\/wp-content\/uploads\/2024\/05\/may-rua-chen-kaff-8-kf-bisms8-plus-1-600x600.jpg 600w, https:\/\/livinghome.vn\/thiet-bi\/wp-content\/uploads\/2024\/05\/may-rua-chen-kaff-8-kf-bisms8-plus-1-100x100.jpg 100w\" sizes=\"auto, (max-width: 800px) 100vw, 800px\" \/><\/p>\n<h4><strong>Ch\u1ee9c n\u0103ng \u0111\u1eb7c bi\u1ec7t<\/strong><\/h4>\n<p>\u2022 H\u1ec7 th\u1ed1ng PTC s\u1ea5y kh\u00f4 kh\u00ed n\u00f3ng. Sau khi qu\u00e1 tr\u00ecnh r\u1eeda ch\u00e9n b\u00e1t ho\u00e0n t\u1ea5t, m\u00e1y s\u1ebd d\u1eabn<br \/>\nkh\u00f4ng kh\u00ed t\u1ef1 nhi\u00ean b\u00ean ngo\u00e0i th\u00f4ng qua b\u1ed9 gia nhi\u1ec7t PTC \u0111\u1ec3 t\u1ea1o th\u00e0nh lu\u1ed3ng kh\u00ed n\u00f3ng<br \/>\nth\u1ed5i v\u00e0o khoang m\u00e1y v\u00e0 nhanh ch\u00f3ng l\u1ea5y \u0111i h\u01a1i \u1ea9m c\u00f2n t\u1ed3n l\u1ea1i, gi\u00fap cho c\u00e1c b\u1ed9 \u0111\u1ed3 \u0103n<br \/>\n\u0111\u01b0\u1ee3c s\u1ea5y kh\u00f4 ho\u00e0n to\u00e0n<br \/>\n\u2022 Ch\u1ee9c n\u0103ng kh\u1eed khu\u1ea9n l\u00ean \u0111\u1ebfn 72 \u0111\u1ed9 gi\u00fap di\u1ec7t khu\u1ea9n l\u00ean \u0111\u1ebfn 99.99% (Sterilization)<br \/>\n\u2022 Ch\u1ee9c n\u0103ng s\u1ea5y kh\u00ed t\u01b0\u01a1i 96H d\u1eabn l\u01b0u kh\u00f4ng kh\u00ed \u0111\u1ecbnh k\u1ef3 trong khoang m\u00e1y 5 ph\u00fat m\u1ed7i gi\u1edd<br \/>\ngi\u00fap cho khoang m\u00e1y v\u00e0 b\u00e1t \u0111\u0129a nh\u01b0 lu\u00f4n \u0111\u01b0\u1ee3c l\u00e0m m\u1edbi (Fresh Air 96H)<br \/>\n\u2022 Ch\u1ee9c n\u0103ng kh\u1eed tr\u00f9ng b\u1eb1ng tia c\u1ef1c t\u00edm UV (internal UV light)<br \/>\n\u2022 S\u1ea5y t\u0103ng c\u01b0\u1eddng (Turbo Fan)<br \/>\n\u2022 Kh\u00f3a tr\u1ebb em (Child lock)<br \/>\n\u2022 Ch\u1ee9c n\u0103ng t\u1ea1o Ozon<br \/>\n\u2022 \u0110i\u1ec1u khi\u1ec3n c\u1ea3m \u1ee9ng hi\u1ec7n \u0111\u1ea1i, m\u00e0n h\u00ecnh Led sang tr\u1ecdng<br \/>\n\u2022 Ch\u1ee9c n\u0103ng h\u1eb9n gi\u1edd (Delay time)<br \/>\n\u2022 \u0110\u1ed9 \u1ed3n c\u1ef1c th\u1ea5p maximum 48 dB<br \/>\n\u2022 Ti\u00eau chu\u1ea9n ti\u1ebft ki\u1ec7m n\u0103ng l\u01b0\u1ee3ng ch\u00e2u \u00c2u A++(bi\u1ebfn t\u1ea7n t\u00edch h\u1ee3p)<br \/>\n\u2022 Ch\u1ee9c n\u0103ng kh\u00f3a m\u00e1y khi c\u00f3 s\u1ef1 c\u1ed1 t\u00e1c \u0111\u1ed9ng (ng\u1eadp n\u01b0\u1edbc, va \u0111\u1eadp, y\u1ebfu \u0111i\u1ec7n, thi\u1ebfu n\u01b0\u1edbc,&#8230;)<br \/>\n\u2022 Ch\u1ed1ng r\u00f2 n\u01b0\u1edbc t\u1eeb m\u00e1y<br \/>\n\u2022 K\u00edch th\u01b0\u1edbc s\u1ea3n ph\u1ea9m: 595R x 632C x 525S mm<br \/>\n<img loading=\"lazy\" decoding=\"async\" class=\"alignnone size-full wp-image-21990\" src=\"https:\/\/livinghome.vn\/thiet-bi\/wp-content\/uploads\/2024\/05\/may-rua-chen-kaff-8-kf-bisms8-plus-2.jpg\" alt=\"\" width=\"1200\" height=\"889\" title=\"\" srcset=\"https:\/\/livinghome.vn\/thiet-bi\/wp-content\/uploads\/2024\/05\/may-rua-chen-kaff-8-kf-bisms8-plus-2.jpg 1200w, https:\/\/livinghome.vn\/thiet-bi\/wp-content\/uploads\/2024\/05\/may-rua-chen-kaff-8-kf-bisms8-plus-2-540x400.jpg 540w, https:\/\/livinghome.vn\/thiet-bi\/wp-content\/uploads\/2024\/05\/may-rua-chen-kaff-8-kf-bisms8-plus-2-1080x800.jpg 1080w, https:\/\/livinghome.vn\/thiet-bi\/wp-content\/uploads\/2024\/05\/may-rua-chen-kaff-8-kf-bisms8-plus-2-768x569.jpg 768w, https:\/\/livinghome.vn\/thiet-bi\/wp-content\/uploads\/2024\/05\/may-rua-chen-kaff-8-kf-bisms8-plus-2-600x445.jpg 600w\" sizes=\"auto, (max-width: 1200px) 100vw, 1200px\" \/><\/p>\n","protected":false},"excerpt":{"rendered":"<p>\u2022\u00a0M\u00e1y r\u1eeda ch\u00e9n \u00e2m t\u1ee7<\/p>\n<p>\u2022 M\u1eb7t k\u00ednh \u0111en ph\u1ed1i inox cao c\u1ea5p<\/p>\n<p>\u2022 S\u1ee9c ch\u1ee9a 10 b\u1ed9 \u0111\u1ed3 \u0103n Ch\u00e2u \u00c2u<\/p>\n<p>\u2022 Made in Thailand<\/p>\n","protected":false},"featured_media":21991,"comment_status":"open","ping_status":"closed","template":"","meta":[],"product_brand":[],"product_cat":[92,607,71,164],"product_tag":[],"class_list":{"0":"post-21989","1":"product","2":"type-product","3":"status-publish","4":"has-post-thumbnail","6":"product_cat-may-rua-chen-bat","7":"product_cat-may-rua-chen-bat-kaff","8":"product_cat-thuong-hieu","9":"product_cat-thuong-hieu-kaff","11":"first","12":"instock","13":"sale","14":"shipping-taxable","15":"purchasable","16":"product-type-simple"},"_links":{"self":[{"href":"https:\/\/livinghome.vn\/thiet-bi\/wp-json\/wp\/v2\/product\/21989","targetHints":{"allow":["GET"]}}],"collection":[{"href":"https:\/\/livinghome.vn\/thiet-bi\/wp-json\/wp\/v2\/product"}],"about":[{"href":"https:\/\/livinghome.vn\/thiet-bi\/wp-json\/wp\/v2\/types\/product"}],"replies":[{"embeddable":true,"href":"https:\/\/livinghome.vn\/thiet-bi\/wp-json\/wp\/v2\/comments?post=21989"}],"wp:featuredmedia":[{"embeddable":true,"href":"https:\/\/livinghome.vn\/thiet-bi\/wp-json\/wp\/v2\/media\/21991"}],"wp:attachment":[{"href":"https:\/\/livinghome.vn\/thiet-bi\/wp-json\/wp\/v2\/media?parent=21989"}],"wp:term":[{"taxonomy":"product_brand","embeddable":true,"href":"https:\/\/livinghome.vn\/thiet-bi\/wp-json\/wp\/v2\/product_brand?post=21989"},{"taxonomy":"product_cat","embeddable":true,"href":"https:\/\/livinghome.vn\/thiet-bi\/wp-json\/wp\/v2\/product_cat?post=21989"},{"taxonomy":"product_tag","embeddable":true,"href":"https:\/\/livinghome.vn\/thiet-bi\/wp-json\/wp\/v2\/product_tag?post=21989"}],"curies":[{"name":"wp","href":"https:\/\/api.w.org\/{rel}","templated":true}]}}