{"id":21984,"date":"2024-05-07T21:10:04","date_gmt":"2024-05-07T14:10:04","guid":{"rendered":"https:\/\/livinghome.vn\/thiet-bi\/?post_type=product&#038;p=21984"},"modified":"2024-11-29T14:18:44","modified_gmt":"2024-11-29T07:18:44","slug":"may-rua-chen-kaff-kf-sbl775w-new-plus","status":"publish","type":"product","link":"https:\/\/livinghome.vn\/thiet-bi\/may-rua-chen-kaff-kf-sbl775w-new-plus\/","title":{"rendered":"M\u00e1y R\u1eeda Ch\u00e9n Kaff KF-SBL775W New Plus"},"content":{"rendered":"<p><strong>M\u00e1y r\u1eeda ch\u00e9n Kaff KF-SBL775W New Plus<\/strong> l\u00e0 model m\u1edbi nh\u1ea5t \u0111\u01b0\u1ee3c nh\u1eadp kh\u1ea9u t\u1eeb Th\u00e1i Lan, v\u1edbi thi\u1ebft k\u1ebf hi\u1ec7n \u0111\u1ea1i v\u00e0 nhi\u1ec1u t\u00ednh n\u0103ng th\u00f4ng minh, mang \u0111\u1ebfn cho b\u1ea1n tr\u1ea3i nghi\u1ec7m r\u1eeda ch\u00e9n ti\u1ec7n l\u1ee3i v\u00e0 hi\u1ec7u qu\u1ea3.<br \/>\n\u2022 M\u00e1y r\u1eeda ch\u00e9n \u0111\u1ed9c l\u1eadp<br \/>\n\u2022 Th\u00e2n s\u01a1n t\u0129nh \u0111i\u1ec7n m\u00e0u tr\u1eafng cao c\u1ea5p<br \/>\n\u2022 3 d\u00e0n r\u1eeda ti\u1ec7n l\u1ee3i<br \/>\n\u2022 S\u1ee9c ch\u1ee9a 17 b\u1ed9 \u0111\u1ed3 \u0103n Ch\u00e2u \u00c2u<br \/>\n\u2022 8 Ch\u01b0\u01a1ng tr\u00ecnh r\u1eeda t\u00edch h\u1ee3p: R\u1eeda th\u00f4ng minh &#8211; r\u1eeda t\u1ef1 \u0111\u1ed9ng (AI wash), R\u1eeda k\u1ef9 (Intensive or Heavy), r\u1eeda th\u00f4ng th\u01b0\u1eddng (Nomal Wash), r\u1eeda ti\u1ebft ki\u1ec7m (ECO Wash), r\u1eeda ly (Glass wash), r\u1eeda nhanh &#8211; r\u1eeda tr\u00e1ng n\u01b0\u1edbc n\u00f3ng (Rapid Wash), r\u1eeda hoa qu\u1ea3 (Fruit and vegetable wash), ch\u1ee9c n\u0103ng r\u1eeda di\u1ec7t khu\u1ea9n &#8211; r\u1eeda \u0111\u1ed3 tr\u1ebb em (Baby care)<\/p>\n<p><img loading=\"lazy\" decoding=\"async\" class=\"alignnone size-full wp-image-21986\" src=\"https:\/\/livinghome.vn\/thiet-bi\/wp-content\/uploads\/2024\/05\/may-rua-chen-kaff-kf-sbl775w-new-plus-3.jpg\" alt=\"\" width=\"1200\" height=\"784\" title=\"\" srcset=\"https:\/\/livinghome.vn\/thiet-bi\/wp-content\/uploads\/2024\/05\/may-rua-chen-kaff-kf-sbl775w-new-plus-3.jpg 1200w, https:\/\/livinghome.vn\/thiet-bi\/wp-content\/uploads\/2024\/05\/may-rua-chen-kaff-kf-sbl775w-new-plus-3-612x400.jpg 612w, https:\/\/livinghome.vn\/thiet-bi\/wp-content\/uploads\/2024\/05\/may-rua-chen-kaff-kf-sbl775w-new-plus-3-768x502.jpg 768w, https:\/\/livinghome.vn\/thiet-bi\/wp-content\/uploads\/2024\/05\/may-rua-chen-kaff-kf-sbl775w-new-plus-3-600x392.jpg 600w\" sizes=\"auto, (max-width: 1200px) 100vw, 1200px\" \/><\/p>\n<h4><strong>Ch\u1ee9c n\u0103ng \u0111\u1eb7c bi\u1ec7t<\/strong><\/h4>\n<p>\u2022 Ch\u1ee9c n\u0103ng m\u1edf c\u1eeda t\u1ef1 \u0111\u1ed9ng (Auto open door)<br \/>\n\u2022 H\u1ec7 th\u1ed1ng PTC s\u1ea5y kh\u00f4 kh\u00ed n\u00f3ng. Sau khi qu\u00e1 tr\u00ecnh r\u1eeda ch\u00e9n b\u00e1t ho\u00e0n t\u1ea5t, m\u00e1y s\u1ebd d\u1eabn kh\u00f4ng kh\u00ed t\u1ef1 nhi\u00ean b\u00ean ngo\u00e0i th\u00f4ng qua b\u1ed9 gia nhi\u1ec7t PTC \u0111\u1ec3 t\u1ea1o th\u00e0nh lu\u1ed3ng kh\u00ed n\u00f3ng th\u1ed5i v\u00e0o khoang m\u00e1y v\u00e0 nhanh ch\u00f3ng l\u1ea5y \u0111i h\u01a1i \u1ea9m c\u00f2n t\u1ed3n l\u1ea1i, gi\u00fap cho c\u00e1c b\u1ed9 \u0111\u1ed3 \u0103n<br \/>\n\u0111\u01b0\u1ee3c s\u1ea5y kh\u00f4 ho\u00e0n to\u00e0n<br \/>\n\u2022 Ch\u1ee9c n\u0103ng kh\u1eed khu\u1ea9n l\u00ean \u0111\u1ebfn 72 \u0111\u1ed9 gi\u00fap di\u1ec7t khu\u1ea9n l\u00ean \u0111\u1ebfn 99.99% (Sterilization)<br \/>\n\u2022 Ch\u1ee9c n\u0103ng s\u1ea5y kh\u00ed t\u01b0\u01a1i 168h d\u1eabn l\u01b0u kh\u00f4ng kh\u00ed \u0111\u1ecbnh k\u1ef3 trong khoang m\u00e1y 5 ph\u00fat m\u1ed7i gi\u1edd gi\u00fap cho khoang m\u00e1y v\u00e0 b\u00e1t \u0111\u0129a nh\u01b0 lu\u00f4n \u0111\u01b0\u1ee3c l\u00e0m m\u1edbi ( 168h Fresh; Dry Function)<br \/>\n\u2022 T\u0103ng c\u01b0\u1eddng v\u00f2i r\u1eeda k\u00e9p (Dual zone wash function) ch\u1ee9c n\u0103ng x\u1ea3 b\u1ed5 sung \u0111\u1ec3 t\u0103ng s\u1ed1 b\u01b0\u1edbc, c\u00f3 th\u1ec3 ch\u1ecdn th\u00eam 1, 2 ho\u1eb7c th\u00eam 3 l\u1ea7n x\u1ea3 \u0111\u1ec3 l\u00e0m s\u1ea1ch b\u1ed9 \u0111\u1ed3 \u0103n b\u1ea9n hi\u1ec7u qu\u1ea3 h\u01a1n. Ch\u1ee9c n\u0103ng x\u1ea3 t\u0103ng c\u01b0\u1eddng ch\u1ec9 c\u00f3 th\u1ec3 \u0111\u01b0\u1ee3c ch\u1ecdn cho gi\u1eb7t m\u1ea1nh, gi\u1eb7t th\u01b0\u1eddng, gi\u1eb7t m\u1ec1m<br \/>\nth\u1ee7y tinh v\u00e0 r\u1eeda rau c\u1ee7 qu\u1ea3.<br \/>\n\u2022 Ch\u1ee9c n\u0103ng r\u1eeda th\u00f4ng minh (Smart Washing Function Auto) Khi b\u1eadt ch\u1ebf \u0111\u1ed9 gi\u1eb7t th\u00f4ng minh, m\u00e1y s\u1ebd t\u1ef1 \u0111\u1ed9ng nh\u1eadn bi\u1ebft v\u00e0 l\u1ef1a ch\u1ecdn nhi\u1ec7t \u0111\u1ed9 r\u1eeda ph\u00f9 h\u1ee3p nh\u1ea5t, l\u01b0u l\u01b0\u1ee3ng n\u01b0\u1edbc v\u00e0o v\u00e0 th\u1eddi gian r\u1eeda \u0111\u1ec3 r\u1eeda b\u1ed9 \u0111\u1ed3 \u0103n t\u00f9y theo \u0111\u1ed9 \u0111\u1ee5c c\u1ee7a n\u01b0\u1edbc b\u00ean trong m\u00e1y,sau khi ho\u00e0n th\u00e0nh ch\u01b0\u01a1ng tr\u00ecnh r\u1eeda th\u00f4ng minh, ch\u1ee9c n\u0103ng s\u1ea5y kh\u00f4 s\u1ebd t\u1ef1 \u0111\u1ed9ng \u0111\u01b0\u1ee3c b\u1eadt, l\u00e0m th\u1ebf n\u00e0o \u0111\u1ec3 l\u00e0m cho b\u1ed9 \u0111\u1ed3 \u0103n \u0111\u01b0\u1ee3c t\u1ea9y nh\u1eddn v\u00e0 kh\u00f4 t\u1ed1t h\u01a1n<br \/>\n\u2022 Ch\u1ee9c n\u0103ng kh\u1eed tr\u00f9ng b\u1eb1ng tia c\u1ef1c t\u00edm UV (internal UV light)<br \/>\n\u2022 S\u1ea5y t\u0103ng c\u01b0\u1eddng (Turbo Fan)<br \/>\n\u2022 Kh\u00f3a tr\u1ebb em (Child lock)<br \/>\n\u2022 Ch\u1ee9c n\u0103ng t\u1ea1o Ozon<br \/>\n\u2022 Ch\u1ee9c n\u0103ng c\u00e0i \u0111\u1eb7t l\u01b0\u1ee3ng mu\u1ed1i v\u00e0 d\u1ea7u b\u00f3ng (adjustment of Water Softener Setting)<br \/>\n\u2022 Ch\u1ee9c n\u0103ng n\u00e2ng h\u1ea1 khay r\u1eeda (Adjustable upper basket)<br \/>\n\u2022 Ch\u1ee9c n\u0103ng r\u1eeda n\u1eeda t\u1ea3i (Half load)<br \/>\n\u2022 \u0110i\u1ec1u khi\u1ec3n c\u1ea3m \u1ee9ng hi\u1ec7n \u0111\u1ea1i, m\u00e0n h\u00ecnh Led sang tr\u1ecdng<br \/>\n\u2022 Ch\u1ee9c n\u0103ng h\u1eb9n gi\u1edd (Delay time)<br \/>\n\u2022 \u0110\u1ed9 \u1ed3n c\u1ef1c th\u1ea5p maximum 48 dB<br \/>\n\u2022 B\u01a1m ch\u00ednh v\u00e0 b\u01a1m x\u1ea3 BLDC (Dual smart BLDC motor)<br \/>\n\u2022 Ti\u00eau chu\u1ea9n ti\u1ebft ki\u1ec7m n\u0103ng l\u01b0\u1ee3ng ch\u00e2u \u00c2u A+++(bi\u1ebfn t\u1ea7n t\u00edch h\u1ee3p)<br \/>\n\u2022 Ch\u1ee9c n\u0103ng kh\u00f3a m\u00e1y khi c\u00f3 s\u1ef1 c\u1ed1 t\u00e1c \u0111\u1ed9ng (ng\u1eadp n\u01b0\u1edbc, va \u0111\u1eadp, y\u1ebfu \u0111i\u1ec7n, thi\u1ebfu n\u01b0\u1edbc,&#8230;)<br \/>\n\u2022 Ch\u1ed1ng r\u00f2 n\u01b0\u1edbc t\u1eeb m\u00e1y<br \/>\n\u2022 K\u00edch th\u01b0\u1edbc s\u1ea3n ph\u1ea9m: 598R x 568S x 775(Kh\u00f4ng c\u00f3 n\u1eafp)\/805(C\u00f3 n\u1eafp tr\u00ean)C mm<\/p>\n<p><img loading=\"lazy\" decoding=\"async\" class=\"alignnone size-full wp-image-21985\" src=\"https:\/\/livinghome.vn\/thiet-bi\/wp-content\/uploads\/2024\/05\/may-rua-chen-kaff-kf-sbl775w-new-plus-4.jpg\" alt=\"\" width=\"1200\" height=\"991\" title=\"\" srcset=\"https:\/\/livinghome.vn\/thiet-bi\/wp-content\/uploads\/2024\/05\/may-rua-chen-kaff-kf-sbl775w-new-plus-4.jpg 1200w, https:\/\/livinghome.vn\/thiet-bi\/wp-content\/uploads\/2024\/05\/may-rua-chen-kaff-kf-sbl775w-new-plus-4-484x400.jpg 484w, https:\/\/livinghome.vn\/thiet-bi\/wp-content\/uploads\/2024\/05\/may-rua-chen-kaff-kf-sbl775w-new-plus-4-969x800.jpg 969w, https:\/\/livinghome.vn\/thiet-bi\/wp-content\/uploads\/2024\/05\/may-rua-chen-kaff-kf-sbl775w-new-plus-4-768x634.jpg 768w, https:\/\/livinghome.vn\/thiet-bi\/wp-content\/uploads\/2024\/05\/may-rua-chen-kaff-kf-sbl775w-new-plus-4-600x496.jpg 600w\" sizes=\"auto, (max-width: 1200px) 100vw, 1200px\" \/><\/p>\n","protected":false},"excerpt":{"rendered":"<p>\u2022 M\u00e1y r\u1eeda ch\u00e9n \u0111\u1ed9c l\u1eadp<br \/>\n\u2022 Th\u00e2n s\u01a1n t\u0129nh \u0111i\u1ec7n m\u00e0u tr\u1eafng cao c\u1ea5p<br \/>\n\u2022 3 d\u00e0n r\u1eeda ti\u1ec7n l\u1ee3i<br \/>\n\u2022 S\u1ee9c ch\u1ee9a 17 b\u1ed9 \u0111\u1ed3 \u0103n Ch\u00e2u \u00c2u<\/p>\n","protected":false},"featured_media":21988,"comment_status":"open","ping_status":"closed","template":"","meta":[],"product_brand":[],"product_cat":[92,607,71,164],"product_tag":[],"class_list":{"0":"post-21984","1":"product","2":"type-product","3":"status-publish","4":"has-post-thumbnail","6":"product_cat-may-rua-chen-bat","7":"product_cat-may-rua-chen-bat-kaff","8":"product_cat-thuong-hieu","9":"product_cat-thuong-hieu-kaff","11":"first","12":"instock","13":"sale","14":"shipping-taxable","15":"purchasable","16":"product-type-simple"},"_links":{"self":[{"href":"https:\/\/livinghome.vn\/thiet-bi\/wp-json\/wp\/v2\/product\/21984","targetHints":{"allow":["GET"]}}],"collection":[{"href":"https:\/\/livinghome.vn\/thiet-bi\/wp-json\/wp\/v2\/product"}],"about":[{"href":"https:\/\/livinghome.vn\/thiet-bi\/wp-json\/wp\/v2\/types\/product"}],"replies":[{"embeddable":true,"href":"https:\/\/livinghome.vn\/thiet-bi\/wp-json\/wp\/v2\/comments?post=21984"}],"wp:featuredmedia":[{"embeddable":true,"href":"https:\/\/livinghome.vn\/thiet-bi\/wp-json\/wp\/v2\/media\/21988"}],"wp:attachment":[{"href":"https:\/\/livinghome.vn\/thiet-bi\/wp-json\/wp\/v2\/media?parent=21984"}],"wp:term":[{"taxonomy":"product_brand","embeddable":true,"href":"https:\/\/livinghome.vn\/thiet-bi\/wp-json\/wp\/v2\/product_brand?post=21984"},{"taxonomy":"product_cat","embeddable":true,"href":"https:\/\/livinghome.vn\/thiet-bi\/wp-json\/wp\/v2\/product_cat?post=21984"},{"taxonomy":"product_tag","embeddable":true,"href":"https:\/\/livinghome.vn\/thiet-bi\/wp-json\/wp\/v2\/product_tag?post=21984"}],"curies":[{"name":"wp","href":"https:\/\/api.w.org\/{rel}","templated":true}]}}