{"id":21973,"date":"2024-05-07T20:36:18","date_gmt":"2024-05-07T13:36:18","guid":{"rendered":"https:\/\/livinghome.vn\/thiet-bi\/?post_type=product&#038;p=21973"},"modified":"2024-11-29T14:18:44","modified_gmt":"2024-11-29T07:18:44","slug":"may-rua-chen-kaff-kf-bdwsi12-6","status":"publish","type":"product","link":"https:\/\/livinghome.vn\/thiet-bi\/may-rua-chen-kaff-kf-bdwsi12-6\/","title":{"rendered":"M\u00e1y R\u1eeda Ch\u00e9n Kaff KF-BDWSI12.6"},"content":{"rendered":"<p data-sourcepos=\"3:1-3:171\"><strong>M\u00e1y r\u1eeda b\u00e1t Kaff KF-BDWSI12.6<\/strong> l\u00e0 l\u1ef1a ch\u1ecdn ho\u00e0n h\u1ea3o cho nh\u1eefng ai mong mu\u1ed1n s\u1edf h\u1eefu m\u1ed9t chi\u1ebfc m\u00e1y r\u1eeda b\u00e1t hi\u1ec7n \u0111\u1ea1i, ti\u1ebft ki\u1ec7m th\u1eddi gian v\u00e0 c\u00f4ng s\u1ee9c cho c\u00f4ng vi\u1ec7c nh\u00e0 b\u1ebfp.<\/p>\n<p data-sourcepos=\"3:1-3:171\"><img loading=\"lazy\" decoding=\"async\" class=\"size-full wp-image-21974 aligncenter\" src=\"https:\/\/livinghome.vn\/thiet-bi\/wp-content\/uploads\/2024\/05\/may-rua-chen-kaff-kf-bdwsi12-6-1.jpg\" alt=\"\" width=\"800\" height=\"800\" title=\"\" srcset=\"https:\/\/livinghome.vn\/thiet-bi\/wp-content\/uploads\/2024\/05\/may-rua-chen-kaff-kf-bdwsi12-6-1.jpg 800w, https:\/\/livinghome.vn\/thiet-bi\/wp-content\/uploads\/2024\/05\/may-rua-chen-kaff-kf-bdwsi12-6-1-400x400.jpg 400w, https:\/\/livinghome.vn\/thiet-bi\/wp-content\/uploads\/2024\/05\/may-rua-chen-kaff-kf-bdwsi12-6-1-280x280.jpg 280w, https:\/\/livinghome.vn\/thiet-bi\/wp-content\/uploads\/2024\/05\/may-rua-chen-kaff-kf-bdwsi12-6-1-768x768.jpg 768w, https:\/\/livinghome.vn\/thiet-bi\/wp-content\/uploads\/2024\/05\/may-rua-chen-kaff-kf-bdwsi12-6-1-300x300.jpg 300w, https:\/\/livinghome.vn\/thiet-bi\/wp-content\/uploads\/2024\/05\/may-rua-chen-kaff-kf-bdwsi12-6-1-600x600.jpg 600w, https:\/\/livinghome.vn\/thiet-bi\/wp-content\/uploads\/2024\/05\/may-rua-chen-kaff-kf-bdwsi12-6-1-100x100.jpg 100w\" sizes=\"auto, (max-width: 800px) 100vw, 800px\" \/><\/p>\n<h3 data-sourcepos=\"5:1-5:17\"><strong>\u0110i\u1ec3m n\u1ed5i b\u1eadt:<\/strong><\/h3>\n<ul data-sourcepos=\"7:1-13:0\">\n<li data-sourcepos=\"7:1-7:88\"><strong>S\u1ee9c ch\u1ee9a l\u1edbn:<\/strong> 14 b\u1ed9 \u0111\u1ed3 \u0103n Ch\u00e2u \u00c2u, \u0111\u00e1p \u1ee9ng nhu c\u1ea7u s\u1eed d\u1ee5ng cho gia \u0111\u00ecnh 4-6 ng\u01b0\u1eddi.<\/li>\n<li data-sourcepos=\"8:1-8:115\"><strong>Thi\u1ebft k\u1ebf hi\u1ec7n \u0111\u1ea1i:<\/strong> Ki\u1ec3u d\u00e1ng sang tr\u1ecdng, ph\u00f9 h\u1ee3p v\u1edbi nhi\u1ec1u kh\u00f4ng gian b\u1ebfp. C\u00f3 th\u1ec3 l\u1eafp \u0111\u1eb7t \u0111\u1ed9c l\u1eadp ho\u1eb7c \u00e2m t\u1ee7.<\/li>\n<li data-sourcepos=\"9:1-9:258\"><strong>H\u1ec7 th\u1ed1ng gi\u00e0n r\u1eeda linh ho\u1ea1t:<\/strong> Gi\u00e0n r\u1eeda c\u00f3 th\u1ec3 k\u00e9o r\u1eddi ra ngo\u00e0i, d\u1ec5 d\u00e0ng s\u1eafp x\u1ebfp ch\u00e9n b\u00e1t. Khoang \u0111\u1ec3 \u0111\u1ef1ng b\u00e1t \u0111\u0129a dao th\u00eca \u0111\u01b0\u1ee3c thi\u1ebft k\u1ebf khoa h\u1ecdc, gi\u00fap b\u1ea3o v\u1ec7 ch\u00e9n b\u00e1t kh\u00f4ng b\u1ecb s\u1ee9t m\u1ebb. Chi\u1ec1u cao gi\u00e0n tr\u00ean c\u00f3 th\u1ec3 \u0111i\u1ec1u ch\u1ec9nh \u0111\u1ec3 ph\u00f9 h\u1ee3p v\u1edbi nhu c\u1ea7u s\u1eed d\u1ee5ng.<\/li>\n<li data-sourcepos=\"10:1-10:238\"><strong>Hi\u1ec7u qu\u1ea3 r\u1eeda b\u00e1t t\u1ed1i \u01b0u:<\/strong> 6 ch\u01b0\u01a1ng tr\u00ecnh r\u1eeda \u0111a d\u1ea1ng, ph\u00f9 h\u1ee3p v\u1edbi nhi\u1ec1u lo\u1ea1i ch\u00e9n b\u00e1t kh\u00e1c nhau. Ch\u1ee9c n\u0103ng s\u1ea5y kh\u00f4 gi\u00fap ch\u00e9n b\u00e1t lu\u00f4n kh\u00f4 r\u00e1o, s\u1ea1ch s\u1ebd. Kh\u1ea3 n\u0103ng h\u1ed7 tr\u1ee3 r\u1eeda di\u1ec7t khu\u1ea9n l\u00ean \u0111\u1ebfn 99,999%, b\u1ea3o v\u1ec7 s\u1ee9c kh\u1ecfe cho gia \u0111\u00ecnh b\u1ea1n.<\/li>\n<li data-sourcepos=\"11:1-11:83\"><strong>Ho\u1ea1t \u0111\u1ed9ng \u00eam \u00e1i:<\/strong> \u0110\u1ed9 \u1ed3n th\u1ea5p \u2264 48 dB, kh\u00f4ng g\u00e2y \u1ea3nh h\u01b0\u1edfng \u0111\u1ebfn sinh ho\u1ea1t chung.<\/li>\n<li data-sourcepos=\"12:1-13:0\"><strong>Ti\u1ebft ki\u1ec7m \u0111i\u1ec7n n\u01b0\u1edbc:<\/strong> S\u1eed d\u1ee5ng c\u00f4ng ngh\u1ec7 ti\u1ebft ki\u1ec7m \u0111i\u1ec7n, n\u01b0\u1edbc ti\u00ean ti\u1ebfn, gi\u00fap gi\u1ea3m thi\u1ec3u chi ph\u00ed cho gia \u0111\u00ecnh b\u1ea1n.<\/li>\n<\/ul>\n<h3><strong>Th\u00f4ng s\u1ed1 k\u1ef9 thu\u1eadt:<\/strong><\/h3>\n<p>+ M\u00e1y r\u1eeda ch\u00e9n \u00e2m to\u00e0n ph\u1ea7n<\/p>\n<p>+ Th\u00e2n s\u01a1n\u00a0 t\u0129nh \u0111i\u1ec7n\u00a0m\u00e0u \u0111en cao c\u1ea5p<\/p>\n<p>+ S\u1ee9c ch\u1ee9a 14 b\u1ed9 \u0111\u1ed3 \u0103n Ch\u00e2u \u00c2u<\/p>\n<p>+ 6 Ch\u01b0\u01a1ng tr\u00ecnh r\u1eeda t\u00edch h\u1ee3p: R\u1eeda k\u1ef9, r\u1eeda ti\u1ebft ki\u1ec7m, r\u1eeda 1h, r\u1eeda nhanh, r\u1eeda s\u01a1 b\u1ed9, r\u1eeda ch\u1edd l\u00ean \u0111\u1ebfn 24h<\/p>\n<p>+ Ch\u1ee9c n\u0103ng \u0111\u1eb7c bi\u1ec7t: t\u0103ng t\u1ed1c \u0111\u1ed9 r\u1eeda, r\u1eeda n\u1eeda t\u1ea3i<\/p>\n<p>+\u00a0Ch\u1ee9c n\u0103ng s\u1ea5y t\u0103ng c\u01b0\u1eddng (Tubor Fan)<\/p>\n<p>+ \u0110i\u1ec1u khi\u1ec3n \u0111i\u1ec7n t\u1eed, m\u00e0n h\u00ecnh led sang tr\u1ecdng<\/p>\n<p>+ Ch\u1ee9c n\u0103ng h\u1eb9n gi\u1edd<\/p>\n<p>+ \u0110\u1ed9 \u1ed3n c\u1ef1c th\u1ea5p maximum 40dB<\/p>\n<p>+Ti\u00eau chu\u1ea9n ti\u1ebft ki\u1ec7m n\u0103ng l\u01b0\u1ee3ng Ch\u00e2u \u00c2u A+++(bi\u1ebfn t\u1ea7n t\u00edch h\u1ee3p)<\/p>\n<p>+Ch\u1ee9c n\u0103ng kh\u00f3a m\u00e1y khi c\u00f3 s\u1ef1 c\u1ed1 ngo\u1ea1i c\u1ea3nh t\u00e1c \u0111\u1ed9ng (ng\u1eadp n\u01b0\u1edbc, va \u0111\u1eadp, y\u1ebfu \u0111i\u1ec7n, thi\u1ebfu n\u01b0\u1edbc\u2026)<\/p>\n<p>+ Ch\u1ed3ng r\u00f2 n\u01b0\u1edbc t\u1eeb m\u00e1y<\/p>\n<p>+ M\u1ee9c ti\u00eau th\u1ee5 \u0111i\u1ec7n n\u0103ng: 1.850Kwh\/l\u1ea7n r\u1eeda<\/p>\n<p>+ Nhi\u1ec7t \u0111\u1ed9 n\u01b0\u1edbc n\u00f3ng l\u00ean \u0111\u1ebfn\u00a070 \u0111\u1ed9<\/p>\n<p>+ M\u1ee9c ti\u00eau th\u1ee5 n\u01b0\u1edbc: 10 l\u00edt\/l\u1ea7n r\u1eeda<\/p>\n<p>+ \u00c1p su\u1ea5t n\u01b0\u1edbc 0.4 \u0111\u1ebfn 10 Bar<\/p>\n<p>+ \u0110i\u1ec7n n\u0103ng \u0111\u1ea7u v\u00e0o: 220-240V\/50-60Hz<\/p>\n<p>+ Chi\u1ec1u d\u00e0i c\u00e1p \u0111i\u1ec7n 1.5m<\/p>\n<p>+ K\u00edch th\u01b0\u1edbc s\u1ea3n ph\u1ea9m (th\u00e1o n\u1eafp tr\u00ean): 815C x 598R x 570S mm<\/p>\n<p><img loading=\"lazy\" decoding=\"async\" class=\"alignnone size-full wp-image-21975\" src=\"https:\/\/livinghome.vn\/thiet-bi\/wp-content\/uploads\/2024\/05\/may-rua-chen-kaff-kf-bdwsi12-6-2.jpg\" alt=\"\" width=\"1200\" height=\"1200\" title=\"\" srcset=\"https:\/\/livinghome.vn\/thiet-bi\/wp-content\/uploads\/2024\/05\/may-rua-chen-kaff-kf-bdwsi12-6-2.jpg 1200w, https:\/\/livinghome.vn\/thiet-bi\/wp-content\/uploads\/2024\/05\/may-rua-chen-kaff-kf-bdwsi12-6-2-400x400.jpg 400w, https:\/\/livinghome.vn\/thiet-bi\/wp-content\/uploads\/2024\/05\/may-rua-chen-kaff-kf-bdwsi12-6-2-800x800.jpg 800w, https:\/\/livinghome.vn\/thiet-bi\/wp-content\/uploads\/2024\/05\/may-rua-chen-kaff-kf-bdwsi12-6-2-280x280.jpg 280w, https:\/\/livinghome.vn\/thiet-bi\/wp-content\/uploads\/2024\/05\/may-rua-chen-kaff-kf-bdwsi12-6-2-768x768.jpg 768w, https:\/\/livinghome.vn\/thiet-bi\/wp-content\/uploads\/2024\/05\/may-rua-chen-kaff-kf-bdwsi12-6-2-300x300.jpg 300w, https:\/\/livinghome.vn\/thiet-bi\/wp-content\/uploads\/2024\/05\/may-rua-chen-kaff-kf-bdwsi12-6-2-600x600.jpg 600w, https:\/\/livinghome.vn\/thiet-bi\/wp-content\/uploads\/2024\/05\/may-rua-chen-kaff-kf-bdwsi12-6-2-100x100.jpg 100w\" sizes=\"auto, (max-width: 1200px) 100vw, 1200px\" \/><\/p>\n","protected":false},"excerpt":{"rendered":"<p><span class=\"sku_wrapper\"><b>M\u00e3:\u00a0<\/b><span class=\"sku\">KF-BDWSI12.6<\/span><\/span><\/p>\n<div class=\"product-type\"><label>H\u00e3ng SX:<\/label>\u00a0Kaff<\/div>\n<div class=\"product-type\"><label>Lo\u1ea1i:<\/label>\u00a0M\u00e1y r\u1eeda b\u00e1t<\/div>\n","protected":false},"featured_media":21974,"comment_status":"open","ping_status":"closed","template":"","meta":[],"product_brand":[],"product_cat":[92,607,71,164],"product_tag":[],"class_list":{"0":"post-21973","1":"product","2":"type-product","3":"status-publish","4":"has-post-thumbnail","6":"product_cat-may-rua-chen-bat","7":"product_cat-may-rua-chen-bat-kaff","8":"product_cat-thuong-hieu","9":"product_cat-thuong-hieu-kaff","11":"first","12":"instock","13":"sale","14":"shipping-taxable","15":"purchasable","16":"product-type-simple"},"_links":{"self":[{"href":"https:\/\/livinghome.vn\/thiet-bi\/wp-json\/wp\/v2\/product\/21973","targetHints":{"allow":["GET"]}}],"collection":[{"href":"https:\/\/livinghome.vn\/thiet-bi\/wp-json\/wp\/v2\/product"}],"about":[{"href":"https:\/\/livinghome.vn\/thiet-bi\/wp-json\/wp\/v2\/types\/product"}],"replies":[{"embeddable":true,"href":"https:\/\/livinghome.vn\/thiet-bi\/wp-json\/wp\/v2\/comments?post=21973"}],"wp:featuredmedia":[{"embeddable":true,"href":"https:\/\/livinghome.vn\/thiet-bi\/wp-json\/wp\/v2\/media\/21974"}],"wp:attachment":[{"href":"https:\/\/livinghome.vn\/thiet-bi\/wp-json\/wp\/v2\/media?parent=21973"}],"wp:term":[{"taxonomy":"product_brand","embeddable":true,"href":"https:\/\/livinghome.vn\/thiet-bi\/wp-json\/wp\/v2\/product_brand?post=21973"},{"taxonomy":"product_cat","embeddable":true,"href":"https:\/\/livinghome.vn\/thiet-bi\/wp-json\/wp\/v2\/product_cat?post=21973"},{"taxonomy":"product_tag","embeddable":true,"href":"https:\/\/livinghome.vn\/thiet-bi\/wp-json\/wp\/v2\/product_tag?post=21973"}],"curies":[{"name":"wp","href":"https:\/\/api.w.org\/{rel}","templated":true}]}}