{"id":21965,"date":"2024-05-07T17:03:20","date_gmt":"2024-05-07T10:03:20","guid":{"rendered":"https:\/\/livinghome.vn\/thiet-bi\/?post_type=product&#038;p=21965"},"modified":"2024-11-29T14:18:44","modified_gmt":"2024-11-29T07:18:44","slug":"bep-tu-lien-lo-kaff-kf-frt6604in","status":"publish","type":"product","link":"https:\/\/livinghome.vn\/thiet-bi\/bep-tu-lien-lo-kaff-kf-frt6604in\/","title":{"rendered":"B\u1ebfp T\u1eeb Li\u1ec1n L\u00f2 Kaff KF-FRT6604IN"},"content":{"rendered":"<h4 data-sourcepos=\"5:1-5:26\"><strong><img loading=\"lazy\" decoding=\"async\" class=\"size-full wp-image-21966 aligncenter\" src=\"https:\/\/livinghome.vn\/thiet-bi\/wp-content\/uploads\/2024\/05\/bep-tu-lien-lo-kaff-kf-frt6604in-1.jpg\" alt=\"\" width=\"800\" height=\"800\" title=\"\" srcset=\"https:\/\/livinghome.vn\/thiet-bi\/wp-content\/uploads\/2024\/05\/bep-tu-lien-lo-kaff-kf-frt6604in-1.jpg 800w, https:\/\/livinghome.vn\/thiet-bi\/wp-content\/uploads\/2024\/05\/bep-tu-lien-lo-kaff-kf-frt6604in-1-400x400.jpg 400w, https:\/\/livinghome.vn\/thiet-bi\/wp-content\/uploads\/2024\/05\/bep-tu-lien-lo-kaff-kf-frt6604in-1-280x280.jpg 280w, https:\/\/livinghome.vn\/thiet-bi\/wp-content\/uploads\/2024\/05\/bep-tu-lien-lo-kaff-kf-frt6604in-1-768x768.jpg 768w, https:\/\/livinghome.vn\/thiet-bi\/wp-content\/uploads\/2024\/05\/bep-tu-lien-lo-kaff-kf-frt6604in-1-300x300.jpg 300w, https:\/\/livinghome.vn\/thiet-bi\/wp-content\/uploads\/2024\/05\/bep-tu-lien-lo-kaff-kf-frt6604in-1-600x600.jpg 600w, https:\/\/livinghome.vn\/thiet-bi\/wp-content\/uploads\/2024\/05\/bep-tu-lien-lo-kaff-kf-frt6604in-1-100x100.jpg 100w\" sizes=\"auto, (max-width: 800px) 100vw, 800px\" \/><br \/>\nB\u1ebfp n\u1ea5u t\u1eeb 4 v\u00f9ng n\u1ea5u:<\/strong><\/h4>\n<ul data-sourcepos=\"7:1-13:0\">\n<li data-sourcepos=\"7:1-7:74\">M\u1eb7t k\u00ednh Schott Ceran cao c\u1ea5p, ch\u1ecbu l\u1ef1c v\u00e0 ch\u1ecbu s\u1ed1c nhi\u1ec7t l\u00ean \u0111\u1ebfn 800\u00b0C.<\/li>\n<li data-sourcepos=\"8:1-8:65\">2 v\u00f9ng n\u1ea5u nh\u1ecf c\u00f4ng su\u1ea5t 1400W, 2 v\u00f9ng n\u1ea5u l\u1edbn c\u00f4ng su\u1ea5t 2300W.<\/li>\n<li data-sourcepos=\"9:1-9:35\">Ch\u1ee9c n\u0103ng Booster n\u1ea5u si\u00eau nhanh.<\/li>\n<li data-sourcepos=\"10:1-10:41\">Ch\u1ee9c n\u0103ng Inverter ti\u1ebft ki\u1ec7m \u0111i\u1ec7n n\u0103ng.<\/li>\n<li data-sourcepos=\"11:1-11:59\">Ch\u1ee9c n\u0103ng chia c\u00f4ng su\u1ea5t ti\u1ebft ki\u1ec7m \u0111i\u1ec7n n\u0103ng, b\u1ea3o v\u1ec7 b\u1ebfp.<\/li>\n<li data-sourcepos=\"12:1-13:0\">C\u1ea3m \u1ee9ng qu\u00e1 nhi\u1ec7t an to\u00e0n.<\/li>\n<\/ul>\n<h4 data-sourcepos=\"14:1-14:27\"><strong>L\u00f2 n\u01b0\u1edbng dung t\u00edch 65L:<\/strong><\/h4>\n<ul data-sourcepos=\"16:1-21:0\">\n<li data-sourcepos=\"16:1-16:135\">8 ch\u1ee9c n\u0103ng n\u01b0\u1edbng \u0111a d\u1ea1ng: n\u01b0\u1edbng th\u01b0\u1eddng, n\u01b0\u1edbng \u0111\u1ed1i l\u01b0u, n\u01b0\u1edbng xi\u00ean quay, r\u00e3 \u0111\u00f4ng, n\u01b0\u1edbng b\u00e1nh, n\u01b0\u1edbng th\u1ecbt, n\u01b0\u1edbng pizza, s\u1ea5y th\u1ef1c ph\u1ea9m.<\/li>\n<li data-sourcepos=\"17:1-17:28\">C\u1eeda k\u00ednh 3 l\u1edbp c\u00e1ch nhi\u1ec7t.<\/li>\n<li data-sourcepos=\"18:1-18:49\">Ch\u1ee9c n\u0103ng t\u1ef1 v\u1ec7 sinh b\u1eb1ng nhi\u1ec7t ph\u00e2n Catalytic.<\/li>\n<li data-sourcepos=\"19:1-19:22\">\u0110\u00e8n trong khoang l\u00f2.<\/li>\n<li data-sourcepos=\"20:1-21:0\">Qu\u1ea1t \u0111\u1ed1i l\u01b0u gi\u00fap lan t\u1ecfa nhi\u1ec7t \u0111\u1ec1u.<\/li>\n<\/ul>\n<h4 data-sourcepos=\"22:1-22:20\"><strong>B\u1ea3ng \u0111i\u1ec1u khi\u1ec3n:<\/strong><\/h4>\n<ul data-sourcepos=\"24:1-26:0\">\n<li data-sourcepos=\"24:1-24:56\">\u0110i\u1ec1u khi\u1ec3n n\u00fam v\u1eb7n c\u01a1 h\u1ecdc k\u00e8m c\u1ea3m \u1ee9ng d\u1ec5 d\u00e0ng s\u1eed d\u1ee5ng.<\/li>\n<li data-sourcepos=\"25:1-26:0\">H\u1eb9n gi\u1edd, kh\u00f3a tr\u1ebb em th\u00f4ng minh.<\/li>\n<\/ul>\n<h4 data-sourcepos=\"27:1-27:22\"><strong>Th\u00f4ng s\u1ed1 k\u1ef9 thu\u1eadt:<\/strong><\/h4>\n<ul data-sourcepos=\"29:1-33:0\">\n<li data-sourcepos=\"29:1-29:35\">K\u00edch th\u01b0\u1edbc: R600 x C900 x S600 mm<\/li>\n<li data-sourcepos=\"30:1-30:23\">T\u1ed5ng c\u00f4ng su\u1ea5t: 3600W<\/li>\n<li data-sourcepos=\"31:1-31:27\">\u0110i\u1ec7n \u00e1p: 220V &#8211; 240V\/50Hz<\/li>\n<li data-sourcepos=\"32:1-33:0\">Xu\u1ea5t x\u1ee9: Th\u1ed5 Nh\u0129 K\u1ef3<\/li>\n<\/ul>\n<p><img loading=\"lazy\" decoding=\"async\" class=\"alignnone size-full wp-image-21968\" src=\"https:\/\/livinghome.vn\/thiet-bi\/wp-content\/uploads\/2024\/05\/bep-tu-lien-lo-kaff-kf-frt6604in-2-n.jpg\" alt=\"\" width=\"1200\" height=\"1268\" title=\"\" srcset=\"https:\/\/livinghome.vn\/thiet-bi\/wp-content\/uploads\/2024\/05\/bep-tu-lien-lo-kaff-kf-frt6604in-2-n.jpg 1200w, https:\/\/livinghome.vn\/thiet-bi\/wp-content\/uploads\/2024\/05\/bep-tu-lien-lo-kaff-kf-frt6604in-2-n-379x400.jpg 379w, https:\/\/livinghome.vn\/thiet-bi\/wp-content\/uploads\/2024\/05\/bep-tu-lien-lo-kaff-kf-frt6604in-2-n-757x800.jpg 757w, https:\/\/livinghome.vn\/thiet-bi\/wp-content\/uploads\/2024\/05\/bep-tu-lien-lo-kaff-kf-frt6604in-2-n-768x812.jpg 768w, https:\/\/livinghome.vn\/thiet-bi\/wp-content\/uploads\/2024\/05\/bep-tu-lien-lo-kaff-kf-frt6604in-2-n-600x634.jpg 600w\" sizes=\"auto, (max-width: 1200px) 100vw, 1200px\" \/><\/p>\n","protected":false},"excerpt":{"rendered":"<p>\u2022 B\u1ebfp 4 v\u00f9ng n\u1ea5u<br \/>\n\u2022 M\u1eb7t k\u00ednh Schott Ceran si\u00eau b\u1ec1n, ch\u1ecbu l\u1ef1c ch\u1ecbu s\u1ed1c nhi\u1ec7t<br \/>\n\u2022 C\u00f4ng su\u1ea5t: 2100Wx1400Wx2100Wx1400 (Booster: 2500Wx1800Wx2500Wx1800W)<br \/>\n\u2022 H\u1eb9n gi\u1edd 99 ph\u00fat v\u00e0 t\u1ea1m d\u1eebng<br \/>\n\u2022 L\u00f2 n\u01b0\u1edbng \u00e2m t\u1ee7<br \/>\n\u2022 Dung t\u00edch 65L<br \/>\n\u2022 C\u1eeda k\u00ednh 3 l\u1edbp c\u00e1ch nhi\u1ec7t, k\u00ednh b\u00ean trong c\u00f3 th\u1ec3 th\u00e1o r\u1eddi<br \/>\n\u2022 \u0110i\u1ec1u khi\u1ec3n n\u00fam v\u1eb7n c\u01a1 h\u1ecdc k\u00e8m c\u1ea3m \u1ee9ng<br \/>\n\u2022 M\u00e0u b\u1ea3ng \u0111i\u1ec1u khi\u1ec3n Inox \u0111en<br \/>\n\u2022 \u0110\u00e8n b\u00ean trong l\u00f2<br \/>\n\u2022 \u0110\u1ed9 \u1ed3n qu\u1ea1t l\u00e0m m\u00e1t h\u01b0\u1edbng tr\u1ee5c 49,2 Hz<br \/>\n\u2022 Ti\u00eau chu\u1ea9n ti\u1ebft ki\u1ec7m n\u0103ng l\u01b0\u1ee3ng ch\u00e2u \u00c2u A<br \/>\n\u2022 \u0110\u1ed9 \u1ed3n t\u1ed1i \u0111a 50 Hz<br \/>\n\u2022 Ph\u1ee5 ki\u1ec7n k\u00e8m theo:<br \/>\n1 v\u0129 , 1 khay, 1 xi\u00ean quay n\u01b0\u1edbng<br \/>\n\u2022 T\u1ed5ng c\u00f4ng su\u1ea5t 2600 W<br \/>\n\u2022 \u0110\u1ed3ng h\u1ed3 \u0111i\u1ec7n t\u1eed h\u1eb9n gi\u1edd<br \/>\n\u2022 T\u1ef1 \u0111\u1ed9ng t\u1eaft khi kh\u00f4ng s\u1eed d\u1ee5ng<br \/>\n\u2022 Kh\u00f3a an to\u00e0n t\u1ef1 \u0111\u1ed9ng kh\u00f3a trong 2 gi\u00e2y<br \/>\n\u2022 Ti\u00eau chu\u1ea9n RoHS, CE&#8230;<br \/>\n\u2022 Ch\u1ee9c n\u0103ng n\u01b0\u1edbng \u0111\u1ed1i l\u01b0u<br \/>\n\u2022 Ch\u1ee9c n\u0103ng n\u01b0\u1edbng xi\u00ean quay, gia nhi\u1ec7t tr\u00ean + qu\u1ea1t \u0111\u1ed1i l\u01b0u<br \/>\n\u2022 Ch\u1ee9c n\u0103ng r\u00e3 \u0111\u00f4ng<br \/>\n\u2022 Ch\u1ee9c n\u0103ng n\u01b0\u1edbng qu\u1ea1t<br \/>\n\u2022 Ch\u1ee9c n\u0103ng n\u01b0\u1edbng gia nhi\u1ec7t tr\u00ean<br \/>\n\u2022 Ch\u1ee9c n\u0103ng n\u01b0\u1edbng gia nhi\u1ec7t d\u01b0\u1edbi<br \/>\n\u2022 Ch\u1ee9c n\u0103ng v\u1ec7 sinh b\u1eb1ng nhi\u1ec7t (90OC) VapClean<br \/>\n\u2022 K\u00edch th\u01b0\u1edbc s\u1ea3n ph\u1ea9m: 900Cx600Rx600S mm<\/p>\n","protected":false},"featured_media":21966,"comment_status":"open","ping_status":"closed","template":"","meta":[],"product_brand":[],"product_cat":[75,717,71,164],"product_tag":[],"class_list":{"0":"post-21965","1":"product","2":"type-product","3":"status-publish","4":"has-post-thumbnail","6":"product_cat-bep-tu","7":"product_cat-bep-tu-kaff","8":"product_cat-thuong-hieu","9":"product_cat-thuong-hieu-kaff","11":"first","12":"instock","13":"sale","14":"shipping-taxable","15":"purchasable","16":"product-type-simple"},"_links":{"self":[{"href":"https:\/\/livinghome.vn\/thiet-bi\/wp-json\/wp\/v2\/product\/21965","targetHints":{"allow":["GET"]}}],"collection":[{"href":"https:\/\/livinghome.vn\/thiet-bi\/wp-json\/wp\/v2\/product"}],"about":[{"href":"https:\/\/livinghome.vn\/thiet-bi\/wp-json\/wp\/v2\/types\/product"}],"replies":[{"embeddable":true,"href":"https:\/\/livinghome.vn\/thiet-bi\/wp-json\/wp\/v2\/comments?post=21965"}],"wp:featuredmedia":[{"embeddable":true,"href":"https:\/\/livinghome.vn\/thiet-bi\/wp-json\/wp\/v2\/media\/21966"}],"wp:attachment":[{"href":"https:\/\/livinghome.vn\/thiet-bi\/wp-json\/wp\/v2\/media?parent=21965"}],"wp:term":[{"taxonomy":"product_brand","embeddable":true,"href":"https:\/\/livinghome.vn\/thiet-bi\/wp-json\/wp\/v2\/product_brand?post=21965"},{"taxonomy":"product_cat","embeddable":true,"href":"https:\/\/livinghome.vn\/thiet-bi\/wp-json\/wp\/v2\/product_cat?post=21965"},{"taxonomy":"product_tag","embeddable":true,"href":"https:\/\/livinghome.vn\/thiet-bi\/wp-json\/wp\/v2\/product_tag?post=21965"}],"curies":[{"name":"wp","href":"https:\/\/api.w.org\/{rel}","templated":true}]}}