{"id":21962,"date":"2024-05-07T16:35:02","date_gmt":"2024-05-07T09:35:02","guid":{"rendered":"https:\/\/livinghome.vn\/thiet-bi\/?post_type=product&#038;p=21962"},"modified":"2024-11-29T14:18:44","modified_gmt":"2024-11-29T07:18:44","slug":"lo-nuong-am-tu-kaff-kf-t90m","status":"publish","type":"product","link":"https:\/\/livinghome.vn\/thiet-bi\/lo-nuong-am-tu-kaff-kf-t90m\/","title":{"rendered":"L\u00f2 N\u01b0\u1edbng \u00c2m T\u1ee7 Kaff KF-T90M"},"content":{"rendered":"<h2>TH\u00d4NG TIN CHI TI\u1ebeT S\u1ea2N PH\u1ea8M<\/h2>\n<h3>\u0110\u1eb7c t\u00ednh s\u1ea3n ph\u1ea9m<\/h3>\n<ul>\n<li>L\u00f2 n\u01b0\u1edbng \u0111\u1ed1i l\u01b0u l\u1eafp \u00e2m t\u1ee7<\/li>\n<li>Dung t\u00edch: 66 l\u00edt.<\/li>\n<li>Ti\u00eau chu\u1ea9n ti\u1ebft ki\u1ec7m n\u0103ng l\u01b0\u1ee3ng Ch\u00e2u \u00c2u: A<\/li>\n<li>M\u1eb7t k\u00ednh c\u01b0\u1eddng l\u1ef1c m\u00e0u \u0111en ch\u1ed1ng v\u00e2n tay<\/li>\n<li>\u0110i\u1ec1u khi\u1ec3n ho\u00e0n to\u00e0n b\u1eb1ng c\u1ea3m \u1ee9ng<\/li>\n<li>C\u00e1c ph\u00edm \u0111i\u1ec1u khi\u1ec3n hi\u1ec3n th\u1ecb \u0111\u1ed9c \u0111\u00e1o<\/li>\n<li>12 ch\u1ee9c n\u0103ng n\u1ea5u n\u01b0\u1edbng<\/li>\n<li>H\u1ec7 th\u1ed1ng \u0111i\u1ec3u ch\u1ec9nh \u1ed5n \u0111\u1ecbnh nhi\u1ec7t khi n\u01b0\u1edbng<\/li>\n<li>H\u1ec7 th\u1ed1ng qu\u1ea1t t\u1ef1 l\u00e0m m\u00e1t l\u00f2<\/li>\n<li>T\u1ef1 l\u00e0m s\u1ea1ch b\u1eb1ng nhi\u1ec7t ph\u00e2n<\/li>\n<li>\u0110\u00e8n ph\u1ee5 tr\u1ee3 chi\u1ebfu s\u00e1ng b\u00ean trong l\u00f2 25W<\/li>\n<li>Ch\u1ee9c n\u0103ng r\u00e3 \u0111\u00f4ng th\u1ef1c ph\u1ea9m<\/li>\n<li>Ch\u1ee9c n\u0103ng h\u1eb9n gi\u1edd n\u01b0\u1edbng ti\u1ec7n l\u1ee3i<\/li>\n<li>Khoang l\u00f2 \u0111\u01b0\u1ee3c tr\u00e1ng men \u0111\u1eb7c bi\u1ec7t, d\u1ec5 d\u00e0ng v\u1ec7 sinh<\/li>\n<\/ul>\n<h3>Ch\u1ee9c n\u0103ng an to\u00e0n<\/h3>\n<ul>\n<li>C\u1eeda k\u00ednh c\u00e1ch nhi\u1ec7t an to\u00e0n v\u1edbi ng\u01b0\u1eddi s\u1eed d\u1ee5ng<\/li>\n<li>Kh\u00f3a tr\u1ebb em an to\u00e0n<\/li>\n<\/ul>\n<h3>Th\u00f4ng s\u1ed1 k\u1ef9 thu\u1eadt<\/h3>\n<ul>\n<li>\u0110i\u1ec7n \u00e1p: 220-240V\/50-60Hz<\/li>\n<li>Nhi\u1ec7t \u0111\u1ed9 n\u01b0\u1edbng: 50-250\u00b0C<\/li>\n<li>T\u1ed5ng c\u00f4ng su\u1ea5t: 2900W<\/li>\n<li>K\u00edch th\u01b0\u1edbc s\u1ea3n ph\u1ea9m: R595 x S575 x C595 mm<\/li>\n<li>K\u00edch th\u01b0\u1edbc \u00e2m t\u1ee7: R560 x S580 x C600 mm<\/li>\n<\/ul>\n<h2>K\u00cdCH TH\u01af\u1edaC L\u1eaeP \u0110\u1eb6T S\u1ea2N PH\u1ea8M<\/h2>\n<p><img loading=\"lazy\" decoding=\"async\" class=\"alignnone size-full wp-image-21963\" src=\"https:\/\/livinghome.vn\/thiet-bi\/wp-content\/uploads\/2024\/05\/lo-nuong-am-tu-kaff-kf-t90m-2.jpg\" alt=\"\" width=\"1200\" height=\"849\" title=\"\" srcset=\"https:\/\/livinghome.vn\/thiet-bi\/wp-content\/uploads\/2024\/05\/lo-nuong-am-tu-kaff-kf-t90m-2.jpg 1200w, https:\/\/livinghome.vn\/thiet-bi\/wp-content\/uploads\/2024\/05\/lo-nuong-am-tu-kaff-kf-t90m-2-565x400.jpg 565w, https:\/\/livinghome.vn\/thiet-bi\/wp-content\/uploads\/2024\/05\/lo-nuong-am-tu-kaff-kf-t90m-2-1131x800.jpg 1131w, https:\/\/livinghome.vn\/thiet-bi\/wp-content\/uploads\/2024\/05\/lo-nuong-am-tu-kaff-kf-t90m-2-768x543.jpg 768w, https:\/\/livinghome.vn\/thiet-bi\/wp-content\/uploads\/2024\/05\/lo-nuong-am-tu-kaff-kf-t90m-2-600x425.jpg 600w\" sizes=\"auto, (max-width: 1200px) 100vw, 1200px\" \/><\/p>\n","protected":false},"excerpt":{"rendered":"<ul>\n<li>Model:\u00a0<strong>KF-T90M<\/strong><\/li>\n<li>L\u00f2 n\u01b0\u1edbng \u00e2m t\u1ee7<\/li>\n<li>\u0110i\u1ec1u khi\u1ec3n c\u1ea3m \u1ee9ng<\/li>\n<li>Dung t\u00edch: 66L<\/li>\n<li>10 ch\u1ee9c n\u0103ng n\u01b0\u1edbng<\/li>\n<li>Ch\u1ee9c n\u0103ng n\u01b0\u1edbng \u0111\u1ed1i l\u01b0u<\/li>\n<li>K\u00edch th\u01b0\u1edbc s\u1ea3n ph\u1ea9m: 595C x 595R x 575S mm<\/li>\n<li>K\u00edch th\u01b0\u1edbc kho\u00e9t \u0111\u00e1: 590C x 560R x 595S mm<\/li>\n<li>Xu\u1ea5t x\u1ee9:\u00a0<strong>MALAYSIA<\/strong><\/li>\n<\/ul>\n","protected":false},"featured_media":21964,"comment_status":"open","ping_status":"closed","template":"","meta":[],"product_brand":[],"product_cat":[95,2026,71,164],"product_tag":[],"class_list":{"0":"post-21962","1":"product","2":"type-product","3":"status-publish","4":"has-post-thumbnail","6":"product_cat-lo-nuong","7":"product_cat-lo-nuong-kaff","8":"product_cat-thuong-hieu","9":"product_cat-thuong-hieu-kaff","11":"first","12":"instock","13":"sale","14":"shipping-taxable","15":"purchasable","16":"product-type-simple"},"_links":{"self":[{"href":"https:\/\/livinghome.vn\/thiet-bi\/wp-json\/wp\/v2\/product\/21962","targetHints":{"allow":["GET"]}}],"collection":[{"href":"https:\/\/livinghome.vn\/thiet-bi\/wp-json\/wp\/v2\/product"}],"about":[{"href":"https:\/\/livinghome.vn\/thiet-bi\/wp-json\/wp\/v2\/types\/product"}],"replies":[{"embeddable":true,"href":"https:\/\/livinghome.vn\/thiet-bi\/wp-json\/wp\/v2\/comments?post=21962"}],"wp:featuredmedia":[{"embeddable":true,"href":"https:\/\/livinghome.vn\/thiet-bi\/wp-json\/wp\/v2\/media\/21964"}],"wp:attachment":[{"href":"https:\/\/livinghome.vn\/thiet-bi\/wp-json\/wp\/v2\/media?parent=21962"}],"wp:term":[{"taxonomy":"product_brand","embeddable":true,"href":"https:\/\/livinghome.vn\/thiet-bi\/wp-json\/wp\/v2\/product_brand?post=21962"},{"taxonomy":"product_cat","embeddable":true,"href":"https:\/\/livinghome.vn\/thiet-bi\/wp-json\/wp\/v2\/product_cat?post=21962"},{"taxonomy":"product_tag","embeddable":true,"href":"https:\/\/livinghome.vn\/thiet-bi\/wp-json\/wp\/v2\/product_tag?post=21962"}],"curies":[{"name":"wp","href":"https:\/\/api.w.org\/{rel}","templated":true}]}}