{"id":21954,"date":"2024-05-07T16:17:27","date_gmt":"2024-05-07T09:17:27","guid":{"rendered":"https:\/\/livinghome.vn\/thiet-bi\/?post_type=product&#038;p=21954"},"modified":"2024-11-29T14:18:44","modified_gmt":"2024-11-29T07:18:44","slug":"lo-nuong-am-tu-kaff-kf-bi901pu","status":"publish","type":"product","link":"https:\/\/livinghome.vn\/thiet-bi\/lo-nuong-am-tu-kaff-kf-bi901pu\/","title":{"rendered":"L\u00f2 N\u01b0\u1edbng \u00c2m T\u1ee7 Kaff KF-BI901PU"},"content":{"rendered":"<h4><strong>Th\u00f4ng tin s\u1ea3n ph\u1ea9m l\u00f2 n\u01b0\u1edbng\u00a0KAFF KF-BI901PU:<\/strong><\/h4>\n<div>\u2013 L\u00f2 n\u01b0\u1edbng \u00e2m t\u1ee7<\/div>\n<div>\u2013 Dung t\u00edch 73L<\/div>\n<div>\u2013 C\u1eeda k\u00ednh 3 l\u1edbp c\u00e1ch nhi\u1ec7t,k\u00ednh b\u00ean trong c\u00f3 th\u1ec3 th\u00e1o r\u1eddi<\/div>\n<div>\u2013 \u0110i\u1ec1u khi\u1ec3n n\u00fam v\u1eb7n c\u01a1 h\u1ecdc k\u00e8m c\u1ea3m \u1ee9ng<\/div>\n<div>\u2013 M\u00e0u b\u1ea3ng \u0111i\u1ec1u khi\u1ec3n Inox \u0111en<\/div>\n<div>\u2013 \u0110\u00e8n b\u00ean trong l\u00f2<\/div>\n<div>\u2013 \u0110\u1ed9 \u1ed3n qu\u1ea1t l\u00e0m m\u00e1t h\u01b0\u1edbng tr\u1ee5c 49,2 Hz<\/div>\n<div>\u2013 Ti\u00eau chu\u1ea9n ti\u1ebft ki\u1ec7m n\u0103ng l\u01b0\u1ee3ng ch\u00e2u \u00c2u A++<\/div>\n<div>\u2013 \u0110\u1ed9 \u1ed3n t\u1ed1i \u0111a 50 Hz<\/div>\n<div>\u2013 Ph\u1ee5 ki\u1ec7n k\u00e8m theo:1 v\u0129 , 1 khay, 1 xuy\u00ean quay n\u01b0\u1edbng<\/div>\n<h4>\u2013 T\u1ed5ng c\u00f4ng su\u1ea5t 3100 W<\/p>\n<p><img loading=\"lazy\" decoding=\"async\" class=\"alignnone size-full wp-image-21960\" src=\"https:\/\/livinghome.vn\/thiet-bi\/wp-content\/uploads\/2024\/05\/lo-nuong-am-tu-kaff-kf-bi901pu-2.jpg\" alt=\"\" width=\"1200\" height=\"1200\" title=\"\" srcset=\"https:\/\/livinghome.vn\/thiet-bi\/wp-content\/uploads\/2024\/05\/lo-nuong-am-tu-kaff-kf-bi901pu-2.jpg 1200w, https:\/\/livinghome.vn\/thiet-bi\/wp-content\/uploads\/2024\/05\/lo-nuong-am-tu-kaff-kf-bi901pu-2-400x400.jpg 400w, https:\/\/livinghome.vn\/thiet-bi\/wp-content\/uploads\/2024\/05\/lo-nuong-am-tu-kaff-kf-bi901pu-2-800x800.jpg 800w, https:\/\/livinghome.vn\/thiet-bi\/wp-content\/uploads\/2024\/05\/lo-nuong-am-tu-kaff-kf-bi901pu-2-280x280.jpg 280w, https:\/\/livinghome.vn\/thiet-bi\/wp-content\/uploads\/2024\/05\/lo-nuong-am-tu-kaff-kf-bi901pu-2-768x768.jpg 768w, https:\/\/livinghome.vn\/thiet-bi\/wp-content\/uploads\/2024\/05\/lo-nuong-am-tu-kaff-kf-bi901pu-2-300x300.jpg 300w, https:\/\/livinghome.vn\/thiet-bi\/wp-content\/uploads\/2024\/05\/lo-nuong-am-tu-kaff-kf-bi901pu-2-600x600.jpg 600w, https:\/\/livinghome.vn\/thiet-bi\/wp-content\/uploads\/2024\/05\/lo-nuong-am-tu-kaff-kf-bi901pu-2-100x100.jpg 100w\" sizes=\"auto, (max-width: 1200px) 100vw, 1200px\" \/><\/h4>\n<h4><strong>K\u00edch th\u01b0\u1edbc s\u1ea3n ph\u1ea9m:<\/strong><\/h4>\n<div>\u2013 K\u00edch th\u01b0\u1edbc m\u1eb7t k\u00ednh : 595C x 595R x 575Smm<\/div>\n<div>\u2013 K\u00edch th\u01b0\u1edbc kho\u00e9t \u0111\u00e1 : 600C x 560R x 595Smm<\/div>\n<h4><strong>Ch\u1ee9c n\u0103ng s\u1ea3n ph\u1ea9m:<\/strong><\/h4>\n<div>\n<div>\u2013 Ch\u1ee9c n\u0103ng n\u01b0\u1edbng t\u1ed1i l\u01b0u<\/div>\n<div>\u2013 Ch\u1ee9c n\u0103ng n\u01b0\u1edbng xuy\u00ean quay,gia nhi\u1ec7t tr\u00ean + qu\u1ea1t t\u1ed1i l\u01b0u<\/div>\n<div>\u2013 Ch\u1ee9c n\u0103ng r\u00e3 \u0111\u00f4ng<\/div>\n<div>\u2013 Ch\u1ee9c n\u0103ng n\u01b0\u1edbng qu\u1ea1t<\/div>\n<div>\u2013 Ch\u1ee9c n\u0103ng n\u01b0\u1edbng gia nhi\u1ec7t tr\u00ean<\/div>\n<div>\u2013 Ch\u1ee9c n\u0103ng n\u01b0\u1edbng gia nhi\u1ec7t d\u01b0\u1edbi<\/div>\n<div>\u2013 Ch\u1ee9c n\u0103ng v\u1ec7 sinh b\u1eb1ng nhi\u1ec7t(90O) VapClean<\/div>\n<h4><strong>Ch\u1ee9c n\u0103ng an to\u00e0n:<\/strong><\/h4>\n<div>\u2013 \u0110\u1ed3ng h\u1ed3 \u0111i\u1ec7n t\u1eed h\u1eb9n gi\u1edd<\/div>\n<div>\u2013 T\u1ef1 \u0111\u1ed9ng t\u1eaft khi kh\u00f4ng s\u1eed d\u1ee5ng<\/div>\n<div>\u2013 Kh\u00f3a an to\u00e0n t\u1ef1 \u0111\u1ed9ng kh\u00f3a trong 2 gi\u00e2y<\/div>\n<div>\u2013 Ti\u00eau chu\u1ea9n RoHS, CE\u2026<\/div>\n<\/div>\n","protected":false},"excerpt":{"rendered":"<p>\u2022 L\u00f2 n\u01b0\u1edbng \u00e2m t\u1ee7<br \/>\n\u2022 Dung t\u00edch 73L<br \/>\n\u2022 C\u1eeda k\u00ednh 3 l\u1edbp c\u00e1ch nhi\u1ec7t, k\u00ednh b\u00ean trong c\u00f3 th\u1ec3 th\u00e1o r\u1eddi<br \/>\n\u2022 \u0110i\u1ec1u khi\u1ec3n n\u00fam v\u1eb7n c\u01a1 h\u1ecdc k\u00e8m c\u1ea3m \u1ee9ng<br \/>\n\u2022 M\u00e0u b\u1ea3ng \u0111i\u1ec1u khi\u1ec3n Inox \u0111en<br \/>\n\u2022 \u0110\u00e8n b\u00ean trong l\u00f2<br \/>\n\u2022 \u0110\u1ed9 \u1ed3n qu\u1ea1t l\u00e0m m\u00e1t h\u01b0\u1edbng tr\u1ee5c 49,2 Hz<br \/>\nTi\u00eau chu\u1ea9n ti\u1ebft ki\u1ec7m n\u0103ng l\u01b0\u1ee3ng ch\u00e2u \u00c2u A++<br \/>\n\u2022 \u0110\u1ed9 \u1ed3n t\u1ed1i \u0111a 50 Hz<br \/>\n\u2022 Ph\u1ee5 ki\u1ec7n k\u00e8m theo: 1 v\u0129 , 1 khay, 1 xi\u00ean quay n\u01b0\u1edbng<br \/>\n\u2022 T\u1ed5ng c\u00f4ng su\u1ea5t 3100W<br \/>\n\u2022 \u0110\u1ed3ng h\u1ed3 \u0111i\u1ec7n t\u1eed h\u1eb9n gi\u1edd<br \/>\n\u2022 T\u1ef1 \u0111\u1ed9ng t\u1eaft khi kh\u00f4ng s\u1eed d\u1ee5ng<br \/>\n\u2022 Kh\u00f3a an to\u00e0n t\u1ef1 \u0111\u1ed9ng kh\u00f3a trong 2 gi\u00e2y<br \/>\n\u2022 Ti\u00eau chu\u1ea9n RoHS, CE&#8230;<br \/>\n\u2022 K\u00edch th\u01b0\u1edbc s\u1ea3n ph\u1ea9m: 595C x 595R x 575Smm<br \/>\n\u2022 K\u00edch th\u01b0\u1edbc kho\u00e9t \u0111\u00e1: 600C x 560R x 595Smm<\/p>\n","protected":false},"featured_media":21961,"comment_status":"open","ping_status":"closed","template":"","meta":[],"product_brand":[],"product_cat":[95,2026,71,164],"product_tag":[],"class_list":{"0":"post-21954","1":"product","2":"type-product","3":"status-publish","4":"has-post-thumbnail","6":"product_cat-lo-nuong","7":"product_cat-lo-nuong-kaff","8":"product_cat-thuong-hieu","9":"product_cat-thuong-hieu-kaff","11":"first","12":"instock","13":"sale","14":"shipping-taxable","15":"purchasable","16":"product-type-simple"},"_links":{"self":[{"href":"https:\/\/livinghome.vn\/thiet-bi\/wp-json\/wp\/v2\/product\/21954","targetHints":{"allow":["GET"]}}],"collection":[{"href":"https:\/\/livinghome.vn\/thiet-bi\/wp-json\/wp\/v2\/product"}],"about":[{"href":"https:\/\/livinghome.vn\/thiet-bi\/wp-json\/wp\/v2\/types\/product"}],"replies":[{"embeddable":true,"href":"https:\/\/livinghome.vn\/thiet-bi\/wp-json\/wp\/v2\/comments?post=21954"}],"wp:featuredmedia":[{"embeddable":true,"href":"https:\/\/livinghome.vn\/thiet-bi\/wp-json\/wp\/v2\/media\/21961"}],"wp:attachment":[{"href":"https:\/\/livinghome.vn\/thiet-bi\/wp-json\/wp\/v2\/media?parent=21954"}],"wp:term":[{"taxonomy":"product_brand","embeddable":true,"href":"https:\/\/livinghome.vn\/thiet-bi\/wp-json\/wp\/v2\/product_brand?post=21954"},{"taxonomy":"product_cat","embeddable":true,"href":"https:\/\/livinghome.vn\/thiet-bi\/wp-json\/wp\/v2\/product_cat?post=21954"},{"taxonomy":"product_tag","embeddable":true,"href":"https:\/\/livinghome.vn\/thiet-bi\/wp-json\/wp\/v2\/product_tag?post=21954"}],"curies":[{"name":"wp","href":"https:\/\/api.w.org\/{rel}","templated":true}]}}