{"id":21951,"date":"2024-05-07T16:12:25","date_gmt":"2024-05-07T09:12:25","guid":{"rendered":"https:\/\/livinghome.vn\/thiet-bi\/?post_type=product&#038;p=21951"},"modified":"2024-11-29T15:20:43","modified_gmt":"2024-11-29T08:20:43","slug":"may-bom-nhiet-stiebel-eltron-wwk-302-h-302l","status":"publish","type":"product","link":"https:\/\/livinghome.vn\/thiet-bi\/may-bom-nhiet-stiebel-eltron-wwk-302-h-302l\/","title":{"rendered":"M\u00e1y B\u01a1m Nhi\u1ec7t Stiebel Eltron WWK 302 H, 302L, N\u01b0\u1edbc N\u00f3ng Trung T\u00e2m"},"content":{"rendered":"<h2>Gi\u1edbi thi\u1ec7u m\u00e1y b\u01a1m nhi\u1ec7t t\u1ea1o n\u01b0\u1edbc n\u00f3ng Stiebel Eltron WWK 302 H<\/h2>\n<p><span style=\"font-weight: 400;\">M\u00e1y b\u01a1m nhi\u1ec7t t\u1ea1o n\u01b0\u1edbc n\u00f3ng WWK 302 H l\u00e0 m\u1ed9t gi\u1ea3i ph\u00e1p hi\u1ec7u qu\u1ea3 v\u00e0 ti\u1ebft ki\u1ec7m n\u0103ng l\u01b0\u1ee3ng cho vi\u1ec7c cung c\u1ea5p n\u01b0\u1edbc n\u00f3ng trong gia \u0111\u00ecnh ho\u1eb7c trong c\u00e1c \u1ee9ng d\u1ee5ng th\u01b0\u01a1ng m\u1ea1i. \u0110\u01b0\u1ee3c s\u1ea3n xu\u1ea5t b\u1edfi m\u1ed9t trong nh\u1eefng th\u01b0\u01a1ng hi\u1ec7u h\u00e0ng \u0111\u1ea7u trong l\u0129nh v\u1ef1c, m\u00e1y b\u01a1m nhi\u1ec7t WWK 302 H \u0111\u01b0\u1ee3c thi\u1ebft k\u1ebf \u0111\u1ec3 \u0111\u1ea3m b\u1ea3o hi\u1ec7u su\u1ea5t cao v\u00e0 \u0111\u00e1ng tin c\u1eady.<\/span><\/p>\n<h2><span style=\"font-weight: 400;\">\u0110\u1eb7c \u0111i\u1ec3m n\u1ed5i b\u1eadt<\/span><\/h2>\n<ul>\n<li><span style=\"font-weight: 400;\">M\u00e1y b\u01a1m nhi\u1ec7t-n\u01b0\u1edbc n\u00f3ng \u0111\u01b0\u1ee3c l\u1eafp \u0111\u1eb7t ngo\u00e0i tr\u1eddi<\/span><\/li>\n<li><span style=\"font-weight: 400;\">D\u00f2ng s\u1ea3n ph\u1ea9m nh\u1ecf g\u1ecdn cho ch\u1ebf \u0111\u1ed9 tu\u1ea7n ho\u00e0n<\/span><\/li>\n<li><span style=\"font-weight: 400;\">Nhi\u1ec7t \u0111\u1ed9 n\u01b0\u1edbc n\u00f3ng h\u1ee3p v\u1ec7 sinh c\u00f3 th\u1ec3 l\u00ean \u0111\u1ebfn 65 \u00b0C khi ch\u1ebf \u0111\u1ed9 b\u01a1m nhi\u1ec7t hi\u1ec7u qu\u1ea3<\/span><\/li>\n<li><span style=\"font-weight: 400;\">S\u1eed d\u1ee5ng nhi\u1ec7t m\u00f4i tr\u01b0\u1eddng \u0111\u1ec3 chu\u1ea9n b\u1ecb n\u01b0\u1edbc n\u00f3ng ti\u1ebft ki\u1ec7m n\u0103ng l\u01b0\u1ee3ng<\/span><\/li>\n<li><span style=\"font-weight: 400;\">An to\u00e0n t\u1ed1i \u0111a v\u00e0 ti\u1ebft ki\u1ec7m chi ph\u00ed nh\u1edd c\u1ef1c d\u01b0\u01a1ng d\u00f2ng \u0111i\u1ec7n ngo\u00e0i kh\u00f4ng c\u1ea7n b\u1ea3o tr\u00ec<\/span><\/li>\n<li><span style=\"font-weight: 400;\">Ho\u1ea1t \u0111\u1ed9ng r\u1ea5t \u00eam nh\u1edd b\u1ed9 t\u00e1ch \u00e2m hi\u1ec7n \u0111\u1ea1i<\/span><\/li>\n<li><span style=\"font-weight: 400;\">\u0110\u1ec3 cung c\u1ea5p cho m\u1ed9t ho\u1eb7c nhi\u1ec1u v\u1ecb tr\u00ed m\u1edf n\u01b0\u1edbc<\/span><\/li>\n<li><span style=\"font-weight: 400;\">Tu\u1ed5i th\u1ecd d\u00e0i v\u1edbi hi\u1ec7u su\u1ea5t cao k\u00e9o d\u00e0i nh\u1edd c\u00e1c b\u1ed9 trao \u0111\u1ed5i nhi\u1ec7t d\u1ea1ng cu\u1ed9n<\/span><\/li>\n<\/ul>\n<p><img loading=\"lazy\" decoding=\"async\" class=\"alignnone size-full wp-image-21955\" src=\"https:\/\/livinghome.vn\/thiet-bi\/wp-content\/uploads\/2024\/05\/may-bom-nhiet-stiebel-eltron-wwk-302-h-1.jpg\" alt=\"M\u00e1y B\u01a1m Nhi\u1ec7t T\u1ea1o N\u01b0\u1edbc N\u00f3ng WWK 302 H\" width=\"1200\" height=\"900\" title=\"\" srcset=\"https:\/\/livinghome.vn\/thiet-bi\/wp-content\/uploads\/2024\/05\/may-bom-nhiet-stiebel-eltron-wwk-302-h-1.jpg 1200w, https:\/\/livinghome.vn\/thiet-bi\/wp-content\/uploads\/2024\/05\/may-bom-nhiet-stiebel-eltron-wwk-302-h-1-533x400.jpg 533w, https:\/\/livinghome.vn\/thiet-bi\/wp-content\/uploads\/2024\/05\/may-bom-nhiet-stiebel-eltron-wwk-302-h-1-1067x800.jpg 1067w, https:\/\/livinghome.vn\/thiet-bi\/wp-content\/uploads\/2024\/05\/may-bom-nhiet-stiebel-eltron-wwk-302-h-1-768x576.jpg 768w, https:\/\/livinghome.vn\/thiet-bi\/wp-content\/uploads\/2024\/05\/may-bom-nhiet-stiebel-eltron-wwk-302-h-1-600x450.jpg 600w\" sizes=\"auto, (max-width: 1200px) 100vw, 1200px\" \/><\/p>\n<h2><span style=\"font-weight: 400;\">B\u1ea3ng th\u00f4ng s\u1ed1 k\u1ef9 thu\u1eadt<\/span><\/h2>\n<ul>\n<li><span style=\"font-weight: 400;\">H\u1ea1ng hi\u1ec7u su\u1ea5t n\u0103ng l\u01b0\u1ee3ng \u0111\u1ec3 chu\u1ea9n b\u1ecb n\u01b0\u1edbc n\u00f3ng (kh\u00f4ng kh\u00ed trong nh\u00e0), c\u1ea5u h\u00ecnh t\u1ea3i XL: A<\/span><\/li>\n<li><span style=\"font-weight: 400;\">C\u1ea5u h\u00ecnh t\u1ea3i tr\u1ecdng danh ngh\u0129a (EN16147): XL<\/span><\/li>\n<li><span style=\"font-weight: 400;\">H\u1ec7 s\u1ed1 hi\u1ec7u su\u1ea5t COP (EN 16147 \/ A20): 2,91<\/span><\/li>\n<li><span style=\"font-weight: 400;\">Nhi\u1ec7t \u0111\u1ed9 n\u01b0\u1edbc n\u00f3ng danh ngh\u0129a (EN 16147): 61 \u00b0C<\/span><\/li>\n<li><span style=\"font-weight: 400;\">L\u01b0\u1ee3ng n\u01b0\u1edbc n\u00f3ng danh ngh\u0129a c\u00f3 th\u1ec3 s\u1eed d\u1ee5ng t\u1ed1i \u0111a 40 \u00b0C (EN 16147 \/ A20): 457 l<\/span><\/li>\n<li><span style=\"font-weight: 400;\">Chi\u1ec1u cao x \u0111\u01b0\u1eddng k\u00ednh: 1905 x 690 mm<\/span><\/li>\n<li><span style=\"font-weight: 400;\">H\u00e0m l\u01b0\u1ee3ng danh ngh\u0129a: 302 l<\/span><\/li>\n<li><span style=\"font-weight: 400;\">L\u01b0\u1ee3ng n\u01b0\u1edbc h\u1ed7n h\u1ee3p t\u1ed1i \u0111a 40\u00b0C: 460 l<\/span><\/li>\n<li><span style=\"font-weight: 400;\">C\u00f4ng su\u1ea5t s\u01b0\u1edfi trung b\u00ecnh (A15 \/ W10-55): 1.6 kW<\/span><\/li>\n<li><span style=\"font-weight: 400;\">C\u00f4ng su\u1ea5t s\u01b0\u1edfi trung b\u00ecnh (A7 \/ W10-55): 1.2 kW<\/span><\/li>\n<li><span style=\"font-weight: 400;\">M\u1ee9c \u00e1p su\u1ea5t \u00e2m trung b\u00ecnh \u1edf kho\u1ea3ng c\u00e1ch tr\u01b0\u1eddng t\u1ef1 do 1 m: 45 dB(A)<\/span><\/li>\n<li><span style=\"font-weight: 400;\">M\u1ee9c c\u00f4ng su\u1ea5t \u00e2m thanh (EN 12102): 56 dB(A)<\/span><\/li>\n<li><span style=\"font-weight: 400;\">Ngu\u1ed3n nhi\u1ec7t gi\u1edbi h\u1ea1n \u1ee9ng d\u1ee5ng t\u1ed1i thi\u1ec3u \/ t\u1ed1i \u0111a: -5\/+42 \u00b0C<\/span><\/li>\n<li><span style=\"font-weight: 400;\">Nhi\u1ec7t \u0111\u1ed9 n\u01b0\u1edbc n\u00f3ng v\u1edbi m\u00e1y b\u01a1m nhi\u1ec7t t\u1ed1i \u0111a: 65 \u00b0C<\/span><\/li>\n<li><span style=\"font-weight: 400;\">Nhi\u1ec7t \u0111\u1ed9 n\u01b0\u1edbc n\u00f3ng v\u1edbi b\u01a1m nhi\u1ec7t t\u1ed1i thi\u1ec3u: 61 \u00b0C<\/span><\/li>\n<li><span style=\"font-weight: 400;\">K\u1ebft n\u1ed1i ngu\u1ed3n \u0111i\u1ec7n: 1\/N\/PE 220-240 V 50\/60 Hz<\/span><\/li>\n<li><span style=\"font-weight: 400;\">K\u1ebft n\u1ed1i van an to\u00e0n: Rp 3\/4<\/span><\/li>\n<\/ul>\n<p><img loading=\"lazy\" decoding=\"async\" class=\"alignnone size-full wp-image-21956\" src=\"https:\/\/livinghome.vn\/thiet-bi\/wp-content\/uploads\/2024\/05\/may-bom-nhiet-stiebel-eltron-wwk-302-h-4.jpg\" alt=\"M\u00e1y B\u01a1m Nhi\u1ec7t T\u1ea1o N\u01b0\u1edbc N\u00f3ng WWK 302 H\" width=\"1200\" height=\"900\" title=\"\" srcset=\"https:\/\/livinghome.vn\/thiet-bi\/wp-content\/uploads\/2024\/05\/may-bom-nhiet-stiebel-eltron-wwk-302-h-4.jpg 1200w, https:\/\/livinghome.vn\/thiet-bi\/wp-content\/uploads\/2024\/05\/may-bom-nhiet-stiebel-eltron-wwk-302-h-4-533x400.jpg 533w, https:\/\/livinghome.vn\/thiet-bi\/wp-content\/uploads\/2024\/05\/may-bom-nhiet-stiebel-eltron-wwk-302-h-4-1067x800.jpg 1067w, https:\/\/livinghome.vn\/thiet-bi\/wp-content\/uploads\/2024\/05\/may-bom-nhiet-stiebel-eltron-wwk-302-h-4-768x576.jpg 768w, https:\/\/livinghome.vn\/thiet-bi\/wp-content\/uploads\/2024\/05\/may-bom-nhiet-stiebel-eltron-wwk-302-h-4-600x450.jpg 600w\" sizes=\"auto, (max-width: 1200px) 100vw, 1200px\" \/><\/p>\n","protected":false},"excerpt":{"rendered":"<ul>\n<li><span style=\"font-weight: 400;\">C\u00f4ng su\u1ea5t s\u01b0\u1edfi trung b\u00ecnh (A15 \/ W10-55): 1.6 kW<\/span><\/li>\n<li><span style=\"font-weight: 400;\">C\u00f4ng su\u1ea5t s\u01b0\u1edfi trung b\u00ecnh (A7 \/ W10-55): 1.2 kW<\/span><\/li>\n<li><span style=\"font-weight: 400;\">M\u1ee9c \u00e1p su\u1ea5t \u00e2m trung b\u00ecnh \u1edf kho\u1ea3ng c\u00e1ch tr\u01b0\u1eddng t\u1ef1 do 1 m: 45 dB(A)<\/span><\/li>\n<li><span style=\"font-weight: 400;\">M\u1ee9c c\u00f4ng su\u1ea5t \u00e2m thanh (EN 12102): 56 dB(A)<\/span><\/li>\n<li><span style=\"font-weight: 400;\">M\u00e1y b\u01a1m nhi\u1ec7t-n\u01b0\u1edbc n\u00f3ng \u0111\u01b0\u1ee3c l\u1eafp \u0111\u1eb7t ngo\u00e0i tr\u1eddi<\/span><\/li>\n<li><span style=\"font-weight: 400;\">D\u00f2ng s\u1ea3n ph\u1ea9m nh\u1ecf g\u1ecdn cho ch\u1ebf \u0111\u1ed9 tu\u1ea7n ho\u00e0n<\/span><\/li>\n<li><span style=\"font-weight: 400;\">Nhi\u1ec7t \u0111\u1ed9 n\u01b0\u1edbc n\u00f3ng h\u1ee3p v\u1ec7 sinh c\u00f3 th\u1ec3 l\u00ean \u0111\u1ebfn 65 \u00b0C khi ch\u1ebf \u0111\u1ed9 b\u01a1m nhi\u1ec7t hi\u1ec7u qu\u1ea3<\/span><\/li>\n<li><span style=\"font-weight: 400;\">S\u1eed d\u1ee5ng nhi\u1ec7t m\u00f4i tr\u01b0\u1eddng \u0111\u1ec3 chu\u1ea9n b\u1ecb n\u01b0\u1edbc n\u00f3ng ti\u1ebft ki\u1ec7m n\u0103ng l\u01b0\u1ee3ng<\/span><\/li>\n<\/ul>\n","protected":false},"featured_media":21957,"comment_status":"open","ping_status":"closed","template":"","meta":[],"product_brand":[],"product_cat":[2029,2030,2027,2028,71,1937],"product_tag":[2031,2032,2033],"class_list":{"0":"post-21951","1":"product","2":"type-product","3":"status-publish","4":"has-post-thumbnail","6":"product_cat-may-bom-nhiet","7":"product_cat-may-bom-nhiet-stiebel-eltron","8":"product_cat-may-tao-nhiet","9":"product_cat-may-tao-nhiet-stiebel-eltron","10":"product_cat-thuong-hieu","11":"product_cat-thuong-hieu-stiebel-eltron","12":"product_tag-may-bom-nhiet","13":"product_tag-may-bom-nhiet-stiebel-eltron","14":"product_tag-may-tao-nhiet","16":"first","17":"instock","18":"sale","19":"shipping-taxable","20":"purchasable","21":"product-type-simple"},"_links":{"self":[{"href":"https:\/\/livinghome.vn\/thiet-bi\/wp-json\/wp\/v2\/product\/21951","targetHints":{"allow":["GET"]}}],"collection":[{"href":"https:\/\/livinghome.vn\/thiet-bi\/wp-json\/wp\/v2\/product"}],"about":[{"href":"https:\/\/livinghome.vn\/thiet-bi\/wp-json\/wp\/v2\/types\/product"}],"replies":[{"embeddable":true,"href":"https:\/\/livinghome.vn\/thiet-bi\/wp-json\/wp\/v2\/comments?post=21951"}],"wp:featuredmedia":[{"embeddable":true,"href":"https:\/\/livinghome.vn\/thiet-bi\/wp-json\/wp\/v2\/media\/21957"}],"wp:attachment":[{"href":"https:\/\/livinghome.vn\/thiet-bi\/wp-json\/wp\/v2\/media?parent=21951"}],"wp:term":[{"taxonomy":"product_brand","embeddable":true,"href":"https:\/\/livinghome.vn\/thiet-bi\/wp-json\/wp\/v2\/product_brand?post=21951"},{"taxonomy":"product_cat","embeddable":true,"href":"https:\/\/livinghome.vn\/thiet-bi\/wp-json\/wp\/v2\/product_cat?post=21951"},{"taxonomy":"product_tag","embeddable":true,"href":"https:\/\/livinghome.vn\/thiet-bi\/wp-json\/wp\/v2\/product_tag?post=21951"}],"curies":[{"name":"wp","href":"https:\/\/api.w.org\/{rel}","templated":true}]}}