{"id":21943,"date":"2024-05-07T16:04:51","date_gmt":"2024-05-07T09:04:51","guid":{"rendered":"https:\/\/livinghome.vn\/thiet-bi\/?post_type=product&#038;p=21943"},"modified":"2024-11-29T14:18:44","modified_gmt":"2024-11-29T07:18:44","slug":"may-hut-mui-kaff-kf-is1500b-lux","status":"publish","type":"product","link":"https:\/\/livinghome.vn\/thiet-bi\/may-hut-mui-kaff-kf-is1500b-lux\/","title":{"rendered":"M\u00e1y H\u00fat M\u00f9i Kaff KF-IS1500B LUX"},"content":{"rendered":"<h4><strong><img loading=\"lazy\" decoding=\"async\" class=\"size-full wp-image-21952 aligncenter\" src=\"https:\/\/livinghome.vn\/thiet-bi\/wp-content\/uploads\/2024\/05\/may-hut-mui-kaff-kf-is1500b-lux-1-n.jpg\" alt=\"\" width=\"800\" height=\"800\" title=\"\" srcset=\"https:\/\/livinghome.vn\/thiet-bi\/wp-content\/uploads\/2024\/05\/may-hut-mui-kaff-kf-is1500b-lux-1-n.jpg 800w, https:\/\/livinghome.vn\/thiet-bi\/wp-content\/uploads\/2024\/05\/may-hut-mui-kaff-kf-is1500b-lux-1-n-400x400.jpg 400w, https:\/\/livinghome.vn\/thiet-bi\/wp-content\/uploads\/2024\/05\/may-hut-mui-kaff-kf-is1500b-lux-1-n-280x280.jpg 280w, https:\/\/livinghome.vn\/thiet-bi\/wp-content\/uploads\/2024\/05\/may-hut-mui-kaff-kf-is1500b-lux-1-n-768x768.jpg 768w, https:\/\/livinghome.vn\/thiet-bi\/wp-content\/uploads\/2024\/05\/may-hut-mui-kaff-kf-is1500b-lux-1-n-300x300.jpg 300w, https:\/\/livinghome.vn\/thiet-bi\/wp-content\/uploads\/2024\/05\/may-hut-mui-kaff-kf-is1500b-lux-1-n-600x600.jpg 600w, https:\/\/livinghome.vn\/thiet-bi\/wp-content\/uploads\/2024\/05\/may-hut-mui-kaff-kf-is1500b-lux-1-n-100x100.jpg 100w\" sizes=\"auto, (max-width: 800px) 100vw, 800px\" \/><br \/>\nChi ti\u1ebft s\u1ea3n ph\u1ea9m<\/strong><\/h4>\n<p>\u2022 M\u00e1y h\u00fat m\u00f9i k\u00ednh toa treo \u0111\u1ed9c l\u1eadp<br \/>\n\u2022 Th\u00e2n m\u00e1y b\u1eb1ng inox s\u00e1ng \u0111\u1eb9p<br \/>\n\u2022 \u0110i\u1ec1u khi\u1ec3n ph\u00edm b\u1ea5m 3 t\u1ed1c \u0111\u1ed9<br \/>\n\u2022 L\u01b0\u1edbi l\u1ecdc inox + than ho\u1ea1t t\u00ednh<br \/>\n\u2022 \u0110\u00e8n led 4x4W<br \/>\n\u2022 Motor 1x170W<br \/>\n\u2022 C\u00f4ng su\u1ea5t h\u00fat t\u1ed1i \u0111a 1200m\u00b3\/h<br \/>\n\u2022 \u0110\u1ed9 \u1ed3n maximum 48 dB<br \/>\n\u2022 \u1ed0ng tho\u00e1t D150 + 2m \u1ed1ng m\u1ec1m k\u00e8m theo<br \/>\n\u2022 2 \u1ed0p \u1ed1ng kh\u00f3i inox 589x325x325 mm<br \/>\n\u2022 K\u00edch th\u01b0\u1edbc s\u1ea3n ph\u1ea9m 1500x60x589x325 mm<\/p>\n<p><img loading=\"lazy\" decoding=\"async\" class=\"alignnone size-full wp-image-21953\" src=\"https:\/\/livinghome.vn\/thiet-bi\/wp-content\/uploads\/2024\/05\/may-hut-mui-kaff-kf-is1500b-lux-2.jpg\" alt=\"\" width=\"1200\" height=\"1104\" title=\"\" srcset=\"https:\/\/livinghome.vn\/thiet-bi\/wp-content\/uploads\/2024\/05\/may-hut-mui-kaff-kf-is1500b-lux-2.jpg 1200w, https:\/\/livinghome.vn\/thiet-bi\/wp-content\/uploads\/2024\/05\/may-hut-mui-kaff-kf-is1500b-lux-2-435x400.jpg 435w, https:\/\/livinghome.vn\/thiet-bi\/wp-content\/uploads\/2024\/05\/may-hut-mui-kaff-kf-is1500b-lux-2-870x800.jpg 870w, https:\/\/livinghome.vn\/thiet-bi\/wp-content\/uploads\/2024\/05\/may-hut-mui-kaff-kf-is1500b-lux-2-768x707.jpg 768w, https:\/\/livinghome.vn\/thiet-bi\/wp-content\/uploads\/2024\/05\/may-hut-mui-kaff-kf-is1500b-lux-2-600x552.jpg 600w\" sizes=\"auto, (max-width: 1200px) 100vw, 1200px\" \/><\/p>\n","protected":false},"excerpt":{"rendered":"<p>Th\u00e2n m\u00e1y m\u00e0u \u0111en<\/p>\n<p>\u0110i\u1ec1u khi\u1ec3n ph\u00edm b\u1ea5m 3 t\u1ed1c \u0111\u1ed9<\/p>\n<p>L\u01b0\u1edbi l\u1ecdc inox + than ho\u1ea1t t\u00ednh<\/p>\n<p>\u0110\u00e8n led 4x4W<\/p>\n<p>Motor 1x170W<\/p>\n<p>C\u00f4ng su\u1ea5t h\u00fat t\u1ed1i \u0111a 1200m\u00b3\/h<\/p>\n<p>\u0110\u1ed9 \u1ed3n maximum 48 dB<\/p>\n<p>\u1ed0ng tho\u00e1t D150 + 2m \u1ed1ng m\u1ec1m k\u00e8m theo<\/p>\n<p>2 \u1ed0p \u1ed1ng kh\u00f3i inox 589x325x325 mm<\/p>\n","protected":false},"featured_media":21952,"comment_status":"open","ping_status":"closed","template":"","meta":[],"product_brand":[],"product_cat":[84,600,71,164],"product_tag":[],"class_list":{"0":"post-21943","1":"product","2":"type-product","3":"status-publish","4":"has-post-thumbnail","6":"product_cat-may-hut-mui","7":"product_cat-may-hut-mui-kaff","8":"product_cat-thuong-hieu","9":"product_cat-thuong-hieu-kaff","11":"first","12":"instock","13":"sale","14":"shipping-taxable","15":"purchasable","16":"product-type-simple"},"_links":{"self":[{"href":"https:\/\/livinghome.vn\/thiet-bi\/wp-json\/wp\/v2\/product\/21943","targetHints":{"allow":["GET"]}}],"collection":[{"href":"https:\/\/livinghome.vn\/thiet-bi\/wp-json\/wp\/v2\/product"}],"about":[{"href":"https:\/\/livinghome.vn\/thiet-bi\/wp-json\/wp\/v2\/types\/product"}],"replies":[{"embeddable":true,"href":"https:\/\/livinghome.vn\/thiet-bi\/wp-json\/wp\/v2\/comments?post=21943"}],"wp:featuredmedia":[{"embeddable":true,"href":"https:\/\/livinghome.vn\/thiet-bi\/wp-json\/wp\/v2\/media\/21952"}],"wp:attachment":[{"href":"https:\/\/livinghome.vn\/thiet-bi\/wp-json\/wp\/v2\/media?parent=21943"}],"wp:term":[{"taxonomy":"product_brand","embeddable":true,"href":"https:\/\/livinghome.vn\/thiet-bi\/wp-json\/wp\/v2\/product_brand?post=21943"},{"taxonomy":"product_cat","embeddable":true,"href":"https:\/\/livinghome.vn\/thiet-bi\/wp-json\/wp\/v2\/product_cat?post=21943"},{"taxonomy":"product_tag","embeddable":true,"href":"https:\/\/livinghome.vn\/thiet-bi\/wp-json\/wp\/v2\/product_tag?post=21943"}],"curies":[{"name":"wp","href":"https:\/\/api.w.org\/{rel}","templated":true}]}}