{"id":21938,"date":"2024-05-07T15:56:35","date_gmt":"2024-05-07T08:56:35","guid":{"rendered":"https:\/\/livinghome.vn\/thiet-bi\/?post_type=product&#038;p=21938"},"modified":"2024-11-29T14:18:44","modified_gmt":"2024-11-29T07:18:44","slug":"bo-ke-up-bat-dia-malloca-mna-0033","status":"publish","type":"product","link":"https:\/\/livinghome.vn\/thiet-bi\/bo-ke-up-bat-dia-malloca-mna-0033\/","title":{"rendered":"B\u1ed9 K\u1ec7 \u00dap B\u00e1t \u0110\u0129a Malloca MNA-0033"},"content":{"rendered":"<h2>B\u1ed9 K\u1ec7 \u00dap B\u00e1t \u0110\u0129a Malloca MNA-0033<\/h2>\n<figure id=\"attachment_21945\" aria-describedby=\"caption-attachment-21945\" style=\"width: 900px\" class=\"wp-caption aligncenter\"><img loading=\"lazy\" decoding=\"async\" class=\"size-full wp-image-21945\" src=\"https:\/\/livinghome.vn\/thiet-bi\/wp-content\/uploads\/2024\/05\/bo-ke-up-bat-dia-malloca-mna-0033-2.jpg\" alt=\"B\u1ed9 K\u1ec7 \u00dap B\u00e1t \u0110\u0129a Malloca MNA-0033\" width=\"900\" height=\"900\" title=\"\" srcset=\"https:\/\/livinghome.vn\/thiet-bi\/wp-content\/uploads\/2024\/05\/bo-ke-up-bat-dia-malloca-mna-0033-2.jpg 900w, https:\/\/livinghome.vn\/thiet-bi\/wp-content\/uploads\/2024\/05\/bo-ke-up-bat-dia-malloca-mna-0033-2-400x400.jpg 400w, https:\/\/livinghome.vn\/thiet-bi\/wp-content\/uploads\/2024\/05\/bo-ke-up-bat-dia-malloca-mna-0033-2-800x800.jpg 800w, https:\/\/livinghome.vn\/thiet-bi\/wp-content\/uploads\/2024\/05\/bo-ke-up-bat-dia-malloca-mna-0033-2-280x280.jpg 280w, https:\/\/livinghome.vn\/thiet-bi\/wp-content\/uploads\/2024\/05\/bo-ke-up-bat-dia-malloca-mna-0033-2-768x768.jpg 768w, https:\/\/livinghome.vn\/thiet-bi\/wp-content\/uploads\/2024\/05\/bo-ke-up-bat-dia-malloca-mna-0033-2-300x300.jpg 300w, https:\/\/livinghome.vn\/thiet-bi\/wp-content\/uploads\/2024\/05\/bo-ke-up-bat-dia-malloca-mna-0033-2-600x600.jpg 600w, https:\/\/livinghome.vn\/thiet-bi\/wp-content\/uploads\/2024\/05\/bo-ke-up-bat-dia-malloca-mna-0033-2-100x100.jpg 100w\" sizes=\"auto, (max-width: 900px) 100vw, 900px\" \/><figcaption id=\"caption-attachment-21945\" class=\"wp-caption-text\">B\u1ed9 K\u1ec7 \u00dap B\u00e1t \u0110\u0129a Malloca MNA-0033<\/figcaption><\/figure>\n<h3>T\u00ednh n\u0103ng c\u01a1 b\u1ea3n<\/h3>\n<p>B\u1ed9 k\u1ec7 \u00fap ch\u00e9n \u0111\u0129a<\/p>\n<p>Ch\u1ea5t li\u1ec7u:<\/p>\n<ul>\n<li>Gi\u00e1 \u0111\u1ec3 \u0111\u0129a: b\u1eb1ng s\u1eaft s\u01a1n m\u00e0u ch\u1ed1ng g\u1ec9<\/li>\n<li>T\u1ea5m l\u00f3t: silicone, c\u00f3 c\u00e1c \u0111\u01b0\u1eddng g\u1edd nh\u00f4 cao \u0111\u1ec3 tho\u00e1t n\u01b0\u1edbc<\/li>\n<\/ul>\n<p>Gi\u00e1 b\u00e1t \u0111\u0129a ch\u1ee9a t\u1ed1i \u0111a 8 \u0111\u0129a; c\u00f3 kh\u1ea3 n\u0103ng ch\u1ed1ng n\u01b0\u1edbc<\/p>\n<p>T\u1ea5m l\u00f3t kh\u00f4ng d\u00ednh v\u00e0 d\u1ec5 l\u00e0m s\u1ea1ch; linh ho\u1ea1t \u0111\u1ec3 cu\u1ed9n v\u00e0 c\u1ea5t gi\u1eef<\/p>\n<p>Ti\u1ebft ki\u1ec7m kh\u00f4ng gian v\u00e0 hi\u1ec7u qu\u1ea3<\/p>\n<p>\u0110a d\u1ee5ng v\u00e0 ch\u1eafc ch\u1eafn<\/p>\n<figure id=\"attachment_21948\" aria-describedby=\"caption-attachment-21948\" style=\"width: 900px\" class=\"wp-caption aligncenter\"><img loading=\"lazy\" decoding=\"async\" class=\"size-full wp-image-21948\" src=\"https:\/\/livinghome.vn\/thiet-bi\/wp-content\/uploads\/2024\/05\/bo-ke-up-bat-dia-malloca-mna-0033-5.jpg\" alt=\"B\u1ed9 K\u1ec7 \u00dap B\u00e1t \u0110\u0129a Malloca MNA-0033\" width=\"900\" height=\"900\" title=\"\" srcset=\"https:\/\/livinghome.vn\/thiet-bi\/wp-content\/uploads\/2024\/05\/bo-ke-up-bat-dia-malloca-mna-0033-5.jpg 900w, https:\/\/livinghome.vn\/thiet-bi\/wp-content\/uploads\/2024\/05\/bo-ke-up-bat-dia-malloca-mna-0033-5-400x400.jpg 400w, https:\/\/livinghome.vn\/thiet-bi\/wp-content\/uploads\/2024\/05\/bo-ke-up-bat-dia-malloca-mna-0033-5-800x800.jpg 800w, https:\/\/livinghome.vn\/thiet-bi\/wp-content\/uploads\/2024\/05\/bo-ke-up-bat-dia-malloca-mna-0033-5-280x280.jpg 280w, https:\/\/livinghome.vn\/thiet-bi\/wp-content\/uploads\/2024\/05\/bo-ke-up-bat-dia-malloca-mna-0033-5-768x768.jpg 768w, https:\/\/livinghome.vn\/thiet-bi\/wp-content\/uploads\/2024\/05\/bo-ke-up-bat-dia-malloca-mna-0033-5-300x300.jpg 300w, https:\/\/livinghome.vn\/thiet-bi\/wp-content\/uploads\/2024\/05\/bo-ke-up-bat-dia-malloca-mna-0033-5-600x600.jpg 600w, https:\/\/livinghome.vn\/thiet-bi\/wp-content\/uploads\/2024\/05\/bo-ke-up-bat-dia-malloca-mna-0033-5-100x100.jpg 100w\" sizes=\"auto, (max-width: 900px) 100vw, 900px\" \/><figcaption id=\"caption-attachment-21948\" class=\"wp-caption-text\">B\u1ed9 K\u1ec7 \u00dap B\u00e1t \u0110\u0129a Malloca MNA-0033<\/figcaption><\/figure>\n<h3>Xu\u1ea5t x\u1ee9: Trung Qu\u1ed1c (theo b\u1ea3n quy\u1ec1n Malloca)<\/h3>\n","protected":false},"excerpt":{"rendered":"<h2>B\u1ed9 K\u1ec7 \u00dap B\u00e1t \u0110\u0129a Malloca MNA-0033<\/h2>\n<ul>\n<li>Gi\u00e1 \u0111\u1ec3 d\u0129a<br \/>\nTh\u1ea3m silicone \u00fap ch\u00e9n d\u0129a<\/li>\n<\/ul>\n","protected":false},"featured_media":21944,"comment_status":"open","ping_status":"closed","template":"","meta":[],"product_brand":[],"product_cat":[78,262],"product_tag":[2022],"class_list":{"0":"post-21938","1":"product","2":"type-product","3":"status-publish","4":"has-post-thumbnail","6":"product_cat-dung-cu-nha-bep","7":"product_cat-thuong-hieu-malloca","8":"product_tag-thuong-hieu-malloca","10":"first","11":"instock","12":"sale","13":"shipping-taxable","14":"purchasable","15":"product-type-simple"},"_links":{"self":[{"href":"https:\/\/livinghome.vn\/thiet-bi\/wp-json\/wp\/v2\/product\/21938","targetHints":{"allow":["GET"]}}],"collection":[{"href":"https:\/\/livinghome.vn\/thiet-bi\/wp-json\/wp\/v2\/product"}],"about":[{"href":"https:\/\/livinghome.vn\/thiet-bi\/wp-json\/wp\/v2\/types\/product"}],"replies":[{"embeddable":true,"href":"https:\/\/livinghome.vn\/thiet-bi\/wp-json\/wp\/v2\/comments?post=21938"}],"wp:featuredmedia":[{"embeddable":true,"href":"https:\/\/livinghome.vn\/thiet-bi\/wp-json\/wp\/v2\/media\/21944"}],"wp:attachment":[{"href":"https:\/\/livinghome.vn\/thiet-bi\/wp-json\/wp\/v2\/media?parent=21938"}],"wp:term":[{"taxonomy":"product_brand","embeddable":true,"href":"https:\/\/livinghome.vn\/thiet-bi\/wp-json\/wp\/v2\/product_brand?post=21938"},{"taxonomy":"product_cat","embeddable":true,"href":"https:\/\/livinghome.vn\/thiet-bi\/wp-json\/wp\/v2\/product_cat?post=21938"},{"taxonomy":"product_tag","embeddable":true,"href":"https:\/\/livinghome.vn\/thiet-bi\/wp-json\/wp\/v2\/product_tag?post=21938"}],"curies":[{"name":"wp","href":"https:\/\/api.w.org\/{rel}","templated":true}]}}