{"id":21931,"date":"2024-05-07T15:40:05","date_gmt":"2024-05-07T08:40:05","guid":{"rendered":"https:\/\/livinghome.vn\/thiet-bi\/?post_type=product&#038;p=21931"},"modified":"2024-11-29T14:18:44","modified_gmt":"2024-11-29T07:18:44","slug":"bo-do-dung-nha-bep-malloca-mja-1495","status":"publish","type":"product","link":"https:\/\/livinghome.vn\/thiet-bi\/bo-do-dung-nha-bep-malloca-mja-1495\/","title":{"rendered":"B\u1ed9 \u0110\u1ed3 D\u00f9ng Nh\u00e0 B\u1ebfp Malloca MJA-1495"},"content":{"rendered":"<h2>B\u1ed9 \u0110\u1ed3 D\u00f9ng Nh\u00e0 B\u1ebfp Malloca MJA-1495<\/h2>\n<figure id=\"attachment_21935\" aria-describedby=\"caption-attachment-21935\" style=\"width: 900px\" class=\"wp-caption aligncenter\"><img loading=\"lazy\" decoding=\"async\" class=\"size-full wp-image-21935\" src=\"https:\/\/livinghome.vn\/thiet-bi\/wp-content\/uploads\/2024\/05\/bo-do-dung-nha-bep-malloca-mja-1495-2.jpg\" alt=\"B\u1ed9 \u0110\u1ed3 D\u00f9ng Nh\u00e0 B\u1ebfp Malloca MJA-1495\" width=\"900\" height=\"900\" title=\"\" srcset=\"https:\/\/livinghome.vn\/thiet-bi\/wp-content\/uploads\/2024\/05\/bo-do-dung-nha-bep-malloca-mja-1495-2.jpg 900w, https:\/\/livinghome.vn\/thiet-bi\/wp-content\/uploads\/2024\/05\/bo-do-dung-nha-bep-malloca-mja-1495-2-400x400.jpg 400w, https:\/\/livinghome.vn\/thiet-bi\/wp-content\/uploads\/2024\/05\/bo-do-dung-nha-bep-malloca-mja-1495-2-800x800.jpg 800w, https:\/\/livinghome.vn\/thiet-bi\/wp-content\/uploads\/2024\/05\/bo-do-dung-nha-bep-malloca-mja-1495-2-280x280.jpg 280w, https:\/\/livinghome.vn\/thiet-bi\/wp-content\/uploads\/2024\/05\/bo-do-dung-nha-bep-malloca-mja-1495-2-768x768.jpg 768w, https:\/\/livinghome.vn\/thiet-bi\/wp-content\/uploads\/2024\/05\/bo-do-dung-nha-bep-malloca-mja-1495-2-300x300.jpg 300w, https:\/\/livinghome.vn\/thiet-bi\/wp-content\/uploads\/2024\/05\/bo-do-dung-nha-bep-malloca-mja-1495-2-600x600.jpg 600w, https:\/\/livinghome.vn\/thiet-bi\/wp-content\/uploads\/2024\/05\/bo-do-dung-nha-bep-malloca-mja-1495-2-100x100.jpg 100w\" sizes=\"auto, (max-width: 900px) 100vw, 900px\" \/><figcaption id=\"caption-attachment-21935\" class=\"wp-caption-text\">B\u1ed9 \u0110\u1ed3 D\u00f9ng Nh\u00e0 B\u1ebfp Malloca MJA-1495<\/figcaption><\/figure>\n<h3>T\u00ednh n\u0103ng c\u01a1 b\u1ea3n<\/h3>\n<p>B\u1ed9 \u0111\u1ed3 d\u00f9ng nh\u00e0 b\u1ebfp<\/p>\n<p>Bao g\u1ed3m: 01 mu\u1ed7ng, 01 x\u1ebbng l\u1eadt x\u00fac th\u1ee9c \u0103n, 01 d\u1ee5ng c\u1ee5 g\u1eafp m\u00ec, 01 mu\u1ed7ng r\u00e2y l\u1ecdc th\u1ee9c \u0103n, 01 v\u00e1 m\u00fac canh v\u00e0 01 tr\u1ee5c xoay g\u1eafn b\u1ed9 \u0111\u1ed3 d\u00f9ng.<\/p>\n<p>Ch\u1ea5t li\u1ec7u: Nh\u1ef1a PP v\u00e0 s\u1ee3i th\u1ee7y tinh cao c\u1ea5p<\/p>\n<p>\u0110\u1ea7u d\u1ee5ng c\u1ee5 n\u1ea5u \u0103n ch\u1ed1ng d\u00ednh<\/p>\n<p>Tay c\u1ea7m n\u1eafm tho\u1ea3i m\u00e1i, kh\u00f4ng b\u1ecb tr\u01b0\u1ee3t<\/p>\n<p>C\u00f3 th\u00e0nh ph\u1ea7n s\u1ee3i th\u1ee7y thinh t\u0103ng \u0111\u1ed9 b\u1ec1n s\u1ea3n ph\u1ea9m<\/p>\n<p>Ch\u1ecbu nhi\u1ec7t \u0111\u1ebfn 210 \u00b0 C \/ 410 \u00b0 F<\/p>\n<h3>Xu\u1ea5t x\u1ee9: Trung Qu\u1ed1c (theo b\u1ea3n quy\u1ec1n Malloca)<\/h3>\n","protected":false},"excerpt":{"rendered":"<h2>B\u1ed9 \u0110\u1ed3 D\u00f9ng Nh\u00e0 B\u1ebfp Malloca MJA-1495<\/h2>\n<ul>\n<li>B\u1ed9 \u0111\u1ed3 d\u00f9ng nh\u00e0 b\u1ebfp 5 m\u00f3n<\/li>\n<li>Ch\u1ecbu nhi\u1ec7t \u0111\u1ebfn 210 \u00b0 C \/ 410 \u00b0 F<\/li>\n<\/ul>\n<p>&nbsp;<\/p>\n","protected":false},"featured_media":21936,"comment_status":"open","ping_status":"closed","template":"","meta":[],"product_brand":[],"product_cat":[78,262],"product_tag":[2022],"class_list":{"0":"post-21931","1":"product","2":"type-product","3":"status-publish","4":"has-post-thumbnail","6":"product_cat-dung-cu-nha-bep","7":"product_cat-thuong-hieu-malloca","8":"product_tag-thuong-hieu-malloca","10":"first","11":"instock","12":"sale","13":"shipping-taxable","14":"purchasable","15":"product-type-simple"},"_links":{"self":[{"href":"https:\/\/livinghome.vn\/thiet-bi\/wp-json\/wp\/v2\/product\/21931","targetHints":{"allow":["GET"]}}],"collection":[{"href":"https:\/\/livinghome.vn\/thiet-bi\/wp-json\/wp\/v2\/product"}],"about":[{"href":"https:\/\/livinghome.vn\/thiet-bi\/wp-json\/wp\/v2\/types\/product"}],"replies":[{"embeddable":true,"href":"https:\/\/livinghome.vn\/thiet-bi\/wp-json\/wp\/v2\/comments?post=21931"}],"wp:featuredmedia":[{"embeddable":true,"href":"https:\/\/livinghome.vn\/thiet-bi\/wp-json\/wp\/v2\/media\/21936"}],"wp:attachment":[{"href":"https:\/\/livinghome.vn\/thiet-bi\/wp-json\/wp\/v2\/media?parent=21931"}],"wp:term":[{"taxonomy":"product_brand","embeddable":true,"href":"https:\/\/livinghome.vn\/thiet-bi\/wp-json\/wp\/v2\/product_brand?post=21931"},{"taxonomy":"product_cat","embeddable":true,"href":"https:\/\/livinghome.vn\/thiet-bi\/wp-json\/wp\/v2\/product_cat?post=21931"},{"taxonomy":"product_tag","embeddable":true,"href":"https:\/\/livinghome.vn\/thiet-bi\/wp-json\/wp\/v2\/product_tag?post=21931"}],"curies":[{"name":"wp","href":"https:\/\/api.w.org\/{rel}","templated":true}]}}