{"id":21930,"date":"2024-05-07T15:37:40","date_gmt":"2024-05-07T08:37:40","guid":{"rendered":"https:\/\/livinghome.vn\/thiet-bi\/?post_type=product&#038;p=21930"},"modified":"2024-11-29T14:18:44","modified_gmt":"2024-11-29T07:18:44","slug":"may-hut-mui-kaff-kf-verti-70whi","status":"publish","type":"product","link":"https:\/\/livinghome.vn\/thiet-bi\/may-hut-mui-kaff-kf-verti-70whi\/","title":{"rendered":"M\u00e1y H\u00fat M\u00f9i Kaff KF-VERTI 70WHI"},"content":{"rendered":"<p>M\u00e1y h\u00fat m\u00f9i \u00e2m t\u1ee7 <strong>Kaff KF \u2013 VERTI 700WHI<\/strong> l\u00e0 d\u00f2ng m\u00e1y h\u00fat m\u00f9i hi\u1ec7n \u0111\u1ea1i v\u1edbi c\u00f4ng ngh\u1ec7 \u0110\u1ee9c, s\u1edf h\u1eefu c\u00f4ng su\u1ea5t h\u00fat m\u1ea1nh m\u1ebd 1000m3\/h, ki\u1ec3u d\u00e1ng sang tr\u1ecdng, hi\u1ec7n \u0111\u1ea1i. M\u00e1y k\u1ebft h\u1ee3p hai ph\u01b0\u01a1ng th\u1ee9c h\u00fat kh\u1eed m\u00f9i hi\u1ec7u qu\u1ea3: h\u00fat th\u1ea3i qua \u0111\u01b0\u1eddng \u1ed1ng tho\u00e1t v\u00e0 h\u00fat kh\u1eed m\u00f9i b\u1eb1ng than ho\u1ea1t t\u00ednh. L\u01b0\u1edbi l\u1ecdc d\u1ec5 d\u00e0ng th\u00e1o r\u1eddi, ch\u1ea5t li\u1ec7u inox nh\u00f4m cao c\u1ea5p, kh\u00f4ng g\u1ec9. \u0110i\u1ec1u khi\u1ec3n c\u1ea3m \u1ee9ng v\u1edbi 9 m\u1ee9c c\u00f4ng su\u1ea5t h\u00fat linh ho\u1ea1t. M\u00e1y l\u00e0 l\u1ef1a ch\u1ecdn ho\u00e0n h\u1ea3o cho kh\u00f4ng gian b\u1ebfp hi\u1ec7n \u0111\u1ea1i.<\/p>\n<p><img loading=\"lazy\" decoding=\"async\" class=\"size-full wp-image-21933 aligncenter\" src=\"https:\/\/livinghome.vn\/thiet-bi\/wp-content\/uploads\/2024\/05\/may-hut-mui-kaff-kf-verti-700whi-1.jpg\" alt=\"\" width=\"800\" height=\"800\" title=\"\" srcset=\"https:\/\/livinghome.vn\/thiet-bi\/wp-content\/uploads\/2024\/05\/may-hut-mui-kaff-kf-verti-700whi-1.jpg 800w, https:\/\/livinghome.vn\/thiet-bi\/wp-content\/uploads\/2024\/05\/may-hut-mui-kaff-kf-verti-700whi-1-400x400.jpg 400w, https:\/\/livinghome.vn\/thiet-bi\/wp-content\/uploads\/2024\/05\/may-hut-mui-kaff-kf-verti-700whi-1-280x280.jpg 280w, https:\/\/livinghome.vn\/thiet-bi\/wp-content\/uploads\/2024\/05\/may-hut-mui-kaff-kf-verti-700whi-1-768x768.jpg 768w, https:\/\/livinghome.vn\/thiet-bi\/wp-content\/uploads\/2024\/05\/may-hut-mui-kaff-kf-verti-700whi-1-300x300.jpg 300w, https:\/\/livinghome.vn\/thiet-bi\/wp-content\/uploads\/2024\/05\/may-hut-mui-kaff-kf-verti-700whi-1-600x600.jpg 600w, https:\/\/livinghome.vn\/thiet-bi\/wp-content\/uploads\/2024\/05\/may-hut-mui-kaff-kf-verti-700whi-1-100x100.jpg 100w\" sizes=\"auto, (max-width: 800px) 100vw, 800px\" \/><\/p>\n<h4><strong>Th\u00f4ng s\u1ed1 k\u1ef9 thu\u1eadt:<\/strong><\/h4>\n<ul>\n<li>M\u00e1y h\u00fat m\u00f9i d\u1ea1ng tivi VERTICAL si\u00eau m\u1ecfng \u1ed1p t\u01b0\u1eddng KAFF KF-VERTI 700WHIT<\/li>\n<li>\u0110i\u1ec1u khi\u1ec3n c\u1ea3m \u1ee9ng\u00a0 c\u1ea5p \u0111\u1ed9<\/li>\n<li>Th\u00e2n m\u00e1y b\u1eb1ng s\u01a1n t\u0129nh \u0111i\u1ec7n ph\u1ed1i k\u00ednh c\u01b0\u1eddng l\u1ef1c sang tr\u1ecdng<\/li>\n<li>L\u01b0\u1edbi l\u1ecdc nh\u00f4m 3 l\u1edbp + than ho\u1ea1t t\u00ednh<\/li>\n<li>\u0110\u00e8n led 2x2W<\/li>\n<li>\u0110\u1ed9ng c\u01a1 1x80W kh\u00f4ng ch\u1ed5i than BLDC 9 c\u1ea5p \u0111\u1ed9 si\u00eau ti\u1ebft ki\u1ec7m<\/li>\n<li>C\u00f4ng su\u1ea5t h\u00fat t\u1ed1i \u0111a 1000m3\/h<\/li>\n<li>\u0110\u1ed9 \u1ed3n t\u1ed1i \u0111a 48-54Db<\/li>\n<li>\u1ed0ng kh\u00f3i 2x400mm<\/li>\n<li>\u1ed0ng tho\u00e1t \u0111\u01b0\u1eddng k\u00ednh 150mmx2m<\/li>\n<li>K\u00edch th\u01b0\u1edbc: 460x210x695mm<\/li>\n<\/ul>\n<p><img loading=\"lazy\" decoding=\"async\" class=\"alignnone size-full wp-image-21932\" src=\"https:\/\/livinghome.vn\/thiet-bi\/wp-content\/uploads\/2024\/05\/may-hut-mui-kaff-kf-verti-700whi-2.jpg\" alt=\"\" width=\"1200\" height=\"637\" title=\"\" srcset=\"https:\/\/livinghome.vn\/thiet-bi\/wp-content\/uploads\/2024\/05\/may-hut-mui-kaff-kf-verti-700whi-2.jpg 1200w, https:\/\/livinghome.vn\/thiet-bi\/wp-content\/uploads\/2024\/05\/may-hut-mui-kaff-kf-verti-700whi-2-754x400.jpg 754w, https:\/\/livinghome.vn\/thiet-bi\/wp-content\/uploads\/2024\/05\/may-hut-mui-kaff-kf-verti-700whi-2-768x408.jpg 768w, https:\/\/livinghome.vn\/thiet-bi\/wp-content\/uploads\/2024\/05\/may-hut-mui-kaff-kf-verti-700whi-2-600x319.jpg 600w\" sizes=\"auto, (max-width: 1200px) 100vw, 1200px\" \/><\/p>\n","protected":false},"excerpt":{"rendered":"<ul>\n<li>M\u00e1y h\u00fat m\u00f9i d\u1ea1ng TIVI VERTICAL<\/li>\n<li>Si\u00eau m\u1ecfng \u1ed1p t\u01b0\u1eddng<\/li>\n<li>\u0110i\u1ec1u khi\u1ec3n c\u1ea3m \u1ee9ng 9 c\u1ea5p \u0111\u1ed9<\/li>\n<li>Th\u00e2n m\u00e1y b\u1eb1ng th\u00e9p s\u01a1n t\u0129nh \u0111i\u1ec7n ph\u1ed1i k\u00ednh c\u01b0\u1eddng l\u1ef1c sang tr\u1ecdng<\/li>\n<\/ul>\n","protected":false},"featured_media":21933,"comment_status":"open","ping_status":"closed","template":"","meta":[],"product_brand":[],"product_cat":[84,600,71,164],"product_tag":[],"class_list":{"0":"post-21930","1":"product","2":"type-product","3":"status-publish","4":"has-post-thumbnail","6":"product_cat-may-hut-mui","7":"product_cat-may-hut-mui-kaff","8":"product_cat-thuong-hieu","9":"product_cat-thuong-hieu-kaff","11":"first","12":"instock","13":"sale","14":"shipping-taxable","15":"purchasable","16":"product-type-simple"},"_links":{"self":[{"href":"https:\/\/livinghome.vn\/thiet-bi\/wp-json\/wp\/v2\/product\/21930","targetHints":{"allow":["GET"]}}],"collection":[{"href":"https:\/\/livinghome.vn\/thiet-bi\/wp-json\/wp\/v2\/product"}],"about":[{"href":"https:\/\/livinghome.vn\/thiet-bi\/wp-json\/wp\/v2\/types\/product"}],"replies":[{"embeddable":true,"href":"https:\/\/livinghome.vn\/thiet-bi\/wp-json\/wp\/v2\/comments?post=21930"}],"wp:featuredmedia":[{"embeddable":true,"href":"https:\/\/livinghome.vn\/thiet-bi\/wp-json\/wp\/v2\/media\/21933"}],"wp:attachment":[{"href":"https:\/\/livinghome.vn\/thiet-bi\/wp-json\/wp\/v2\/media?parent=21930"}],"wp:term":[{"taxonomy":"product_brand","embeddable":true,"href":"https:\/\/livinghome.vn\/thiet-bi\/wp-json\/wp\/v2\/product_brand?post=21930"},{"taxonomy":"product_cat","embeddable":true,"href":"https:\/\/livinghome.vn\/thiet-bi\/wp-json\/wp\/v2\/product_cat?post=21930"},{"taxonomy":"product_tag","embeddable":true,"href":"https:\/\/livinghome.vn\/thiet-bi\/wp-json\/wp\/v2\/product_tag?post=21930"}],"curies":[{"name":"wp","href":"https:\/\/api.w.org\/{rel}","templated":true}]}}