{"id":21919,"date":"2024-05-07T15:28:07","date_gmt":"2024-05-07T08:28:07","guid":{"rendered":"https:\/\/livinghome.vn\/thiet-bi\/?post_type=product&#038;p=21919"},"modified":"2024-11-29T14:18:45","modified_gmt":"2024-11-29T07:18:45","slug":"may-hut-mui-kaff-kf-bi80pr","status":"publish","type":"product","link":"https:\/\/livinghome.vn\/thiet-bi\/may-hut-mui-kaff-kf-bi80pr\/","title":{"rendered":"M\u00e1y H\u00fat M\u00f9i Kaff KF-BI80PR"},"content":{"rendered":"<p>M\u00e1y h\u00fat m\u00f9i \u00e2m to\u00e0n ph\u1ea7n c\u1ea3m \u1ee9ng Kaff KF-BI80PR mang \u0111\u1ebfn cho b\u1ea1n gian b\u1ebfp \u0111\u1eb3ng c\u1ea5p v\u1edbi thi\u1ebft k\u1ebf sang tr\u1ecdng, hi\u1ec7n \u0111\u1ea1i. S\u1ea3n ph\u1ea9m 2 trong 1 \u0111\u1ed9c \u0111\u00e1o k\u1ebft h\u1ee3p t\u00ednh n\u0103ng v\u00e0 th\u1ea9m m\u1ef9, l\u00e0 l\u1ef1a ch\u1ecdn ho\u00e0n h\u1ea3o cho nh\u1eefng ai y\u00eau th\u00edch s\u1ef1 tinh t\u1ebf v\u00e0 t\u1ef1 do trong thi\u1ebft k\u1ebf b\u1ebfp. KF-BI70PR kh\u00f4ng b\u1ecb gi\u1edbi h\u1ea1n b\u1edfi v\u1ecb tr\u00ed l\u1eafp \u0111\u1eb7t nh\u01b0 m\u00e1y h\u00fat m\u00f9i truy\u1ec1n th\u1ed1ng, ph\u00f9 h\u1ee3p cho kh\u00f4ng gian b\u1ebfp m\u1edf, kh\u00f4ng c\u1ea7n t\u1ee7 b\u1ebfp. H\u01a1n c\u1ea3 th\u1ea9m m\u1ef9, KF-BI70PR s\u1edf h\u1eefu c\u00f4ng ngh\u1ec7 b\u1ebfp ti\u00ean ti\u1ebfn c\u00f9ng c\u00f4ng su\u1ea5t h\u00fat m\u1ea1nh m\u1ebd, gi\u00fap b\u1ea1n tr\u1ea3i nghi\u1ec7m n\u1ea5u n\u01b0\u1edbng tuy\u1ec7t v\u1eddi trong gian b\u1ebfp ho\u00e0n to\u00e0n s\u1ea1ch m\u00f9i v\u00e0 trong l\u00e0nh.<\/p>\n<h4><img loading=\"lazy\" decoding=\"async\" class=\"alignnone size-full wp-image-21922\" src=\"https:\/\/livinghome.vn\/thiet-bi\/wp-content\/uploads\/2024\/05\/may-hut-mui-kaff-kf-bi70pr-2.jpg\" alt=\"\" width=\"1200\" height=\"658\" title=\"\" srcset=\"https:\/\/livinghome.vn\/thiet-bi\/wp-content\/uploads\/2024\/05\/may-hut-mui-kaff-kf-bi70pr-2.jpg 1200w, https:\/\/livinghome.vn\/thiet-bi\/wp-content\/uploads\/2024\/05\/may-hut-mui-kaff-kf-bi70pr-2-729x400.jpg 729w, https:\/\/livinghome.vn\/thiet-bi\/wp-content\/uploads\/2024\/05\/may-hut-mui-kaff-kf-bi70pr-2-768x421.jpg 768w, https:\/\/livinghome.vn\/thiet-bi\/wp-content\/uploads\/2024\/05\/may-hut-mui-kaff-kf-bi70pr-2-600x329.jpg 600w\" sizes=\"auto, (max-width: 1200px) 100vw, 1200px\" \/><br \/>\n<strong>Th\u00f4ng tin s\u1ea3n ph\u1ea9m<\/strong><\/h4>\n<p>\u2022 M\u00e1y h\u00fat m\u00f9i \u00e2m to\u00e0n ph\u1ea7n<br \/>\n\u2022 Th\u00e2n b\u1eb1ng inox kh\u00f4ng r\u1ec9<br \/>\n\u2022 K\u00ednh c\u01b0\u1eddng l\u1ef1c d\u00e0y 5mm tr\u00e1ng men b\u00f3ng cao c\u1ea5p<br \/>\n\u2022 \u0110i\u1ec1u khi\u1ec3n c\u1ea3m \u1ee9ng 3 t\u1ed1c \u0111\u1ed9<br \/>\n\u2022 L\u01b0\u1edbi l\u1ecdc thang<br \/>\n\u2022 \u0110\u00e8n led d\u00e0i<br \/>\n\u2022 Motor: 1\u00d7170 W<br \/>\n\u2022 C\u00f4ng su\u1ea5t h\u00fat t\u1ed1i \u0111a: 1000 m3\/h<br \/>\n\u2022 \u0110\u1ed9 \u1ed3n t\u1ed1i \u0111a: 48 dB<br \/>\n\u2022 \u1ed0ng tho\u00e1t kh\u00f3i inox: 1x450x300 mm<br \/>\n\u2022 \u1ed0ng tho\u00e1t: D150 mm v\u00e0 2m \u1ed1ng m\u1ec1m k\u00e8m theo<br \/>\n\u2022 K\u00edch th\u01b0\u1edbc: 820 x 280 x 320 mm<\/p>\n<p><img loading=\"lazy\" decoding=\"async\" class=\"alignnone size-full wp-image-21921\" src=\"https:\/\/livinghome.vn\/thiet-bi\/wp-content\/uploads\/2024\/05\/may-hut-mui-kaff-kf-bi70pr-3.jpg\" alt=\"\" width=\"1200\" height=\"640\" title=\"\" srcset=\"https:\/\/livinghome.vn\/thiet-bi\/wp-content\/uploads\/2024\/05\/may-hut-mui-kaff-kf-bi70pr-3.jpg 1200w, https:\/\/livinghome.vn\/thiet-bi\/wp-content\/uploads\/2024\/05\/may-hut-mui-kaff-kf-bi70pr-3-750x400.jpg 750w, https:\/\/livinghome.vn\/thiet-bi\/wp-content\/uploads\/2024\/05\/may-hut-mui-kaff-kf-bi70pr-3-768x410.jpg 768w, https:\/\/livinghome.vn\/thiet-bi\/wp-content\/uploads\/2024\/05\/may-hut-mui-kaff-kf-bi70pr-3-600x320.jpg 600w\" sizes=\"auto, (max-width: 1200px) 100vw, 1200px\" \/><\/p>\n","protected":false},"excerpt":{"rendered":"<ul>\n<li>Model: BI<strong>80PR<\/strong><\/li>\n<li>M\u00e1y h\u00fat m\u00f9i \u00e2m to\u00e0n ph\u1ea7n<\/li>\n<li>\u0110i\u1ec1u khi\u1ec3n c\u1ea3m \u1ee9ng 3 t\u1ed1c \u0111\u1ed9<\/li>\n<li>Ch\u1ee9c n\u0103ng c\u1ea3m \u1ee9ng kh\u00f3i, nhi\u1ec7t hi\u1ec7n \u0111\u1ea1i<\/li>\n<li>Ch\u1ee9c n\u0103ng h\u1eb9n gi\u1edd t\u1eaft<\/li>\n<li>C\u00f4ng su\u1ea5t h\u00fat: 1000m3\/h<\/li>\n<li>K\u00edch th\u01b0\u1edbc:\u00a0<strong>720mm<\/strong><\/li>\n<li>\u0110\u1ed9 \u1ed3n: 48db<\/li>\n<li>Xu\u1ea5t x\u1ee9:\u00a0<strong>PRC<\/strong><\/li>\n<\/ul>\n","protected":false},"featured_media":21920,"comment_status":"open","ping_status":"closed","template":"","meta":[],"product_brand":[],"product_cat":[84,600,71,164],"product_tag":[],"class_list":{"0":"post-21919","1":"product","2":"type-product","3":"status-publish","4":"has-post-thumbnail","6":"product_cat-may-hut-mui","7":"product_cat-may-hut-mui-kaff","8":"product_cat-thuong-hieu","9":"product_cat-thuong-hieu-kaff","11":"first","12":"instock","13":"sale","14":"shipping-taxable","15":"purchasable","16":"product-type-simple"},"_links":{"self":[{"href":"https:\/\/livinghome.vn\/thiet-bi\/wp-json\/wp\/v2\/product\/21919","targetHints":{"allow":["GET"]}}],"collection":[{"href":"https:\/\/livinghome.vn\/thiet-bi\/wp-json\/wp\/v2\/product"}],"about":[{"href":"https:\/\/livinghome.vn\/thiet-bi\/wp-json\/wp\/v2\/types\/product"}],"replies":[{"embeddable":true,"href":"https:\/\/livinghome.vn\/thiet-bi\/wp-json\/wp\/v2\/comments?post=21919"}],"wp:featuredmedia":[{"embeddable":true,"href":"https:\/\/livinghome.vn\/thiet-bi\/wp-json\/wp\/v2\/media\/21920"}],"wp:attachment":[{"href":"https:\/\/livinghome.vn\/thiet-bi\/wp-json\/wp\/v2\/media?parent=21919"}],"wp:term":[{"taxonomy":"product_brand","embeddable":true,"href":"https:\/\/livinghome.vn\/thiet-bi\/wp-json\/wp\/v2\/product_brand?post=21919"},{"taxonomy":"product_cat","embeddable":true,"href":"https:\/\/livinghome.vn\/thiet-bi\/wp-json\/wp\/v2\/product_cat?post=21919"},{"taxonomy":"product_tag","embeddable":true,"href":"https:\/\/livinghome.vn\/thiet-bi\/wp-json\/wp\/v2\/product_tag?post=21919"}],"curies":[{"name":"wp","href":"https:\/\/api.w.org\/{rel}","templated":true}]}}