{"id":21914,"date":"2024-05-07T15:15:18","date_gmt":"2024-05-07T08:15:18","guid":{"rendered":"https:\/\/livinghome.vn\/thiet-bi\/?post_type=product&#038;p=21914"},"modified":"2024-11-29T14:18:45","modified_gmt":"2024-11-29T07:18:45","slug":"vi-da-nang-malloca-mfm-434-gap-gon","status":"publish","type":"product","link":"https:\/\/livinghome.vn\/thiet-bi\/vi-da-nang-malloca-mfm-434-gap-gon\/","title":{"rendered":"V\u1ec9 \u0110a N\u0103ng Malloca MFM-434 G\u1ea5p G\u1ecdn"},"content":{"rendered":"<h2>V\u1ec9 \u0110a N\u0103ng Malloca MFM-434 G\u1ea5p G\u1ecdn<\/h2>\n<figure id=\"attachment_21915\" aria-describedby=\"caption-attachment-21915\" style=\"width: 900px\" class=\"wp-caption aligncenter\"><img loading=\"lazy\" decoding=\"async\" class=\"size-full wp-image-21915\" src=\"https:\/\/livinghome.vn\/thiet-bi\/wp-content\/uploads\/2024\/05\/vi-da-nang-malloca-mfm-434-2.jpg\" alt=\"V\u1ec9 \u0110a N\u0103ng Malloca MFM-434 G\u1ea5p G\u1ecdn \" width=\"900\" height=\"900\" title=\"\" srcset=\"https:\/\/livinghome.vn\/thiet-bi\/wp-content\/uploads\/2024\/05\/vi-da-nang-malloca-mfm-434-2.jpg 900w, https:\/\/livinghome.vn\/thiet-bi\/wp-content\/uploads\/2024\/05\/vi-da-nang-malloca-mfm-434-2-400x400.jpg 400w, https:\/\/livinghome.vn\/thiet-bi\/wp-content\/uploads\/2024\/05\/vi-da-nang-malloca-mfm-434-2-800x800.jpg 800w, https:\/\/livinghome.vn\/thiet-bi\/wp-content\/uploads\/2024\/05\/vi-da-nang-malloca-mfm-434-2-280x280.jpg 280w, https:\/\/livinghome.vn\/thiet-bi\/wp-content\/uploads\/2024\/05\/vi-da-nang-malloca-mfm-434-2-768x768.jpg 768w, https:\/\/livinghome.vn\/thiet-bi\/wp-content\/uploads\/2024\/05\/vi-da-nang-malloca-mfm-434-2-300x300.jpg 300w, https:\/\/livinghome.vn\/thiet-bi\/wp-content\/uploads\/2024\/05\/vi-da-nang-malloca-mfm-434-2-600x600.jpg 600w, https:\/\/livinghome.vn\/thiet-bi\/wp-content\/uploads\/2024\/05\/vi-da-nang-malloca-mfm-434-2-100x100.jpg 100w\" sizes=\"auto, (max-width: 900px) 100vw, 900px\" \/><figcaption id=\"caption-attachment-21915\" class=\"wp-caption-text\">V\u1ec9 \u0110a N\u0103ng Malloca MFM-434 G\u1ea5p G\u1ecdn<\/figcaption><\/figure>\n<h3>T\u00ednh n\u0103ng c\u01a1 b\u1ea3n<\/h3>\n<p>V\u1ec9 \u0111a n\u0103ng g\u1ea5p g\u1ecdn ch\u1eadu r\u1eeda ch\u00e9n<\/p>\n<p>Ch\u1ea5t li\u1ec7u:<\/p>\n<ul>\n<li>Inox 304 ch\u1ed1ng g\u1ec9<\/li>\n<li>Vi\u1ec1n: Silicone<\/li>\n<\/ul>\n<p>V\u1ec9 \u00fap r\u00e1o n\u01b0\u1edbc ch\u00e9n \u0111\u0129a, kh\u00f4ng d\u00ednh v\u00e0 d\u1ec5 l\u00e0m s\u1ea1ch<\/p>\n<p>Linh ho\u1ea1t \u0111\u1ec3 cu\u1ed9n v\u00e0 c\u1ea5t gi\u1eef; Ti\u1ebft ki\u1ec7m kh\u00f4ng gian v\u00e0 hi\u1ec7u qu\u1ea3<\/p>\n<p>\u0110a d\u1ee5ng v\u00e0 ch\u1eafc ch\u1eafn<\/p>\n<p>K\u00edch th\u01b0\u1edbc: 438 mm x 315 mm<\/p>\n<h3>Xu\u1ea5t x\u1ee9: Trung Qu\u1ed1c (theo b\u1ea3n quy\u1ec1n Malloca)<\/h3>\n","protected":false},"excerpt":{"rendered":"<h2>V\u1ec9 \u0110a N\u0103ng Malloca MFM-434 G\u1ea5p G\u1ecdn<\/h2>\n<ul>\n<li>KT: 438 mm x 315 mm<\/li>\n<li>V\u1ec9 \u0111a n\u0103ng g\u1ea5p g\u1ecdn ch\u1eadu r\u1eeda ch\u00e9n<\/li>\n<li>V\u1ec9 \u00fap r\u00e1o n\u01b0\u1edbc ch\u00e9n \u0111\u0129a, kh\u00f4ng d\u00ednh v\u00e0 d\u1ec5 l\u00e0m s\u1ea1ch<\/li>\n<\/ul>\n","protected":false},"featured_media":21916,"comment_status":"open","ping_status":"closed","template":"","meta":[],"product_brand":[],"product_cat":[78,262],"product_tag":[2022],"class_list":{"0":"post-21914","1":"product","2":"type-product","3":"status-publish","4":"has-post-thumbnail","6":"product_cat-dung-cu-nha-bep","7":"product_cat-thuong-hieu-malloca","8":"product_tag-thuong-hieu-malloca","10":"first","11":"instock","12":"sale","13":"shipping-taxable","14":"purchasable","15":"product-type-simple"},"_links":{"self":[{"href":"https:\/\/livinghome.vn\/thiet-bi\/wp-json\/wp\/v2\/product\/21914","targetHints":{"allow":["GET"]}}],"collection":[{"href":"https:\/\/livinghome.vn\/thiet-bi\/wp-json\/wp\/v2\/product"}],"about":[{"href":"https:\/\/livinghome.vn\/thiet-bi\/wp-json\/wp\/v2\/types\/product"}],"replies":[{"embeddable":true,"href":"https:\/\/livinghome.vn\/thiet-bi\/wp-json\/wp\/v2\/comments?post=21914"}],"wp:featuredmedia":[{"embeddable":true,"href":"https:\/\/livinghome.vn\/thiet-bi\/wp-json\/wp\/v2\/media\/21916"}],"wp:attachment":[{"href":"https:\/\/livinghome.vn\/thiet-bi\/wp-json\/wp\/v2\/media?parent=21914"}],"wp:term":[{"taxonomy":"product_brand","embeddable":true,"href":"https:\/\/livinghome.vn\/thiet-bi\/wp-json\/wp\/v2\/product_brand?post=21914"},{"taxonomy":"product_cat","embeddable":true,"href":"https:\/\/livinghome.vn\/thiet-bi\/wp-json\/wp\/v2\/product_cat?post=21914"},{"taxonomy":"product_tag","embeddable":true,"href":"https:\/\/livinghome.vn\/thiet-bi\/wp-json\/wp\/v2\/product_tag?post=21914"}],"curies":[{"name":"wp","href":"https:\/\/api.w.org\/{rel}","templated":true}]}}