{"id":21903,"date":"2024-05-07T15:01:28","date_gmt":"2024-05-07T08:01:28","guid":{"rendered":"https:\/\/livinghome.vn\/thiet-bi\/?post_type=product&#038;p=21903"},"modified":"2024-11-29T14:18:45","modified_gmt":"2024-11-29T07:18:45","slug":"may-nuoc-nong-truc-tiep-stiebel-eltron-da-diem-ddc-8-ec-vn-8000w","status":"publish","type":"product","link":"https:\/\/livinghome.vn\/thiet-bi\/may-nuoc-nong-truc-tiep-stiebel-eltron-da-diem-ddc-8-ec-vn-8000w\/","title":{"rendered":"M\u00e1y N\u01b0\u1edbc N\u00f3ng Tr\u1ef1c Ti\u1ebfp Stiebel Eltron \u0110a \u0110i\u1ec3m DDC 8 EC (VN) 8000W"},"content":{"rendered":"<h2><span style=\"font-weight: 400\">Gi\u1edbi thi\u1ec7u m\u00e1y n\u01b0\u1edbc n\u00f3ng tr\u1ef1c ti\u1ebfp Stiebel Eltron \u0111a \u0111i\u1ec3m DDC 8 EC (VN) 8000W<\/span><\/h2>\n<p><span style=\"font-weight: 400\">M\u00e1y n\u01b0\u1edbc n\u00f3ng tr\u1ef1c ti\u1ebfp Stiebel Eltron da \u0111i\u1ec3m DDC 8 EC (VN) 8000W l\u00e0 m\u1ed9t gi\u1ea3i ph\u00e1p hi\u1ec7u qu\u1ea3 v\u00e0 ti\u1ec7n l\u1ee3i \u0111\u1ec3 cung c\u1ea5p n\u01b0\u1edbc n\u00f3ng ngay t\u1ea1i \u0111i\u1ec3m s\u1eed d\u1ee5ng, m\u00e0 kh\u00f4ng c\u1ea7n s\u1eed d\u1ee5ng b\u00ecnh ch\u1ee9a n\u01b0\u1edbc n\u00f3ng. V\u1edbi c\u00f4ng su\u1ea5t 8000W, m\u00e1y c\u00f3 kh\u1ea3 n\u0103ng nhanh ch\u00f3ng \u0111em l\u1ea1i n\u01b0\u1edbc n\u00f3ng m\u00e0 kh\u00f4ng c\u1ea7n ch\u1edd \u0111\u1ee3i l\u00e2u.<\/span><\/p>\n<p><span style=\"font-weight: 400\">\u0110i\u1ec3m \u0111\u1eb7c bi\u1ec7t c\u1ee7a m\u00e1y l\u00e0 t\u00ednh ti\u1ebft ki\u1ec7m kh\u00f4ng gian v\u00e0 d\u1ec5 l\u1eafp \u0111\u1eb7t. Thi\u1ebft k\u1ebf nh\u1ecf g\u1ecdn v\u00e0 tinh t\u1ebf gi\u00fap m\u00e1y d\u1ec5 d\u00e0ng l\u1eafp \u0111\u1eb7t \u1edf b\u1ea5t k\u1ef3 kh\u00f4ng gian n\u00e0o m\u00e0 kh\u00f4ng l\u00e0m m\u1ea5t \u0111i kh\u00f4ng gian.<\/span><\/p>\n<p><img loading=\"lazy\" decoding=\"async\" class=\"alignnone size-full wp-image-21908\" src=\"https:\/\/livinghome.vn\/thiet-bi\/wp-content\/uploads\/2024\/05\/may-nuoc-nong-stiebel-eltron-ddc-8-ec-1.jpg\" alt=\"M\u00e1y N\u01b0\u1edbc N\u00f3ng Tr\u1ef1c Ti\u1ebfp Stiebel Eltron da di\u1ec3m DDC 8 EC (VN) 8000W\" width=\"1200\" height=\"900\" title=\"\" srcset=\"https:\/\/livinghome.vn\/thiet-bi\/wp-content\/uploads\/2024\/05\/may-nuoc-nong-stiebel-eltron-ddc-8-ec-1.jpg 1200w, https:\/\/livinghome.vn\/thiet-bi\/wp-content\/uploads\/2024\/05\/may-nuoc-nong-stiebel-eltron-ddc-8-ec-1-533x400.jpg 533w, https:\/\/livinghome.vn\/thiet-bi\/wp-content\/uploads\/2024\/05\/may-nuoc-nong-stiebel-eltron-ddc-8-ec-1-1067x800.jpg 1067w, https:\/\/livinghome.vn\/thiet-bi\/wp-content\/uploads\/2024\/05\/may-nuoc-nong-stiebel-eltron-ddc-8-ec-1-768x576.jpg 768w, https:\/\/livinghome.vn\/thiet-bi\/wp-content\/uploads\/2024\/05\/may-nuoc-nong-stiebel-eltron-ddc-8-ec-1-600x450.jpg 600w\" sizes=\"auto, (max-width: 1200px) 100vw, 1200px\" \/><\/p>\n<h2><span style=\"font-weight: 400\">\u0110\u1eb7c \u0111i\u1ec3m n\u1ed5i b\u1eadt<\/span><\/h2>\n<ul>\n<li><span style=\"font-weight: 400\">Cung c\u1ea5p n\u01b0\u1edbc cho nhi\u1ec1u \u0111i\u1ec3m s\u1eed d\u1ee5ng nh\u01b0 v\u00f2i sen, b\u1ed3n r\u1eeda<\/span><\/li>\n<li><span style=\"font-weight: 400\">\u0110i\u1ec1u khi\u1ec3n nhi\u1ec7t \u0111\u1ed9 b\u1eb1ng b\u1ed9 \u0111i\u1ec1u khi\u1ec3n n\u00fat xoay 3 m\u1ee9c c\u00f4ng su\u1ea5t<\/span><\/li>\n<li><span style=\"font-weight: 400\">B\u1ed9 l\u00e0m n\u00f3ng n\u01b0\u1edbc v\u00e0 b\u00ecnh b\u1eb1ng \u0111\u1ed3ng kh\u00f4ng b\u1ecb \u0103n m\u00f2n, l\u00e0m t\u0103ng tu\u1ed5i th\u1ecd s\u1ea3n ph\u1ea9m<\/span><\/li>\n<li><span style=\"font-weight: 400\">Thi\u1ebft k\u1ebf nh\u1ecf g\u1ecdn, ti\u1ebft ki\u1ec7m kh\u00f4ng gian l\u1eafp \u0111\u1eb7t<\/span><\/li>\n<li><span style=\"font-weight: 400\">T\u00ednh n\u0103ng ch\u1ed1ng b\u1ecfng v\u00e0 b\u1ea3o v\u1ec7 qu\u00e1 nhi\u1ec7t v\u1edbi r\u01a1 le ng\u1eaft nhi\u1ec7t<\/span><\/li>\n<li><span style=\"font-weight: 400\">B\u1ea3o v\u1ec7 kh\u1ecfi \u0111i\u1ec7n gi\u1eadt v\u1edbi b\u1ed9 c\u1ea7u dao ch\u1ed1ng r\u00f2 r\u1ec9 \u0111i\u1ec7n ELCB<\/span><\/li>\n<li><span style=\"font-weight: 400\">B\u1ea3ng m\u1ea1ch \u0111i\u1ec7n t\u1eed ch\u1ecbu nhi\u1ec7t t\u0103ng c\u01b0\u1eddng \u0111\u1ed9 an to\u00e0n cho m\u00e1y<\/span><\/li>\n<li><span style=\"font-weight: 400\">Ngu\u1ed3n ON hi\u1ec3n th\u1ecb b\u1eb1ng LED tr\u00ean v\u1ecf c\u1ee7a thi\u1ebft b\u1ecb<\/span><\/li>\n<li><span style=\"font-weight: 400\">\u0110\u00e3 \u0111\u01b0\u1ee3c ch\u1ee9ng nh\u1eadn kh\u1eb3 n\u0103ng t\u01b0\u01a1ng th\u00edch \u0111i\u1ec7n t\u1eeb<\/span><\/li>\n<\/ul>\n<p><img loading=\"lazy\" decoding=\"async\" class=\"alignnone size-full wp-image-21909\" src=\"https:\/\/livinghome.vn\/thiet-bi\/wp-content\/uploads\/2024\/05\/may-nuoc-nong-stiebel-eltron-ddc-8-ec-2.jpg\" alt=\"M\u00e1y N\u01b0\u1edbc N\u00f3ng Tr\u1ef1c Ti\u1ebfp Stiebel Eltron da di\u1ec3m DDC 8 EC (VN) 8000W\" width=\"1200\" height=\"900\" title=\"\" srcset=\"https:\/\/livinghome.vn\/thiet-bi\/wp-content\/uploads\/2024\/05\/may-nuoc-nong-stiebel-eltron-ddc-8-ec-2.jpg 1200w, https:\/\/livinghome.vn\/thiet-bi\/wp-content\/uploads\/2024\/05\/may-nuoc-nong-stiebel-eltron-ddc-8-ec-2-533x400.jpg 533w, https:\/\/livinghome.vn\/thiet-bi\/wp-content\/uploads\/2024\/05\/may-nuoc-nong-stiebel-eltron-ddc-8-ec-2-1067x800.jpg 1067w, https:\/\/livinghome.vn\/thiet-bi\/wp-content\/uploads\/2024\/05\/may-nuoc-nong-stiebel-eltron-ddc-8-ec-2-768x576.jpg 768w, https:\/\/livinghome.vn\/thiet-bi\/wp-content\/uploads\/2024\/05\/may-nuoc-nong-stiebel-eltron-ddc-8-ec-2-600x450.jpg 600w\" sizes=\"auto, (max-width: 1200px) 100vw, 1200px\" \/><\/p>\n<h2><span style=\"font-weight: 400\">Th\u00f4ng s\u1ed1 k\u1ef9 thu\u1eadt<\/span><\/h2>\n<ul>\n<li><span style=\"font-weight: 400\"> M\u00e3 s\u1ea3n ph\u1ea9m: DDC 8 EC (VN)<\/span><\/li>\n<li><span style=\"font-weight: 400\"> T\u00ean s\u1ea3n ph\u1ea9m: M\u00e1y n\u01b0\u1edbc n\u00f3ng \u0111a \u0111i\u1ec3m Stiebel Eltron<\/span><\/li>\n<li><span style=\"font-weight: 400\"> C\u00f4ng su\u1ea5t: 8000W<\/span><\/li>\n<li><span style=\"font-weight: 400\"> B\u01a1m tr\u1ee3 l\u1ef1c: kh\u00f4ng c\u00f3<\/span><\/li>\n<li><span style=\"font-weight: 400\"> Nhi\u1ec7t \u0111\u1ed9 l\u00e0m n\u00f3ng t\u1ed1i \u0111a: 42\u00b0C<\/span><\/li>\n<li><span style=\"font-weight: 400\"> \u00c1p l\u1ef1c n\u01b0\u1edbc ho\u1ea1t \u0111\u1ed9ng: 0.015 Mpa &#8211; 0.5 Mpa<\/span><\/li>\n<li><span style=\"font-weight: 400\"> B\u1ea7u \u0111un: \u0110\u1ed3ng<\/span><\/li>\n<li><span style=\"font-weight: 400\"> Thanh \u0111\u1ed1t: \u0110\u1ed3ng<\/span><\/li>\n<li><span style=\"font-weight: 400\"> K\u00edch th\u01b0\u1edbc: 198x115x236 mm<\/span><\/li>\n<li><span style=\"font-weight: 400\"> Kh\u1ed1i l\u01b0\u1ee3ng: 2 kg<\/span><\/li>\n<li><span style=\"font-weight: 400\"> Kh\u00f4ng g\u1ed3m tay sen<\/span><\/li>\n<li><span style=\"font-weight: 400\"> Th\u01b0\u01a1ng hi\u1ec7u: \u0110\u1ee9c<\/span><\/li>\n<li><span style=\"font-weight: 400\"> S\u1ea3n xu\u1ea5t: Th\u00e1i Lan<\/span><\/li>\n<li><span style=\"font-weight: 400\"> B\u1ea3o h\u00e0nh: 2 n\u0103m<\/span><\/li>\n<\/ul>\n<p><img loading=\"lazy\" decoding=\"async\" class=\"alignnone size-full wp-image-21910\" src=\"https:\/\/livinghome.vn\/thiet-bi\/wp-content\/uploads\/2024\/05\/may-nuoc-nong-stiebel-eltron-ddc-8-ec-3.jpg\" alt=\"M\u00e1y N\u01b0\u1edbc N\u00f3ng Tr\u1ef1c Ti\u1ebfp Stiebel Eltron \u0110a \u0110i\u1ec3m DDC 8 EC (VN) 8000W\" width=\"1200\" height=\"900\" title=\"\" srcset=\"https:\/\/livinghome.vn\/thiet-bi\/wp-content\/uploads\/2024\/05\/may-nuoc-nong-stiebel-eltron-ddc-8-ec-3.jpg 1200w, https:\/\/livinghome.vn\/thiet-bi\/wp-content\/uploads\/2024\/05\/may-nuoc-nong-stiebel-eltron-ddc-8-ec-3-533x400.jpg 533w, https:\/\/livinghome.vn\/thiet-bi\/wp-content\/uploads\/2024\/05\/may-nuoc-nong-stiebel-eltron-ddc-8-ec-3-1067x800.jpg 1067w, https:\/\/livinghome.vn\/thiet-bi\/wp-content\/uploads\/2024\/05\/may-nuoc-nong-stiebel-eltron-ddc-8-ec-3-768x576.jpg 768w, https:\/\/livinghome.vn\/thiet-bi\/wp-content\/uploads\/2024\/05\/may-nuoc-nong-stiebel-eltron-ddc-8-ec-3-600x450.jpg 600w\" sizes=\"auto, (max-width: 1200px) 100vw, 1200px\" \/><\/p>\n<h2>Th\u00f4ng tin chi ti\u1ebft<\/h2>\n<ul>\n<li>C\u00f4ng su\u1ea5t 8000W<\/li>\n<li><span style=\"font-weight: 400\">3 m\u1ee9c nhi\u1ec7t \u0111\u1ed9 \u0111\u1ec3 l\u1ef1a ch\u1ecdn (40, 50, 55\u00b0C)<\/span><\/li>\n<li><span style=\"font-weight: 400\">\u0110\u1ee7 n\u01b0\u1edbc n\u00f3ng cho nhi\u1ec1u v\u1ecb tr\u00ed m\u1edf n\u01b0\u1edbc<\/span><\/li>\n<li><span style=\"font-weight: 400\">L\u1edbp b\u1ea3o v\u1ec7 IP 25 (ch\u1ed1ng tia n\u01b0\u1edbc b\u1eafn)<\/span><\/li>\n<li><span style=\"font-weight: 400\">B\u1ea3o v\u1ec7 kh\u1ecfi \u0111i\u1ec7n gi\u1eadt v\u1edbi b\u1ed9 c\u1ea7u dao ch\u1ed1ng r\u00f2 r\u1ec9 \u0111i\u1ec7n (ELCB)<\/span><\/li>\n<li><span style=\"font-weight: 400\">Thi\u1ebft k\u1ebf nh\u1ecf g\u1ecdn gi\u00fap ti\u1ebft ki\u1ec7m kh\u00f4ng gian l\u1eafp \u0111\u1eb7t<\/span><\/li>\n<li><span style=\"font-weight: 400\">T\u00ednh n\u0103ng ch\u1ed1ng n\u01b0\u1edbc qu\u00e1 n\u00f3ng v\u00e0 b\u1ea3o v\u1ec7 qu\u00e1 nhi\u1ec7t v\u1edbi c\u1ea7u ch\u00ec nhi\u1ec7t<\/span><\/li>\n<li><span style=\"font-weight: 400\">S\u1ef1 tho\u1ea3i m\u00e1i t\u1ed1i \u0111a v\u1edbi \u0111i\u1ec1u khi\u1ec3n nhi\u1ec7t \u0111\u1ed9 \u0111\u1ea7u ra b\u1eb1ng \u0111i\u1ec7n<\/span><\/li>\n<li><span style=\"font-weight: 400\">B\u1ed9 ph\u1eadn \u0111\u1ed1t n\u00f3ng v\u00e0 b\u00ecnh ch\u1ee9a b\u1eb1ng \u0111\u1ed3ng ch\u1ed1ng \u0103n m\u00f2n<\/span><\/li>\n<\/ul>\n","protected":false},"excerpt":{"rendered":"<p>C\u00f4ng su\u1ea5t 8000W<\/p>\n<p><span style=\"font-weight: 400\">3 m\u1ee9c nhi\u1ec7t \u0111\u1ed9 \u0111\u1ec3 l\u1ef1a ch\u1ecdn (40, 50, 55\u00b0C)<\/span><\/p>\n<p><span style=\"font-weight: 400\">\u0110\u1ee7 n\u01b0\u1edbc n\u00f3ng cho nhi\u1ec1u v\u1ecb tr\u00ed m\u1edf n\u01b0\u1edbc<\/span><\/p>\n<p><span style=\"font-weight: 400\">L\u1edbp b\u1ea3o v\u1ec7 IP 25 (ch\u1ed1ng tia n\u01b0\u1edbc b\u1eafn)<\/span><\/p>\n<p><span style=\"font-weight: 400\">B\u1ea3o v\u1ec7 kh\u1ecfi \u0111i\u1ec7n gi\u1eadt v\u1edbi b\u1ed9 c\u1ea7u dao ch\u1ed1ng r\u00f2 r\u1ec9 \u0111i\u1ec7n (ELCB)<\/span><\/p>\n<p><span style=\"font-weight: 400\">Thi\u1ebft k\u1ebf nh\u1ecf g\u1ecdn gi\u00fap ti\u1ebft ki\u1ec7m kh\u00f4ng gian l\u1eafp \u0111\u1eb7t<\/span><\/p>\n<p><span style=\"font-weight: 400\">T\u00ednh n\u0103ng ch\u1ed1ng n\u01b0\u1edbc qu\u00e1 n\u00f3ng v\u00e0 b\u1ea3o v\u1ec7 qu\u00e1 nhi\u1ec7t v\u1edbi c\u1ea7u ch\u00ec nhi\u1ec7t<\/span><\/p>\n<p><span style=\"font-weight: 400\">S\u1ef1 tho\u1ea3i m\u00e1i t\u1ed1i \u0111a v\u1edbi \u0111i\u1ec1u khi\u1ec3n nhi\u1ec7t \u0111\u1ed9 \u0111\u1ea7u ra b\u1eb1ng \u0111i\u1ec7n<\/span><\/p>\n<p><span style=\"font-weight: 400\">B\u1ed9 ph\u1eadn \u0111\u1ed1t n\u00f3ng v\u00e0 b\u00ecnh ch\u1ee9a b\u1eb1ng \u0111\u1ed3ng ch\u1ed1ng \u0103n m\u00f2n<\/span><\/p>\n","protected":false},"featured_media":21912,"comment_status":"open","ping_status":"closed","template":"","meta":[],"product_brand":[],"product_cat":[540,1986,1979,1987,71,1937],"product_tag":[541,2025,1980,2005,1993],"class_list":{"0":"post-21903","1":"product","2":"type-product","3":"status-publish","4":"has-post-thumbnail","6":"product_cat-may-nong-lanh","7":"product_cat-may-nong-lanh-stiebel-eltron","8":"product_cat-may-nuoc-nong","9":"product_cat-may-nuoc-nong-stiebel-eltron","10":"product_cat-thuong-hieu","11":"product_cat-thuong-hieu-stiebel-eltron","12":"product_tag-may-nong-lanh","13":"product_tag-may-nong-lanh-stiebel-eltron","14":"product_tag-may-nuoc-nong","15":"product_tag-may-nuoc-nong-da-diem","16":"product_tag-may-nuoc-nong-stiebel-eltron","18":"first","19":"instock","20":"sale","21":"shipping-taxable","22":"purchasable","23":"product-type-simple"},"_links":{"self":[{"href":"https:\/\/livinghome.vn\/thiet-bi\/wp-json\/wp\/v2\/product\/21903","targetHints":{"allow":["GET"]}}],"collection":[{"href":"https:\/\/livinghome.vn\/thiet-bi\/wp-json\/wp\/v2\/product"}],"about":[{"href":"https:\/\/livinghome.vn\/thiet-bi\/wp-json\/wp\/v2\/types\/product"}],"replies":[{"embeddable":true,"href":"https:\/\/livinghome.vn\/thiet-bi\/wp-json\/wp\/v2\/comments?post=21903"}],"wp:featuredmedia":[{"embeddable":true,"href":"https:\/\/livinghome.vn\/thiet-bi\/wp-json\/wp\/v2\/media\/21912"}],"wp:attachment":[{"href":"https:\/\/livinghome.vn\/thiet-bi\/wp-json\/wp\/v2\/media?parent=21903"}],"wp:term":[{"taxonomy":"product_brand","embeddable":true,"href":"https:\/\/livinghome.vn\/thiet-bi\/wp-json\/wp\/v2\/product_brand?post=21903"},{"taxonomy":"product_cat","embeddable":true,"href":"https:\/\/livinghome.vn\/thiet-bi\/wp-json\/wp\/v2\/product_cat?post=21903"},{"taxonomy":"product_tag","embeddable":true,"href":"https:\/\/livinghome.vn\/thiet-bi\/wp-json\/wp\/v2\/product_tag?post=21903"}],"curies":[{"name":"wp","href":"https:\/\/api.w.org\/{rel}","templated":true}]}}