{"id":21886,"date":"2024-05-07T14:42:42","date_gmt":"2024-05-07T07:42:42","guid":{"rendered":"https:\/\/livinghome.vn\/thiet-bi\/?post_type=product&#038;p=21886"},"modified":"2024-11-29T14:18:45","modified_gmt":"2024-11-29T07:18:45","slug":"may-hut-mui-kaff-kf-sl70kb","status":"publish","type":"product","link":"https:\/\/livinghome.vn\/thiet-bi\/may-hut-mui-kaff-kf-sl70kb\/","title":{"rendered":"M\u00e1y h\u00fat m\u00f9i Kaff KF-SL70KB"},"content":{"rendered":"<p data-sourcepos=\"3:1-3:191\">B\u1ea1n \u0111ang t\u00ecm ki\u1ebfm gi\u1ea3i ph\u00e1p cho gian b\u1ebfp hi\u1ec7n \u0111\u1ea1i, lo\u1ea1i b\u1ecf ho\u00e0n to\u00e0n m\u00f9i h\u00f4i, kh\u00f3i b\u1ee5i v\u00e0 d\u1ea7u m\u1ee1 trong qu\u00e1 tr\u00ecnh n\u1ea5u n\u01b0\u1edbng? M\u00e1y h\u00fat m\u00f9i Kaff KF-SL70KB ch\u00ednh l\u00e0 l\u1ef1a ch\u1ecdn ho\u00e0n h\u1ea3o d\u00e0nh cho b\u1ea1n!<\/p>\n<p data-sourcepos=\"5:1-5:366\">V\u1edbi k\u00edch th\u01b0\u1edbc nh\u1ecf g\u1ecdn 70cm, Kaff KF-SL70KB ph\u00f9 h\u1ee3p v\u1edbi m\u1ecdi kh\u00f4ng gian b\u1ebfp, k\u1ec3 c\u1ea3 nh\u1eefng kh\u00f4ng gian c\u00f3 di\u1ec7n t\u00edch khi\u00eam t\u1ed1n. M\u00e1y s\u1edf h\u1eefu c\u00f4ng su\u1ea5t h\u00fat m\u1ea1nh m\u1ebd 700m3\/h, hi\u1ec7u qu\u1ea3 lo\u1ea1i b\u1ecf m\u00f9i h\u00f4i, kh\u00f3i b\u1ee5i v\u00e0 d\u1ea7u m\u1ee1, tr\u1ea3 l\u1ea1i b\u1ea7u kh\u00f4ng kh\u00ed trong l\u00e0nh cho gian b\u1ebfp. Thi\u1ebft k\u1ebf c\u1ed5 \u0111i\u1ec3n, sang tr\u1ecdng c\u00f9ng m\u1ee9c gi\u00e1 h\u1ee3p l\u00fd, Kaff KF-SL70KB l\u00e0 l\u1ef1a ch\u1ecdn ho\u00e0n h\u1ea3o cho m\u1ecdi gia \u0111\u00ecnh Vi\u1ec7t<\/p>\n<p data-sourcepos=\"5:1-5:366\"><img loading=\"lazy\" decoding=\"async\" class=\"size-full wp-image-21891 aligncenter\" src=\"https:\/\/livinghome.vn\/thiet-bi\/wp-content\/uploads\/2024\/05\/may-hut-mui-kaff-kf-sl70kb-1.jpg\" alt=\"\" width=\"800\" height=\"800\" title=\"\" srcset=\"https:\/\/livinghome.vn\/thiet-bi\/wp-content\/uploads\/2024\/05\/may-hut-mui-kaff-kf-sl70kb-1.jpg 800w, https:\/\/livinghome.vn\/thiet-bi\/wp-content\/uploads\/2024\/05\/may-hut-mui-kaff-kf-sl70kb-1-400x400.jpg 400w, https:\/\/livinghome.vn\/thiet-bi\/wp-content\/uploads\/2024\/05\/may-hut-mui-kaff-kf-sl70kb-1-280x280.jpg 280w, https:\/\/livinghome.vn\/thiet-bi\/wp-content\/uploads\/2024\/05\/may-hut-mui-kaff-kf-sl70kb-1-768x768.jpg 768w, https:\/\/livinghome.vn\/thiet-bi\/wp-content\/uploads\/2024\/05\/may-hut-mui-kaff-kf-sl70kb-1-300x300.jpg 300w, https:\/\/livinghome.vn\/thiet-bi\/wp-content\/uploads\/2024\/05\/may-hut-mui-kaff-kf-sl70kb-1-600x600.jpg 600w, https:\/\/livinghome.vn\/thiet-bi\/wp-content\/uploads\/2024\/05\/may-hut-mui-kaff-kf-sl70kb-1-100x100.jpg 100w\" sizes=\"auto, (max-width: 800px) 100vw, 800px\" \/><\/p>\n<h4><strong>TH\u00d4NG S\u1ed0 K\u1ef8 THU\u1eacT<\/strong><\/h4>\n<ul>\n<li>M\u00e1y h\u00fat m\u00f9i c\u1ed5 \u0111i\u1ec3n<\/li>\n<li>Th\u00e2n m\u00e1y b\u1eb1ng s\u01a1n t\u0129nh \u0111i\u1ec7n m\u00e0u \u0111en<\/li>\n<li>H\u1ec7 th\u1ed1ng \u0111i\u1ec1u khi\u1ec3n ph\u00edm b\u1ea5m 3 t\u1ed1c \u0111\u1ed9<\/li>\n<li>\u0110\u1ed9ng c\u01a1 \u0111\u00f4i: 2 x 80W<\/li>\n<li>\u0110\u00e8n chi\u1ebfu s\u00e1ng Led: 1 x 2W<\/li>\n<li>C\u00f4ng su\u1ea5t h\u00fat t\u1ed1i \u0111a l\u00ean \u0111\u1ebfn: 700m3\/h<\/li>\n<li>L\u01b0\u1edbi l\u1ecdc Inox + h\u1ee3p kim nh\u00f4m 03 l\u1edbp<\/li>\n<li>02 b\u1ed9 l\u1ecdc than ho\u1ea1t t\u00ednh<\/li>\n<li>\u0110\u1ed9 \u1ed3n t\u1ed1i \u0111a: 48dB<\/li>\n<li>Ngu\u1ed3n \u0111i\u1ec7n: 220-240V\/50-60Hz<\/li>\n<li>\u1ed0ng tho\u00e1t \u0111\u01b0\u1eddng k\u00ednh: 120mm<\/li>\n<li>K\u00edch th\u01b0\u1edbc:\u00a0C95 x S480 x R700 mm<\/li>\n<\/ul>\n<p><img loading=\"lazy\" decoding=\"async\" class=\"alignnone size-full wp-image-21890\" src=\"https:\/\/livinghome.vn\/thiet-bi\/wp-content\/uploads\/2024\/05\/may-hut-mui-kaff-kf-sl70kb-2.jpg\" alt=\"\" width=\"1200\" height=\"717\" title=\"\" srcset=\"https:\/\/livinghome.vn\/thiet-bi\/wp-content\/uploads\/2024\/05\/may-hut-mui-kaff-kf-sl70kb-2.jpg 1200w, https:\/\/livinghome.vn\/thiet-bi\/wp-content\/uploads\/2024\/05\/may-hut-mui-kaff-kf-sl70kb-2-669x400.jpg 669w, https:\/\/livinghome.vn\/thiet-bi\/wp-content\/uploads\/2024\/05\/may-hut-mui-kaff-kf-sl70kb-2-768x459.jpg 768w, https:\/\/livinghome.vn\/thiet-bi\/wp-content\/uploads\/2024\/05\/may-hut-mui-kaff-kf-sl70kb-2-600x359.jpg 600w\" sizes=\"auto, (max-width: 1200px) 100vw, 1200px\" \/><\/p>\n","protected":false},"excerpt":{"rendered":"<p>\u2013 Th\u00e2n m\u00e1y b\u1eb1ng s\u01a1n t\u0129nh \u0111i\u1ec7n m\u00e0u \u0111en ph\u1ed1i inox<\/p>\n<p>\u2013 H\u1ec7 th\u1ed1ng \u0111i\u1ec1u khi\u1ec3n c\u01a1 3 t\u1ed1c \u0111\u1ed9<\/p>\n<p>\u2013 \u0110\u1ed9ng c\u01a1 Turbin \u0111\u00f4i 2x80W<\/p>\n<p>\u2013 B\u00f3ng \u0111\u00e8n LED BAR 15W<\/p>\n<p>\u2013 C\u00f4ng su\u1ea5t h\u00fat t\u1ed1i \u0111a l\u00ean \u0111\u1ebfn 700m3\/h<\/p>\n<p>\u2013 B\u1ed9 l\u1ecdc: l\u01b0\u1edbi l\u1ecdc inox 03 l\u1edbp v\u1edbi 02 l\u1edbp l\u1ecdc than ho\u1ea1 t t\u00ednh<\/p>\n<p>\u2013 \u0110\u1ed9 \u1ed3n t\u1ed1i \u0111a 48 dB<\/p>\n<p>\u2013 Ngu\u1ed3n \u0111i\u1ec7n: 220V\/50Hz<\/p>\n<p>\u2013 \u1ed0ng tho\u00e1t \u0111\u01b0\u1eddng k\u00ednh 120mm<\/p>\n<p>\u2013 K\u00edch th\u01b0\u1edbc (mm): 95x465x600\/700<\/p>\n","protected":false},"featured_media":21891,"comment_status":"open","ping_status":"closed","template":"","meta":[],"product_brand":[],"product_cat":[84,600,71,164],"product_tag":[],"class_list":{"0":"post-21886","1":"product","2":"type-product","3":"status-publish","4":"has-post-thumbnail","6":"product_cat-may-hut-mui","7":"product_cat-may-hut-mui-kaff","8":"product_cat-thuong-hieu","9":"product_cat-thuong-hieu-kaff","11":"first","12":"instock","13":"sale","14":"shipping-taxable","15":"purchasable","16":"product-type-simple"},"_links":{"self":[{"href":"https:\/\/livinghome.vn\/thiet-bi\/wp-json\/wp\/v2\/product\/21886","targetHints":{"allow":["GET"]}}],"collection":[{"href":"https:\/\/livinghome.vn\/thiet-bi\/wp-json\/wp\/v2\/product"}],"about":[{"href":"https:\/\/livinghome.vn\/thiet-bi\/wp-json\/wp\/v2\/types\/product"}],"replies":[{"embeddable":true,"href":"https:\/\/livinghome.vn\/thiet-bi\/wp-json\/wp\/v2\/comments?post=21886"}],"wp:featuredmedia":[{"embeddable":true,"href":"https:\/\/livinghome.vn\/thiet-bi\/wp-json\/wp\/v2\/media\/21891"}],"wp:attachment":[{"href":"https:\/\/livinghome.vn\/thiet-bi\/wp-json\/wp\/v2\/media?parent=21886"}],"wp:term":[{"taxonomy":"product_brand","embeddable":true,"href":"https:\/\/livinghome.vn\/thiet-bi\/wp-json\/wp\/v2\/product_brand?post=21886"},{"taxonomy":"product_cat","embeddable":true,"href":"https:\/\/livinghome.vn\/thiet-bi\/wp-json\/wp\/v2\/product_cat?post=21886"},{"taxonomy":"product_tag","embeddable":true,"href":"https:\/\/livinghome.vn\/thiet-bi\/wp-json\/wp\/v2\/product_tag?post=21886"}],"curies":[{"name":"wp","href":"https:\/\/api.w.org\/{rel}","templated":true}]}}