{"id":21879,"date":"2024-05-07T14:36:00","date_gmt":"2024-05-07T07:36:00","guid":{"rendered":"https:\/\/livinghome.vn\/thiet-bi\/?post_type=product&#038;p=21879"},"modified":"2024-11-29T14:18:45","modified_gmt":"2024-11-29T07:18:45","slug":"may-loc-khong-khi-malloca-map-08b","status":"publish","type":"product","link":"https:\/\/livinghome.vn\/thiet-bi\/may-loc-khong-khi-malloca-map-08b\/","title":{"rendered":"M\u00e1y L\u1ecdc Kh\u00f4ng Kh\u00ed Malloca MAP-08B"},"content":{"rendered":"<h2>M\u00e1y L\u1ecdc Kh\u00f4ng Kh\u00ed Malloca MAP-08B<\/h2>\n<figure id=\"attachment_21884\" aria-describedby=\"caption-attachment-21884\" style=\"width: 900px\" class=\"wp-caption aligncenter\"><img loading=\"lazy\" decoding=\"async\" class=\"size-full wp-image-21884\" src=\"https:\/\/livinghome.vn\/thiet-bi\/wp-content\/uploads\/2024\/05\/may-loc-khong-khi-malloca-map-08b-3.jpg\" alt=\"M\u00e1y L\u1ecdc Kh\u00f4ng Kh\u00ed Malloca MAP-08B\" width=\"900\" height=\"900\" title=\"\" srcset=\"https:\/\/livinghome.vn\/thiet-bi\/wp-content\/uploads\/2024\/05\/may-loc-khong-khi-malloca-map-08b-3.jpg 900w, https:\/\/livinghome.vn\/thiet-bi\/wp-content\/uploads\/2024\/05\/may-loc-khong-khi-malloca-map-08b-3-400x400.jpg 400w, https:\/\/livinghome.vn\/thiet-bi\/wp-content\/uploads\/2024\/05\/may-loc-khong-khi-malloca-map-08b-3-800x800.jpg 800w, https:\/\/livinghome.vn\/thiet-bi\/wp-content\/uploads\/2024\/05\/may-loc-khong-khi-malloca-map-08b-3-280x280.jpg 280w, https:\/\/livinghome.vn\/thiet-bi\/wp-content\/uploads\/2024\/05\/may-loc-khong-khi-malloca-map-08b-3-768x768.jpg 768w, https:\/\/livinghome.vn\/thiet-bi\/wp-content\/uploads\/2024\/05\/may-loc-khong-khi-malloca-map-08b-3-300x300.jpg 300w, https:\/\/livinghome.vn\/thiet-bi\/wp-content\/uploads\/2024\/05\/may-loc-khong-khi-malloca-map-08b-3-600x600.jpg 600w, https:\/\/livinghome.vn\/thiet-bi\/wp-content\/uploads\/2024\/05\/may-loc-khong-khi-malloca-map-08b-3-100x100.jpg 100w\" sizes=\"auto, (max-width: 900px) 100vw, 900px\" \/><figcaption id=\"caption-attachment-21884\" class=\"wp-caption-text\">M\u00e1y L\u1ecdc Kh\u00f4ng Kh\u00ed Malloca MAP-08B<\/figcaption><\/figure>\n<h3>T\u00ednh n\u0103ng c\u01a1 b\u1ea3n<\/h3>\n<p>M\u00e1y l\u1ecdc kh\u00f4ng kh\u00ed<\/p>\n<p>B\u1ed9 l\u1ecdc t\u1ed5ng h\u1ee3p 3 trong 1 g\u1ed3m: m\u00e0ng ch\u1ed1ng vi khu\u1ea9n, m\u00e0ng HEPA, m\u00e0ng than ho\u1ea1t t\u00ednh<\/p>\n<p>Hi\u1ec3n th\u1ecb th\u00f4ng s\u1ed1 tr\u00ean m\u00e0n h\u00ecnh LED<\/p>\n<p>5 t\u1ed1c \u0111\u1ed9 ho\u1ea1t \u0111\u1ed9ng<\/p>\n<p>3 ch\u1ebf \u0111\u1ed9: T\u1ef1 \u0111\u1ed9ng, t\u0103ng c\u01b0\u1eddng , ban \u0111\u00eam<\/p>\n<p>C\u00f3 remote \u0111i\u1ec1u khi\u1ec3n t\u1eeb xa<\/p>\n<p>Ch\u1ee9c n\u0103ng h\u1eb9n gi\u1edd<\/p>\n<p>Ch\u1ee9c n\u0103ng \u0111i\u1ec1u khi\u1ec3n Smarthome \u2013 Imundex Smarthome ho\u1eb7c Wiser by SE<\/p>\n<p>Ch\u1ee9c n\u0103ng nh\u1eafc nh\u1edf thay th\u1ebf t\u1ea5m l\u1ecdc<\/p>\n<p>Ch\u1ee9c n\u0103ng kh\u1eed tr\u00f9ng b\u1eb1ng ion \u00e2m v\u00e0 UV<\/p>\n<p>Ch\u1ee9c n\u0103ng kh\u00f3a tr\u1ebb em<\/p>\n<p>C\u00f4ng su\u1ea5t: 50W<\/p>\n<p>\u0110\u1ed9 \u1ed3n (T\u1ed1i \u0111a): 63dB (A)\u201d.<\/p>\n<p>Di\u1ec7n t\u00edch kh\u1ea3 d\u1ee5ng: 62 m2<\/p>\n<p>K\u00edch th\u01b0\u1edbc: 300 x 300 x 587 mm<\/p>\n<p>Tr\u1ecdng l\u01b0\u1ee3ng: 5.8kg<\/p>\n<figure id=\"attachment_21885\" aria-describedby=\"caption-attachment-21885\" style=\"width: 900px\" class=\"wp-caption aligncenter\"><img loading=\"lazy\" decoding=\"async\" class=\"size-full wp-image-21885\" src=\"https:\/\/livinghome.vn\/thiet-bi\/wp-content\/uploads\/2024\/05\/may-loc-khong-khi-malloca-map-08b-4.jpg\" alt=\"M\u00e1y L\u1ecdc Kh\u00f4ng Kh\u00ed Malloca MAP-08B\" width=\"900\" height=\"900\" title=\"\" srcset=\"https:\/\/livinghome.vn\/thiet-bi\/wp-content\/uploads\/2024\/05\/may-loc-khong-khi-malloca-map-08b-4.jpg 900w, https:\/\/livinghome.vn\/thiet-bi\/wp-content\/uploads\/2024\/05\/may-loc-khong-khi-malloca-map-08b-4-400x400.jpg 400w, https:\/\/livinghome.vn\/thiet-bi\/wp-content\/uploads\/2024\/05\/may-loc-khong-khi-malloca-map-08b-4-800x800.jpg 800w, https:\/\/livinghome.vn\/thiet-bi\/wp-content\/uploads\/2024\/05\/may-loc-khong-khi-malloca-map-08b-4-280x280.jpg 280w, https:\/\/livinghome.vn\/thiet-bi\/wp-content\/uploads\/2024\/05\/may-loc-khong-khi-malloca-map-08b-4-768x768.jpg 768w, https:\/\/livinghome.vn\/thiet-bi\/wp-content\/uploads\/2024\/05\/may-loc-khong-khi-malloca-map-08b-4-300x300.jpg 300w, https:\/\/livinghome.vn\/thiet-bi\/wp-content\/uploads\/2024\/05\/may-loc-khong-khi-malloca-map-08b-4-600x600.jpg 600w, https:\/\/livinghome.vn\/thiet-bi\/wp-content\/uploads\/2024\/05\/may-loc-khong-khi-malloca-map-08b-4-100x100.jpg 100w\" sizes=\"auto, (max-width: 900px) 100vw, 900px\" \/><figcaption id=\"caption-attachment-21885\" class=\"wp-caption-text\">M\u00e1y L\u1ecdc Kh\u00f4ng Kh\u00ed Malloca MAP-08B<\/figcaption><\/figure>\n<h3>Xu\u1ea5t x\u1ee9 : Trung Qu\u1ed1c (theo b\u1ea3n quy\u1ec1n Malloca)<\/h3>\n<p>&nbsp;<\/p>\n","protected":false},"excerpt":{"rendered":"<h2>M\u00e1y L\u1ecdc Kh\u00f4ng Kh\u00ed Malloca MAP-08B<\/h2>\n<ul>\n<li>M\u00e1y l\u1ecdc kh\u00f4ng kh\u00ed<\/li>\n<li>\u0110i\u1ec1u khi\u1ec3n Smarthome<\/li>\n<li>Kh\u1eed tr\u00f9ng b\u1eb1ng ion \u00e2m v\u00e0 UV<\/li>\n<li>C\u00f4ng su\u1ea5t: 50W<\/li>\n<\/ul>\n","protected":false},"featured_media":21882,"comment_status":"open","ping_status":"closed","template":"","meta":[],"product_brand":[],"product_cat":[463,262],"product_tag":[245,539],"class_list":{"0":"post-21879","1":"product","2":"type-product","3":"status-publish","4":"has-post-thumbnail","6":"product_cat-may-loc-khong-khi","7":"product_cat-thuong-hieu-malloca","8":"product_tag-may-loc-khong-khi","9":"product_tag-may-loc-khong-khi-malloca","11":"first","12":"instock","13":"sale","14":"shipping-taxable","15":"purchasable","16":"product-type-simple"},"_links":{"self":[{"href":"https:\/\/livinghome.vn\/thiet-bi\/wp-json\/wp\/v2\/product\/21879","targetHints":{"allow":["GET"]}}],"collection":[{"href":"https:\/\/livinghome.vn\/thiet-bi\/wp-json\/wp\/v2\/product"}],"about":[{"href":"https:\/\/livinghome.vn\/thiet-bi\/wp-json\/wp\/v2\/types\/product"}],"replies":[{"embeddable":true,"href":"https:\/\/livinghome.vn\/thiet-bi\/wp-json\/wp\/v2\/comments?post=21879"}],"wp:featuredmedia":[{"embeddable":true,"href":"https:\/\/livinghome.vn\/thiet-bi\/wp-json\/wp\/v2\/media\/21882"}],"wp:attachment":[{"href":"https:\/\/livinghome.vn\/thiet-bi\/wp-json\/wp\/v2\/media?parent=21879"}],"wp:term":[{"taxonomy":"product_brand","embeddable":true,"href":"https:\/\/livinghome.vn\/thiet-bi\/wp-json\/wp\/v2\/product_brand?post=21879"},{"taxonomy":"product_cat","embeddable":true,"href":"https:\/\/livinghome.vn\/thiet-bi\/wp-json\/wp\/v2\/product_cat?post=21879"},{"taxonomy":"product_tag","embeddable":true,"href":"https:\/\/livinghome.vn\/thiet-bi\/wp-json\/wp\/v2\/product_tag?post=21879"}],"curies":[{"name":"wp","href":"https:\/\/api.w.org\/{rel}","templated":true}]}}