{"id":2186,"date":"2023-01-12T16:47:09","date_gmt":"2023-01-12T16:47:09","guid":{"rendered":"https:\/\/livinghome.vn\/thiet-bi\/?post_type=product&#038;p=2186"},"modified":"2024-11-29T14:20:32","modified_gmt":"2024-11-29T07:20:32","slug":"may-say-chen-teka-cp-15-gs-cao-cap-an-toan-6-bo-chen-dia","status":"publish","type":"product","link":"https:\/\/livinghome.vn\/thiet-bi\/may-say-chen-teka-cp-15-gs-cao-cap-an-toan-6-bo-chen-dia\/","title":{"rendered":"M\u00e1y s\u1ea5y ch\u00e9n Teka CP 15 GS cao c\u1ea5p an to\u00e0n 6 b\u1ed9 ch\u00e9n d\u0129a"},"content":{"rendered":"<h3>M\u00e1y s\u1ea5y ch\u00e9n Teka CP 15 GS cao c\u1ea5p an to\u00e0n 6 b\u1ed9 ch\u00e9n d\u0129a<\/h3>\n<figure id=\"attachment_65841\" aria-describedby=\"caption-attachment-65841\" style=\"width: 900px\" class=\"wp-caption alignnone\"><img loading=\"lazy\" decoding=\"async\" class=\"wp-image-65841\" src=\"https:\/\/livinghome.vn\/thiet-bi\/wp-content\/uploads\/nha-bep\/teka\/lo-nuong\/may-ham-nong-chen-dia-teka-cp-15-gs\/may-ham-nong-chen-dia-teka-cp-15-gs-3.jpg\" alt=\"M\u00e1y h\u00e2m n\u00f3ng ch\u00e9n d\u0129a Teka CP 15 GS cao c\u1ea5p an to\u00e0n 6 b\u1ed9 ch\u00e9n d\u0129a\" width=\"900\" height=\"506\" title=\"\"><figcaption id=\"caption-attachment-65841\" class=\"wp-caption-text\">M\u00e1y h\u00e2m n\u00f3ng ch\u00e9n d\u0129a Teka CP 15 GS cao c\u1ea5p an to\u00e0n 6 b\u1ed9 ch\u00e9n d\u0129a<\/figcaption><\/figure>\n<p>M\u00e1y h\u00e2m n\u00f3ng ch\u00e9n d\u0129a Teka CP 15 GS l\u00e0 s\u1ea3n ph\u1ea9m cao c\u1ea5p, sang tr\u1ecdng mang \u0111\u1eadm phong c\u00e1ch ch\u00e2u \u00c2u c\u1ee7a th\u01b0\u01a1ng hi\u1ec7u Teka. V\u1edbi thi\u1ebft k\u1ebf nh\u1ecf g\u1ecdn, k\u1ebft h\u1ee3p v\u1edbi m\u00e0u s\u1eafc b\u1eaft m\u1eaft, s\u1ebd t\u00f4 \u0111i\u1ec3m cho kh\u00f4ng gian b\u1ebfp nh\u00e0 b\u1ea1n.<\/p>\n<h3>T\u00ednh n\u0103ng c\u01a1 b\u1ea3n<\/h3>\n<ul>\n<li><a href=\"https:\/\/livinghome.vn\/thiet-bi\/may-say-chen\/\">M\u00e1y s\u1ea5y ch\u00e9n<\/a> &#8211; M\u00e1y h\u00e2m n\u00f3ng ch\u00e9n d\u0129a<\/li>\n<li>M\u1ee9c nhi\u1ec7t \u0111\u1ed9 (30\u00ba-80\u00ba)<\/li>\n<li>Dung t\u00edch ch\u1ee9a: 6 b\u1ed9 ch\u00e9n d\u0129a<\/li>\n<li>H\u1ec7 th\u1ed1ng \u1ea5n m\u1edf c\u1eeda<\/li>\n<li>\u0110\u1ebf ch\u1ed1ng tr\u01b0\u1ee3t<\/li>\n<li>C\u1eeda gi\u1ea3m ch\u1ea5n<\/li>\n<li>B\u1ed9 \u0111i\u1ec1u nhi\u1ec7t an to\u00e0n<\/li>\n<li>N\u00fat c\u00f4ng t\u1eaft \u1ea5n m\u1edf ngu\u1ed3n c\u00f3 \u0111\u00e8n chi\u1ebfu s\u00e1ng<\/li>\n<\/ul>\n<figure id=\"attachment_65842\" aria-describedby=\"caption-attachment-65842\" style=\"width: 900px\" class=\"wp-caption alignnone\"><img loading=\"lazy\" decoding=\"async\" class=\"wp-image-65842\" src=\"https:\/\/livinghome.vn\/thiet-bi\/wp-content\/uploads\/nha-bep\/teka\/lo-nuong\/may-ham-nong-chen-dia-teka-cp-15-gs\/may-ham-nong-chen-dia-teka-cp-15-gs-2.jpg\" alt=\"M\u00e1y h\u00e2m n\u00f3ng ch\u00e9n d\u0129a Teka CP 15 GS cao c\u1ea5p an to\u00e0n 6 b\u1ed9 ch\u00e9n d\u0129a\" width=\"900\" height=\"506\" title=\"\"><figcaption id=\"caption-attachment-65842\" class=\"wp-caption-text\">M\u00e1y h\u00e2m n\u00f3ng ch\u00e9n d\u0129a Teka CP 15 GS cao c\u1ea5p an to\u00e0n 6 b\u1ed9 ch\u00e9n d\u0129a<\/figcaption><\/figure>\n<p>\u0110\u1eb7c bi\u1ec7t l\u00e0 m\u00e1y h\u00e2m n\u00f3ng ch\u00e9n d\u0129a\u00a0CP 15<a href=\"https:\/\/hsn.vn\/san-pham\/may-ham-nong-chen-dia-teka-cp-15-gs\" data-mce-tmp=\"1\" data-cke-saved-href=\"https:\/\/hsn.vn\/san-pham\/may-ham-nong-chen-dia-teka-cp-15-gs\" data-cke-saved- rel=\"nofollow noopener\" target=\"_blank\">\u00a0<\/a>GS\u00a0v\u1edbi ch\u1ea5t li\u1ec7u an to\u00e0n v\u00e0 thi\u1ebft k\u1ebf nh\u1ecf g\u1ecdn s\u1ebd l\u00e0 s\u1ef1 l\u1ef1a ch\u1ecdn ho\u00e0n h\u1ea3o cho gia \u0111\u00ecnh b\u1ea1n.<\/p>\n<h3>Th\u00f4ng s\u1ed1 k\u1ef9 thu\u1eadt<\/h3>\n<ul>\n<li>Dung t\u00edch: 6 b\u1ed9 ch\u00e9n d\u0129a<\/li>\n<\/ul>\n<h4 class=\"et_pb_toggle_title\">K\u00edch th\u01b0\u1edbc chung<\/h4>\n<div class=\"et_pb_toggle_content clearfix\">\n<ul>\n<li>Chi\u1ec1u cao(mm):\u00a0140<\/li>\n<li>Chi\u1ec1u r\u1ed9ng (mm):\u00a0595<\/li>\n<li>\u0110\u1ed9 s\u00e2u (mm):\u00a0557<\/li>\n<li>Tr\u1ecdng l\u01b0\u1ee3ng (Kgs):\u00a018<\/li>\n<\/ul>\n<h4 class=\"et_pb_toggle_title\"><span style=\"font-size: 14.4px;\">K\u1ebft n\u1ed1i \u0111i\u1ec7n<\/span><\/h4>\n<div class=\"et_pb_toggle_content clearfix\">\n<div class=\"et_pb_toggle_content clearfix\">\n<ul>\n<li>C\u00f4ng su\u1ea5t ti\u00eau chu\u1ea9n t\u1ed1i \u0111a (W):\u00a0420<\/li>\n<li>T\u1ea7n s\u1ed1 (Hz):\u00a050-60<\/li>\n<li>Chi\u1ec1u d\u00e0i d\u00e2y c\u00e1p (cm):\u00a0110<\/li>\n<\/ul>\n<h4 class=\"et_pb_toggle_title\">K\u00edch th\u01b0\u1edbc trong khoang \u0111\u00f4i<\/h4>\n<div class=\"et_pb_toggle_content clearfix\">\n<ul>\n<li>Chi\u1ec1u cao b\u00ean trong (mm):\u00a0100<\/li>\n<li>Chi\u1ec1u r\u1ed9ng b\u00ean trong (mm):\u00a0470<\/li>\n<li>\u0110\u1ed9 s\u00e2u b\u00ean trong (mm):\u00a0500<\/li>\n<\/ul>\n<figure id=\"attachment_66910\" aria-describedby=\"caption-attachment-66910\" style=\"width: 800px\" class=\"wp-caption alignnone\"><img loading=\"lazy\" decoding=\"async\" class=\"wp-image-66910 size-large\" src=\"https:\/\/livinghome.vn\/thiet-bi\/wp-content\/uploads\/nha-bep\/teka\/lo-nuong\/may-ham-nong-chen-dia-teka-cp-15-gs\/may-ham-nong-chen-dia-teka-cp-15-gs-5-800x800.jpg\" alt=\"M\u00e1y h\u00e2m n\u00f3ng ch\u00e9n d\u0129a Teka CP 15 GS cao c\u1ea5p an to\u00e0n 6 b\u1ed9 ch\u00e9n d\u0129a\" width=\"800\" height=\"800\" title=\"\"><figcaption id=\"caption-attachment-66910\" class=\"wp-caption-text\">M\u00e1y h\u00e2m n\u00f3ng ch\u00e9n d\u0129a Teka CP 15 GS cao c\u1ea5p an to\u00e0n 6 b\u1ed9 ch\u00e9n d\u0129a<\/figcaption><\/figure>\n<p>M\u00e1y\u00a0th\u00edch h\u1ee3p khi l\u1eafp \u0111\u1eb7t c\u00f9ng l\u00f2 n\u01b0\u1edbng ho\u1eb7c l\u00f2 vi s\u00f3ng, m\u00e1y \u0111\u01b0\u1ee3c h\u00e3ng Teka s\u1ea3n xu\u1ea5t v\u00e0 thi\u1ebft k\u1ebf v\u1edbi ki\u1ec3u d\u00e1ng hi\u1ec7n \u0111\u1ea1i, l\u1eafp \u0111\u1eb7t \u00e2m t\u1ee7 trong m\u1ecdi kh\u00f4ng gian b\u1ebfp.Thi\u1ebft b\u1ecb gi\u00fap s\u1ea5y kh\u00f4 b\u00e1t ch\u00e9n v\u00e0 gi\u00fap \u0111\u1ea3m b\u1ea3o v\u1ec7 sinh cho c\u00e1c v\u1eadt d\u1ee5ng b\u1ebfp.<\/p>\n<\/div>\n<\/div>\n<\/div>\n<\/div>\n<h3>Xu\u1ea5t x\u1ee9: B\u1ed3 \u0110\u00e0o Nha<\/h3>\n<div><\/div>\n","protected":false},"excerpt":{"rendered":"<div id=\"product-title\" class=\"et_pb_module et_pb_text et_pb_bg_layout_light et_pb_text_align_left\">\n<div class=\"et_pb_text_inner\">\n<h1>M\u00e1y h\u00e2m n\u00f3ng ch\u00e9n d\u0129a<\/h1>\n<\/div>\n<\/div>\n<div class=\"et_pb_module et_pb_text et_pb_text_1 et_pb_bg_layout_light et_pb_text_align_left\">\n<div class=\"et_pb_text_inner\">\n<div id=\"product-content\">\n<ul>\n<li>Dung t\u00edch ch\u1ee9a: 6 b\u1ed9 ch\u00e9n d\u0129a<\/li>\n<li>Thanh tr\u01b0\u1ee3t c\u00f3 th\u1ec3 th\u00e1o r\u1eddi<\/li>\n<li>B\u1ed9 \u0111i\u1ec1u ch\u1ec9nh nhi\u1ec7t (30\u00baC \/ 86\u00baF &#8211; 80\u00baC\/ 176\u00baF)<\/li>\n<\/ul>\n<\/div>\n<\/div>\n<\/div>\n","protected":false},"featured_media":2352,"comment_status":"open","ping_status":"closed","template":"","meta":[],"product_brand":[],"product_cat":[144,311],"product_tag":[145,337,338,313],"class_list":{"0":"post-2186","1":"product","2":"type-product","3":"status-publish","4":"has-post-thumbnail","6":"product_cat-may-say-chen-bat","7":"product_cat-thuong-hieu-teka","8":"product_tag-may-say-chen","9":"product_tag-may-say-chen-am-teka","10":"product_tag-may-say-chen-teka","11":"product_tag-teka","13":"first","14":"instock","15":"sale","16":"shipping-taxable","17":"purchasable","18":"product-type-simple"},"_links":{"self":[{"href":"https:\/\/livinghome.vn\/thiet-bi\/wp-json\/wp\/v2\/product\/2186","targetHints":{"allow":["GET"]}}],"collection":[{"href":"https:\/\/livinghome.vn\/thiet-bi\/wp-json\/wp\/v2\/product"}],"about":[{"href":"https:\/\/livinghome.vn\/thiet-bi\/wp-json\/wp\/v2\/types\/product"}],"replies":[{"embeddable":true,"href":"https:\/\/livinghome.vn\/thiet-bi\/wp-json\/wp\/v2\/comments?post=2186"}],"wp:featuredmedia":[{"embeddable":true,"href":"https:\/\/livinghome.vn\/thiet-bi\/wp-json\/wp\/v2\/media\/2352"}],"wp:attachment":[{"href":"https:\/\/livinghome.vn\/thiet-bi\/wp-json\/wp\/v2\/media?parent=2186"}],"wp:term":[{"taxonomy":"product_brand","embeddable":true,"href":"https:\/\/livinghome.vn\/thiet-bi\/wp-json\/wp\/v2\/product_brand?post=2186"},{"taxonomy":"product_cat","embeddable":true,"href":"https:\/\/livinghome.vn\/thiet-bi\/wp-json\/wp\/v2\/product_cat?post=2186"},{"taxonomy":"product_tag","embeddable":true,"href":"https:\/\/livinghome.vn\/thiet-bi\/wp-json\/wp\/v2\/product_tag?post=2186"}],"curies":[{"name":"wp","href":"https:\/\/api.w.org\/{rel}","templated":true}]}}