{"id":21811,"date":"2024-05-07T13:18:48","date_gmt":"2024-05-07T06:18:48","guid":{"rendered":"https:\/\/livinghome.vn\/thiet-bi\/?post_type=product&#038;p=21811"},"modified":"2024-11-29T14:18:47","modified_gmt":"2024-11-29T07:18:47","slug":"voi-rua-chen-malloca-luxsteel-k088-cs","status":"publish","type":"product","link":"https:\/\/livinghome.vn\/thiet-bi\/voi-rua-chen-malloca-luxsteel-k088-cs\/","title":{"rendered":"V\u00f2i R\u1eeda Ch\u00e9n Malloca Luxsteel K088-CS"},"content":{"rendered":"<h2>V\u00f2i R\u1eeda Ch\u00e9n Malloca Luxsteel K088-CS<\/h2>\n<figure id=\"attachment_21814\" aria-describedby=\"caption-attachment-21814\" style=\"width: 900px\" class=\"wp-caption aligncenter\"><img loading=\"lazy\" decoding=\"async\" class=\"size-full wp-image-21814\" src=\"https:\/\/livinghome.vn\/thiet-bi\/wp-content\/uploads\/2024\/05\/voi-rua-chen-malloca-luxsteel-k088-cs-3.jpg\" alt=\"V\u00f2i R\u1eeda Ch\u00e9n Malloca Luxsteel K088-CS\" width=\"900\" height=\"900\" title=\"\" srcset=\"https:\/\/livinghome.vn\/thiet-bi\/wp-content\/uploads\/2024\/05\/voi-rua-chen-malloca-luxsteel-k088-cs-3.jpg 900w, https:\/\/livinghome.vn\/thiet-bi\/wp-content\/uploads\/2024\/05\/voi-rua-chen-malloca-luxsteel-k088-cs-3-400x400.jpg 400w, https:\/\/livinghome.vn\/thiet-bi\/wp-content\/uploads\/2024\/05\/voi-rua-chen-malloca-luxsteel-k088-cs-3-800x800.jpg 800w, https:\/\/livinghome.vn\/thiet-bi\/wp-content\/uploads\/2024\/05\/voi-rua-chen-malloca-luxsteel-k088-cs-3-280x280.jpg 280w, https:\/\/livinghome.vn\/thiet-bi\/wp-content\/uploads\/2024\/05\/voi-rua-chen-malloca-luxsteel-k088-cs-3-768x768.jpg 768w, https:\/\/livinghome.vn\/thiet-bi\/wp-content\/uploads\/2024\/05\/voi-rua-chen-malloca-luxsteel-k088-cs-3-300x300.jpg 300w, https:\/\/livinghome.vn\/thiet-bi\/wp-content\/uploads\/2024\/05\/voi-rua-chen-malloca-luxsteel-k088-cs-3-600x600.jpg 600w, https:\/\/livinghome.vn\/thiet-bi\/wp-content\/uploads\/2024\/05\/voi-rua-chen-malloca-luxsteel-k088-cs-3-100x100.jpg 100w\" sizes=\"auto, (max-width: 900px) 100vw, 900px\" \/><figcaption id=\"caption-attachment-21814\" class=\"wp-caption-text\">V\u00f2i R\u1eeda Ch\u00e9n Malloca Luxsteel K088-CS<\/figcaption><\/figure>\n<h3>T\u00ednh n\u0103ng c\u01a1 b\u1ea3n<\/h3>\n<p>V\u00f2i r\u1eeda ch\u00e9n &#8211; d\u00e2y l\u00f2 xo<\/p>\n<p>Hai ngu\u1ed3n: n\u00f3ng, l\u1ea1nh<\/p>\n<p>Ch\u1ea5t li\u1ec7u: Inox 304<\/p>\n<p>B\u1ed9 l\u1ecdc t\u1ea1o b\u1ecdt, ch\u1ed1ng v\u0103ng n\u01b0\u1edbc<\/p>\n<p>C\u00f4ng ngh\u1ec7 Dual-Spray<\/p>\n<figure id=\"attachment_21813\" aria-describedby=\"caption-attachment-21813\" style=\"width: 900px\" class=\"wp-caption aligncenter\"><img loading=\"lazy\" decoding=\"async\" class=\"size-full wp-image-21813\" src=\"https:\/\/livinghome.vn\/thiet-bi\/wp-content\/uploads\/2024\/05\/voi-rua-chen-malloca-luxsteel-k088-cs-2.jpg\" alt=\"V\u00f2i R\u1eeda Ch\u00e9n Malloca Luxsteel K088-CS\" width=\"900\" height=\"900\" title=\"\" srcset=\"https:\/\/livinghome.vn\/thiet-bi\/wp-content\/uploads\/2024\/05\/voi-rua-chen-malloca-luxsteel-k088-cs-2.jpg 900w, https:\/\/livinghome.vn\/thiet-bi\/wp-content\/uploads\/2024\/05\/voi-rua-chen-malloca-luxsteel-k088-cs-2-400x400.jpg 400w, https:\/\/livinghome.vn\/thiet-bi\/wp-content\/uploads\/2024\/05\/voi-rua-chen-malloca-luxsteel-k088-cs-2-800x800.jpg 800w, https:\/\/livinghome.vn\/thiet-bi\/wp-content\/uploads\/2024\/05\/voi-rua-chen-malloca-luxsteel-k088-cs-2-280x280.jpg 280w, https:\/\/livinghome.vn\/thiet-bi\/wp-content\/uploads\/2024\/05\/voi-rua-chen-malloca-luxsteel-k088-cs-2-768x768.jpg 768w, https:\/\/livinghome.vn\/thiet-bi\/wp-content\/uploads\/2024\/05\/voi-rua-chen-malloca-luxsteel-k088-cs-2-300x300.jpg 300w, https:\/\/livinghome.vn\/thiet-bi\/wp-content\/uploads\/2024\/05\/voi-rua-chen-malloca-luxsteel-k088-cs-2-600x600.jpg 600w, https:\/\/livinghome.vn\/thiet-bi\/wp-content\/uploads\/2024\/05\/voi-rua-chen-malloca-luxsteel-k088-cs-2-100x100.jpg 100w\" sizes=\"auto, (max-width: 900px) 100vw, 900px\" \/><figcaption id=\"caption-attachment-21813\" class=\"wp-caption-text\">V\u00f2i R\u1eeda Ch\u00e9n Malloca Luxsteel K088-CS<\/figcaption><\/figure>\n<h3>Xu\u1ea5t x\u1ee9: Trung Qu\u1ed1c (theo b\u1ea3n quy\u1ec1n Malloca)<\/h3>\n","protected":false},"excerpt":{"rendered":"<h2>V\u00f2i R\u1eeda Ch\u00e9n Malloca Luxsteel K088-CS<\/h2>\n<ul>\n<li>V\u00f2i r\u1eeda ch\u00e9n &#8211; d\u00e2y l\u00f2 xo<\/li>\n<li>Hai ngu\u1ed3n: n\u00f3ng, l\u1ea1nh<\/li>\n<li>Ch\u1ea5t li\u1ec7u: Inox 304<\/li>\n<li>B\u1ed9 l\u1ecdc t\u1ea1o b\u1ecdt, ch\u1ed1ng v\u0103ng n\u01b0\u1edbc<\/li>\n<li>C\u00f4ng ngh\u1ec7 Dual-Spray<\/li>\n<\/ul>\n","protected":false},"featured_media":21812,"comment_status":"open","ping_status":"closed","template":"","meta":[],"product_brand":[],"product_cat":[262,150,1823],"product_tag":[152,1824,1825],"class_list":{"0":"post-21811","1":"product","2":"type-product","3":"status-publish","4":"has-post-thumbnail","6":"product_cat-thuong-hieu-malloca","7":"product_cat-voi-rua-chen","8":"product_cat-voi-rua-chen-bat-malloca","9":"product_tag-voi-rua-chen","10":"product_tag-voi-rua-chen-bat","11":"product_tag-voi-rua-chen-bat-malloca","13":"first","14":"instock","15":"sale","16":"shipping-taxable","17":"purchasable","18":"product-type-simple"},"_links":{"self":[{"href":"https:\/\/livinghome.vn\/thiet-bi\/wp-json\/wp\/v2\/product\/21811","targetHints":{"allow":["GET"]}}],"collection":[{"href":"https:\/\/livinghome.vn\/thiet-bi\/wp-json\/wp\/v2\/product"}],"about":[{"href":"https:\/\/livinghome.vn\/thiet-bi\/wp-json\/wp\/v2\/types\/product"}],"replies":[{"embeddable":true,"href":"https:\/\/livinghome.vn\/thiet-bi\/wp-json\/wp\/v2\/comments?post=21811"}],"wp:featuredmedia":[{"embeddable":true,"href":"https:\/\/livinghome.vn\/thiet-bi\/wp-json\/wp\/v2\/media\/21812"}],"wp:attachment":[{"href":"https:\/\/livinghome.vn\/thiet-bi\/wp-json\/wp\/v2\/media?parent=21811"}],"wp:term":[{"taxonomy":"product_brand","embeddable":true,"href":"https:\/\/livinghome.vn\/thiet-bi\/wp-json\/wp\/v2\/product_brand?post=21811"},{"taxonomy":"product_cat","embeddable":true,"href":"https:\/\/livinghome.vn\/thiet-bi\/wp-json\/wp\/v2\/product_cat?post=21811"},{"taxonomy":"product_tag","embeddable":true,"href":"https:\/\/livinghome.vn\/thiet-bi\/wp-json\/wp\/v2\/product_tag?post=21811"}],"curies":[{"name":"wp","href":"https:\/\/api.w.org\/{rel}","templated":true}]}}