{"id":21762,"date":"2024-05-07T11:00:44","date_gmt":"2024-05-07T04:00:44","guid":{"rendered":"https:\/\/livinghome.vn\/thiet-bi\/?post_type=product&#038;p=21762"},"modified":"2024-11-29T14:18:47","modified_gmt":"2024-11-29T07:18:47","slug":"chau-rua-chen-malloca-ms-6303-wst","status":"publish","type":"product","link":"https:\/\/livinghome.vn\/thiet-bi\/chau-rua-chen-malloca-ms-6303-wst\/","title":{"rendered":"Ch\u1eadu R\u1eeda Ch\u00e9n Malloca MS 6303 WST"},"content":{"rendered":"<h2>Ch\u1eadu R\u1eeda Ch\u00e9n Malloca MS 6303 WST<\/h2>\n<figure id=\"attachment_21767\" aria-describedby=\"caption-attachment-21767\" style=\"width: 900px\" class=\"wp-caption aligncenter\"><img loading=\"lazy\" decoding=\"async\" class=\"size-full wp-image-21767\" src=\"https:\/\/livinghome.vn\/thiet-bi\/wp-content\/uploads\/2024\/05\/chau-rua-chen-malloca-ms-6303-wst-2.jpg\" alt=\"Ch\u1eadu R\u1eeda Ch\u00e9n Malloca MS 6303 WST\" width=\"900\" height=\"900\" title=\"\" srcset=\"https:\/\/livinghome.vn\/thiet-bi\/wp-content\/uploads\/2024\/05\/chau-rua-chen-malloca-ms-6303-wst-2.jpg 900w, https:\/\/livinghome.vn\/thiet-bi\/wp-content\/uploads\/2024\/05\/chau-rua-chen-malloca-ms-6303-wst-2-400x400.jpg 400w, https:\/\/livinghome.vn\/thiet-bi\/wp-content\/uploads\/2024\/05\/chau-rua-chen-malloca-ms-6303-wst-2-800x800.jpg 800w, https:\/\/livinghome.vn\/thiet-bi\/wp-content\/uploads\/2024\/05\/chau-rua-chen-malloca-ms-6303-wst-2-280x280.jpg 280w, https:\/\/livinghome.vn\/thiet-bi\/wp-content\/uploads\/2024\/05\/chau-rua-chen-malloca-ms-6303-wst-2-768x768.jpg 768w, https:\/\/livinghome.vn\/thiet-bi\/wp-content\/uploads\/2024\/05\/chau-rua-chen-malloca-ms-6303-wst-2-300x300.jpg 300w, https:\/\/livinghome.vn\/thiet-bi\/wp-content\/uploads\/2024\/05\/chau-rua-chen-malloca-ms-6303-wst-2-600x600.jpg 600w, https:\/\/livinghome.vn\/thiet-bi\/wp-content\/uploads\/2024\/05\/chau-rua-chen-malloca-ms-6303-wst-2-100x100.jpg 100w\" sizes=\"auto, (max-width: 900px) 100vw, 900px\" \/><figcaption id=\"caption-attachment-21767\" class=\"wp-caption-text\">Ch\u1eadu R\u1eeda Ch\u00e9n Malloca MS 6303 WST<\/figcaption><\/figure>\n<h3>T\u00ednh n\u0103ng c\u01a1 b\u1ea3n<\/h3>\n<p>D\u00f2ng s\u1ea3n ph\u1ea9m m\u1edbi ch\u1ebf t\u1ea1o b\u00e1n th\u1ee7 c\u00f4ng<\/p>\n<p>Th\u00e9p kh\u00f4ng r\u1ec9 304<\/p>\n<p>\u0110\u1ed9 d\u00e0y 1.2mm \u2013 4mm<\/p>\n<p>T\u00edch h\u1ee3p v\u00f2i phun tr\u00e1ng ly<\/p>\n<p>R\u1ed5 l\u1ecdc r\u00e1c b\u1eb1ng inox ti\u1ec7n l\u1ee3i<\/p>\n<p>B\u1ed9 x\u1ea3 th\u00f4ng minh ng\u0103n m\u00f9i hi\u1ec7u qu\u1ea3<\/p>\n<p>L\u1edbp ch\u1ed1ng \u1ed3n v\u00e0 ch\u1ed1ng ng\u01b0ng t\u1ee5 n\u01b0\u1edbc d\u01b0\u1edbi \u0111\u00e1y ch\u1eadu<\/p>\n<h3>Th\u00f4ng s\u1ed1 k\u1ef9 thu\u1eadt<\/h3>\n<p>K\u00edch th\u01b0\u1edbc: W800 x D440 x H230mm<\/p>\n<p>K\u00edch th\u01b0\u1edbc c\u1eaft \u0111\u00e1: W780 x D420mm<\/p>\n<figure id=\"attachment_21768\" aria-describedby=\"caption-attachment-21768\" style=\"width: 900px\" class=\"wp-caption aligncenter\"><img loading=\"lazy\" decoding=\"async\" class=\"size-full wp-image-21768\" src=\"https:\/\/livinghome.vn\/thiet-bi\/wp-content\/uploads\/2024\/05\/chau-rua-chen-malloca-ms-6303-wst-3.jpg\" alt=\"Ch\u1eadu R\u1eeda Ch\u00e9n Malloca MS 6303 WST\" width=\"900\" height=\"900\" title=\"\" srcset=\"https:\/\/livinghome.vn\/thiet-bi\/wp-content\/uploads\/2024\/05\/chau-rua-chen-malloca-ms-6303-wst-3.jpg 900w, https:\/\/livinghome.vn\/thiet-bi\/wp-content\/uploads\/2024\/05\/chau-rua-chen-malloca-ms-6303-wst-3-400x400.jpg 400w, https:\/\/livinghome.vn\/thiet-bi\/wp-content\/uploads\/2024\/05\/chau-rua-chen-malloca-ms-6303-wst-3-800x800.jpg 800w, https:\/\/livinghome.vn\/thiet-bi\/wp-content\/uploads\/2024\/05\/chau-rua-chen-malloca-ms-6303-wst-3-280x280.jpg 280w, https:\/\/livinghome.vn\/thiet-bi\/wp-content\/uploads\/2024\/05\/chau-rua-chen-malloca-ms-6303-wst-3-768x768.jpg 768w, https:\/\/livinghome.vn\/thiet-bi\/wp-content\/uploads\/2024\/05\/chau-rua-chen-malloca-ms-6303-wst-3-300x300.jpg 300w, https:\/\/livinghome.vn\/thiet-bi\/wp-content\/uploads\/2024\/05\/chau-rua-chen-malloca-ms-6303-wst-3-600x600.jpg 600w, https:\/\/livinghome.vn\/thiet-bi\/wp-content\/uploads\/2024\/05\/chau-rua-chen-malloca-ms-6303-wst-3-100x100.jpg 100w\" sizes=\"auto, (max-width: 900px) 100vw, 900px\" \/><figcaption id=\"caption-attachment-21768\" class=\"wp-caption-text\">Ch\u1eadu R\u1eeda Ch\u00e9n Malloca MS 6303 WST<\/figcaption><\/figure>\n<h3>Xu\u1ea5t x\u1ee9: Trung Qu\u1ed1c (theo b\u1ea3n quy\u1ec1n Malloca)<\/h3>\n","protected":false},"excerpt":{"rendered":"<h2>Ch\u1eadu R\u1eeda Ch\u00e9n Malloca MS 6303 WST<\/h2>\n<ul>\n<li>Ch\u1eadu r\u1eeda ch\u1ebf t\u1ea1o b\u00e1n th\u1ee7 c\u00f4ng<\/li>\n<li>KT: W800 x D440 x H230mm<\/li>\n<li>KT l\u1ed7 \u0111\u00e1: W780 x D420mm<\/li>\n<\/ul>\n","protected":false},"featured_media":21766,"comment_status":"open","ping_status":"closed","template":"","meta":[],"product_brand":[],"product_cat":[79,1821],"product_tag":[148,1822],"class_list":{"0":"post-21762","1":"product","2":"type-product","3":"status-publish","4":"has-post-thumbnail","6":"product_cat-chau-rua-chen-bat","7":"product_cat-chau-rua-chen-bat-malloca","8":"product_tag-chau-rua-chen","9":"product_tag-chau-rua-chen-bat-malloca","11":"first","12":"instock","13":"sale","14":"shipping-taxable","15":"purchasable","16":"product-type-simple"},"_links":{"self":[{"href":"https:\/\/livinghome.vn\/thiet-bi\/wp-json\/wp\/v2\/product\/21762","targetHints":{"allow":["GET"]}}],"collection":[{"href":"https:\/\/livinghome.vn\/thiet-bi\/wp-json\/wp\/v2\/product"}],"about":[{"href":"https:\/\/livinghome.vn\/thiet-bi\/wp-json\/wp\/v2\/types\/product"}],"replies":[{"embeddable":true,"href":"https:\/\/livinghome.vn\/thiet-bi\/wp-json\/wp\/v2\/comments?post=21762"}],"wp:featuredmedia":[{"embeddable":true,"href":"https:\/\/livinghome.vn\/thiet-bi\/wp-json\/wp\/v2\/media\/21766"}],"wp:attachment":[{"href":"https:\/\/livinghome.vn\/thiet-bi\/wp-json\/wp\/v2\/media?parent=21762"}],"wp:term":[{"taxonomy":"product_brand","embeddable":true,"href":"https:\/\/livinghome.vn\/thiet-bi\/wp-json\/wp\/v2\/product_brand?post=21762"},{"taxonomy":"product_cat","embeddable":true,"href":"https:\/\/livinghome.vn\/thiet-bi\/wp-json\/wp\/v2\/product_cat?post=21762"},{"taxonomy":"product_tag","embeddable":true,"href":"https:\/\/livinghome.vn\/thiet-bi\/wp-json\/wp\/v2\/product_tag?post=21762"}],"curies":[{"name":"wp","href":"https:\/\/api.w.org\/{rel}","templated":true}]}}