{"id":21753,"date":"2024-05-07T10:42:20","date_gmt":"2024-05-07T03:42:20","guid":{"rendered":"https:\/\/livinghome.vn\/thiet-bi\/?post_type=product&#038;p=21753"},"modified":"2024-11-29T14:18:47","modified_gmt":"2024-11-29T07:18:47","slug":"may-hut-mui-am-tu-kaff-kf-tl800st","status":"publish","type":"product","link":"https:\/\/livinghome.vn\/thiet-bi\/may-hut-mui-am-tu-kaff-kf-tl800st\/","title":{"rendered":"M\u00e1y H\u00fat M\u00f9i \u00c2m T\u1ee7 Kaff KF-TL800ST"},"content":{"rendered":"<p data-sourcepos=\"3:1-3:170\"><strong>Kaff KF-TL800ST<\/strong> l\u00e0 chi\u1ebfc m\u00e1y h\u00fat m\u00f9i \u00e2m t\u1ee7 s\u1edf h\u1eefu thi\u1ebft k\u1ebf hi\u1ec7n \u0111\u1ea1i, sang tr\u1ecdng c\u00f9ng kh\u1ea3 n\u0103ng h\u00fat kh\u1eed m\u00f9i hi\u1ec7u qu\u1ea3, g\u00f3p ph\u1ea7n mang \u0111\u1ebfn cho b\u1ea1n kh\u00f4ng gian b\u1ebfp l\u00fd t\u01b0\u1edfng.<\/p>\n<p data-sourcepos=\"3:1-3:170\"><img loading=\"lazy\" decoding=\"async\" class=\"alignnone size-full wp-image-21751\" src=\"https:\/\/livinghome.vn\/thiet-bi\/wp-content\/uploads\/2024\/05\/may-hut-mui-am-tu-kaff-kf-tl700-2.jpg\" alt=\"\" width=\"1200\" height=\"899\" title=\"\" srcset=\"https:\/\/livinghome.vn\/thiet-bi\/wp-content\/uploads\/2024\/05\/may-hut-mui-am-tu-kaff-kf-tl700-2.jpg 1200w, https:\/\/livinghome.vn\/thiet-bi\/wp-content\/uploads\/2024\/05\/may-hut-mui-am-tu-kaff-kf-tl700-2-534x400.jpg 534w, https:\/\/livinghome.vn\/thiet-bi\/wp-content\/uploads\/2024\/05\/may-hut-mui-am-tu-kaff-kf-tl700-2-1068x800.jpg 1068w, https:\/\/livinghome.vn\/thiet-bi\/wp-content\/uploads\/2024\/05\/may-hut-mui-am-tu-kaff-kf-tl700-2-768x575.jpg 768w, https:\/\/livinghome.vn\/thiet-bi\/wp-content\/uploads\/2024\/05\/may-hut-mui-am-tu-kaff-kf-tl700-2-600x450.jpg 600w\" sizes=\"auto, (max-width: 1200px) 100vw, 1200px\" \/><\/p>\n<h4 data-sourcepos=\"5:1-5:17\"><strong>\u0110i\u1ec3m n\u1ed5i b\u1eadt:<\/strong><\/h4>\n<ul data-sourcepos=\"7:1-15:0\">\n<li data-sourcepos=\"7:1-7:207\"><strong>C\u00f4ng su\u1ea5t h\u00fat m\u1ea1nh m\u1ebd:<\/strong> \u0110\u1ed9ng c\u01a1 Turbin \u0111\u00f4i v\u1edbi c\u00f4ng su\u1ea5t h\u00fat t\u1ed1i \u0111a 700m3\/gi\u1edd, gi\u00fap lo\u1ea1i b\u1ecf hi\u1ec7u qu\u1ea3 m\u00f9i h\u00f4i, kh\u00f3i b\u1ee5i v\u00e0 d\u1ea7u m\u1ee1 trong qu\u00e1 tr\u00ecnh n\u1ea5u n\u01b0\u1edbng, tr\u1ea3 l\u1ea1i b\u1ea7u kh\u00f4ng kh\u00ed trong l\u00e0nh cho gian b\u1ebfp.<\/li>\n<li data-sourcepos=\"8:1-8:91\"><strong>Ho\u1ea1t \u0111\u1ed9ng \u00eam \u00e1i:<\/strong> \u0110\u1ed9 \u1ed3n t\u1ed1i \u0111a ch\u1ec9 48dB, \u0111\u1ea3m b\u1ea3o kh\u00f4ng gian y\u00ean t\u0129nh cho gia \u0111\u00ecnh b\u1ea1n.<\/li>\n<li data-sourcepos=\"9:1-9:123\"><strong>H\u1ec7 th\u1ed1ng chi\u1ebfu s\u00e1ng ti\u1ec7n l\u1ee3i:<\/strong> 2 b\u00f3ng \u0111\u00e8n LED cung c\u1ea5p \u00e1nh s\u00e1ng \u0111\u1ea7y \u0111\u1ee7, gi\u00fap b\u1ea1n d\u1ec5 d\u00e0ng quan s\u00e1t qu\u00e1 tr\u00ecnh n\u1ea5u n\u01b0\u1edbng.<\/li>\n<li data-sourcepos=\"10:1-10:184\"><strong>L\u1ecdc, h\u00fat, l\u00e0m s\u1ea1ch hi\u1ec7u qu\u1ea3:<\/strong> M\u00e1y \u0111\u01b0\u1ee3c trang b\u1ecb hai ch\u1ebf \u0111\u1ed9 h\u00fat kh\u1eed m\u00f9i: H\u00fat kh\u1eed m\u00f9i qua than ho\u1ea1t t\u00ednh v\u00e0 h\u00fat kh\u1eed m\u00f9i qua \u1ed1ng tho\u00e1t kh\u00ed, \u0111\u00e1p \u1ee9ng nhu c\u1ea7u \u0111a d\u1ea1ng c\u1ee7a ng\u01b0\u1eddi s\u1eed d\u1ee5ng.<\/li>\n<li data-sourcepos=\"11:1-11:120\"><strong>L\u01b0\u1edbi l\u1ecdc m\u1ee1 Aluminum 3 l\u1edbp:<\/strong> Gi\u00fap l\u1ecdc s\u1ea1ch d\u1ea7u m\u1ee1 hi\u1ec7u qu\u1ea3, b\u1ea3o v\u1ec7 \u0111\u1ed9ng c\u01a1 b\u00ean trong v\u00e0 n\u00e2ng cao tu\u1ed5i th\u1ecd s\u1ea3n ph\u1ea9m.<\/li>\n<li data-sourcepos=\"12:1-12:130\"><strong>Thi\u1ebft k\u1ebf sang tr\u1ecdng:<\/strong> Ch\u1ea5t li\u1ec7u k\u00ednh \u0111en v\u00e0 th\u00e2n m\u00e1y th\u00e9p s\u01a1n t\u0129nh \u0111i\u1ec7n \u0111en t\u1ea1o n\u00ean v\u1ebb \u0111\u1eb9p sang tr\u1ecdng, hi\u1ec7n \u0111\u1ea1i cho gian b\u1ebfp.<\/li>\n<li data-sourcepos=\"13:1-13:100\"><strong>Ti\u1ebft ki\u1ec7m kh\u00f4ng gian:<\/strong> Thi\u1ebft k\u1ebf \u00e2m t\u1ee7 gi\u00fap ti\u1ebft ki\u1ec7m di\u1ec7n t\u00edch, ph\u00f9 h\u1ee3p v\u1edbi m\u1ecdi kh\u00f4ng gian b\u1ebfp.<\/li>\n<li data-sourcepos=\"14:1-15:0\"><strong>D\u1ec5 d\u00e0ng l\u1eafp \u0111\u1eb7t:<\/strong> M\u00e1y \u0111\u01b0\u1ee3c \u0111i k\u00e8m v\u1edbi h\u01b0\u1edbng d\u1eabn s\u1eed d\u1ee5ng chi ti\u1ebft v\u00e0 d\u1ec5 d\u00e0ng l\u1eafp \u0111\u1eb7t.<\/li>\n<\/ul>\n<h4 data-sourcepos=\"16:1-16:22\"><strong>Th\u00f4ng s\u1ed1 k\u1ef9 thu\u1eadt:<\/strong><\/h4>\n<p data-sourcepos=\"16:1-16:22\">\u2022 M\u00e1y h\u00fat m\u00f9i \u00e2m t\u1ee7<br \/>\n\u2022 Ch\u1ea5t li\u1ec7u k\u00ednh ph\u1ed1i inox sang tr\u1ecdng<br \/>\n\u2022 K\u1ebft c\u1ea5u \u00e2m t\u1ee7 ti\u1ec7n l\u1ee3i<br \/>\n\u2022 \u0110\u1ed9ng c\u01a1 1x130W<br \/>\n\u2022 \u0110\u00e8n Led 2&#215;1.5W<br \/>\n\u2022 Ngu\u1ed3n \u0111i\u1ec7n 220V &#8211; 240 V \/ 50 Hz<br \/>\n\u2022 C\u00f4ng su\u1ea5t h\u00fat t\u1ed1i \u0111a 1000 m3<br \/>\n\u2022 \u0110\u1ed9 \u1ed3n maximum 48dB<br \/>\n\u2022 \u0110i\u1ec1u khi\u1ec3n ph\u00edm c\u1ea3m \u1ee9ng 3 t\u1ed1c \u0111\u1ed9<br \/>\n\u2022 L\u01b0\u1edbi l\u1ecdc Aluminum 3 l\u1edbp<br \/>\n\u2022 \u1ed0ng tho\u00e1t h\u01a1i D150 mm v\u00e0 \u1ed1ng m\u1ec1m k\u00e8m theo<br \/>\n\u2022 Ch\u1ebf \u0111\u1ed9 h\u00fat v\u00e0 kh\u1eed m\u00f9i b\u1eb1ng than ho\u1ea1t t\u00ednh<br \/>\n\u2022 K\u00edch th\u01b0\u1edbc 55x280x200x700\/800\/900 mm<\/p>\n<p data-sourcepos=\"16:1-16:22\"><img loading=\"lazy\" decoding=\"async\" class=\"alignnone size-full wp-image-21750\" src=\"https:\/\/livinghome.vn\/thiet-bi\/wp-content\/uploads\/2024\/05\/may-hut-mui-am-tu-kaff-kf-tl700-3.jpg\" alt=\"\" width=\"1200\" height=\"755\" title=\"\" srcset=\"https:\/\/livinghome.vn\/thiet-bi\/wp-content\/uploads\/2024\/05\/may-hut-mui-am-tu-kaff-kf-tl700-3.jpg 1200w, https:\/\/livinghome.vn\/thiet-bi\/wp-content\/uploads\/2024\/05\/may-hut-mui-am-tu-kaff-kf-tl700-3-636x400.jpg 636w, https:\/\/livinghome.vn\/thiet-bi\/wp-content\/uploads\/2024\/05\/may-hut-mui-am-tu-kaff-kf-tl700-3-768x483.jpg 768w, https:\/\/livinghome.vn\/thiet-bi\/wp-content\/uploads\/2024\/05\/may-hut-mui-am-tu-kaff-kf-tl700-3-600x378.jpg 600w\" sizes=\"auto, (max-width: 1200px) 100vw, 1200px\" \/><\/p>\n","protected":false},"excerpt":{"rendered":"<p>\u2013 Ch\u1ea5t li\u1ec7u k\u00ednh, th\u00e2n m\u00e1y th\u00e9p s\u01a1n t\u0129nh \u0111i\u1ec7n \u0111en\u00a0sang tr\u1ecdng, hi\u1ec7n \u0111\u1ea1i<\/p>\n<p>\u2013 K\u1ebft c\u1ea5u \u00e2m t\u1ee7 ti\u1ec7n l\u1ee3i<\/p>\n<p>\u2013 \u0110\u1ed9ng c\u01a1: 2 \u0111\u1ed9ng c\u01a1 \u0111\u00f4i<\/p>\n<p>\u2013 C\u00f4ng su\u1ea5t t\u1ed1i \u0111a: 1000m3\/h<\/p>\n<p>\u2013 \u0110\u1ed9 \u1ed3n t\u1ed1i \u0111a 48Db<\/p>\n<p>\u2013 \u0110i\u1ec1u khi\u1ec3n ph\u00edm b\u1ea5m c\u01a1 2 t\u1ed1c \u0111\u1ed9<\/p>\n<p>\u2013 \u1ed0ng tho\u00e1t: 120mm<\/p>\n<p>\u2013 L\u01b0\u1edbi l\u1ecdc m\u1ee1 Aluminum 3 l\u1edbp<\/p>\n<p>\u2013 K\u00edch th\u01b0\u1edbc: 700x280x175mm<\/p>\n<p>\u2013 Ch\u1ebf \u0111\u1ed9 h\u00fat v\u00e0 kh\u1eed m\u00f9i b\u1eb1ng than ho\u1ea1t t\u00ednh<\/p>\n","protected":false},"featured_media":21752,"comment_status":"open","ping_status":"closed","template":"","meta":[],"product_brand":[],"product_cat":[84,600,71,164],"product_tag":[],"class_list":{"0":"post-21753","1":"product","2":"type-product","3":"status-publish","4":"has-post-thumbnail","6":"product_cat-may-hut-mui","7":"product_cat-may-hut-mui-kaff","8":"product_cat-thuong-hieu","9":"product_cat-thuong-hieu-kaff","11":"first","12":"instock","13":"sale","14":"shipping-taxable","15":"purchasable","16":"product-type-simple"},"_links":{"self":[{"href":"https:\/\/livinghome.vn\/thiet-bi\/wp-json\/wp\/v2\/product\/21753","targetHints":{"allow":["GET"]}}],"collection":[{"href":"https:\/\/livinghome.vn\/thiet-bi\/wp-json\/wp\/v2\/product"}],"about":[{"href":"https:\/\/livinghome.vn\/thiet-bi\/wp-json\/wp\/v2\/types\/product"}],"replies":[{"embeddable":true,"href":"https:\/\/livinghome.vn\/thiet-bi\/wp-json\/wp\/v2\/comments?post=21753"}],"wp:featuredmedia":[{"embeddable":true,"href":"https:\/\/livinghome.vn\/thiet-bi\/wp-json\/wp\/v2\/media\/21752"}],"wp:attachment":[{"href":"https:\/\/livinghome.vn\/thiet-bi\/wp-json\/wp\/v2\/media?parent=21753"}],"wp:term":[{"taxonomy":"product_brand","embeddable":true,"href":"https:\/\/livinghome.vn\/thiet-bi\/wp-json\/wp\/v2\/product_brand?post=21753"},{"taxonomy":"product_cat","embeddable":true,"href":"https:\/\/livinghome.vn\/thiet-bi\/wp-json\/wp\/v2\/product_cat?post=21753"},{"taxonomy":"product_tag","embeddable":true,"href":"https:\/\/livinghome.vn\/thiet-bi\/wp-json\/wp\/v2\/product_tag?post=21753"}],"curies":[{"name":"wp","href":"https:\/\/api.w.org\/{rel}","templated":true}]}}