{"id":21657,"date":"2024-05-06T21:43:44","date_gmt":"2024-05-06T14:43:44","guid":{"rendered":"https:\/\/livinghome.vn\/thiet-bi\/?post_type=product&#038;p=21657"},"modified":"2024-11-29T14:18:49","modified_gmt":"2024-11-29T07:18:49","slug":"may-hut-mui-kaff-kf-tl900","status":"publish","type":"product","link":"https:\/\/livinghome.vn\/thiet-bi\/may-hut-mui-kaff-kf-tl900\/","title":{"rendered":"M\u00e1y H\u00fat M\u00f9i Kaff KF-TL900"},"content":{"rendered":"<h2 data-sourcepos=\"3:1-3:34\">M\u00e1y H\u00fat M\u00f9i Kaff KF-TL900<\/h2>\n<p><img loading=\"lazy\" decoding=\"async\" class=\"alignnone size-full wp-image-21654\" src=\"https:\/\/livinghome.vn\/thiet-bi\/wp-content\/uploads\/2024\/05\/may-hut-mui-kf-tl700-1.jpg\" alt=\"\" width=\"800\" height=\"800\" title=\"\" srcset=\"https:\/\/livinghome.vn\/thiet-bi\/wp-content\/uploads\/2024\/05\/may-hut-mui-kf-tl700-1.jpg 800w, https:\/\/livinghome.vn\/thiet-bi\/wp-content\/uploads\/2024\/05\/may-hut-mui-kf-tl700-1-400x400.jpg 400w, https:\/\/livinghome.vn\/thiet-bi\/wp-content\/uploads\/2024\/05\/may-hut-mui-kf-tl700-1-280x280.jpg 280w, https:\/\/livinghome.vn\/thiet-bi\/wp-content\/uploads\/2024\/05\/may-hut-mui-kf-tl700-1-768x768.jpg 768w, https:\/\/livinghome.vn\/thiet-bi\/wp-content\/uploads\/2024\/05\/may-hut-mui-kf-tl700-1-300x300.jpg 300w, https:\/\/livinghome.vn\/thiet-bi\/wp-content\/uploads\/2024\/05\/may-hut-mui-kf-tl700-1-600x600.jpg 600w, https:\/\/livinghome.vn\/thiet-bi\/wp-content\/uploads\/2024\/05\/may-hut-mui-kf-tl700-1-100x100.jpg 100w\" sizes=\"auto, (max-width: 800px) 100vw, 800px\" \/><\/p>\n<h4 data-sourcepos=\"3:1-3:34\"><strong>Thi\u1ebft k\u1ebf sang tr\u1ecdng, hi\u1ec7n \u0111\u1ea1i:<\/strong><\/h4>\n<ul data-sourcepos=\"5:1-7:0\">\n<li data-sourcepos=\"5:1-5:100\">V\u1ecf ngo\u00e0i b\u1eb1ng inox cao c\u1ea5p kh\u00f4ng g\u1ec9, ph\u1ee7 l\u1edbp s\u01a1n t\u0129nh \u0111i\u1ec7n sang tr\u1ecdng, d\u1ec5 d\u00e0ng l\u1eafp \u0111\u1eb7t v\u00e0 v\u1ec7 sinh.<\/li>\n<li data-sourcepos=\"6:1-7:0\">Ki\u1ec3u d\u00e1ng \u00e2m t\u1ee7 ti\u1ebft ki\u1ec7m kh\u00f4ng gian, t\u1ea1o s\u1ef1 tinh t\u1ebf cho gian b\u1ebfp.<\/li>\n<\/ul>\n<h4 data-sourcepos=\"8:1-8:22\"><strong>Hi\u1ec7u n\u0103ng m\u1ea1nh m\u1ebd:<\/strong><\/h4>\n<ul data-sourcepos=\"10:1-12:0\">\n<li data-sourcepos=\"10:1-10:109\">\u0110\u1ed9ng c\u01a1 turbin \u0111\u00f4i ho\u1ea1t \u0111\u1ed9ng v\u1edbi c\u00f4ng su\u1ea5t h\u00fat 750m3\/h, h\u00fat s\u1ea1ch kh\u00f3i b\u1ee5i, m\u00f9i h\u00f4i nhanh ch\u00f3ng v\u00e0 hi\u1ec7u qu\u1ea3.<\/li>\n<li data-sourcepos=\"11:1-12:0\">Ho\u1ea1t \u0111\u1ed9ng \u00eam \u00e1i, \u0111\u1ed9 \u1ed3n t\u1ed1i \u0111a ch\u1ec9 48dB, kh\u00f4ng \u1ea3nh h\u01b0\u1edfng \u0111\u1ebfn sinh ho\u1ea1t.<\/li>\n<\/ul>\n<h4 data-sourcepos=\"13:1-13:23\"><strong>T\u00ednh n\u0103ng ti\u1ec7n l\u1ee3i:<\/strong><\/h4>\n<ul data-sourcepos=\"15:1-19:0\">\n<li data-sourcepos=\"15:1-15:52\">B\u1ea3ng \u0111i\u1ec1u khi\u1ec3n c\u1ea3m \u1ee9ng hi\u1ec7n \u0111\u1ea1i, d\u1ec5 d\u00e0ng s\u1eed d\u1ee5ng.<\/li>\n<li data-sourcepos=\"16:1-16:47\">H\u1ec7 th\u1ed1ng \u0111\u00e8n LED chi\u1ebfu s\u00e1ng h\u1ed7 tr\u1ee3 n\u1ea5u n\u01b0\u1edbng.<\/li>\n<li data-sourcepos=\"17:1-17:56\">L\u01b0\u1edbi l\u1ecdc m\u1ee1 b\u1eb1ng nh\u00f4m 3 l\u1edbp, d\u1ec5 d\u00e0ng th\u00e1o r\u1eddi v\u1ec7 sinh.<\/li>\n<li data-sourcepos=\"18:1-19:0\">Ch\u1ee9c n\u0103ng kh\u1eed m\u00f9i b\u1eb1ng than ho\u1ea1t t\u00ednh gi\u00fap kh\u1eed tri\u1ec7t \u0111\u1ec3 m\u00f9i h\u00f4i.<\/li>\n<\/ul>\n<h4><strong>Th\u00f4ng s\u1ed1 k\u1ef9 thu\u1eadt:<\/strong><\/h4>\n<p>\u2013 Ch\u1ea5t li\u1ec7u k\u00ednh ph\u1ed1i Inox sang tr\u1ecdng, hi\u1ec7n \u0111\u1ea1i<\/p>\n<p>\u2013 K\u1ebft c\u1ea5u \u00e2m t\u1ee7 ti\u1ec7n l\u1ee3i<\/p>\n<p>\u2013 \u0110\u1ed9ng c\u01a1: 2 \u0111\u1ed9ng c\u01a1 \u0111\u00f4i<\/p>\n<p>\u2013 C\u00f4ng su\u1ea5t: 750m3\/h<\/p>\n<p>\u2013 \u0110\u1ed9 \u1ed3n t\u1ed1i \u0111a 48Db<\/p>\n<p>\u2013 \u0110i\u1ec1u khi\u1ec3n ph\u00edm b\u1ea5m c\u1ea3m \u1ee9ng 3 t\u1ed1c \u0111\u1ed9<\/p>\n<p>\u2013 \u1ed0ng tho\u00e1t: 120mm<\/p>\n<p>\u2013 L\u01b0\u1edbi l\u1ecdc m\u1ee1 Aluminum 3 l\u1edbp<\/p>\n<p>\u2013 K\u00edch th\u01b0\u1edbc: 900x280x200mm<\/p>\n<p>\u2013 Ch\u1ebf \u0111\u1ed9 h\u00fat v\u00e0 kh\u1eed m\u00f9i b\u1eb1ng than ho\u1ea1t t\u00ednh<\/p>\n<p><img loading=\"lazy\" decoding=\"async\" class=\"alignnone size-full wp-image-21656\" src=\"https:\/\/livinghome.vn\/thiet-bi\/wp-content\/uploads\/2024\/05\/may-hut-mui-kf-tl800-2.jpg\" alt=\"\" width=\"1200\" height=\"545\" title=\"\" srcset=\"https:\/\/livinghome.vn\/thiet-bi\/wp-content\/uploads\/2024\/05\/may-hut-mui-kf-tl800-2.jpg 1200w, https:\/\/livinghome.vn\/thiet-bi\/wp-content\/uploads\/2024\/05\/may-hut-mui-kf-tl800-2-800x363.jpg 800w, https:\/\/livinghome.vn\/thiet-bi\/wp-content\/uploads\/2024\/05\/may-hut-mui-kf-tl800-2-768x349.jpg 768w, https:\/\/livinghome.vn\/thiet-bi\/wp-content\/uploads\/2024\/05\/may-hut-mui-kf-tl800-2-600x273.jpg 600w\" sizes=\"auto, (max-width: 1200px) 100vw, 1200px\" \/><\/p>\n","protected":false},"excerpt":{"rendered":"<p><span class=\"sku_wrapper\"><b>M\u00e3:\u00a0<\/b><span class=\"sku\">KF-900<\/span><\/span><\/p>\n<div class=\"product-type\"><label>H\u00e3ng SX:<\/label>\u00a0Kaff<\/div>\n<div class=\"product-type\"><label>Lo\u1ea1i:<\/label>\u00a0M\u00e1y H\u00fat Kh\u00f3i \u00c2m T\u1ee7<\/div>\n","protected":false},"featured_media":21654,"comment_status":"open","ping_status":"closed","template":"","meta":[],"product_brand":[],"product_cat":[84,600,164],"product_tag":[],"class_list":{"0":"post-21657","1":"product","2":"type-product","3":"status-publish","4":"has-post-thumbnail","6":"product_cat-may-hut-mui","7":"product_cat-may-hut-mui-kaff","8":"product_cat-thuong-hieu-kaff","10":"first","11":"instock","12":"sale","13":"shipping-taxable","14":"purchasable","15":"product-type-simple"},"_links":{"self":[{"href":"https:\/\/livinghome.vn\/thiet-bi\/wp-json\/wp\/v2\/product\/21657","targetHints":{"allow":["GET"]}}],"collection":[{"href":"https:\/\/livinghome.vn\/thiet-bi\/wp-json\/wp\/v2\/product"}],"about":[{"href":"https:\/\/livinghome.vn\/thiet-bi\/wp-json\/wp\/v2\/types\/product"}],"replies":[{"embeddable":true,"href":"https:\/\/livinghome.vn\/thiet-bi\/wp-json\/wp\/v2\/comments?post=21657"}],"wp:featuredmedia":[{"embeddable":true,"href":"https:\/\/livinghome.vn\/thiet-bi\/wp-json\/wp\/v2\/media\/21654"}],"wp:attachment":[{"href":"https:\/\/livinghome.vn\/thiet-bi\/wp-json\/wp\/v2\/media?parent=21657"}],"wp:term":[{"taxonomy":"product_brand","embeddable":true,"href":"https:\/\/livinghome.vn\/thiet-bi\/wp-json\/wp\/v2\/product_brand?post=21657"},{"taxonomy":"product_cat","embeddable":true,"href":"https:\/\/livinghome.vn\/thiet-bi\/wp-json\/wp\/v2\/product_cat?post=21657"},{"taxonomy":"product_tag","embeddable":true,"href":"https:\/\/livinghome.vn\/thiet-bi\/wp-json\/wp\/v2\/product_tag?post=21657"}],"curies":[{"name":"wp","href":"https:\/\/api.w.org\/{rel}","templated":true}]}}