{"id":21643,"date":"2024-05-06T21:01:07","date_gmt":"2024-05-06T14:01:07","guid":{"rendered":"https:\/\/livinghome.vn\/thiet-bi\/?post_type=product&#038;p=21643"},"modified":"2024-11-29T14:18:49","modified_gmt":"2024-11-29T07:18:49","slug":"may-hut-mui-kaff-kf-90rh","status":"publish","type":"product","link":"https:\/\/livinghome.vn\/thiet-bi\/may-hut-mui-kaff-kf-90rh\/","title":{"rendered":"M\u00e1y H\u00fat M\u00f9i Kaff KF-90RH"},"content":{"rendered":"<h2 data-sourcepos=\"1:1-1:49\">\u0110\u1eb7c \u0111i\u1ec3m n\u1ed5i b\u1eadt c\u1ee7a m\u00e1y h\u00fat m\u00f9i Kaff KF-70RH:<\/h2>\n<p><img loading=\"lazy\" decoding=\"async\" class=\"size-full wp-image-21645 aligncenter\" src=\"https:\/\/livinghome.vn\/thiet-bi\/wp-content\/uploads\/2024\/05\/May-hut-mui-kaff-kf-90rh-1.jpg\" alt=\"\" width=\"800\" height=\"800\" title=\"\" srcset=\"https:\/\/livinghome.vn\/thiet-bi\/wp-content\/uploads\/2024\/05\/May-hut-mui-kaff-kf-90rh-1.jpg 800w, https:\/\/livinghome.vn\/thiet-bi\/wp-content\/uploads\/2024\/05\/May-hut-mui-kaff-kf-90rh-1-400x400.jpg 400w, https:\/\/livinghome.vn\/thiet-bi\/wp-content\/uploads\/2024\/05\/May-hut-mui-kaff-kf-90rh-1-280x280.jpg 280w, https:\/\/livinghome.vn\/thiet-bi\/wp-content\/uploads\/2024\/05\/May-hut-mui-kaff-kf-90rh-1-768x768.jpg 768w, https:\/\/livinghome.vn\/thiet-bi\/wp-content\/uploads\/2024\/05\/May-hut-mui-kaff-kf-90rh-1-300x300.jpg 300w, https:\/\/livinghome.vn\/thiet-bi\/wp-content\/uploads\/2024\/05\/May-hut-mui-kaff-kf-90rh-1-600x600.jpg 600w, https:\/\/livinghome.vn\/thiet-bi\/wp-content\/uploads\/2024\/05\/May-hut-mui-kaff-kf-90rh-1-100x100.jpg 100w\" sizes=\"auto, (max-width: 800px) 100vw, 800px\" \/><\/p>\n<h4 data-sourcepos=\"3:1-3:13\"><strong>Thi\u1ebft k\u1ebf:<\/strong><\/h4>\n<ul data-sourcepos=\"5:1-8:0\">\n<li data-sourcepos=\"5:1-5:70\">Ki\u1ec3u d\u00e1ng hi\u1ec7n \u0111\u1ea1i, sang tr\u1ecdng v\u1edbi ch\u1ea5t li\u1ec7u inox v\u00e0 k\u00ednh c\u01b0\u1eddng l\u1ef1c.<\/li>\n<li data-sourcepos=\"6:1-6:49\">M\u1eb7t k\u00ednh cong t\u1ea1o \u0111i\u1ec3m nh\u1ea5n cho kh\u00f4ng gian b\u1ebfp.<\/li>\n<li data-sourcepos=\"7:1-8:0\">K\u00edch th\u01b0\u1edbc ph\u00f9 h\u1ee3p v\u1edbi nhi\u1ec1u gian b\u1ebfp.<\/li>\n<\/ul>\n<h4 data-sourcepos=\"9:1-9:14\"><strong>T\u00ednh n\u0103ng:<\/strong><\/h4>\n<ul data-sourcepos=\"11:1-19:0\">\n<li data-sourcepos=\"11:1-11:77\">H\u00fat kh\u1eed m\u00f9i tr\u1ef1c ti\u1ebfp, lo\u1ea1i b\u1ecf hi\u1ec7u qu\u1ea3 m\u00f9i th\u1ee9c \u0103n, d\u1ea7u m\u1ee1 v\u00e0 kh\u00ed \u0111\u1ed9c h\u1ea1i.<\/li>\n<li data-sourcepos=\"12:1-12:48\">\u0110i\u1ec1u khi\u1ec3n c\u1ea3m \u1ee9ng 3 t\u1ed1c \u0111\u1ed9, d\u1ec5 d\u00e0ng thao t\u00e1c.<\/li>\n<li data-sourcepos=\"13:1-13:38\">Ch\u1ee9c n\u0103ng \u0111i\u1ec1u khi\u1ec3n t\u1eeb xa ti\u1ec7n l\u1ee3i.<\/li>\n<li data-sourcepos=\"14:1-14:68\">C\u1ea3m \u1ee9ng t\u1ef1 \u0111\u1ed9ng nh\u1eadn kh\u00f3i nhi\u1ec7t, \u0111i\u1ec1u ch\u1ec9nh c\u00f4ng su\u1ea5t h\u00fat ph\u00f9 h\u1ee3p.<\/li>\n<li data-sourcepos=\"15:1-15:75\">L\u01b0\u1edbi l\u1ecdc m\u1ee1 5 l\u1edbp b\u1eb1ng nh\u00f4m v\u00e0 than ho\u1ea1t t\u00ednh, ng\u0103n ch\u1eb7n d\u1ea7u m\u1ee1 hi\u1ec7u qu\u1ea3.<\/li>\n<li data-sourcepos=\"16:1-16:48\">H\u1ec7 th\u1ed1ng \u0111\u00e8n LED chi\u1ebfu s\u00e1ng, h\u1ed7 tr\u1ee3 n\u1ea5u n\u01b0\u1edbng.<\/li>\n<li data-sourcepos=\"17:1-17:77\">\u0110\u1ed9ng c\u01a1 tuabin \u0111\u00f4i c\u00f4ng su\u1ea5t 180W, h\u00fat m\u1ea1nh m\u1ebd v\u1edbi l\u01b0u l\u01b0\u1ee3ng kh\u00ed 1000 m3\/h.<\/li>\n<li data-sourcepos=\"18:1-19:0\">\u0110\u1ed9 \u1ed3n th\u1ea5p, \u2264 42 dB, kh\u00f4ng \u1ea3nh h\u01b0\u1edfng \u0111\u1ebfn sinh ho\u1ea1t.<\/li>\n<\/ul>\n<h4><strong>Th\u00f4ng s\u1ed1 k\u1ef9 thu\u1eadt:<\/strong><\/h4>\n<p>\u2013 M\u00e1y h\u00fat kh\u1eed m\u00f9i tr\u1ef1c ti\u1ebfp<\/p>\n<p>\u2013 D\u1ea1ng inox, k\u00ednh<\/p>\n<p>\u2013 \u0110i\u1ec1u khi\u1ec3n c\u1ea3m \u1ee9ng 3 t\u1ed1c \u0111\u1ed9<\/p>\n<p>\u2013 Ch\u1ee9c n\u0103ng \u0111i\u1ec1u khi\u1ec3n t\u1eeb xa<\/p>\n<p>\u2013 Ch\u1ee9c n\u0103ng c\u1ea3m \u1ee9ng t\u1ef1 \u0111\u1ed9ng nh\u1eadn kh\u00f3i nhi\u1ec7t<\/p>\n<p>\u2013 L\u01b0\u1edbi l\u1ecdc m\u1ee1 nh\u00f4m 5 l\u1edbp, than ho\u1ea1t t\u00ednh<\/p>\n<p>\u2013 \u0110\u1ed9ng c\u01a1 turbin 1x180W<\/p>\n<p>\u2013 K\u00ednh c\u01b0\u1eddng l\u1ef1c 8mm<\/p>\n<p>\u2013 \u0110\u1ed9 \u1ed3n t\u1ed1i \u0111a 42 dB<\/p>\n<p>\u2013 \u0110\u00e8n led 2x2w<\/p>\n<p>\u2013 C\u00f4ng su\u1ea5t h\u00fat 1000m3\/h<\/p>\n<p>\u2013 \u0110\u01b0\u1eddng k\u00ednh \u1ed1ng tho\u00e1t 150mm<\/p>\n<p>\u2013 \u1ed0ng m\u1ec1m 150x2m theo m\u00e1y<\/p>\n<p>\u2013 \u0110i\u1ec7n \u00e1p 220-240V\/50Hz<\/p>\n<p>\u2013 K\u00edch th\u01b0\u1edbc s\u1ea3n ph\u1ea9m:\u00a0\u00a0700\/900x530x440mm<\/p>\n<p><img loading=\"lazy\" decoding=\"async\" class=\"alignnone size-full wp-image-21644\" src=\"https:\/\/livinghome.vn\/thiet-bi\/wp-content\/uploads\/2024\/05\/may-hut-mui-kaff-kf-90rh-2.jpg\" alt=\"\" width=\"1200\" height=\"1151\" title=\"\" srcset=\"https:\/\/livinghome.vn\/thiet-bi\/wp-content\/uploads\/2024\/05\/may-hut-mui-kaff-kf-90rh-2.jpg 1200w, https:\/\/livinghome.vn\/thiet-bi\/wp-content\/uploads\/2024\/05\/may-hut-mui-kaff-kf-90rh-2-417x400.jpg 417w, https:\/\/livinghome.vn\/thiet-bi\/wp-content\/uploads\/2024\/05\/may-hut-mui-kaff-kf-90rh-2-834x800.jpg 834w, https:\/\/livinghome.vn\/thiet-bi\/wp-content\/uploads\/2024\/05\/may-hut-mui-kaff-kf-90rh-2-768x737.jpg 768w, https:\/\/livinghome.vn\/thiet-bi\/wp-content\/uploads\/2024\/05\/may-hut-mui-kaff-kf-90rh-2-600x576.jpg 600w\" sizes=\"auto, (max-width: 1200px) 100vw, 1200px\" \/><\/p>\n","protected":false},"excerpt":{"rendered":"<p>\u2022 M\u00e1y h\u00fat k\u00ednh toa<br \/>\n\u2022 Th\u00e2n m\u00e1y b\u1eb1ng inox s\u00e1ng \u0111\u1eb9p<br \/>\n\u2022 K\u00ednh c\u01b0\u1eddng l\u1ef1c 08 mm<br \/>\n\u2022 \u0110i\u1ec1u khi\u1ec3n c\u1ea3m \u1ee9ng 3 t\u1ed1c \u0111\u1ed9<br \/>\n\u2022 Ch\u1ee9c n\u0103ng \u0111i\u1ec1u khi\u1ec3n t\u1eeb xa<br \/>\n\u2022 Ch\u1ee9c n\u0103ng c\u1ea3m \u1ee9ng t\u1ef1 \u0111\u1ed9ng nh\u1eadn kh\u00f3i nhi\u1ec7t<br \/>\n\u2022 L\u01b0\u1edbi l\u1ecdc + than ho\u1ea1t t\u00ednh<\/p>\n","protected":false},"featured_media":21645,"comment_status":"open","ping_status":"closed","template":"","meta":[],"product_brand":[],"product_cat":[84,600,164],"product_tag":[],"class_list":{"0":"post-21643","1":"product","2":"type-product","3":"status-publish","4":"has-post-thumbnail","6":"product_cat-may-hut-mui","7":"product_cat-may-hut-mui-kaff","8":"product_cat-thuong-hieu-kaff","10":"first","11":"instock","12":"sale","13":"shipping-taxable","14":"purchasable","15":"product-type-simple"},"_links":{"self":[{"href":"https:\/\/livinghome.vn\/thiet-bi\/wp-json\/wp\/v2\/product\/21643","targetHints":{"allow":["GET"]}}],"collection":[{"href":"https:\/\/livinghome.vn\/thiet-bi\/wp-json\/wp\/v2\/product"}],"about":[{"href":"https:\/\/livinghome.vn\/thiet-bi\/wp-json\/wp\/v2\/types\/product"}],"replies":[{"embeddable":true,"href":"https:\/\/livinghome.vn\/thiet-bi\/wp-json\/wp\/v2\/comments?post=21643"}],"wp:featuredmedia":[{"embeddable":true,"href":"https:\/\/livinghome.vn\/thiet-bi\/wp-json\/wp\/v2\/media\/21645"}],"wp:attachment":[{"href":"https:\/\/livinghome.vn\/thiet-bi\/wp-json\/wp\/v2\/media?parent=21643"}],"wp:term":[{"taxonomy":"product_brand","embeddable":true,"href":"https:\/\/livinghome.vn\/thiet-bi\/wp-json\/wp\/v2\/product_brand?post=21643"},{"taxonomy":"product_cat","embeddable":true,"href":"https:\/\/livinghome.vn\/thiet-bi\/wp-json\/wp\/v2\/product_cat?post=21643"},{"taxonomy":"product_tag","embeddable":true,"href":"https:\/\/livinghome.vn\/thiet-bi\/wp-json\/wp\/v2\/product_tag?post=21643"}],"curies":[{"name":"wp","href":"https:\/\/api.w.org\/{rel}","templated":true}]}}