{"id":21636,"date":"2024-05-06T20:46:17","date_gmt":"2024-05-06T13:46:17","guid":{"rendered":"https:\/\/livinghome.vn\/thiet-bi\/?post_type=product&#038;p=21636"},"modified":"2024-11-29T14:18:50","modified_gmt":"2024-11-29T07:18:50","slug":"may-hut-mui-kaff-kf-lux-at90h-wh","status":"publish","type":"product","link":"https:\/\/livinghome.vn\/thiet-bi\/may-hut-mui-kaff-kf-lux-at90h-wh\/","title":{"rendered":"M\u00e1y H\u00fat M\u00f9i Kaff KF-LUX-AT90H-WH"},"content":{"rendered":"<h2 data-sourcepos=\"1:1-1:44\">\u0110\u00e1nh gi\u00e1 m\u00e1y h\u00fat m\u00f9i Kaff KF-LUX-AT90H-WH<\/h2>\n<h4 data-sourcepos=\"3:1-3:13\"><strong>Thi\u1ebft k\u1ebf:<\/strong><\/h4>\n<ul data-sourcepos=\"5:1-8:0\">\n<li data-sourcepos=\"5:1-5:62\">Sang tr\u1ecdng, hi\u1ec7n \u0111\u1ea1i v\u1edbi ki\u1ec3u d\u00e1ng k\u00ednh v\u00e1t nh\u01b0 m\u00e0n h\u00ecnh TV.<\/li>\n<li data-sourcepos=\"6:1-6:45\">K\u00edch th\u01b0\u1edbc 90cm ph\u00f9 h\u1ee3p v\u1edbi nhi\u1ec1u lo\u1ea1i b\u1ebfp.<\/li>\n<li data-sourcepos=\"7:1-8:0\">Ch\u1ea5t li\u1ec7u inox v\u00e0 k\u00ednh c\u01b0\u1eddng l\u1ef1c b\u1ec1n b\u1ec9, an to\u00e0n.<\/li>\n<\/ul>\n<h4 data-sourcepos=\"9:1-9:14\"><strong>T\u00ednh n\u0103ng:<\/strong><\/h4>\n<ul data-sourcepos=\"11:1-17:0\">\n<li data-sourcepos=\"11:1-11:52\">B\u1ea3ng \u0111i\u1ec1u khi\u1ec3n c\u1ea3m \u1ee9ng hi\u1ec7n \u0111\u1ea1i v\u1edbi 3 t\u1ed1c \u0111\u1ed9 h\u00fat.<\/li>\n<li data-sourcepos=\"12:1-12:30\">H\u1ec7 th\u1ed1ng \u0111\u00e8n Led chi\u1ebfu s\u00e1ng.<\/li>\n<li data-sourcepos=\"13:1-13:63\">L\u01b0\u1edbi l\u1ecdc m\u1ee1 b\u1eb1ng h\u1ee3p kim nhi\u1ec1u l\u1edbp, d\u1ec5 d\u00e0ng th\u00e1o r\u1eddi v\u1ec7 sinh.<\/li>\n<li data-sourcepos=\"14:1-14:56\">C\u00f4ng su\u1ea5t h\u00fat m\u1ea1nh m\u1ebd 1000m3\/h v\u1edbi \u0111\u1ed9ng c\u01a1 tuabin \u0111\u00f4i.<\/li>\n<li data-sourcepos=\"15:1-15:57\">Kh\u1eed m\u00f9i b\u1eb1ng than ho\u1ea1t t\u00ednh v\u00e0 \u1ed1ng tho\u00e1t ra ngo\u00e0i D150.<\/li>\n<li data-sourcepos=\"16:1-17:0\">Ti\u1ebft ki\u1ec7m \u0111i\u1ec7n, \u0111\u1ed9 \u1ed3n th\u1ea5p (\u226448dB).<\/li>\n<\/ul>\n<p><img loading=\"lazy\" decoding=\"async\" class=\"alignnone size-full wp-image-21637\" src=\"https:\/\/livinghome.vn\/thiet-bi\/wp-content\/uploads\/2024\/05\/may-hut-mui-kaff-kf-lux-at90h-wh-2.jpg\" alt=\"\" width=\"1200\" height=\"628\" title=\"\" srcset=\"https:\/\/livinghome.vn\/thiet-bi\/wp-content\/uploads\/2024\/05\/may-hut-mui-kaff-kf-lux-at90h-wh-2.jpg 1200w, https:\/\/livinghome.vn\/thiet-bi\/wp-content\/uploads\/2024\/05\/may-hut-mui-kaff-kf-lux-at90h-wh-2-764x400.jpg 764w, https:\/\/livinghome.vn\/thiet-bi\/wp-content\/uploads\/2024\/05\/may-hut-mui-kaff-kf-lux-at90h-wh-2-768x402.jpg 768w, https:\/\/livinghome.vn\/thiet-bi\/wp-content\/uploads\/2024\/05\/may-hut-mui-kaff-kf-lux-at90h-wh-2-600x314.jpg 600w\" sizes=\"auto, (max-width: 1200px) 100vw, 1200px\" \/><\/p>\n<h4><strong>Th\u00f4ng s\u1ed1 k\u1ef9 thu\u1eadt:<\/strong><\/h4>\n<p>\u2022 M\u00e1y h\u00fat m\u00f9i t\u1ef1 \u0111\u1ed9ng k\u00ednh v\u00e1t cong d\u1ea1ng TV<br \/>\n\u2022 Th\u00e2n m\u00e1y s\u01a1n t\u0129nh \u0111i\u1ec7n<br \/>\n\u2022 K\u00ednh c\u01b0\u1eddng l\u1ef1c m\u00e0u tr\u1eafng sang tr\u1ecdng d\u00e0y 6 mm<br \/>\ntr\u00e1n men b\u00f3ng cao c\u1ea5p k\u00ednh v\u00e1t cong<br \/>\n\u2022 Ch\u1ee9c n\u0103ng \u0111\u00f3ng m\u1edf auto k\u00ednh tr\u01b0\u1edbc<br \/>\n\u2022 \u0110i\u1ec1u khi\u1ec3n c\u1ea3m \u1ee9ng 3 t\u1ed1c \u0111\u1ed9 + \u0111i\u1ec1u khi\u1ec3n t\u1eeb xa<br \/>\n\u2022 Ch\u1ee9c n\u0103ng c\u1ea3m \u1ee9ng kh\u00f3i, nhi\u1ec7t hi\u1ec7n \u0111\u1ea1i<br \/>\n\u2022 L\u01b0\u1edbi l\u1ecdc nh\u00f4m + than ho\u1ea1t t\u00ednh<br \/>\n\u2022 \u0110\u00e8n led d\u1ea1ng vu\u00f4ng 2x2W<br \/>\n\u2022 Motor 1x170W<br \/>\n\u2022 C\u00f4ng su\u1ea5t h\u00fat t\u1ed1i \u0111a 1000m3\/h<br \/>\n\u2022 \u0110\u1ed9 \u1ed3n maximum 48 dB<br \/>\n\u2022 \u1ed0ng tho\u00e1t D150 + 2m \u1ed1ng m\u1ec1m k\u00e8m theo<br \/>\n\u2022 \u1ed0p \u1ed1ng kh\u00f3i 172x222x(420-780) mm<br \/>\n\u2022 K\u00edch th\u01b0\u1edbc: 500x440x500x610x700\/900 mm<\/p>\n<p><img loading=\"lazy\" decoding=\"async\" class=\"alignnone size-full wp-image-21638\" src=\"https:\/\/livinghome.vn\/thiet-bi\/wp-content\/uploads\/2024\/05\/may-hut-mui-kaff-kf-lux-at90h-wh-3.jpg\" alt=\"\" width=\"1200\" height=\"1596\" title=\"\" srcset=\"https:\/\/livinghome.vn\/thiet-bi\/wp-content\/uploads\/2024\/05\/may-hut-mui-kaff-kf-lux-at90h-wh-3.jpg 1200w, https:\/\/livinghome.vn\/thiet-bi\/wp-content\/uploads\/2024\/05\/may-hut-mui-kaff-kf-lux-at90h-wh-3-301x400.jpg 301w, https:\/\/livinghome.vn\/thiet-bi\/wp-content\/uploads\/2024\/05\/may-hut-mui-kaff-kf-lux-at90h-wh-3-602x800.jpg 602w, https:\/\/livinghome.vn\/thiet-bi\/wp-content\/uploads\/2024\/05\/may-hut-mui-kaff-kf-lux-at90h-wh-3-768x1021.jpg 768w, https:\/\/livinghome.vn\/thiet-bi\/wp-content\/uploads\/2024\/05\/may-hut-mui-kaff-kf-lux-at90h-wh-3-1155x1536.jpg 1155w, https:\/\/livinghome.vn\/thiet-bi\/wp-content\/uploads\/2024\/05\/may-hut-mui-kaff-kf-lux-at90h-wh-3-600x798.jpg 600w\" sizes=\"auto, (max-width: 1200px) 100vw, 1200px\" \/><\/p>\n","protected":false},"excerpt":{"rendered":"<ul class=\"short_pro_desc\">\n<li>M\u00e1y h\u00fat m\u00f9i k\u00ednh v\u00e1c cong d\u1ea1ng tivi<\/li>\n<li>Th\u00e2n m\u00e1y inox s\u01a1n t\u0129nh \u0111i\u1ec7n<\/li>\n<li>K\u00ednh c\u01b0\u1eddng l\u1ef1c d\u00e0y 6mm tr\u00e1ng men b\u00f3ng<\/li>\n<li>\u0110i\u1ec1u khi\u1ec3n c\u1ea3m \u1ee9ng 03 t\u1ed1c \u0111\u1ed9<\/li>\n<li>C\u1ea3m \u1ee9ng kh\u00f3i c\u1ea3m \u1ee9ng nhi\u1ec7t hi\u1ec7n \u0111\u1ea1i<\/li>\n<\/ul>\n","protected":false},"featured_media":21639,"comment_status":"open","ping_status":"closed","template":"","meta":[],"product_brand":[],"product_cat":[84,600,164],"product_tag":[],"class_list":{"0":"post-21636","1":"product","2":"type-product","3":"status-publish","4":"has-post-thumbnail","6":"product_cat-may-hut-mui","7":"product_cat-may-hut-mui-kaff","8":"product_cat-thuong-hieu-kaff","10":"first","11":"instock","12":"sale","13":"shipping-taxable","14":"purchasable","15":"product-type-simple"},"_links":{"self":[{"href":"https:\/\/livinghome.vn\/thiet-bi\/wp-json\/wp\/v2\/product\/21636","targetHints":{"allow":["GET"]}}],"collection":[{"href":"https:\/\/livinghome.vn\/thiet-bi\/wp-json\/wp\/v2\/product"}],"about":[{"href":"https:\/\/livinghome.vn\/thiet-bi\/wp-json\/wp\/v2\/types\/product"}],"replies":[{"embeddable":true,"href":"https:\/\/livinghome.vn\/thiet-bi\/wp-json\/wp\/v2\/comments?post=21636"}],"wp:featuredmedia":[{"embeddable":true,"href":"https:\/\/livinghome.vn\/thiet-bi\/wp-json\/wp\/v2\/media\/21639"}],"wp:attachment":[{"href":"https:\/\/livinghome.vn\/thiet-bi\/wp-json\/wp\/v2\/media?parent=21636"}],"wp:term":[{"taxonomy":"product_brand","embeddable":true,"href":"https:\/\/livinghome.vn\/thiet-bi\/wp-json\/wp\/v2\/product_brand?post=21636"},{"taxonomy":"product_cat","embeddable":true,"href":"https:\/\/livinghome.vn\/thiet-bi\/wp-json\/wp\/v2\/product_cat?post=21636"},{"taxonomy":"product_tag","embeddable":true,"href":"https:\/\/livinghome.vn\/thiet-bi\/wp-json\/wp\/v2\/product_tag?post=21636"}],"curies":[{"name":"wp","href":"https:\/\/api.w.org\/{rel}","templated":true}]}}