{"id":2163,"date":"2023-01-12T16:46:42","date_gmt":"2023-01-12T16:46:42","guid":{"rendered":"https:\/\/livinghome.vn\/thiet-bi\/?post_type=product&#038;p=2163"},"modified":"2024-11-29T14:20:32","modified_gmt":"2024-11-29T07:20:32","slug":"chau-rua-teka-stone-80-b-tg-2b-1d-gr-lap-noi-da-thach-anh-mau-xam","status":"publish","type":"product","link":"https:\/\/livinghome.vn\/thiet-bi\/chau-rua-teka-stone-80-b-tg-2b-1d-gr-lap-noi-da-thach-anh-mau-xam\/","title":{"rendered":"Ch\u1eadu r\u1eeda Teka STONE 80 B-TG 2B 1D Gr l\u1eafp n\u1ed5i \u0111\u00e1 th\u1ea1ch anh m\u00e0u x\u00e1m"},"content":{"rendered":"<h2>Ch\u1eadu r\u1eeda Teka STONE 80 B-TG 2B 1D Gr l\u1eafp n\u1ed5i \u0111\u00e1 th\u1ea1ch anh 2 h\u1ed9c r\u1eeda 1 b\u00e0n ch\u1eadu<\/h2>\n<figure id=\"attachment_65599\" aria-describedby=\"caption-attachment-65599\" style=\"width: 800px\" class=\"wp-caption alignnone\"><img loading=\"lazy\" decoding=\"async\" class=\"size-large wp-image-65599\" src=\"https:\/\/livinghome.vn\/thiet-bi\/wp-content\/uploads\/nha-bep\/teka\/chau-rua\/chau-rua-teka-stone-80-b-tg-2b-1d-grey\/chau-rua-teka-stone-80-b-tg-2b-1d-grey-1-800x800.jpg\" alt=\"Ch\u1eadu r\u1eeda Teka STONE 80 B-TG 2B 1D Gr l\u1eafp n\u1ed5i \u0111\u00e1 th\u1ea1ch anh m\u00e0u x\u00e1m\" width=\"800\" height=\"800\" title=\"\"><figcaption id=\"caption-attachment-65599\" class=\"wp-caption-text\">Ch\u1eadu r\u1eeda Teka STONE 80 B-TG 2B 1D Gr l\u1eafp n\u1ed5i \u0111\u00e1 th\u1ea1ch anh m\u00e0u x\u00e1m<\/figcaption><\/figure>\n<h3><strong>T\u00ednh n\u0103ng c\u01a1 b\u1ea3n<\/strong><\/h3>\n<ul>\n<li><a href=\"https:\/\/livinghome.vn\/thiet-bi\/dung-cu-nha-bep\/chau-rua-chen\/\">Ch\u1eadu r\u1eeda<\/a> l\u1eafp n\u1ed5i<\/li>\n<li>Ch\u1ea5t li\u1ec7u: \u0111\u00e1 th\u1ea1ch anh<\/li>\n<li>Ki\u1ec3u d\u00e1ng 02 h\u1ed9c r\u1eeda v\u00e0 01 b\u00e0n ch\u1eadu<\/li>\n<li>B\u1ec1 m\u1eb7t c\u00f3 kh\u1ea3 n\u0103ng ch\u1ed1ng ch\u1ecbu t\u00e1c \u0111\u1ed9ng, s\u1ed1c nhi\u1ec7t v\u00e0 nhi\u1ec7t \u0111\u1ed9 cao<\/li>\n<li>K\u00edch th\u01b0\u1edbc t\u1ed5ng qu\u00e1t: 1160x510x200 (mm)<\/li>\n<li>K\u00edch th\u01b0\u1edbc h\u1ed9c r\u1eeda: 334x414x200 (mm)<\/li>\n<li>Gi\u1edbi h\u1ea1n h\u1ed9c t\u1ee7 d\u01b0\u1edbi &gt;80cm<\/li>\n<li>Ph\u1ee5 ki\u1ec7n: n\u00fat nh\u1ea5n Pop Up<\/li>\n<\/ul>\n<figure id=\"attachment_65592\" aria-describedby=\"caption-attachment-65592\" style=\"width: 800px\" class=\"wp-caption alignnone\"><img loading=\"lazy\" decoding=\"async\" class=\"size-large wp-image-65592\" src=\"https:\/\/livinghome.vn\/thiet-bi\/wp-content\/uploads\/nha-bep\/teka\/chau-rua\/chau-rua-teka-forsquare-72-40-tg-stonegrey\/chau-rua-teka-forsquare-72-40-tg-stonegrey-2-800x800.jpg\" alt=\"Ch\u1eadu r\u1eeda Teka FORSQUARE 72-40 TG Gr l\u1eafp n\u1ed5i \u0111\u00e1 th\u1ea1ch anh m\u00e0u x\u00e1m 79cm\" width=\"800\" height=\"800\" title=\"\"><figcaption id=\"caption-attachment-65592\" class=\"wp-caption-text\">Ch\u1eadu r\u1eeda Teka FORSQUARE 72-40 TG Gr l\u1eafp n\u1ed5i \u0111\u00e1 th\u1ea1ch anh m\u00e0u x\u00e1m 79cm<\/figcaption><\/figure>\n<h3><strong>Th\u00f4ng s\u1ed1 k\u1ef9 thu\u1eadt<\/strong><\/h3>\n<ul>\n<li><strong>S\u1ed1 l\u01b0\u1ee3ng l\u1ed7 b\u00edt:\u00a0<\/strong>Pre-Drilled<\/li>\n<li><strong>Lo\u1ea1i van l\u1ed7:\u00a0<\/strong>3\u00bd&#8221;<\/li>\n<li><strong>Khoang l\u00f2 (cm):\u00a0<\/strong>80<\/li>\n<\/ul>\n<h4 class=\"et_pb_toggle_title\">K\u00edch th\u01b0\u1edbc chung<\/h4>\n<div class=\"et_pb_toggle_content clearfix\">\n<ul>\n<li><strong>Chi\u1ec1u r\u1ed9ng (mm):\u00a0<\/strong>510<\/li>\n<li><strong>\u0110\u1ed9 s\u00e2u (mm):\u00a0<\/strong>200<\/li>\n<li><strong>Tr\u1ecdng l\u01b0\u1ee3ng (Kgs):\u00a0<\/strong>18,5<\/li>\n<\/ul>\n<h4 class=\"et_pb_toggle_title\">K\u00edch th\u01b0\u1edbc 2 b\u00e1t ch\u00ednh<\/h4>\n<div class=\"et_pb_toggle_content clearfix\">\n<ul>\n<li><strong>Chi\u1ec1u d\u00e0i b\u00e1t ch\u00ednh (mm):\u00a0<\/strong>334<\/li>\n<li><strong>Chi\u1ec1u r\u1ed9ng b\u00e1t ch\u00ednh (mm):\u00a0<\/strong>414<\/li>\n<li><strong>\u0110\u1ed9 s\u00e2u b\u00e1t ch\u00ednh (mm):\u00a0<\/strong>200<\/li>\n<\/ul>\n<figure id=\"attachment_65600\" aria-describedby=\"caption-attachment-65600\" style=\"width: 800px\" class=\"wp-caption alignnone\"><img loading=\"lazy\" decoding=\"async\" class=\"size-large wp-image-65600\" src=\"https:\/\/livinghome.vn\/thiet-bi\/wp-content\/uploads\/nha-bep\/teka\/chau-rua\/chau-rua-teka-stone-80-b-tg-2b-1d-grey\/chau-rua-teka-stone-80-b-tg-2b-1d-grey-3-800x800.jpg\" alt=\"Ch\u1eadu r\u1eeda Teka STONE 80 B-TG 2B 1D Gr l\u1eafp n\u1ed5i \u0111\u00e1 th\u1ea1ch anh m\u00e0u x\u00e1m\" width=\"800\" height=\"800\" title=\"\"><figcaption id=\"caption-attachment-65600\" class=\"wp-caption-text\">Th\u00f4ng s\u1ed1 k\u1ef9 thu\u1eadt ch\u1eadu r\u1eeda Teka STONE 80 B-TG 2B 1D Gr<\/figcaption><\/figure>\n<\/div>\n<\/div>\n","protected":false},"excerpt":{"rendered":"<div id=\"product-title\" class=\"et_pb_module et_pb_text et_pb_bg_layout_light et_pb_text_align_left\">\n<div class=\"et_pb_text_inner\">\n<div id=\"product-title\" class=\"et_pb_module et_pb_text et_pb_bg_layout_light et_pb_text_align_left\">\n<div class=\"et_pb_text_inner\">\n<h2 style=\"text-align: center;\"><strong>Ch\u1eadu r\u1eeda Teka STONE 80 B-TG 2B 1D Gr<\/strong><\/h2>\n<\/div>\n<\/div>\n<div class=\"et_pb_module et_pb_text et_pb_text_1 et_pb_bg_layout_light et_pb_text_align_left\">\n<div class=\"et_pb_text_inner\">\n<div id=\"product-content\">\n<p style=\"text-align: center;\">Ch\u1eadu r\u1eeda b\u1eb1ng \u0111\u00e1 &#8211; l\u1eafp n\u1ed5i<\/p>\n<p style=\"text-align: center;\">Ch\u1ea5t li\u1ec7u: \u0111\u00e1 th\u1ea1ch anh<\/p>\n<p style=\"text-align: center;\">Ki\u1ec3u d\u00e1ng 02 h\u1ed9c r\u1eeda v\u00e0 01 b\u00e0n ch\u1eadu<\/p>\n<p style=\"text-align: center;\">B\u1ec1 m\u1eb7t c\u00f3 kh\u1ea3 n\u0103ng ch\u1ed1ng ch\u1ecbu t\u00e1c \u0111\u1ed9ng, s\u1ed1c nhi\u1ec7t v\u00e0 nhi\u1ec7t \u0111\u1ed9 cao<\/p>\n<p style=\"text-align: center;\">K\u00edch th\u01b0\u1edbc t\u1ed5ng qu\u00e1t: 1160x510x200 (mm)<\/p>\n<p style=\"text-align: center;\">K\u00edch th\u01b0\u1edbc h\u1ed9c r\u1eeda: 334x414x200 (mm)<\/p>\n<p style=\"text-align: center;\">Gi\u1edbi h\u1ea1n h\u1ed9c t\u1ee7 d\u01b0\u1edbi &gt;80cm<\/p>\n<p style=\"text-align: center;\">Ph\u1ee5 ki\u1ec7n: n\u00fat nh\u1ea5n Pop Up<\/p>\n<\/div>\n<\/div>\n<\/div>\n<\/div>\n<\/div>\n","protected":false},"featured_media":2341,"comment_status":"open","ping_status":"closed","template":"","meta":[],"product_brand":[],"product_cat":[331,311],"product_tag":[148,288,335,332],"class_list":{"0":"post-2163","1":"product","2":"type-product","3":"status-publish","4":"has-post-thumbnail","6":"product_cat-chau-rua-chen-teka","7":"product_cat-thuong-hieu-teka","8":"product_tag-chau-rua-chen","9":"product_tag-chau-rua-chen-da","10":"product_tag-chau-rua-chen-lap-noi","11":"product_tag-chau-rua-chen-teka","13":"first","14":"instock","15":"sale","16":"shipping-taxable","17":"purchasable","18":"product-type-simple"},"_links":{"self":[{"href":"https:\/\/livinghome.vn\/thiet-bi\/wp-json\/wp\/v2\/product\/2163","targetHints":{"allow":["GET"]}}],"collection":[{"href":"https:\/\/livinghome.vn\/thiet-bi\/wp-json\/wp\/v2\/product"}],"about":[{"href":"https:\/\/livinghome.vn\/thiet-bi\/wp-json\/wp\/v2\/types\/product"}],"replies":[{"embeddable":true,"href":"https:\/\/livinghome.vn\/thiet-bi\/wp-json\/wp\/v2\/comments?post=2163"}],"wp:featuredmedia":[{"embeddable":true,"href":"https:\/\/livinghome.vn\/thiet-bi\/wp-json\/wp\/v2\/media\/2341"}],"wp:attachment":[{"href":"https:\/\/livinghome.vn\/thiet-bi\/wp-json\/wp\/v2\/media?parent=2163"}],"wp:term":[{"taxonomy":"product_brand","embeddable":true,"href":"https:\/\/livinghome.vn\/thiet-bi\/wp-json\/wp\/v2\/product_brand?post=2163"},{"taxonomy":"product_cat","embeddable":true,"href":"https:\/\/livinghome.vn\/thiet-bi\/wp-json\/wp\/v2\/product_cat?post=2163"},{"taxonomy":"product_tag","embeddable":true,"href":"https:\/\/livinghome.vn\/thiet-bi\/wp-json\/wp\/v2\/product_tag?post=2163"}],"curies":[{"name":"wp","href":"https:\/\/api.w.org\/{rel}","templated":true}]}}