{"id":21621,"date":"2024-05-06T17:07:29","date_gmt":"2024-05-06T10:07:29","guid":{"rendered":"https:\/\/livinghome.vn\/thiet-bi\/?post_type=product&#038;p=21621"},"modified":"2024-11-29T14:18:50","modified_gmt":"2024-11-29T07:18:50","slug":"tu-lanh-malloca-side-by-side-mf-547-sim","status":"publish","type":"product","link":"https:\/\/livinghome.vn\/thiet-bi\/tu-lanh-malloca-side-by-side-mf-547-sim\/","title":{"rendered":"T\u1ee7 L\u1ea1nh Malloca Side By Side MF-547 SIM"},"content":{"rendered":"<h2>T\u1ee7 L\u1ea1nh Malloca Side By Side MF-547 SIM<\/h2>\n<figure id=\"attachment_21624\" aria-describedby=\"caption-attachment-21624\" style=\"width: 900px\" class=\"wp-caption aligncenter\"><img loading=\"lazy\" decoding=\"async\" class=\"size-full wp-image-21624\" src=\"https:\/\/livinghome.vn\/thiet-bi\/wp-content\/uploads\/2024\/05\/tu-lanh-malloca-side-by-side-mf-547-sim-3.jpg\" alt=\"T\u1ee7 L\u1ea1nh Malloca Side By Side MF-547 SIM\" width=\"900\" height=\"900\" title=\"\" srcset=\"https:\/\/livinghome.vn\/thiet-bi\/wp-content\/uploads\/2024\/05\/tu-lanh-malloca-side-by-side-mf-547-sim-3.jpg 900w, https:\/\/livinghome.vn\/thiet-bi\/wp-content\/uploads\/2024\/05\/tu-lanh-malloca-side-by-side-mf-547-sim-3-400x400.jpg 400w, https:\/\/livinghome.vn\/thiet-bi\/wp-content\/uploads\/2024\/05\/tu-lanh-malloca-side-by-side-mf-547-sim-3-800x800.jpg 800w, https:\/\/livinghome.vn\/thiet-bi\/wp-content\/uploads\/2024\/05\/tu-lanh-malloca-side-by-side-mf-547-sim-3-280x280.jpg 280w, https:\/\/livinghome.vn\/thiet-bi\/wp-content\/uploads\/2024\/05\/tu-lanh-malloca-side-by-side-mf-547-sim-3-768x768.jpg 768w, https:\/\/livinghome.vn\/thiet-bi\/wp-content\/uploads\/2024\/05\/tu-lanh-malloca-side-by-side-mf-547-sim-3-300x300.jpg 300w, https:\/\/livinghome.vn\/thiet-bi\/wp-content\/uploads\/2024\/05\/tu-lanh-malloca-side-by-side-mf-547-sim-3-600x600.jpg 600w, https:\/\/livinghome.vn\/thiet-bi\/wp-content\/uploads\/2024\/05\/tu-lanh-malloca-side-by-side-mf-547-sim-3-100x100.jpg 100w\" sizes=\"auto, (max-width: 900px) 100vw, 900px\" \/><figcaption id=\"caption-attachment-21624\" class=\"wp-caption-text\">T\u1ee7 L\u1ea1nh Malloca Side By Side MF-547 SIM<\/figcaption><\/figure>\n<h3>\u0110\u1eb7c \u0111i\u1ec3m s\u1ea3n ph\u1ea9m<\/h3>\n<p>T\u1ee7 l\u1ea1nh Side by Side &#8211; 2 c\u1eeda<\/p>\n<p>M\u00e0u s\u1eafc: \u0110en &#8211; hi\u1ec7u \u1ee9ng kim lo\u1ea1i x\u01b0\u1edbc<\/p>\n<p>C\u00f4ng ngh\u1ec7 Inverter &#8211; ti\u1ebft ki\u1ec7m \u0111i\u1ec7n n\u0103ng, v\u1eadn h\u00e0nh \u00eam \u00e1i<\/p>\n<p>C\u00f4ng ngh\u1ec7 kh\u00f4ng \u0111\u00f3ng tuy\u1ebft<\/p>\n<p>C\u00f4ng ngh\u1ec7 lu\u1ed3ng kh\u00ed l\u1ea1nh \u0111a chi\u1ec1u \u2013 duy tr\u00ec nhi\u1ec7t \u0111\u1ed9 v\u00e0 \u0111\u1ed9 \u1ea9m<\/p>\n<p>C\u00f4ng ngh\u1ec7 t\u1ef1 l\u00e0m \u0111\u00e1 t\u1ef1 \u0111\u1ed9ng ti\u1ec7n l\u1ee3i v\u00e0 an to\u00e0n<\/p>\n<p>H\u1ec7 th\u1ed1ng l\u1ea5y n\u01b0\u1edbc ti\u1ec7n d\u1ee5ng b\u00ean ngo\u00e0i : n\u01b0\u1edbc l\u1ea1nh, \u0111\u00e1 vi\u00ean, \u0111\u00e1 xay<\/p>\n<p>H\u1ec7 th\u1ed1ng \u0111i\u1ec1u khi\u1ec3n \u0111i\u1ec7n t\u1eed, c\u1ea3m \u1ee9ng<\/p>\n<p>B\u1ed9 l\u1ecdc than ho\u1ea1t t\u00ednh kh\u1eed m\u00f9i hi\u1ec7u qu\u1ea3, b\u1ea3o qu\u1ea3n v\u00e0 duy tr\u00ec th\u1ef1c ph\u1ea9m t\u01b0\u01a1i l\u00e2u h\u01a1n<\/p>\n<p>Ch\u1ee9c n\u0103ng \u00e2m b\u00e1o khi c\u1eeda m\u1edf qu\u00e1 60 gi\u00e2y<\/p>\n<p>Ch\u1ee9c n\u0103ng kh\u00f3a tr\u1ebb em<\/p>\n<p>C\u00e1c ch\u1ebf \u0111\u1ed9 th\u00f4ng minh: SMART, ECO, SUPER COOLING, SUPER FREEZING, ICE OFF, REMIND CHANGING WATER FILTER<\/p>\n<h3>Th\u00f4ng s\u1ed1 k\u1ef9 thu\u1eadt<\/h3>\n<p>T\u1ed5ng dung t\u00edch : 513 l\u00edt<\/p>\n<p>Dung t\u00edch ng\u0103n m\u00e1t : 344 l\u00edt<\/p>\n<p>Dung t\u00edch ng\u0103n \u0111\u00f4ng : 169 l\u00edt<\/p>\n<p>\u0110i\u1ec7n \u00e1p: 220-240V\/50Hz<\/p>\n<p>C\u00f4ng su\u1ea5t: 150W<\/p>\n<p>Gas: R600a<\/p>\n<p>K\u00edch th\u01b0\u1edbc: W900 x D660 x H1770 mm<\/p>\n<figure id=\"attachment_21623\" aria-describedby=\"caption-attachment-21623\" style=\"width: 900px\" class=\"wp-caption aligncenter\"><img loading=\"lazy\" decoding=\"async\" class=\"size-full wp-image-21623\" src=\"https:\/\/livinghome.vn\/thiet-bi\/wp-content\/uploads\/2024\/05\/tu-lanh-malloca-side-by-side-mf-547-sim-2.jpg\" alt=\"T\u1ee7 L\u1ea1nh Malloca Side By Side MF-547 SIM\" width=\"900\" height=\"900\" title=\"\" srcset=\"https:\/\/livinghome.vn\/thiet-bi\/wp-content\/uploads\/2024\/05\/tu-lanh-malloca-side-by-side-mf-547-sim-2.jpg 900w, https:\/\/livinghome.vn\/thiet-bi\/wp-content\/uploads\/2024\/05\/tu-lanh-malloca-side-by-side-mf-547-sim-2-400x400.jpg 400w, https:\/\/livinghome.vn\/thiet-bi\/wp-content\/uploads\/2024\/05\/tu-lanh-malloca-side-by-side-mf-547-sim-2-800x800.jpg 800w, https:\/\/livinghome.vn\/thiet-bi\/wp-content\/uploads\/2024\/05\/tu-lanh-malloca-side-by-side-mf-547-sim-2-280x280.jpg 280w, https:\/\/livinghome.vn\/thiet-bi\/wp-content\/uploads\/2024\/05\/tu-lanh-malloca-side-by-side-mf-547-sim-2-768x768.jpg 768w, https:\/\/livinghome.vn\/thiet-bi\/wp-content\/uploads\/2024\/05\/tu-lanh-malloca-side-by-side-mf-547-sim-2-300x300.jpg 300w, https:\/\/livinghome.vn\/thiet-bi\/wp-content\/uploads\/2024\/05\/tu-lanh-malloca-side-by-side-mf-547-sim-2-600x600.jpg 600w, https:\/\/livinghome.vn\/thiet-bi\/wp-content\/uploads\/2024\/05\/tu-lanh-malloca-side-by-side-mf-547-sim-2-100x100.jpg 100w\" sizes=\"auto, (max-width: 900px) 100vw, 900px\" \/><figcaption id=\"caption-attachment-21623\" class=\"wp-caption-text\">T\u1ee7 L\u1ea1nh Malloca Side By Side MF-547 SIM<\/figcaption><\/figure>\n<h3>Xu\u1ea5t x\u1ee9: Trung Qu\u1ed1c (theo b\u1ea3n quy\u1ec1n Malloca)<\/h3>\n","protected":false},"excerpt":{"rendered":"<h2>T\u1ee7 L\u1ea1nh Malloca Side By Side MF-547 SIM<\/h2>\n<ul>\n<li>T\u1ed5ng dung t\u00edch : 513 l\u00edt<\/li>\n<li>Dung t\u00edch ng\u0103n m\u00e1t : 344 l\u00edt<\/li>\n<li>Dung t\u00edch ng\u0103n \u0111\u00f4ng : 169 l\u00edt<\/li>\n<li>\u0110i\u1ec7n \u00e1p: 220-240V\/50Hz<\/li>\n<li>C\u00f4ng su\u1ea5t: 150W<\/li>\n<li>Gas: R600a<\/li>\n<li>K\u00edch th\u01b0\u1edbc: W900 x D660 x H1770 mm<\/li>\n<\/ul>\n","protected":false},"featured_media":21622,"comment_status":"open","ping_status":"closed","template":"","meta":[],"product_brand":[],"product_cat":[262,201,2019],"product_tag":[203,308],"class_list":{"0":"post-21621","1":"product","2":"type-product","3":"status-publish","4":"has-post-thumbnail","6":"product_cat-thuong-hieu-malloca","7":"product_cat-tu-lanh","8":"product_cat-tu-lanh-malloca","9":"product_tag-tu-lanh","10":"product_tag-tu-lanh-malloca","12":"first","13":"instock","14":"sale","15":"shipping-taxable","16":"purchasable","17":"product-type-simple"},"_links":{"self":[{"href":"https:\/\/livinghome.vn\/thiet-bi\/wp-json\/wp\/v2\/product\/21621","targetHints":{"allow":["GET"]}}],"collection":[{"href":"https:\/\/livinghome.vn\/thiet-bi\/wp-json\/wp\/v2\/product"}],"about":[{"href":"https:\/\/livinghome.vn\/thiet-bi\/wp-json\/wp\/v2\/types\/product"}],"replies":[{"embeddable":true,"href":"https:\/\/livinghome.vn\/thiet-bi\/wp-json\/wp\/v2\/comments?post=21621"}],"wp:featuredmedia":[{"embeddable":true,"href":"https:\/\/livinghome.vn\/thiet-bi\/wp-json\/wp\/v2\/media\/21622"}],"wp:attachment":[{"href":"https:\/\/livinghome.vn\/thiet-bi\/wp-json\/wp\/v2\/media?parent=21621"}],"wp:term":[{"taxonomy":"product_brand","embeddable":true,"href":"https:\/\/livinghome.vn\/thiet-bi\/wp-json\/wp\/v2\/product_brand?post=21621"},{"taxonomy":"product_cat","embeddable":true,"href":"https:\/\/livinghome.vn\/thiet-bi\/wp-json\/wp\/v2\/product_cat?post=21621"},{"taxonomy":"product_tag","embeddable":true,"href":"https:\/\/livinghome.vn\/thiet-bi\/wp-json\/wp\/v2\/product_tag?post=21621"}],"curies":[{"name":"wp","href":"https:\/\/api.w.org\/{rel}","templated":true}]}}