{"id":21604,"date":"2024-05-06T16:53:31","date_gmt":"2024-05-06T09:53:31","guid":{"rendered":"https:\/\/livinghome.vn\/thiet-bi\/?post_type=product&#038;p=21604"},"modified":"2025-07-23T23:25:17","modified_gmt":"2025-07-23T16:25:17","slug":"bep-tu-doi-am-tomate-tom-02i-g5-pro","status":"publish","type":"product","link":"https:\/\/livinghome.vn\/thiet-bi\/bep-tu-doi-am-tomate-tom-02i-g5-pro\/","title":{"rendered":"B\u1ebfp T\u1eeb \u0110\u00f4i \u00c2m Tomate  TOM 02i-G5 PRO"},"content":{"rendered":"<h2><span style=\"font-weight: 400;\">Gi\u1edbi thi\u1ec7u b\u1ebfp t\u1eeb \u0111\u00f4i \u00e2m Tomate\u00a0 TOM 02i-G5 PRO<\/span><\/h2>\n<p><span style=\"font-weight: 400;\">B\u1ebfp t\u1eeb Tomate TOM 02I-G5 PRO l\u00e0 l\u1ef1a ch\u1ecdn t\u1ed1t nh\u1ea5t v\u1edbi thi\u1ebft k\u1ebf hi\u1ec7n \u0111\u1ea1i v\u00e0 hi\u1ec7u su\u1ea5t v\u01b0\u1ee3t tr\u1ed9i. \u0110\u01b0\u1ee3c s\u1ea3n xu\u1ea5t tr\u00ean d\u00e2y chuy\u1ec1n c\u00f4ng ngh\u1ec7 t\u1eeb T\u00e2y Ban Nha v\u00e0 \u0110\u1ee9c, s\u1ea3n ph\u1ea9m n\u00e0y mang \u0111\u1ebfn \u0111\u1ed9 b\u1ec1n v\u00e0 t\u00ednh n\u0103ng cao c\u1ea5p. M\u1eb7t k\u00ednh Schott Ceran t\u1eeb \u0110\u1ee9c \u0111\u1ea3m b\u1ea3o kh\u1ea3 n\u0103ng ch\u1ed1ng b\u00e1m b\u1ea9n t\u1ed1i \u01b0u v\u00e0 sang tr\u1ecdng. K\u00edch th\u01b0\u1edbc r\u1ed9ng l\u1edbn v\u00e0 02 v\u00f9ng n\u1ea5u t\u1eeb \u0111\u01b0\u1eddng k\u00ednh 220mm mang l\u1ea1i s\u1ef1 linh ho\u1ea1t v\u00e0 ti\u1ec7n \u00edch. B\u1ea3ng \u0111i\u1ec1u khi\u1ec3n c\u1ea3m \u1ee9ng tr\u01b0\u1ee3t, c\u00f4ng su\u1ea5t m\u1ea1nh m\u1ebd v\u1edbi ch\u1ee9c n\u0103ng booster v\u00e0 c\u00e1c t\u00ednh n\u0103ng th\u00f4ng minh gi\u00fap b\u1ea1n d\u1ec5 d\u00e0ng ki\u1ec3m so\u00e1t qu\u00e1 tr\u00ecnh n\u1ea5u \u0103n.<\/span><\/p>\n<h2><span style=\"font-weight: 400;\">Chi ti\u1ebft s\u1ea3n ph\u1ea9m<\/span><\/h2>\n<ul>\n<li><span style=\"font-weight: 400;\">Lo\u1ea1i: b\u1ebfp t\u1eeb \u00e2m &#8211; m\u1eb7t k\u00ednh Schott Ceran (s\u1ea3n xu\u1ea5t t\u1ea1i \u0110\u1ee9c).\u00a0<\/span><\/li>\n<li><span style=\"font-weight: 400;\">M\u1eb7t k\u00ednh \u0111en hi\u1ec7u \u1ee9ng graphite b\u1ec1n v\u00e0 ch\u1ed1ng b\u00e1m b\u1ea9n.<\/span><\/li>\n<li><span style=\"font-weight: 400;\">K\u00edch th\u01b0\u1edbc m\u1eb7t k\u00ednh: 750x450mm, v\u00e1t c\u1ea1nh, vi\u1ec1n nh\u00f4m<\/span><\/li>\n<li><span style=\"font-weight: 400;\">02 v\u00f9ng n\u1ea5u t\u1eeb \u0111\u01b0\u1eddng k\u00ednh 220mm.<\/span><\/li>\n<li><span style=\"font-weight: 400;\">\u0110i\u1ec1u khi\u1ec3n c\u1ea3m \u1ee9ng tr\u01b0\u1ee3t (slide) ri\u00eang bi\u1ec7t cho t\u1eebng v\u00f9ng n\u1ea5u.<\/span><\/li>\n<li><span style=\"font-weight: 400;\">9 m\u1ee9c c\u00f4ng su\u1ea5t.<\/span><\/li>\n<li><span style=\"font-weight: 400;\">Ch\u1ee9c n\u0103ng booster: C\u00f4ng su\u1ea5t 3.000 W cho m\u1ed7i v\u00f9ng. .<\/span><\/li>\n<li><span style=\"font-weight: 400;\">H\u1eb9n gi\u1edd l\u00ean \u0111\u1ebfn 99 ph\u00fat<\/span><\/li>\n<li><span style=\"font-weight: 400;\">Ch\u1ee9c n\u0103ng nh\u1eadn di\u1ec7n n\u1ed3i th\u00f4ng minh.<\/span><\/li>\n<li><span style=\"font-weight: 400;\">Ch\u1ee9c n\u0103ng t\u1ea1m d\u1eebng.<\/span><\/li>\n<li><span style=\"font-weight: 400;\">M\u00e0n h\u00ecnh LED hi\u1ec3n th\u1ecb.<\/span><\/li>\n<li><span style=\"font-weight: 400;\">Ch\u1ee9c n\u0103ng chi\u00ean x\u00e0o (Fry): M\u1ee9c nhi\u1ec7t 170-180 \u0111\u1ed9 C.<\/span><\/li>\n<li><span style=\"font-weight: 400;\">Ch\u1ee9c n\u0103ng h\u00e2m \u1edf 03 m\u1ee9c: 60 \u0111\u1ed9 C, 70 \u0111\u1ed9 C v\u00e0 80 \u0111\u1ed9 C.<\/span><\/li>\n<li><span style=\"font-weight: 400;\">N\u1ea5u li\u00ean t\u1ee5c \u1edf c\u00f4ng su\u1ea5t nh\u1ecf.<\/span><\/li>\n<li><span style=\"font-weight: 400;\">C\u00f4ng ngh\u1ec7 Dual Inverter 8G Hi\u1ec7u su\u1ea5t cao v\u00e0 ti\u1ebft ki\u1ec7m \u0111i\u1ec7n n\u0103ng &#8211; S\u1ea3n xu\u1ea5t b\u1edfi Tomate (T\u00e2y Ban Nha) v\u00e0 Schott AG (\u0110\u1ee9c).<\/span><\/li>\n<\/ul>\n<p><img loading=\"lazy\" decoding=\"async\" class=\"alignnone size-full wp-image-21615\" src=\"https:\/\/livinghome.vn\/thiet-bi\/wp-content\/uploads\/2024\/05\/bep-tu-tomate-tom-02i-g5-pro-1.jpg\" alt=\"B\u1ebfp T\u1eeb \u0110\u00f4i \u00c2m Tomate TOM 02i-G5 PRO\" width=\"1200\" height=\"900\" title=\"\" srcset=\"https:\/\/livinghome.vn\/thiet-bi\/wp-content\/uploads\/2024\/05\/bep-tu-tomate-tom-02i-g5-pro-1.jpg 1200w, https:\/\/livinghome.vn\/thiet-bi\/wp-content\/uploads\/2024\/05\/bep-tu-tomate-tom-02i-g5-pro-1-533x400.jpg 533w, https:\/\/livinghome.vn\/thiet-bi\/wp-content\/uploads\/2024\/05\/bep-tu-tomate-tom-02i-g5-pro-1-1067x800.jpg 1067w, https:\/\/livinghome.vn\/thiet-bi\/wp-content\/uploads\/2024\/05\/bep-tu-tomate-tom-02i-g5-pro-1-768x576.jpg 768w, https:\/\/livinghome.vn\/thiet-bi\/wp-content\/uploads\/2024\/05\/bep-tu-tomate-tom-02i-g5-pro-1-600x450.jpg 600w\" sizes=\"auto, (max-width: 1200px) 100vw, 1200px\" \/><\/p>\n<h2><span style=\"font-weight: 400;\">T\u00ednh n\u0103ng an to\u00e0n<\/span><\/h2>\n<ul>\n<li><span style=\"font-weight: 400;\">C\u1ea3nh b\u00e1o d\u01b0 nhi\u1ec7t (H)<\/span><\/li>\n<li><span style=\"font-weight: 400;\">B\u1ea3o v\u1ec7 qu\u00e1 \u00e1p, qu\u00e1 d\u00f2ng, qu\u00e1 nhi\u1ec7t<\/span><\/li>\n<li><span style=\"font-weight: 400;\">Ch\u1ee9c n\u0103ng t\u1ea1m d\u1eebng th\u00f4ng minh<\/span><\/li>\n<li><span style=\"font-weight: 400;\">Kh\u00f3a an to\u00e0n tr\u1ebb em<\/span><\/li>\n<li><span style=\"font-weight: 400;\">T\u1ef1 \u0111\u1ed9ng t\u1eaft khi kh\u00f4ng c\u00f3 n\u1ed3i<\/span><\/li>\n<li><span style=\"font-weight: 400;\">C\u1ea3m bi\u1ebfn an to\u00e0n \u1edf v\u00f9ng \u0111i\u1ec1u khi\u1ebfn (V\u1eadt l\u1ea1, ch\u1ea5t l\u1ecfng &#8230;)<\/span><\/li>\n<\/ul>\n<p><img loading=\"lazy\" decoding=\"async\" class=\"alignnone size-full wp-image-21616\" src=\"https:\/\/livinghome.vn\/thiet-bi\/wp-content\/uploads\/2024\/05\/bep-tu-tomate-tom-02i-g5-pro-2.jpg\" alt=\"B\u1ebfp T\u1eeb \u0110\u00f4i \u00c2m Tomate TOM 02i-G5 PRO\" width=\"1200\" height=\"900\" title=\"\" srcset=\"https:\/\/livinghome.vn\/thiet-bi\/wp-content\/uploads\/2024\/05\/bep-tu-tomate-tom-02i-g5-pro-2.jpg 1200w, https:\/\/livinghome.vn\/thiet-bi\/wp-content\/uploads\/2024\/05\/bep-tu-tomate-tom-02i-g5-pro-2-533x400.jpg 533w, https:\/\/livinghome.vn\/thiet-bi\/wp-content\/uploads\/2024\/05\/bep-tu-tomate-tom-02i-g5-pro-2-1067x800.jpg 1067w, https:\/\/livinghome.vn\/thiet-bi\/wp-content\/uploads\/2024\/05\/bep-tu-tomate-tom-02i-g5-pro-2-768x576.jpg 768w, https:\/\/livinghome.vn\/thiet-bi\/wp-content\/uploads\/2024\/05\/bep-tu-tomate-tom-02i-g5-pro-2-600x450.jpg 600w\" sizes=\"auto, (max-width: 1200px) 100vw, 1200px\" \/><\/p>\n<h2><span style=\"font-weight: 400;\">Th\u00f4ng s\u1ed1 k\u1ef9 thu\u1eadt:<\/span><\/h2>\n<ul>\n<li><span style=\"font-weight: 400;\">C\u00f4ng su\u1ea5t: 3.0 kW + 3.0 kW <\/span><span style=\"font-weight: 400;\">(0220) + (0220)<\/span><\/li>\n<li><span style=\"font-weight: 400;\">K\u00edch th\u01b0\u1edbc b\u1ebfp: W750\u00d7D450xH60mm<\/span><\/li>\n<li><span style=\"font-weight: 400;\">K\u00edch th\u01b0\u1edbc c\u1ea5t \u0111\u00e1: W680xD380mm<\/span><\/li>\n<li><span style=\"font-weight: 400;\">\u0110i\u1ec7n \u00e1p: 220-240 VAC\u00a0<\/span><\/li>\n<li><span style=\"font-weight: 400;\">T\u1ea7n s\u1ed1: 50\/60 Hz<\/span><\/li>\n<li><span style=\"font-weight: 400;\">C\u00f4ng su\u1ea5t: 3700 W<\/span><\/li>\n<\/ul>\n<p><img loading=\"lazy\" decoding=\"async\" class=\"alignnone size-full wp-image-21617\" src=\"https:\/\/livinghome.vn\/thiet-bi\/wp-content\/uploads\/2024\/05\/bep-tu-tomate-tom-02i-g5-pro-3.jpg\" alt=\"B\u1ebfp T\u1eeb \u0110\u00f4i \u00c2m Tomate TOM 02i-G5 PRO\" width=\"1200\" height=\"900\" title=\"\" srcset=\"https:\/\/livinghome.vn\/thiet-bi\/wp-content\/uploads\/2024\/05\/bep-tu-tomate-tom-02i-g5-pro-3.jpg 1200w, https:\/\/livinghome.vn\/thiet-bi\/wp-content\/uploads\/2024\/05\/bep-tu-tomate-tom-02i-g5-pro-3-533x400.jpg 533w, https:\/\/livinghome.vn\/thiet-bi\/wp-content\/uploads\/2024\/05\/bep-tu-tomate-tom-02i-g5-pro-3-1067x800.jpg 1067w, https:\/\/livinghome.vn\/thiet-bi\/wp-content\/uploads\/2024\/05\/bep-tu-tomate-tom-02i-g5-pro-3-768x576.jpg 768w, https:\/\/livinghome.vn\/thiet-bi\/wp-content\/uploads\/2024\/05\/bep-tu-tomate-tom-02i-g5-pro-3-600x450.jpg 600w\" sizes=\"auto, (max-width: 1200px) 100vw, 1200px\" \/><\/p>\n","protected":false},"excerpt":{"rendered":"<ul>\n<li><span style=\"font-weight: 400;\">9 m\u1ee9c c\u00f4ng su\u1ea5t.<\/span><\/li>\n<li><span style=\"font-weight: 400;\">K\u00edch th\u01b0\u1edbc b\u1ebfp: W750\u00d7D450xH60mm<\/span><\/li>\n<li><span style=\"font-weight: 400;\">K\u00edch th\u01b0\u1edbc c\u1ea5t \u0111\u00e1: W680xD380mm<\/span><\/li>\n<li><span style=\"font-weight: 400;\">\u0110i\u1ec7n \u00e1p: 220-240 VAC\u00a0<\/span><\/li>\n<li><span style=\"font-weight: 400;\">T\u1ea7n s\u1ed1: 50\/60 Hz<\/span><\/li>\n<li><span style=\"font-weight: 400;\">C\u00f4ng su\u1ea5t: 3700 W<\/span><\/li>\n<li><span style=\"font-weight: 400;\">Ch\u1ee9c n\u0103ng booster: C\u00f4ng su\u1ea5t 3.000 W cho m\u1ed7i v\u00f9ng. .<\/span><\/li>\n<li><span style=\"font-weight: 400;\">H\u1eb9n gi\u1edd l\u00ean \u0111\u1ebfn 99 ph\u00fat<\/span><\/li>\n<li><span style=\"font-weight: 400;\">Ch\u1ee9c n\u0103ng nh\u1eadn di\u1ec7n n\u1ed3i th\u00f4ng minh.<\/span><\/li>\n<li><span style=\"font-weight: 400;\">Ch\u1ee9c n\u0103ng t\u1ea1m d\u1eebng.<\/span><\/li>\n<li><span style=\"font-weight: 400;\">M\u00e0n h\u00ecnh LED hi\u1ec3n th\u1ecb.<\/span><\/li>\n<li><span style=\"font-weight: 400;\">Ch\u1ee9c n\u0103ng chi\u00ean x\u00e0o (Fry): M\u1ee9c nhi\u1ec7t 170-180 \u0111\u1ed9 C.<\/span><\/li>\n<li><span style=\"font-weight: 400;\">Ch\u1ee9c n\u0103ng h\u00e2m \u1edf 03 m\u1ee9c: 60 \u0111\u1ed9 C, 70 \u0111\u1ed9 C v\u00e0 80 \u0111\u1ed9 C.<\/span><\/li>\n<li><span style=\"font-weight: 400;\">N\u1ea5u li\u00ean t\u1ee5c \u1edf c\u00f4ng su\u1ea5t nh\u1ecf.<\/span><\/li>\n<\/ul>\n","protected":false},"featured_media":21618,"comment_status":"open","ping_status":"closed","template":"","meta":[],"product_brand":[],"product_cat":[794,745,796,80,1741,957,75,795,71,364],"product_tag":[81,365,76,2018],"class_list":{"0":"post-21604","1":"product","2":"type-product","3":"status-publish","4":"has-post-thumbnail","6":"product_cat-bep-2-tu","7":"product_cat-bep-dien-tu","8":"product_cat-bep-dien-tu-doi","9":"product_cat-bep-dien-tu-ket-hop","10":"product_cat-bep-dien-tu-ket-hop-tomate","11":"product_cat-bep-dien-tu-tomate","12":"product_cat-bep-tu","13":"product_cat-bep-tu-doi","14":"product_cat-thuong-hieu","15":"product_cat-thuong-hieu-tomate","16":"product_tag-bep-dien-tu","17":"product_tag-bep-dien-tu-tomate","18":"product_tag-bep-tu","19":"product_tag-bep-tu-doi-am","21":"first","22":"instock","23":"sale","24":"shipping-taxable","25":"purchasable","26":"product-type-simple"},"_links":{"self":[{"href":"https:\/\/livinghome.vn\/thiet-bi\/wp-json\/wp\/v2\/product\/21604","targetHints":{"allow":["GET"]}}],"collection":[{"href":"https:\/\/livinghome.vn\/thiet-bi\/wp-json\/wp\/v2\/product"}],"about":[{"href":"https:\/\/livinghome.vn\/thiet-bi\/wp-json\/wp\/v2\/types\/product"}],"replies":[{"embeddable":true,"href":"https:\/\/livinghome.vn\/thiet-bi\/wp-json\/wp\/v2\/comments?post=21604"}],"wp:featuredmedia":[{"embeddable":true,"href":"https:\/\/livinghome.vn\/thiet-bi\/wp-json\/wp\/v2\/media\/21618"}],"wp:attachment":[{"href":"https:\/\/livinghome.vn\/thiet-bi\/wp-json\/wp\/v2\/media?parent=21604"}],"wp:term":[{"taxonomy":"product_brand","embeddable":true,"href":"https:\/\/livinghome.vn\/thiet-bi\/wp-json\/wp\/v2\/product_brand?post=21604"},{"taxonomy":"product_cat","embeddable":true,"href":"https:\/\/livinghome.vn\/thiet-bi\/wp-json\/wp\/v2\/product_cat?post=21604"},{"taxonomy":"product_tag","embeddable":true,"href":"https:\/\/livinghome.vn\/thiet-bi\/wp-json\/wp\/v2\/product_tag?post=21604"}],"curies":[{"name":"wp","href":"https:\/\/api.w.org\/{rel}","templated":true}]}}