{"id":21592,"date":"2024-05-06T16:22:25","date_gmt":"2024-05-06T09:22:25","guid":{"rendered":"https:\/\/livinghome.vn\/thiet-bi\/?post_type=product&#038;p=21592"},"modified":"2024-11-29T14:18:50","modified_gmt":"2024-11-29T07:18:50","slug":"lo-nuong-malloca-mov-659-mcb-am-tu","status":"publish","type":"product","link":"https:\/\/livinghome.vn\/thiet-bi\/lo-nuong-malloca-mov-659-mcb-am-tu\/","title":{"rendered":"L\u00f2 N\u01b0\u1edbng Malloca MOV-659 MCB \u00c2m T\u1ee7"},"content":{"rendered":"<h2>L\u00f2 N\u01b0\u1edbng Malloca MOV-659 MCB \u00c2m T\u1ee7<\/h2>\n<figure id=\"attachment_21600\" aria-describedby=\"caption-attachment-21600\" style=\"width: 900px\" class=\"wp-caption aligncenter\"><img loading=\"lazy\" decoding=\"async\" class=\"size-full wp-image-21600\" src=\"https:\/\/livinghome.vn\/thiet-bi\/wp-content\/uploads\/2024\/05\/lo-nuong-malloca-mov-659-mcb-8.jpg\" alt=\"L\u00f2 N\u01b0\u1edbng Malloca MOV-659 MCB \u00c2m T\u1ee7\" width=\"900\" height=\"900\" title=\"\" srcset=\"https:\/\/livinghome.vn\/thiet-bi\/wp-content\/uploads\/2024\/05\/lo-nuong-malloca-mov-659-mcb-8.jpg 900w, https:\/\/livinghome.vn\/thiet-bi\/wp-content\/uploads\/2024\/05\/lo-nuong-malloca-mov-659-mcb-8-400x400.jpg 400w, https:\/\/livinghome.vn\/thiet-bi\/wp-content\/uploads\/2024\/05\/lo-nuong-malloca-mov-659-mcb-8-800x800.jpg 800w, https:\/\/livinghome.vn\/thiet-bi\/wp-content\/uploads\/2024\/05\/lo-nuong-malloca-mov-659-mcb-8-280x280.jpg 280w, https:\/\/livinghome.vn\/thiet-bi\/wp-content\/uploads\/2024\/05\/lo-nuong-malloca-mov-659-mcb-8-768x768.jpg 768w, https:\/\/livinghome.vn\/thiet-bi\/wp-content\/uploads\/2024\/05\/lo-nuong-malloca-mov-659-mcb-8-300x300.jpg 300w, https:\/\/livinghome.vn\/thiet-bi\/wp-content\/uploads\/2024\/05\/lo-nuong-malloca-mov-659-mcb-8-600x600.jpg 600w, https:\/\/livinghome.vn\/thiet-bi\/wp-content\/uploads\/2024\/05\/lo-nuong-malloca-mov-659-mcb-8-100x100.jpg 100w\" sizes=\"auto, (max-width: 900px) 100vw, 900px\" \/><figcaption id=\"caption-attachment-21600\" class=\"wp-caption-text\">L\u00f2 N\u01b0\u1edbng Malloca MOV-659 MCB \u00c2m T\u1ee7<\/figcaption><\/figure>\n<h3>T\u00ednh N\u0103ng C\u01a1 B\u1ea3n<\/h3>\n<p>L\u00f2 N\u01b0\u1edbng \u0110i\u1ec7n \u00c2m T\u1ee7<\/p>\n<p>M\u1eb7t K\u00ednh M\u00e0u \u0110en<\/p>\n<p>9 Ch\u1ee9c N\u0103ng<\/p>\n<p>Ch\u1ee9c N\u0103ng Steambase<\/p>\n<h3>Th\u00f4ng S\u1ed1 K\u1ef9 Thu\u1eadt<\/h3>\n<p>Dung T\u00edch: 65L<\/p>\n<p>\u0110i\u1ec7n \u00c1p: 220-230V\/50Hz-60Hz<\/p>\n<p>C\u00f4ng Su\u1ea5t: 3100W<\/p>\n<p>K\u00edch Th\u01b0\u1edbc: W595 X D575 X H595mm<\/p>\n<figure id=\"attachment_21594\" aria-describedby=\"caption-attachment-21594\" style=\"width: 900px\" class=\"wp-caption aligncenter\"><img loading=\"lazy\" decoding=\"async\" class=\"size-full wp-image-21594\" src=\"https:\/\/livinghome.vn\/thiet-bi\/wp-content\/uploads\/2024\/05\/lo-nuong-malloca-mov-659-mcb-2.jpg\" alt=\"L\u00f2 N\u01b0\u1edbng Malloca MOV-659 MCB \u00c2m T\u1ee7\" width=\"900\" height=\"900\" title=\"\" srcset=\"https:\/\/livinghome.vn\/thiet-bi\/wp-content\/uploads\/2024\/05\/lo-nuong-malloca-mov-659-mcb-2.jpg 900w, https:\/\/livinghome.vn\/thiet-bi\/wp-content\/uploads\/2024\/05\/lo-nuong-malloca-mov-659-mcb-2-400x400.jpg 400w, https:\/\/livinghome.vn\/thiet-bi\/wp-content\/uploads\/2024\/05\/lo-nuong-malloca-mov-659-mcb-2-800x800.jpg 800w, https:\/\/livinghome.vn\/thiet-bi\/wp-content\/uploads\/2024\/05\/lo-nuong-malloca-mov-659-mcb-2-280x280.jpg 280w, https:\/\/livinghome.vn\/thiet-bi\/wp-content\/uploads\/2024\/05\/lo-nuong-malloca-mov-659-mcb-2-768x768.jpg 768w, https:\/\/livinghome.vn\/thiet-bi\/wp-content\/uploads\/2024\/05\/lo-nuong-malloca-mov-659-mcb-2-300x300.jpg 300w, https:\/\/livinghome.vn\/thiet-bi\/wp-content\/uploads\/2024\/05\/lo-nuong-malloca-mov-659-mcb-2-600x600.jpg 600w, https:\/\/livinghome.vn\/thiet-bi\/wp-content\/uploads\/2024\/05\/lo-nuong-malloca-mov-659-mcb-2-100x100.jpg 100w\" sizes=\"auto, (max-width: 900px) 100vw, 900px\" \/><figcaption id=\"caption-attachment-21594\" class=\"wp-caption-text\">L\u00f2 N\u01b0\u1edbng Malloca MOV-659 MCB \u00c2m T\u1ee7<\/figcaption><\/figure>\n<h3>Xu\u1ea5t X\u1ee9: Th\u1ed5 Nh\u0129 K\u1ef3<\/h3>\n","protected":false},"excerpt":{"rendered":"<h2>L\u00f2 N\u01b0\u1edbng Malloca MOV-659 MCB \u00c2m T\u1ee7<\/h2>\n<ul>\n<li>L\u00f2 n\u01b0\u1edbng 9 ch\u1ee9c n\u0103ng<\/li>\n<li>C\u00f4ng su\u1ea5t: 3100W<\/li>\n<li>Dung T\u00edch: 65L<\/li>\n<li>\u0110i\u1ec7n \u00c1p: 220-230V\/50Hz-60Hz<\/li>\n<li>KT: W595 x D575 x H595mm<\/li>\n<\/ul>\n","protected":false},"featured_media":21593,"comment_status":"open","ping_status":"closed","template":"","meta":[],"product_brand":[],"product_cat":[95,2013,262],"product_tag":[96,292],"class_list":{"0":"post-21592","1":"product","2":"type-product","3":"status-publish","4":"has-post-thumbnail","6":"product_cat-lo-nuong","7":"product_cat-lo-nuong-malloca","8":"product_cat-thuong-hieu-malloca","9":"product_tag-lo-nuong","10":"product_tag-lo-nuong-malloca","12":"first","13":"instock","14":"sale","15":"shipping-taxable","16":"purchasable","17":"product-type-simple"},"_links":{"self":[{"href":"https:\/\/livinghome.vn\/thiet-bi\/wp-json\/wp\/v2\/product\/21592","targetHints":{"allow":["GET"]}}],"collection":[{"href":"https:\/\/livinghome.vn\/thiet-bi\/wp-json\/wp\/v2\/product"}],"about":[{"href":"https:\/\/livinghome.vn\/thiet-bi\/wp-json\/wp\/v2\/types\/product"}],"replies":[{"embeddable":true,"href":"https:\/\/livinghome.vn\/thiet-bi\/wp-json\/wp\/v2\/comments?post=21592"}],"wp:featuredmedia":[{"embeddable":true,"href":"https:\/\/livinghome.vn\/thiet-bi\/wp-json\/wp\/v2\/media\/21593"}],"wp:attachment":[{"href":"https:\/\/livinghome.vn\/thiet-bi\/wp-json\/wp\/v2\/media?parent=21592"}],"wp:term":[{"taxonomy":"product_brand","embeddable":true,"href":"https:\/\/livinghome.vn\/thiet-bi\/wp-json\/wp\/v2\/product_brand?post=21592"},{"taxonomy":"product_cat","embeddable":true,"href":"https:\/\/livinghome.vn\/thiet-bi\/wp-json\/wp\/v2\/product_cat?post=21592"},{"taxonomy":"product_tag","embeddable":true,"href":"https:\/\/livinghome.vn\/thiet-bi\/wp-json\/wp\/v2\/product_tag?post=21592"}],"curies":[{"name":"wp","href":"https:\/\/api.w.org\/{rel}","templated":true}]}}