{"id":21574,"date":"2024-05-06T15:30:37","date_gmt":"2024-05-06T08:30:37","guid":{"rendered":"https:\/\/livinghome.vn\/thiet-bi\/?post_type=product&#038;p=21574"},"modified":"2024-11-29T14:18:50","modified_gmt":"2024-11-29T07:18:50","slug":"may-hut-mui-kinh-cong-kaff-kf-gb209tb","status":"publish","type":"product","link":"https:\/\/livinghome.vn\/thiet-bi\/may-hut-mui-kinh-cong-kaff-kf-gb209tb\/","title":{"rendered":"M\u00e1y H\u00fat M\u00f9i K\u00ednh Cong Kaff KF-GB209TB"},"content":{"rendered":"<h3 data-sourcepos=\"3:1-3:299\">M\u00e1y H\u00fat M\u00f9i K\u00ednh Cong Kaff KF-GB207TB<\/h3>\n<p data-sourcepos=\"3:1-3:299\">M\u00e1y h\u00fat m\u00f9i k\u00ednh cong \u0111en s\u1edf h\u1eefu thi\u1ebft k\u1ebf sang tr\u1ecdng, hi\u1ec7n \u0111\u1ea1i, d\u1ec5 d\u00e0ng l\u1eafp \u0111\u1eb7t tr\u00ean t\u01b0\u1eddng, mang l\u1ea1i \u0111i\u1ec3m nh\u1ea5n cho kh\u00f4ng gian b\u1ebfp c\u1ee7a b\u1ea1n. V\u1edbi c\u00f4ng su\u1ea5t h\u00fat t\u1ed1i \u0111a l\u00ean \u0111\u1ebfn 1000 m\u00b3\/h v\u00e0 9 t\u1ed1c \u0111\u1ed9 t\u00f9y ch\u1ec9nh, m\u00e1y effectively lo\u1ea1i b\u1ecf m\u1ecdi m\u00f9i th\u1ee9c \u0103n, d\u1ea7u m\u1ee1, tr\u1ea3 l\u1ea1i b\u1ea7u kh\u00f4ng kh\u00ed trong l\u00e0nh cho c\u0103n b\u1ebfp.<\/p>\n<p data-sourcepos=\"5:1-5:228\">B\u1ea3ng \u0111i\u1ec1u khi\u1ec3n c\u1ea3m \u1ee9ng c\u00f3 m\u00e0n h\u00ecnh hi\u1ec3n th\u1ecb s\u1eafc n\u00e9t gi\u00fap b\u1ea1n d\u1ec5 d\u00e0ng thao t\u00e1c v\u00e0 \u0111i\u1ec1u ch\u1ec9nh c\u00e1c ch\u1ee9c n\u0103ng. M\u00e1y c\u00f2n \u0111\u01b0\u1ee3c trang b\u1ecb t\u00ednh n\u0103ng h\u1eb9n gi\u1edd t\u1eaft ti\u1ec7n l\u1ee3i v\u00e0 \u0111\u00e8n LED chi\u1ebfu s\u00e1ng khu v\u1ef1c b\u1ebfp n\u1ea5u, \u0111\u1ea3m b\u1ea3o an to\u00e0n khi s\u1eed d\u1ee5ng.<\/p>\n<p data-sourcepos=\"7:1-7:248\">M\u00e1y ho\u1ea1t \u0111\u1ed9ng v\u1edbi c\u01a1 ch\u1ebf h\u00fat \u0111\u1ea9y tr\u1ef1c ti\u1ebfp qua \u0111\u01b0\u1eddng \u1ed1ng tho\u00e1t kh\u00ed \u0111\u01b0\u1eddng k\u00ednh 15 cm ho\u1eb7c h\u00fat th\u1ea3i tu\u1ea7n ho\u00e0n b\u1eb1ng than ho\u1ea1t t\u00ednh, ph\u00f9 h\u1ee3p v\u1edbi nhi\u1ec1u kh\u00f4ng gian b\u1ebfp kh\u00e1c nhau. \u1ed0ng ru\u1ed9t g\u00e0 ph\u1ee7 b\u1ea1c \u0111i k\u00e8m khi mua m\u00e1y gi\u00fap b\u1ea1n d\u1ec5 d\u00e0ng l\u1eafp \u0111\u1eb7t v\u00e0 s\u1eed d\u1ee5ng.<\/p>\n<p data-sourcepos=\"9:1-9:180\">V\u1edbi nh\u1eefng \u01b0u \u0111i\u1ec3m n\u1ed5i b\u1eadt nh\u01b0 thi\u1ebft k\u1ebf sang tr\u1ecdng, c\u00f4ng su\u1ea5t h\u00fat m\u1ea1nh m\u1ebd, ti\u1ec7n l\u1ee3i khi s\u1eed d\u1ee5ng v\u00e0 gi\u00e1 th\u00e0nh h\u1ee3p l\u00fd, m\u00e1y h\u00fat m\u00f9i k\u00ednh cong \u0111en l\u00e0 l\u1ef1a ch\u1ecdn ho\u00e0n h\u1ea3o cho gia \u0111\u00ecnh b\u1ea1n.<\/p>\n<p data-sourcepos=\"9:1-9:180\"><img loading=\"lazy\" decoding=\"async\" class=\"alignnone size-full wp-image-21580\" src=\"https:\/\/livinghome.vn\/thiet-bi\/wp-content\/uploads\/2024\/05\/may-hut-mui-kinh-cong-kaff-kf-gb209tb-4.jpg\" alt=\"\" width=\"1200\" height=\"800\" title=\"\" srcset=\"https:\/\/livinghome.vn\/thiet-bi\/wp-content\/uploads\/2024\/05\/may-hut-mui-kinh-cong-kaff-kf-gb209tb-4.jpg 1200w, https:\/\/livinghome.vn\/thiet-bi\/wp-content\/uploads\/2024\/05\/may-hut-mui-kinh-cong-kaff-kf-gb209tb-4-600x400.jpg 600w, https:\/\/livinghome.vn\/thiet-bi\/wp-content\/uploads\/2024\/05\/may-hut-mui-kinh-cong-kaff-kf-gb209tb-4-768x512.jpg 768w\" sizes=\"auto, (max-width: 1200px) 100vw, 1200px\" \/> <img loading=\"lazy\" decoding=\"async\" class=\"alignnone size-full wp-image-21579\" src=\"https:\/\/livinghome.vn\/thiet-bi\/wp-content\/uploads\/2024\/05\/may-hut-mui-kinh-cong-kaff-kf-gb209tb-5.jpg\" alt=\"\" width=\"1200\" height=\"800\" title=\"\" srcset=\"https:\/\/livinghome.vn\/thiet-bi\/wp-content\/uploads\/2024\/05\/may-hut-mui-kinh-cong-kaff-kf-gb209tb-5.jpg 1200w, https:\/\/livinghome.vn\/thiet-bi\/wp-content\/uploads\/2024\/05\/may-hut-mui-kinh-cong-kaff-kf-gb209tb-5-600x400.jpg 600w, https:\/\/livinghome.vn\/thiet-bi\/wp-content\/uploads\/2024\/05\/may-hut-mui-kinh-cong-kaff-kf-gb209tb-5-768x512.jpg 768w\" sizes=\"auto, (max-width: 1200px) 100vw, 1200px\" \/><\/p>\n<h3 class=\"text-uppercase product-setting position-relative mt-sm-3\">M\u00f4 t\u1ea3 s\u1ea3n ph\u1ea9m<\/h3>\n<p>\u2022 M\u00e1y h\u00fat m\u00f9i k\u00ednh cong m\u00e0u \u0111en sang tr\u1ecdng<\/p>\n<p>\u2022 M\u1eb7t k\u00ednh c\u01b0\u1eddng l\u1ef1c d\u00e0y 6mm<\/p>\n<p>\u2022 \u0110i\u1ec1u khi\u1ec3n c\u1ea3m \u1ee9ng 9 t\u1ed1c \u0111\u1ed9<\/p>\n<p>\u2022 \u0110\u1ed9ng c\u01a1 1x100w BLDC si\u00eau ti\u1ebft ki\u1ec7m \u0111i\u1ec7n<\/p>\n<p>\u2022 L\u01b0\u1edbi l\u1ecdc inox si\u00eau b\u1ec1n d\u1ec5 d\u00e0ng v\u1ec7 sinh khi s\u1eed d\u1ee5ng<\/p>\n<p>\u2022 \u0110\u00e8n led bar 2 x 1.5w<\/p>\n<p>\u2022 C\u00f4ng su\u1ea5t h\u00fat t\u1ed1i da 1000 m3\/h<\/p>\n<p>\u2022 \u0110\u1ed9 \u1ed3n maximum 48 dB<\/p>\n<p>\u2022 \u1ed0ng tho\u00e1t h\u01a1i D150 mm v\u00e0 2 \u1ed1ng m\u1ec1m k\u00e8m theo<\/p>\n<p>\u2022 \u1ed0p \u1ed1ng kh\u00f3i inox 2x283x324x500 mm<\/p>\n<p>\u2022 K\u00edch th\u01b0\u1edbc 52x475x695\/895 mm<\/p>\n<p>\u2022 Ngu\u1ed3n \u0111i\u1ec7n: 220V &#8211; 240V AC\/50 &#8211; 60Hz<img loading=\"lazy\" decoding=\"async\" class=\"alignnone size-full wp-image-21583\" src=\"https:\/\/livinghome.vn\/thiet-bi\/wp-content\/uploads\/2024\/05\/may-hut-mui-kinh-cong-kaff-kf-gb209tb-1.jpg\" alt=\"\" width=\"800\" height=\"800\" title=\"\" srcset=\"https:\/\/livinghome.vn\/thiet-bi\/wp-content\/uploads\/2024\/05\/may-hut-mui-kinh-cong-kaff-kf-gb209tb-1.jpg 800w, https:\/\/livinghome.vn\/thiet-bi\/wp-content\/uploads\/2024\/05\/may-hut-mui-kinh-cong-kaff-kf-gb209tb-1-400x400.jpg 400w, https:\/\/livinghome.vn\/thiet-bi\/wp-content\/uploads\/2024\/05\/may-hut-mui-kinh-cong-kaff-kf-gb209tb-1-280x280.jpg 280w, https:\/\/livinghome.vn\/thiet-bi\/wp-content\/uploads\/2024\/05\/may-hut-mui-kinh-cong-kaff-kf-gb209tb-1-768x768.jpg 768w, https:\/\/livinghome.vn\/thiet-bi\/wp-content\/uploads\/2024\/05\/may-hut-mui-kinh-cong-kaff-kf-gb209tb-1-300x300.jpg 300w, https:\/\/livinghome.vn\/thiet-bi\/wp-content\/uploads\/2024\/05\/may-hut-mui-kinh-cong-kaff-kf-gb209tb-1-600x600.jpg 600w, https:\/\/livinghome.vn\/thiet-bi\/wp-content\/uploads\/2024\/05\/may-hut-mui-kinh-cong-kaff-kf-gb209tb-1-100x100.jpg 100w\" sizes=\"auto, (max-width: 800px) 100vw, 800px\" \/><\/p>\n","protected":false},"excerpt":{"rendered":"<p>M\u00e1y h\u00fat m\u00f9i k\u00ednh cong m\u00e0u \u0111en sang tr\u1ecdng<br \/>\n\u2022 M\u1eb7t k\u00ednh c\u01b0\u1eddng l\u1ef1c d\u00e0y 6mm<br \/>\n\u2022 \u0110i\u1ec1u khi\u1ec3n c\u1ea3m \u1ee9ng 9 t\u1ed1c \u0111\u1ed9<br \/>\n\u2022 \u0110\u1ed9ng c\u01a1 1x100w BLDC si\u00eau ti\u1ebft ki\u1ec7m \u0111i\u1ec7n<br \/>\n\u2022 L\u01b0\u1edbi l\u1ecdc inox si\u00eau b\u1ec1n d\u1ec5 d\u00e0ng v\u1ec7 sinh khi s\u1eed d\u1ee5ng<br \/>\n\u2022 \u0110\u00e8n led bar 2 x 1.5w<br \/>\n\u2022 C\u00f4ng su\u1ea5t h\u00fat t\u1ed1i da 1000 m<br \/>\n\u2022 \u0110\u1ed9 \u1ed3n maximum 48 dB<br \/>\n\u2022 \u1ed0ng tho\u00e1t h\u01a1i D150 mm v\u00e0 2 \u1ed1ng m\u1ec1m k\u00e8m theo<\/p>\n","protected":false},"featured_media":21583,"comment_status":"open","ping_status":"closed","template":"","meta":[],"product_brand":[],"product_cat":[84,600,164],"product_tag":[],"class_list":{"0":"post-21574","1":"product","2":"type-product","3":"status-publish","4":"has-post-thumbnail","6":"product_cat-may-hut-mui","7":"product_cat-may-hut-mui-kaff","8":"product_cat-thuong-hieu-kaff","10":"first","11":"instock","12":"sale","13":"shipping-taxable","14":"purchasable","15":"product-type-simple"},"_links":{"self":[{"href":"https:\/\/livinghome.vn\/thiet-bi\/wp-json\/wp\/v2\/product\/21574","targetHints":{"allow":["GET"]}}],"collection":[{"href":"https:\/\/livinghome.vn\/thiet-bi\/wp-json\/wp\/v2\/product"}],"about":[{"href":"https:\/\/livinghome.vn\/thiet-bi\/wp-json\/wp\/v2\/types\/product"}],"replies":[{"embeddable":true,"href":"https:\/\/livinghome.vn\/thiet-bi\/wp-json\/wp\/v2\/comments?post=21574"}],"wp:featuredmedia":[{"embeddable":true,"href":"https:\/\/livinghome.vn\/thiet-bi\/wp-json\/wp\/v2\/media\/21583"}],"wp:attachment":[{"href":"https:\/\/livinghome.vn\/thiet-bi\/wp-json\/wp\/v2\/media?parent=21574"}],"wp:term":[{"taxonomy":"product_brand","embeddable":true,"href":"https:\/\/livinghome.vn\/thiet-bi\/wp-json\/wp\/v2\/product_brand?post=21574"},{"taxonomy":"product_cat","embeddable":true,"href":"https:\/\/livinghome.vn\/thiet-bi\/wp-json\/wp\/v2\/product_cat?post=21574"},{"taxonomy":"product_tag","embeddable":true,"href":"https:\/\/livinghome.vn\/thiet-bi\/wp-json\/wp\/v2\/product_tag?post=21574"}],"curies":[{"name":"wp","href":"https:\/\/api.w.org\/{rel}","templated":true}]}}