{"id":21566,"date":"2024-05-06T15:38:33","date_gmt":"2024-05-06T08:38:33","guid":{"rendered":"https:\/\/livinghome.vn\/thiet-bi\/?post_type=product&#038;p=21566"},"modified":"2024-11-29T14:18:50","modified_gmt":"2024-11-29T07:18:50","slug":"lo-vi-song-malloca-mw-925bf-am-tu","status":"publish","type":"product","link":"https:\/\/livinghome.vn\/thiet-bi\/lo-vi-song-malloca-mw-925bf-am-tu\/","title":{"rendered":"L\u00f2 Vi S\u00f3ng Malloca MW-925BF \u00c2m T\u1ee7"},"content":{"rendered":"<h2>L\u00f2 Vi S\u00f3ng Malloca MW-925BF \u00c2m T\u1ee7<\/h2>\n<figure id=\"attachment_21588\" aria-describedby=\"caption-attachment-21588\" style=\"width: 900px\" class=\"wp-caption aligncenter\"><img loading=\"lazy\" decoding=\"async\" class=\"size-full wp-image-21588\" src=\"https:\/\/livinghome.vn\/thiet-bi\/wp-content\/uploads\/2024\/05\/lo-vi-song-malloca-mw-925bf-5.jpg\" alt=\"L\u00f2 Vi S\u00f3ng Malloca MW-925BF \u00c2m T\u1ee7\" width=\"900\" height=\"900\" title=\"\" srcset=\"https:\/\/livinghome.vn\/thiet-bi\/wp-content\/uploads\/2024\/05\/lo-vi-song-malloca-mw-925bf-5.jpg 900w, https:\/\/livinghome.vn\/thiet-bi\/wp-content\/uploads\/2024\/05\/lo-vi-song-malloca-mw-925bf-5-400x400.jpg 400w, https:\/\/livinghome.vn\/thiet-bi\/wp-content\/uploads\/2024\/05\/lo-vi-song-malloca-mw-925bf-5-800x800.jpg 800w, https:\/\/livinghome.vn\/thiet-bi\/wp-content\/uploads\/2024\/05\/lo-vi-song-malloca-mw-925bf-5-280x280.jpg 280w, https:\/\/livinghome.vn\/thiet-bi\/wp-content\/uploads\/2024\/05\/lo-vi-song-malloca-mw-925bf-5-768x768.jpg 768w, https:\/\/livinghome.vn\/thiet-bi\/wp-content\/uploads\/2024\/05\/lo-vi-song-malloca-mw-925bf-5-300x300.jpg 300w, https:\/\/livinghome.vn\/thiet-bi\/wp-content\/uploads\/2024\/05\/lo-vi-song-malloca-mw-925bf-5-600x600.jpg 600w, https:\/\/livinghome.vn\/thiet-bi\/wp-content\/uploads\/2024\/05\/lo-vi-song-malloca-mw-925bf-5-100x100.jpg 100w\" sizes=\"auto, (max-width: 900px) 100vw, 900px\" \/><figcaption id=\"caption-attachment-21588\" class=\"wp-caption-text\">L\u00f2 Vi S\u00f3ng Malloca MW-925BF \u00c2m T\u1ee7<\/figcaption><\/figure>\n<h3>T\u00ednh n\u0103ng c\u01a1 b\u1ea3n<\/h3>\n<p>L\u00f2 vi s\u00f3ng \u00e2m t\u1ee7<\/p>\n<p>M\u1eb7t k\u00ednh m\u00e0u \u0111en<\/p>\n<p>\u0110i\u1ec1u khi\u1ec3n c\u1ea3m \u1ee9ng<\/p>\n<p>5 m\u1ee9c c\u00f4ng su\u1ea5t vi s\u00f3ng<\/p>\n<h3>Th\u00f4ng s\u1ed1 k\u1ef9 thu\u1eadt<\/h3>\n<p>Dung t\u00edch: 25L<\/p>\n<p>C\u00f4ng su\u1ea5t:<\/p>\n<p>&#8211; Vi s\u00f3ng (v\u00e0o): 1450W<\/p>\n<p>&#8211; Vi s\u00f3ng (ra): 900W<\/p>\n<p>&#8211; N\u01b0\u1edbng: 1000W<\/p>\n<p>K\u00edch th\u01b0\u1edbc: W595 x D365 x H380 mm<\/p>\n<figure id=\"attachment_21585\" aria-describedby=\"caption-attachment-21585\" style=\"width: 900px\" class=\"wp-caption aligncenter\"><img loading=\"lazy\" decoding=\"async\" class=\"size-full wp-image-21585\" src=\"https:\/\/livinghome.vn\/thiet-bi\/wp-content\/uploads\/2024\/05\/lo-vi-song-malloca-mw-925bf-2.jpg\" alt=\"L\u00f2 Vi S\u00f3ng Malloca MW-925BF \u00c2m T\u1ee7\" width=\"900\" height=\"900\" title=\"\" srcset=\"https:\/\/livinghome.vn\/thiet-bi\/wp-content\/uploads\/2024\/05\/lo-vi-song-malloca-mw-925bf-2.jpg 900w, https:\/\/livinghome.vn\/thiet-bi\/wp-content\/uploads\/2024\/05\/lo-vi-song-malloca-mw-925bf-2-400x400.jpg 400w, https:\/\/livinghome.vn\/thiet-bi\/wp-content\/uploads\/2024\/05\/lo-vi-song-malloca-mw-925bf-2-800x800.jpg 800w, https:\/\/livinghome.vn\/thiet-bi\/wp-content\/uploads\/2024\/05\/lo-vi-song-malloca-mw-925bf-2-280x280.jpg 280w, https:\/\/livinghome.vn\/thiet-bi\/wp-content\/uploads\/2024\/05\/lo-vi-song-malloca-mw-925bf-2-768x768.jpg 768w, https:\/\/livinghome.vn\/thiet-bi\/wp-content\/uploads\/2024\/05\/lo-vi-song-malloca-mw-925bf-2-300x300.jpg 300w, https:\/\/livinghome.vn\/thiet-bi\/wp-content\/uploads\/2024\/05\/lo-vi-song-malloca-mw-925bf-2-600x600.jpg 600w, https:\/\/livinghome.vn\/thiet-bi\/wp-content\/uploads\/2024\/05\/lo-vi-song-malloca-mw-925bf-2-100x100.jpg 100w\" sizes=\"auto, (max-width: 900px) 100vw, 900px\" \/><figcaption id=\"caption-attachment-21585\" class=\"wp-caption-text\">L\u00f2 Vi S\u00f3ng Malloca MW-925BF \u00c2m T\u1ee7<\/figcaption><\/figure>\n<h3>Xu\u1ea5t x\u1ee9 : Trung Qu\u1ed1c (theo b\u1ea3n quy\u1ec1n Malloca)<\/h3>\n","protected":false},"excerpt":{"rendered":"<h2>L\u00f2 Vi S\u00f3ng Malloca MW-925BF \u00c2m T\u1ee7<\/h2>\n<ul>\n<li>L\u00f2 vi s\u00f3ng c\u00f3 ch\u1ee9c n\u0103ng n\u01b0\u1edbng &#8211; 25L<\/li>\n<li>5 m\u1ee9c c\u00f4ng su\u1ea5t vi s\u00f3ng<\/li>\n<li>C\u00f4ng su\u1ea5t: 1450W<\/li>\n<li>KT: W595 x D365 x H380mm<\/li>\n<\/ul>\n","protected":false},"featured_media":21584,"comment_status":"open","ping_status":"closed","template":"","meta":[],"product_brand":[],"product_cat":[159,2016,262],"product_tag":[158,160,297],"class_list":{"0":"post-21566","1":"product","2":"type-product","3":"status-publish","4":"has-post-thumbnail","6":"product_cat-lo-vi-song","7":"product_cat-lo-vi-song-malloca","8":"product_cat-thuong-hieu-malloca","9":"product_tag-lo-vi-song","10":"product_tag-lo-vi-song-am-tu","11":"product_tag-lo-vi-song-malloca","13":"first","14":"instock","15":"sale","16":"shipping-taxable","17":"purchasable","18":"product-type-simple"},"_links":{"self":[{"href":"https:\/\/livinghome.vn\/thiet-bi\/wp-json\/wp\/v2\/product\/21566","targetHints":{"allow":["GET"]}}],"collection":[{"href":"https:\/\/livinghome.vn\/thiet-bi\/wp-json\/wp\/v2\/product"}],"about":[{"href":"https:\/\/livinghome.vn\/thiet-bi\/wp-json\/wp\/v2\/types\/product"}],"replies":[{"embeddable":true,"href":"https:\/\/livinghome.vn\/thiet-bi\/wp-json\/wp\/v2\/comments?post=21566"}],"wp:featuredmedia":[{"embeddable":true,"href":"https:\/\/livinghome.vn\/thiet-bi\/wp-json\/wp\/v2\/media\/21584"}],"wp:attachment":[{"href":"https:\/\/livinghome.vn\/thiet-bi\/wp-json\/wp\/v2\/media?parent=21566"}],"wp:term":[{"taxonomy":"product_brand","embeddable":true,"href":"https:\/\/livinghome.vn\/thiet-bi\/wp-json\/wp\/v2\/product_brand?post=21566"},{"taxonomy":"product_cat","embeddable":true,"href":"https:\/\/livinghome.vn\/thiet-bi\/wp-json\/wp\/v2\/product_cat?post=21566"},{"taxonomy":"product_tag","embeddable":true,"href":"https:\/\/livinghome.vn\/thiet-bi\/wp-json\/wp\/v2\/product_tag?post=21566"}],"curies":[{"name":"wp","href":"https:\/\/api.w.org\/{rel}","templated":true}]}}