{"id":21531,"date":"2024-05-06T14:58:31","date_gmt":"2024-05-06T07:58:31","guid":{"rendered":"https:\/\/livinghome.vn\/thiet-bi\/?post_type=product&#038;p=21531"},"modified":"2024-11-29T14:18:51","modified_gmt":"2024-11-29T07:18:51","slug":"may-hut-mui-kaff-kf-is90gh","status":"publish","type":"product","link":"https:\/\/livinghome.vn\/thiet-bi\/may-hut-mui-kaff-kf-is90gh\/","title":{"rendered":"M\u00e1y H\u00fat M\u00f9i Kaff KF-IS90GH"},"content":{"rendered":"<h2 data-sourcepos=\"1:1-1:69\">M\u00e1y h\u00fat m\u00f9i Kaff KF-IS90GH &#8211; Sang tr\u1ecdng, m\u1ea1nh m\u1ebd, kh\u1eed m\u00f9i hi\u1ec7u qu\u1ea3<\/h2>\n<p><img loading=\"lazy\" decoding=\"async\" class=\"alignnone size-full wp-image-21540\" src=\"https:\/\/livinghome.vn\/thiet-bi\/wp-content\/uploads\/2024\/05\/may-hut-mui-kaff-kf-is90gh-1.jpg\" alt=\"\" width=\"1300\" height=\"1020\" title=\"\" srcset=\"https:\/\/livinghome.vn\/thiet-bi\/wp-content\/uploads\/2024\/05\/may-hut-mui-kaff-kf-is90gh-1.jpg 1300w, https:\/\/livinghome.vn\/thiet-bi\/wp-content\/uploads\/2024\/05\/may-hut-mui-kaff-kf-is90gh-1-510x400.jpg 510w, https:\/\/livinghome.vn\/thiet-bi\/wp-content\/uploads\/2024\/05\/may-hut-mui-kaff-kf-is90gh-1-1020x800.jpg 1020w, https:\/\/livinghome.vn\/thiet-bi\/wp-content\/uploads\/2024\/05\/may-hut-mui-kaff-kf-is90gh-1-768x603.jpg 768w, https:\/\/livinghome.vn\/thiet-bi\/wp-content\/uploads\/2024\/05\/may-hut-mui-kaff-kf-is90gh-1-600x471.jpg 600w\" sizes=\"auto, (max-width: 1300px) 100vw, 1300px\" \/><\/p>\n<h4 data-sourcepos=\"3:1-3:34\"><strong>Thi\u1ebft k\u1ebf sang tr\u1ecdng, hi\u1ec7n \u0111\u1ea1i:<\/strong><\/h4>\n<ul data-sourcepos=\"5:1-8:0\">\n<li data-sourcepos=\"5:1-5:107\">Th\u00e2n m\u00e1y d\u1ea1ng v\u00f2m \u0111\u1eb9p m\u1eaft, ch\u1ea5t li\u1ec7u inox v\u00e0 k\u00ednh c\u01b0\u1eddng l\u1ef1c cao c\u1ea5p, ch\u1ecbu nhi\u1ec7t t\u1ed1t, an to\u00e0n khi s\u1eed d\u1ee5ng.<\/li>\n<li data-sourcepos=\"6:1-6:66\">M\u00e0u b\u1ea1c s\u00e1ng b\u00f3ng, sang tr\u1ecdng, ph\u00f9 h\u1ee3p v\u1edbi nhi\u1ec1u kh\u00f4ng gian b\u1ebfp.<\/li>\n<li data-sourcepos=\"7:1-8:0\">K\u00edch th\u01b0\u1edbc 90cm, d\u1ec5 d\u00e0ng k\u1ebft h\u1ee3p v\u1edbi c\u00e1c lo\u1ea1i b\u1ebfp th\u00f4ng d\u1ee5ng.<\/li>\n<\/ul>\n<h4 data-sourcepos=\"9:1-9:26\"><strong>C\u00f4ng su\u1ea5t h\u00fat m\u1ea1nh m\u1ebd:<\/strong><\/h4>\n<ul data-sourcepos=\"11:1-14:0\">\n<li data-sourcepos=\"11:1-11:94\">C\u00f4ng su\u1ea5t h\u00fat 1200m3\/h, h\u00fat s\u1ea1ch m\u1ecdi m\u00f9i th\u1ee9c \u0103n, d\u1ea7u m\u1ee1, tr\u1ea3 l\u1ea1i kh\u00f4ng gian b\u1ebfp trong l\u00e0nh.<\/li>\n<li data-sourcepos=\"12:1-12:66\">\u0110\u1ed9ng c\u01a1 tua bin \u0111\u00f4i, ho\u1ea1t \u0111\u1ed9ng \u00eam \u00e1i, \u0111\u1ed9 \u1ed3n th\u1ea5p (nh\u1ecf h\u01a1n 58Db).<\/li>\n<li data-sourcepos=\"13:1-14:0\">Ti\u1ebft ki\u1ec7m \u0111i\u1ec7n n\u0103ng, ch\u1ec9 ti\u00eau th\u1ee5 1 s\u1ed1 \u0111i\u1ec7n sau 6-7 ti\u1ebfng ho\u1ea1t \u0111\u1ed9ng.<\/li>\n<\/ul>\n<h4 data-sourcepos=\"15:1-15:30\"><strong>H\u1ec7 th\u1ed1ng kh\u1eed m\u00f9i hi\u1ec7u qu\u1ea3:<\/strong><\/h4>\n<ul data-sourcepos=\"17:1-19:0\">\n<li data-sourcepos=\"17:1-17:114\">Kh\u1eed m\u00f9i b\u1eb1ng than ho\u1ea1t t\u00ednh v\u00e0 \u1ed1ng tho\u00e1t ra ngo\u00e0i D150, lo\u1ea1i b\u1ecf ho\u00e0n to\u00e0n m\u00f9i h\u00f4i, tr\u1ea3 l\u1ea1i kh\u00f4ng kh\u00ed trong l\u00e0nh.<\/li>\n<li data-sourcepos=\"18:1-19:0\">L\u01b0\u1edbi l\u1ecdc m\u1ee1 inox 5 l\u1edbp, ng\u0103n ch\u1eb7n d\u1ea7u m\u1ee1 b\u00e1m v\u00e0o \u0111\u1ed9ng c\u01a1, d\u1ec5 d\u00e0ng th\u00e1o r\u1eddi v\u1ec7 sinh.<\/li>\n<\/ul>\n<h4 data-sourcepos=\"20:1-20:37\"><strong>H\u1ec7 th\u1ed1ng \u0111\u00e8n chi\u1ebfu s\u00e1ng ti\u1ec7n l\u1ee3i:<\/strong><\/h4>\n<ul data-sourcepos=\"22:1-23:0\">\n<li data-sourcepos=\"22:1-23:0\">4 \u0111\u00e8n Led chi\u1ebfu s\u00e1ng, gi\u00fap b\u1ea1n quan s\u00e1t d\u1ec5 d\u00e0ng khi n\u1ea5u n\u01b0\u1edbng.<\/li>\n<\/ul>\n<h4 data-sourcepos=\"24:1-24:31\"><strong>B\u1ea3ng \u0111i\u1ec1u khi\u1ec3n d\u1ec5 s\u1eed d\u1ee5ng:<\/strong><\/h4>\n<ul data-sourcepos=\"26:1-27:0\">\n<li data-sourcepos=\"26:1-27:0\">B\u1ea3ng \u0111i\u1ec1u khi\u1ec3n ph\u00edm b\u1ea5m \u0111i\u1ec7n t\u1eed, 3 t\u1ed1c \u0111\u1ed9 h\u00fat ph\u00f9 h\u1ee3p v\u1edbi nhu c\u1ea7u s\u1eed d\u1ee5ng.<\/li>\n<\/ul>\n","protected":false},"excerpt":{"rendered":"<p>\u2022 M\u00e1y h\u00fat m\u00f9i k\u00ednh cong treo \u0111\u1ed9c l\u1eadp<br \/>\n\u2022 Th\u00e2n m\u00e1y b\u1eb1ng inox s\u00e1ng \u0111\u1eb9p, ph\u1ed1i k\u00ednh<br \/>\n\u2022 K\u00ednh c\u01b0\u1eddng l\u1ef1c d\u00e0y 5mm tr\u00e1ng men b\u00f3ng cao c\u1ea5p<br \/>\n\u2022 \u0110i\u1ec1u khi\u1ec3n ph\u00edm c\u01a1 3 t\u1ed1c \u0111\u1ed9<br \/>\n\u2022 L\u01b0\u1edbi l\u1ecdc nh\u00f4m + than ho\u1ea1t t\u00ednh<br \/>\n\u2022 \u0110\u00e8n led 4x2W<br \/>\n\u2022 C\u00f4ng su\u1ea5t h\u00fat t\u1ed1i \u0111a 1200m\u00b3\/h<br \/>\n\u2022 \u0110\u1ed9 \u1ed3n maximum 58 dB<br \/>\n\u2022 \u1ed0ng tho\u00e1t D150 + 2m \u1ed1ng m\u1ec1m k\u00e8m theo<br \/>\n\u2022 \u0110i\u1ec7n \u00e1p: 220V &#8211; 240V \/ 50Hz<br \/>\n\u2022 \u1ed0p \u1ed1ng kh\u00f3i inox 280x300x(450-880) mm<br \/>\n\u2022 K\u00edch th\u01b0\u1edbc: 500&#215;900 mm<\/p>\n","protected":false},"featured_media":21540,"comment_status":"open","ping_status":"closed","template":"","meta":[],"product_brand":[],"product_cat":[84,600,164],"product_tag":[],"class_list":{"0":"post-21531","1":"product","2":"type-product","3":"status-publish","4":"has-post-thumbnail","6":"product_cat-may-hut-mui","7":"product_cat-may-hut-mui-kaff","8":"product_cat-thuong-hieu-kaff","10":"first","11":"instock","12":"sale","13":"shipping-taxable","14":"purchasable","15":"product-type-simple"},"_links":{"self":[{"href":"https:\/\/livinghome.vn\/thiet-bi\/wp-json\/wp\/v2\/product\/21531","targetHints":{"allow":["GET"]}}],"collection":[{"href":"https:\/\/livinghome.vn\/thiet-bi\/wp-json\/wp\/v2\/product"}],"about":[{"href":"https:\/\/livinghome.vn\/thiet-bi\/wp-json\/wp\/v2\/types\/product"}],"replies":[{"embeddable":true,"href":"https:\/\/livinghome.vn\/thiet-bi\/wp-json\/wp\/v2\/comments?post=21531"}],"wp:featuredmedia":[{"embeddable":true,"href":"https:\/\/livinghome.vn\/thiet-bi\/wp-json\/wp\/v2\/media\/21540"}],"wp:attachment":[{"href":"https:\/\/livinghome.vn\/thiet-bi\/wp-json\/wp\/v2\/media?parent=21531"}],"wp:term":[{"taxonomy":"product_brand","embeddable":true,"href":"https:\/\/livinghome.vn\/thiet-bi\/wp-json\/wp\/v2\/product_brand?post=21531"},{"taxonomy":"product_cat","embeddable":true,"href":"https:\/\/livinghome.vn\/thiet-bi\/wp-json\/wp\/v2\/product_cat?post=21531"},{"taxonomy":"product_tag","embeddable":true,"href":"https:\/\/livinghome.vn\/thiet-bi\/wp-json\/wp\/v2\/product_tag?post=21531"}],"curies":[{"name":"wp","href":"https:\/\/api.w.org\/{rel}","templated":true}]}}