{"id":21524,"date":"2024-05-06T14:57:36","date_gmt":"2024-05-06T07:57:36","guid":{"rendered":"https:\/\/livinghome.vn\/thiet-bi\/?post_type=product&#038;p=21524"},"modified":"2024-11-29T14:18:51","modified_gmt":"2024-11-29T07:18:51","slug":"lo-nuong-malloca-mso-b75tft-da-nang","status":"publish","type":"product","link":"https:\/\/livinghome.vn\/thiet-bi\/lo-nuong-malloca-mso-b75tft-da-nang\/","title":{"rendered":"L\u00f2 N\u01b0\u1edbng Malloca MSO-B75TFT \u0110a N\u0103ng"},"content":{"rendered":"<h2>L\u00f2 N\u01b0\u1edbng Malloca MSO-B75TFT \u0110a N\u0103ng<\/h2>\n<figure id=\"attachment_21534\" aria-describedby=\"caption-attachment-21534\" style=\"width: 900px\" class=\"wp-caption aligncenter\"><img loading=\"lazy\" decoding=\"async\" class=\"size-full wp-image-21534\" src=\"https:\/\/livinghome.vn\/thiet-bi\/wp-content\/uploads\/2024\/05\/lo-nuong-malloca-mso-b75tft-3.jpg\" alt=\"L\u00f2 N\u01b0\u1edbng Malloca MSO-B75TFT \u0110a N\u0103ng\" width=\"900\" height=\"900\" title=\"\" srcset=\"https:\/\/livinghome.vn\/thiet-bi\/wp-content\/uploads\/2024\/05\/lo-nuong-malloca-mso-b75tft-3.jpg 900w, https:\/\/livinghome.vn\/thiet-bi\/wp-content\/uploads\/2024\/05\/lo-nuong-malloca-mso-b75tft-3-400x400.jpg 400w, https:\/\/livinghome.vn\/thiet-bi\/wp-content\/uploads\/2024\/05\/lo-nuong-malloca-mso-b75tft-3-800x800.jpg 800w, https:\/\/livinghome.vn\/thiet-bi\/wp-content\/uploads\/2024\/05\/lo-nuong-malloca-mso-b75tft-3-280x280.jpg 280w, https:\/\/livinghome.vn\/thiet-bi\/wp-content\/uploads\/2024\/05\/lo-nuong-malloca-mso-b75tft-3-768x768.jpg 768w, https:\/\/livinghome.vn\/thiet-bi\/wp-content\/uploads\/2024\/05\/lo-nuong-malloca-mso-b75tft-3-300x300.jpg 300w, https:\/\/livinghome.vn\/thiet-bi\/wp-content\/uploads\/2024\/05\/lo-nuong-malloca-mso-b75tft-3-600x600.jpg 600w, https:\/\/livinghome.vn\/thiet-bi\/wp-content\/uploads\/2024\/05\/lo-nuong-malloca-mso-b75tft-3-100x100.jpg 100w\" sizes=\"auto, (max-width: 900px) 100vw, 900px\" \/><figcaption id=\"caption-attachment-21534\" class=\"wp-caption-text\">L\u00f2 N\u01b0\u1edbng Malloca MSO-B75TFT \u0110a N\u0103ng<\/figcaption><\/figure>\n<h3>T\u00ednh n\u0103ng c\u01a1 b\u1ea3n<\/h3>\n<p>L\u00f2 n\u01b0\u1edbng \u0111a n\u0103ng b\u1ed5 sung \u0111\u1ed9 \u1ea9m<\/p>\n<p>M\u1eb7t k\u00ednh m\u00e0u \u0111en<\/p>\n<p>M\u00e0n h\u00ecnh hi\u1ec3n th\u1ecb TFT<\/p>\n<p>\u0110\u00e8n chi\u1ebfu s\u00e1ng b\u00ean trong l\u00f2<\/p>\n<p>9 Ch\u1ee9c n\u0103ng<\/p>\n<h3>Th\u00f4ng s\u1ed1 k\u1ef9 thu\u1eadt<\/h3>\n<p>\u0110i\u1ec7n \u00e1p: 220-240V\/50Hz-60Hz<\/p>\n<p>C\u00f4ng su\u1ea5t: 3300W<\/p>\n<p>K\u00edch th\u01b0\u1edbc: W595 x D575 x H595mm<\/p>\n<figure id=\"attachment_21533\" aria-describedby=\"caption-attachment-21533\" style=\"width: 900px\" class=\"wp-caption aligncenter\"><img loading=\"lazy\" decoding=\"async\" class=\"size-full wp-image-21533\" src=\"https:\/\/livinghome.vn\/thiet-bi\/wp-content\/uploads\/2024\/05\/lo-nuong-malloca-mso-b75tft-2.jpg\" alt=\"L\u00f2 N\u01b0\u1edbng Malloca MSO-B75TFT \u0110a N\u0103ng\" width=\"900\" height=\"900\" title=\"\" srcset=\"https:\/\/livinghome.vn\/thiet-bi\/wp-content\/uploads\/2024\/05\/lo-nuong-malloca-mso-b75tft-2.jpg 900w, https:\/\/livinghome.vn\/thiet-bi\/wp-content\/uploads\/2024\/05\/lo-nuong-malloca-mso-b75tft-2-400x400.jpg 400w, https:\/\/livinghome.vn\/thiet-bi\/wp-content\/uploads\/2024\/05\/lo-nuong-malloca-mso-b75tft-2-800x800.jpg 800w, https:\/\/livinghome.vn\/thiet-bi\/wp-content\/uploads\/2024\/05\/lo-nuong-malloca-mso-b75tft-2-280x280.jpg 280w, https:\/\/livinghome.vn\/thiet-bi\/wp-content\/uploads\/2024\/05\/lo-nuong-malloca-mso-b75tft-2-768x768.jpg 768w, https:\/\/livinghome.vn\/thiet-bi\/wp-content\/uploads\/2024\/05\/lo-nuong-malloca-mso-b75tft-2-300x300.jpg 300w, https:\/\/livinghome.vn\/thiet-bi\/wp-content\/uploads\/2024\/05\/lo-nuong-malloca-mso-b75tft-2-600x600.jpg 600w, https:\/\/livinghome.vn\/thiet-bi\/wp-content\/uploads\/2024\/05\/lo-nuong-malloca-mso-b75tft-2-100x100.jpg 100w\" sizes=\"auto, (max-width: 900px) 100vw, 900px\" \/><figcaption id=\"caption-attachment-21533\" class=\"wp-caption-text\">L\u00f2 N\u01b0\u1edbng Malloca MSO-B75TFT \u0110a N\u0103ng<\/figcaption><\/figure>\n<h3>Xu\u1ea5t x\u1ee9: Th\u1ed5 Nh\u0129 K\u1ef3<\/h3>\n","protected":false},"excerpt":{"rendered":"<h2>L\u00f2 N\u01b0\u1edbng Malloca MSO-B75TFT \u0110a N\u0103ng<\/h2>\n<ul>\n<li>L\u00f2 n\u01b0\u1edbng 9 ch\u1ee9c n\u0103ng<\/li>\n<li>\u0110i\u1ec7n \u00e1p: 220-240V\/50Hz-60Hz<\/li>\n<li>C\u00f4ng su\u1ea5t: 3300W<\/li>\n<li>KT: W595 x D575 x H595mm<\/li>\n<\/ul>\n","protected":false},"featured_media":21532,"comment_status":"open","ping_status":"closed","template":"","meta":[],"product_brand":[],"product_cat":[95,2013,262],"product_tag":[96,292],"class_list":{"0":"post-21524","1":"product","2":"type-product","3":"status-publish","4":"has-post-thumbnail","6":"product_cat-lo-nuong","7":"product_cat-lo-nuong-malloca","8":"product_cat-thuong-hieu-malloca","9":"product_tag-lo-nuong","10":"product_tag-lo-nuong-malloca","12":"first","13":"instock","14":"sale","15":"shipping-taxable","16":"purchasable","17":"product-type-simple"},"_links":{"self":[{"href":"https:\/\/livinghome.vn\/thiet-bi\/wp-json\/wp\/v2\/product\/21524","targetHints":{"allow":["GET"]}}],"collection":[{"href":"https:\/\/livinghome.vn\/thiet-bi\/wp-json\/wp\/v2\/product"}],"about":[{"href":"https:\/\/livinghome.vn\/thiet-bi\/wp-json\/wp\/v2\/types\/product"}],"replies":[{"embeddable":true,"href":"https:\/\/livinghome.vn\/thiet-bi\/wp-json\/wp\/v2\/comments?post=21524"}],"wp:featuredmedia":[{"embeddable":true,"href":"https:\/\/livinghome.vn\/thiet-bi\/wp-json\/wp\/v2\/media\/21532"}],"wp:attachment":[{"href":"https:\/\/livinghome.vn\/thiet-bi\/wp-json\/wp\/v2\/media?parent=21524"}],"wp:term":[{"taxonomy":"product_brand","embeddable":true,"href":"https:\/\/livinghome.vn\/thiet-bi\/wp-json\/wp\/v2\/product_brand?post=21524"},{"taxonomy":"product_cat","embeddable":true,"href":"https:\/\/livinghome.vn\/thiet-bi\/wp-json\/wp\/v2\/product_cat?post=21524"},{"taxonomy":"product_tag","embeddable":true,"href":"https:\/\/livinghome.vn\/thiet-bi\/wp-json\/wp\/v2\/product_tag?post=21524"}],"curies":[{"name":"wp","href":"https:\/\/api.w.org\/{rel}","templated":true}]}}