{"id":21477,"date":"2024-05-06T11:50:05","date_gmt":"2024-05-06T04:50:05","guid":{"rendered":"https:\/\/livinghome.vn\/thiet-bi\/?post_type=product&#038;p=21477"},"modified":"2024-11-29T14:18:52","modified_gmt":"2024-11-29T07:18:52","slug":"bep-kinh-am-3-tu-malloca-mh-5903-in","status":"publish","type":"product","link":"https:\/\/livinghome.vn\/thiet-bi\/bep-kinh-am-3-tu-malloca-mh-5903-in\/","title":{"rendered":"B\u1ebfp K\u00ednh \u00c2m 3 T\u1eeb Malloca MH-5903 IN"},"content":{"rendered":"<h2>B\u1ebfp K\u00ednh \u00c2m 3 T\u1eeb Malloca MH-5903 IN<\/h2>\n<figure id=\"attachment_21486\" aria-describedby=\"caption-attachment-21486\" style=\"width: 900px\" class=\"wp-caption aligncenter\"><img loading=\"lazy\" decoding=\"async\" class=\"size-full wp-image-21486\" src=\"https:\/\/livinghome.vn\/thiet-bi\/wp-content\/uploads\/2024\/05\/bep-kinh-am-3-tu-malloca-mh-5903-in-3.jpg\" alt=\"B\u1ebfp K\u00ednh \u00c2m 3 T\u1eeb Malloca MH-5903 IN\" width=\"900\" height=\"900\" title=\"\" srcset=\"https:\/\/livinghome.vn\/thiet-bi\/wp-content\/uploads\/2024\/05\/bep-kinh-am-3-tu-malloca-mh-5903-in-3.jpg 900w, https:\/\/livinghome.vn\/thiet-bi\/wp-content\/uploads\/2024\/05\/bep-kinh-am-3-tu-malloca-mh-5903-in-3-400x400.jpg 400w, https:\/\/livinghome.vn\/thiet-bi\/wp-content\/uploads\/2024\/05\/bep-kinh-am-3-tu-malloca-mh-5903-in-3-800x800.jpg 800w, https:\/\/livinghome.vn\/thiet-bi\/wp-content\/uploads\/2024\/05\/bep-kinh-am-3-tu-malloca-mh-5903-in-3-280x280.jpg 280w, https:\/\/livinghome.vn\/thiet-bi\/wp-content\/uploads\/2024\/05\/bep-kinh-am-3-tu-malloca-mh-5903-in-3-768x768.jpg 768w, https:\/\/livinghome.vn\/thiet-bi\/wp-content\/uploads\/2024\/05\/bep-kinh-am-3-tu-malloca-mh-5903-in-3-300x300.jpg 300w, https:\/\/livinghome.vn\/thiet-bi\/wp-content\/uploads\/2024\/05\/bep-kinh-am-3-tu-malloca-mh-5903-in-3-600x600.jpg 600w, https:\/\/livinghome.vn\/thiet-bi\/wp-content\/uploads\/2024\/05\/bep-kinh-am-3-tu-malloca-mh-5903-in-3-100x100.jpg 100w\" sizes=\"auto, (max-width: 900px) 100vw, 900px\" \/><figcaption id=\"caption-attachment-21486\" class=\"wp-caption-text\">B\u1ebfp K\u00ednh \u00c2m 3 T\u1eeb Malloca MH-5903 IN<\/figcaption><\/figure>\n<h3>T\u00ednh n\u0103ng c\u01a1 b\u1ea3n<\/h3>\n<p>B\u1ebfp k\u00ednh \u00e2m 3 t\u1eeb<\/p>\n<p>M\u1eb7t k\u00ednh Vitroceramic \u2013 m\u00e0u \u0111en<\/p>\n<p>\u0110i\u1ec1u khi\u1ec3n c\u1ea3m \u1ee9ng<\/p>\n<p>9 m\u1ee9c c\u00f4ng su\u1ea5t<\/p>\n<h3>Th\u00f4ng s\u1ed1 k\u1ef9 thu\u1eadt<\/h3>\n<p>C\u00f4ng su\u1ea5t: 1.8kW + 1.4kW + 3.0 kW<\/p>\n<p>(\u00d8 180) + (\u00d8 160) + (\u00d8 280)<\/p>\n<p>T\u1ed5ng c\u00f4ng su\u1ea5t: 6.2 kW<\/p>\n<p>K\u00edch th\u01b0\u1edbc b\u1ebfp: W590 x D520 x H58mm<\/p>\n<p>K\u00edch th\u01b0\u1edbc l\u1ed7 \u0111\u00e1: W560 x D490mm<\/p>\n<figure id=\"attachment_21485\" aria-describedby=\"caption-attachment-21485\" style=\"width: 900px\" class=\"wp-caption aligncenter\"><img loading=\"lazy\" decoding=\"async\" class=\"size-full wp-image-21485\" src=\"https:\/\/livinghome.vn\/thiet-bi\/wp-content\/uploads\/2024\/05\/bep-kinh-am-3-tu-malloca-mh-5903-in-2.jpg\" alt=\"B\u1ebfp K\u00ednh \u00c2m 3 T\u1eeb Malloca MH-5903 IN\" width=\"900\" height=\"900\" title=\"\" srcset=\"https:\/\/livinghome.vn\/thiet-bi\/wp-content\/uploads\/2024\/05\/bep-kinh-am-3-tu-malloca-mh-5903-in-2.jpg 900w, https:\/\/livinghome.vn\/thiet-bi\/wp-content\/uploads\/2024\/05\/bep-kinh-am-3-tu-malloca-mh-5903-in-2-400x400.jpg 400w, https:\/\/livinghome.vn\/thiet-bi\/wp-content\/uploads\/2024\/05\/bep-kinh-am-3-tu-malloca-mh-5903-in-2-800x800.jpg 800w, https:\/\/livinghome.vn\/thiet-bi\/wp-content\/uploads\/2024\/05\/bep-kinh-am-3-tu-malloca-mh-5903-in-2-280x280.jpg 280w, https:\/\/livinghome.vn\/thiet-bi\/wp-content\/uploads\/2024\/05\/bep-kinh-am-3-tu-malloca-mh-5903-in-2-768x768.jpg 768w, https:\/\/livinghome.vn\/thiet-bi\/wp-content\/uploads\/2024\/05\/bep-kinh-am-3-tu-malloca-mh-5903-in-2-300x300.jpg 300w, https:\/\/livinghome.vn\/thiet-bi\/wp-content\/uploads\/2024\/05\/bep-kinh-am-3-tu-malloca-mh-5903-in-2-600x600.jpg 600w, https:\/\/livinghome.vn\/thiet-bi\/wp-content\/uploads\/2024\/05\/bep-kinh-am-3-tu-malloca-mh-5903-in-2-100x100.jpg 100w\" sizes=\"auto, (max-width: 900px) 100vw, 900px\" \/><figcaption id=\"caption-attachment-21485\" class=\"wp-caption-text\">B\u1ebfp K\u00ednh \u00c2m 3 T\u1eeb Malloca MH-5903 IN<\/figcaption><\/figure>\n<h3>Xu\u1ea5t x\u1ee9: Trung Qu\u1ed1c<\/h3>\n","protected":false},"excerpt":{"rendered":"<h2>B\u1ebfp K\u00ednh \u00c2m 3 T\u1eeb Malloca MH-5903 IN<\/h2>\n<ul>\n<li>B\u1ebfp k\u00ednh \u00e2m 3 t\u1eeb<\/li>\n<li>C\u00f4ng su\u1ea5t: 1.8kW &#8211; 1.4kW &#8211; 3kW<\/li>\n<li>T\u1ed5ng c\u00f4ng su\u1ea5t: 6.2kW<\/li>\n<li>KT: W590 x D520 x H58mm<\/li>\n<li>KT l\u1ed7 \u0111\u00e1: W560 x D490mm<\/li>\n<\/ul>\n","protected":false},"featured_media":21484,"comment_status":"open","ping_status":"closed","template":"","meta":[],"product_brand":[],"product_cat":[868,75,720,262],"product_tag":[76,266],"class_list":{"0":"post-21477","1":"product","2":"type-product","3":"status-publish","4":"has-post-thumbnail","6":"product_cat-bep-3-tu","7":"product_cat-bep-tu","8":"product_cat-bep-tu-malloca","9":"product_cat-thuong-hieu-malloca","10":"product_tag-bep-tu","11":"product_tag-bep-tu-malloca","13":"first","14":"instock","15":"sale","16":"shipping-taxable","17":"purchasable","18":"product-type-simple"},"_links":{"self":[{"href":"https:\/\/livinghome.vn\/thiet-bi\/wp-json\/wp\/v2\/product\/21477","targetHints":{"allow":["GET"]}}],"collection":[{"href":"https:\/\/livinghome.vn\/thiet-bi\/wp-json\/wp\/v2\/product"}],"about":[{"href":"https:\/\/livinghome.vn\/thiet-bi\/wp-json\/wp\/v2\/types\/product"}],"replies":[{"embeddable":true,"href":"https:\/\/livinghome.vn\/thiet-bi\/wp-json\/wp\/v2\/comments?post=21477"}],"wp:featuredmedia":[{"embeddable":true,"href":"https:\/\/livinghome.vn\/thiet-bi\/wp-json\/wp\/v2\/media\/21484"}],"wp:attachment":[{"href":"https:\/\/livinghome.vn\/thiet-bi\/wp-json\/wp\/v2\/media?parent=21477"}],"wp:term":[{"taxonomy":"product_brand","embeddable":true,"href":"https:\/\/livinghome.vn\/thiet-bi\/wp-json\/wp\/v2\/product_brand?post=21477"},{"taxonomy":"product_cat","embeddable":true,"href":"https:\/\/livinghome.vn\/thiet-bi\/wp-json\/wp\/v2\/product_cat?post=21477"},{"taxonomy":"product_tag","embeddable":true,"href":"https:\/\/livinghome.vn\/thiet-bi\/wp-json\/wp\/v2\/product_tag?post=21477"}],"curies":[{"name":"wp","href":"https:\/\/api.w.org\/{rel}","templated":true}]}}