{"id":21474,"date":"2024-05-06T11:45:20","date_gmt":"2024-05-06T04:45:20","guid":{"rendered":"https:\/\/livinghome.vn\/thiet-bi\/?post_type=product&#038;p=21474"},"modified":"2024-12-11T16:12:48","modified_gmt":"2024-12-11T09:12:48","slug":"may-hut-mui-kaff-kf-83n-90cm-gan-tuong-kinh-cong","status":"publish","type":"product","link":"https:\/\/livinghome.vn\/thiet-bi\/may-hut-mui-kaff-kf-83n-90cm-gan-tuong-kinh-cong\/","title":{"rendered":"M\u00e1y h\u00fat m\u00f9i Kaff KF-983N 90cm g\u1eafn t\u01b0\u1eddng k\u00ednh cong"},"content":{"rendered":"<h2><strong>M\u00e1y h\u00fat m\u00f9i Kaff KF-GB983N v\u1edbi k\u00ednh cong ph\u00edm c\u01a1 b\u1ec1n b\u1ec9<\/strong><\/h2>\n<p><img loading=\"lazy\" decoding=\"async\" class=\"size-full wp-image-21480 aligncenter\" src=\"https:\/\/livinghome.vn\/thiet-bi\/wp-content\/uploads\/2024\/05\/may-hut-mui-kaff-kf-gb783n-1.jpg\" alt=\"\" width=\"800\" height=\"800\" title=\"\" srcset=\"https:\/\/livinghome.vn\/thiet-bi\/wp-content\/uploads\/2024\/05\/may-hut-mui-kaff-kf-gb783n-1.jpg 800w, https:\/\/livinghome.vn\/thiet-bi\/wp-content\/uploads\/2024\/05\/may-hut-mui-kaff-kf-gb783n-1-400x400.jpg 400w, https:\/\/livinghome.vn\/thiet-bi\/wp-content\/uploads\/2024\/05\/may-hut-mui-kaff-kf-gb783n-1-280x280.jpg 280w, https:\/\/livinghome.vn\/thiet-bi\/wp-content\/uploads\/2024\/05\/may-hut-mui-kaff-kf-gb783n-1-768x768.jpg 768w, https:\/\/livinghome.vn\/thiet-bi\/wp-content\/uploads\/2024\/05\/may-hut-mui-kaff-kf-gb783n-1-300x300.jpg 300w, https:\/\/livinghome.vn\/thiet-bi\/wp-content\/uploads\/2024\/05\/may-hut-mui-kaff-kf-gb783n-1-600x600.jpg 600w, https:\/\/livinghome.vn\/thiet-bi\/wp-content\/uploads\/2024\/05\/may-hut-mui-kaff-kf-gb783n-1-100x100.jpg 100w\" sizes=\"auto, (max-width: 800px) 100vw, 800px\" \/><\/p>\n<ul>\n<li>M\u00e1y h\u00fat m\u00f9i k\u00ednh cong<\/li>\n<li>Th\u00e2n m\u00e1y b\u1eb1ng inox s\u00e1ng \u0111\u1eb9p<\/li>\n<li>K\u00ednh c\u01b0\u1eddng l\u1ef1c d\u00e0y 5mm tr\u00e1ng men b\u00f3ng cao c\u1ea5p<\/li>\n<li>\u0110i\u1ec1u khi\u1ec3n ph\u00edm b\u1ea5m 3 t\u1ed1c \u0111\u1ed9<\/li>\n<li>L\u01b0\u1edbi l\u1ecdc thang inox<\/li>\n<li>\u0110\u00e8n led bar 1x4W<\/li>\n<li>Motor 1x180W<\/li>\n<li>C\u00f4ng su\u1ea5t h\u00fat t\u1ed1i \u0111a 1000m3\/h<\/li>\n<li>\u0110\u1ed9 \u1ed3n maximum 48dB<\/li>\n<li>\u1ed0ng tho\u00e1t D150 + 2m \u1ed1ng m\u1ec1m k\u00e8m theo<\/li>\n<li>\u1ed0p \u1ed1ng kh\u00f3i inox 1 x 450 x 300 mm<\/li>\n<li>K\u00edch th\u01b0\u1edbc:140 x 475 x 700 mm<\/li>\n<\/ul>\n<h3><strong>Living Home Vietnam hi\u1ec7n l\u00e0 nh\u00e0 ph\u00e2n ph\u1ed1i ch\u00ednh th\u1ee9c d\u00f2ng s\u1ea3n ph\u1ea9m KAFF<\/strong><\/h3>\n<h3><img loading=\"lazy\" decoding=\"async\" class=\"size-full wp-image-21479 aligncenter\" src=\"https:\/\/livinghome.vn\/thiet-bi\/wp-content\/uploads\/2024\/05\/may-hut-mui-kaff-kf-gb783n-2.jpg\" alt=\"\" width=\"637\" height=\"900\" title=\"\" srcset=\"https:\/\/livinghome.vn\/thiet-bi\/wp-content\/uploads\/2024\/05\/may-hut-mui-kaff-kf-gb783n-2.jpg 637w, https:\/\/livinghome.vn\/thiet-bi\/wp-content\/uploads\/2024\/05\/may-hut-mui-kaff-kf-gb783n-2-283x400.jpg 283w, https:\/\/livinghome.vn\/thiet-bi\/wp-content\/uploads\/2024\/05\/may-hut-mui-kaff-kf-gb783n-2-566x800.jpg 566w, https:\/\/livinghome.vn\/thiet-bi\/wp-content\/uploads\/2024\/05\/may-hut-mui-kaff-kf-gb783n-2-600x848.jpg 600w\" sizes=\"auto, (max-width: 637px) 100vw, 637px\" \/><\/h3>\n<h3><span id=\"tim-kiem-nhung-y-tuong-noi-that-hap-dan-khac-tai-living-home\"><strong>T\u00ecm ki\u1ebfm nh\u1eefng \u00fd t\u01b0\u1edfng <a href=\"http:\/\/livinghome.vn\">S\u1ea3n ph\u1ea9m gia \u0111\u00ecnh<\/a> kh\u00e1c t\u1ea1i Living Home<\/strong><\/span><\/h3>\n<ul>\n<li>Facebook Living Home Vietnam: <a href=\"https:\/\/www.facebook.com\/livinghomevietnam\/\" target=\"_blank\" rel=\"noopener noreferrer nofollow\">click here<\/a><\/li>\n<li>Thi\u1ebft k\u1ebf n\u1ed9i th\u1ea5t: <a href=\"https:\/\/www.facebook.com\/thietkenoithatnhadephcm\" target=\"_blank\" rel=\"noopener noreferrer nofollow\">click here<\/a><\/li>\n<\/ul>\n<h2><strong>\u01afu \u0111\u00e3i tuy\u1ec7t v\u1eddi d\u00e0nh cho M\u00e1y h\u00fat m\u00f9i Kaff KF-GB783N<br \/>\n<\/strong><\/h2>\n<ul>\n<li>Li\u00ean h\u1ec7 hotline \u0111\u1ec3 bi\u1ebft th\u00eam chi ti\u1ebft<\/li>\n<\/ul>\n<p>&nbsp;<\/p>\n","protected":false},"excerpt":{"rendered":"<p>\u2022 M\u00e1y h\u00fat m\u00f9i k\u00ednh cong<br \/>\n\u2022 Th\u00e2n m\u00e1y b\u1eb1ng inox s\u00e1ng \u0111\u1eb9p<br \/>\n\u2022 K\u00ednh c\u01b0\u1eddng l\u1ef1c d\u00e0y 5mm tr\u00e1ng men b\u00f3ng cao c\u1ea5p<br \/>\n\u2022 \u0110i\u1ec1u khi\u1ec3n ph\u00edm b\u1ea5m 3 t\u1ed1c \u0111\u1ed9<br \/>\n\u2022 L\u01b0\u1edbi l\u1ecdc inox + than ho\u1ea1t t\u00ednh<br \/>\n\u2022 \u0110\u00e8n led 1x4W<br \/>\n\u2022 Motor 1x180W<br \/>\n\u2022 C\u00f4ng su\u1ea5t h\u00fat t\u1ed1i \u0111a 1000m\u00b3\/h<br \/>\n\u2022 \u0110\u1ed9 \u1ed3n maximum 48 dB<br \/>\n\u2022 \u1ed0ng tho\u00e1t D150 + 2m \u1ed1ng m\u1ec1m k\u00e8m theo<br \/>\n\u2022 \u1ed0p \u1ed1ng kh\u00f3i inox 1x450x300 mm<br \/>\n\u2022 \u0110i\u1ec7n \u00e1p: 220V &#8211; 240V \/ 50Hz<br \/>\n\u2022 K\u00edch th\u01b0\u1edbc: 475&#215;700\/900 mm<\/p>\n","protected":false},"featured_media":21480,"comment_status":"open","ping_status":"closed","template":"","meta":[],"product_brand":[],"product_cat":[84,600,164],"product_tag":[],"class_list":{"0":"post-21474","1":"product","2":"type-product","3":"status-publish","4":"has-post-thumbnail","6":"product_cat-may-hut-mui","7":"product_cat-may-hut-mui-kaff","8":"product_cat-thuong-hieu-kaff","10":"first","11":"instock","12":"sale","13":"shipping-taxable","14":"purchasable","15":"product-type-simple"},"_links":{"self":[{"href":"https:\/\/livinghome.vn\/thiet-bi\/wp-json\/wp\/v2\/product\/21474","targetHints":{"allow":["GET"]}}],"collection":[{"href":"https:\/\/livinghome.vn\/thiet-bi\/wp-json\/wp\/v2\/product"}],"about":[{"href":"https:\/\/livinghome.vn\/thiet-bi\/wp-json\/wp\/v2\/types\/product"}],"replies":[{"embeddable":true,"href":"https:\/\/livinghome.vn\/thiet-bi\/wp-json\/wp\/v2\/comments?post=21474"}],"wp:featuredmedia":[{"embeddable":true,"href":"https:\/\/livinghome.vn\/thiet-bi\/wp-json\/wp\/v2\/media\/21480"}],"wp:attachment":[{"href":"https:\/\/livinghome.vn\/thiet-bi\/wp-json\/wp\/v2\/media?parent=21474"}],"wp:term":[{"taxonomy":"product_brand","embeddable":true,"href":"https:\/\/livinghome.vn\/thiet-bi\/wp-json\/wp\/v2\/product_brand?post=21474"},{"taxonomy":"product_cat","embeddable":true,"href":"https:\/\/livinghome.vn\/thiet-bi\/wp-json\/wp\/v2\/product_cat?post=21474"},{"taxonomy":"product_tag","embeddable":true,"href":"https:\/\/livinghome.vn\/thiet-bi\/wp-json\/wp\/v2\/product_tag?post=21474"}],"curies":[{"name":"wp","href":"https:\/\/api.w.org\/{rel}","templated":true}]}}