{"id":21465,"date":"2024-05-06T11:30:37","date_gmt":"2024-05-06T04:30:37","guid":{"rendered":"https:\/\/livinghome.vn\/thiet-bi\/?post_type=product&#038;p=21465"},"modified":"2025-07-24T00:24:20","modified_gmt":"2025-07-23T17:24:20","slug":"may-hut-mui-tomate-tom-3690-kinh-cong-treo-tuong","status":"publish","type":"product","link":"https:\/\/livinghome.vn\/thiet-bi\/may-hut-mui-tomate-tom-3690-kinh-cong-treo-tuong\/","title":{"rendered":"M\u00e1y h\u00fat m\u00f9i Tomate TOM 3690, k\u00ednh cong treo t\u01b0\u1eddng"},"content":{"rendered":"<h2><span style=\"font-weight: 400;\">Gi\u1edbi thi\u1ec7u m\u00e1y h\u00fat m\u00f9i Tomate TOM 3690<\/span><\/h2>\n<p><span style=\"font-weight: 400;\">M\u00e1y h\u00fat m\u00f9i Tomate TOM 3690 l\u00e0 m\u1ed9t m\u00e1y h\u00fat m\u00f9i k\u00ednh cong treo t\u01b0\u1eddng ch\u1ea5t l\u01b0\u1ee3ng, mang \u0111\u1ebfn kh\u00f4ng gian b\u1ebfp tinh t\u1ebf. V\u1edbi v\u1ecf th\u00e9p s\u01a1n \u0111en, TOM 3690 kh\u00f4ng ch\u1ec9 \u0111\u1eb9p m\u1eaft m\u00e0 c\u00f2n r\u1ea5t b\u1ec1n b\u1ec9. Vi\u1ec7c \u0111i\u1ec1u khi\u1ec3n d\u1ec5 d\u00e0ng th\u00f4ng qua n\u00fat nh\u1ea5n \u0111\u01a1n gi\u1ea3n v\u00e0 ti\u1ec7n l\u1ee3i. T\u1ed1c \u0111\u1ed9 h\u00fat m\u00f9i linh ho\u1ea1t, \u0111\u00e1p \u1ee9ng nhu c\u1ea7u v\u00e0 mong mu\u1ed1n c\u1ee7a b\u1ea1n. V\u1edbi c\u00f4ng ngh\u1ec7 hi\u1ec7n \u0111\u1ea1i, m\u00e1y kh\u1eed m\u00f9i Tomate TOM 3690 kh\u00f4ng ch\u1ec9 lo\u1ea1i b\u1ecf m\u00f9i kh\u00f3 ch\u1ecbu m\u00e0 c\u00f2n mang l\u1ea1i kh\u00f4ng gian n\u1ea5u n\u01b0\u1edbng trong l\u00e0nh v\u00e0 tho\u00e1ng \u0111\u00e3ng.<\/span><\/p>\n<h2><span style=\"font-weight: 400;\">Th\u00f4ng tin s\u1ea3n ph\u1ea9m<\/span><\/h2>\n<ul>\n<li><span style=\"font-weight: 400;\">M\u00e1y h\u00fat m\u00f9i TOM 3670\/90: K\u00ednh cong, treo t\u01b0\u1eddng.<\/span><\/li>\n<li><span style=\"font-weight: 400;\">Th\u00e2n m\u00e1y b\u1eb1ng th\u00e9p s\u01a1n: Sang tr\u1ecdng, b\u1ec1n b\u1ec9.<\/span><\/li>\n<li><span style=\"font-weight: 400;\">\u0110i\u1ec1u khi\u1ec3n n\u00fat nh\u1ea5n.<\/span><\/li>\n<li><span style=\"font-weight: 400;\">K\u00edch th\u01b0\u1edbc 900mm: Ph\u00f9 h\u1ee3p m\u1ecdi kh\u00f4ng gian b\u1ebfp.<\/span><\/li>\n<li><span style=\"font-weight: 400;\">M\u1ee9c c\u00f4ng su\u1ea5t 3: \u0110\u00e1p \u1ee9ng m\u1ecdi nhu c\u1ea7u h\u00fat m\u00f9i<\/span><\/li>\n<li><span style=\"font-weight: 400;\">C\u00f4ng su\u1ea5t 850m3\/h, \u1ed1ng tho\u00e1t \u00d8150mm: Hi\u1ec7u qu\u1ea3 l\u1ecdc kh\u00f4ng kh\u00ed.<\/span><\/li>\n<li><span style=\"font-weight: 400;\">\u0110\u00e8n LED 2x2W: \u00c1nh s\u00e1ng t\u1ed1t, ti\u1ebft ki\u1ec7m n\u0103ng l\u01b0\u1ee3ng.<\/span><\/li>\n<li><span style=\"font-weight: 400;\">L\u01b0\u1edbi l\u1ecdc nh\u00f4m 5 l\u1edbp: Ng\u0103n \u0111\u1ea7u m\u1edf, d\u1ec5 v\u1ec7 sinh.<\/span><\/li>\n<li><span style=\"font-weight: 400;\">H\u1ec7 th\u1ed1ng b\u1ea3o v\u1ec7 N-RV: An to\u00e0n, \u1ed5n \u0111\u1ecbnh.<\/span><\/li>\n<li><span style=\"font-weight: 400;\">Ch\u1ee9c n\u0103ng l\u1ef1a ch\u1ecdn h\u00fat \u0111\u1ea5y: \u1ed0ng tho\u00e1t v\u00e0 kh\u1eed m\u00f9i b\u1eb1ng than ho\u1ea1t t\u00ednh.<\/span><\/li>\n<\/ul>\n<p><img loading=\"lazy\" decoding=\"async\" class=\"alignnone size-full wp-image-21468\" src=\"https:\/\/livinghome.vn\/thiet-bi\/wp-content\/uploads\/2024\/05\/may-hut-mui-kinh-cong-tomate-tom-3690-1.jpg\" alt=\"M\u00e1y h\u00fat m\u00f9i Tomate TOM 3690, k\u00ednh cong treo t\u01b0\u1eddng\" width=\"1200\" height=\"900\" title=\"\" srcset=\"https:\/\/livinghome.vn\/thiet-bi\/wp-content\/uploads\/2024\/05\/may-hut-mui-kinh-cong-tomate-tom-3690-1.jpg 1200w, https:\/\/livinghome.vn\/thiet-bi\/wp-content\/uploads\/2024\/05\/may-hut-mui-kinh-cong-tomate-tom-3690-1-533x400.jpg 533w, https:\/\/livinghome.vn\/thiet-bi\/wp-content\/uploads\/2024\/05\/may-hut-mui-kinh-cong-tomate-tom-3690-1-1067x800.jpg 1067w, https:\/\/livinghome.vn\/thiet-bi\/wp-content\/uploads\/2024\/05\/may-hut-mui-kinh-cong-tomate-tom-3690-1-768x576.jpg 768w, https:\/\/livinghome.vn\/thiet-bi\/wp-content\/uploads\/2024\/05\/may-hut-mui-kinh-cong-tomate-tom-3690-1-600x450.jpg 600w\" sizes=\"auto, (max-width: 1200px) 100vw, 1200px\" \/><\/p>\n<h2>Th\u00f4ng s\u1ed1 k\u1ef9 thu\u1eadt<\/h2>\n<ul>\n<li><span style=\"font-weight: 400;\">Ki\u1ec3u d\u00e1ng: M\u00e1y h\u00fat m\u00f9i k\u00ednh cong<\/span><\/li>\n<li><span style=\"font-weight: 400;\">S\u1ea3n xu\u1ea5t t\u1ea1i: Th\u1ed5 Nh\u0129 K\u1ef3<\/span><\/li>\n<li><span style=\"font-weight: 400;\">Ch\u1ea5t li\u1ec7u: Inox, k\u00ednh<\/span><\/li>\n<li><span style=\"font-weight: 400;\">C\u00f4ng su\u1ea5t: 850 m3\/h<\/span><\/li>\n<li><span style=\"font-weight: 400;\">Ch\u1ebf \u0111\u1ed9 h\u00fat kh\u1eed m\u00f9i: Kh\u1eed m\u00f9i b\u1eb1ng than ho\u1ea1t t\u00ednh<\/span><\/li>\n<li><span style=\"font-weight: 400;\">B\u1ea3ng \u0111i\u1ec1u khi\u1ec3n: C\u1ea3m \u1ee9ng<\/span><\/li>\n<li><span style=\"font-weight: 400;\">L\u01b0\u1edbi l\u1ecdc d\u1ea7u m\u1ee1: Nh\u00f4m<\/span><\/li>\n<li><span style=\"font-weight: 400;\">\u0110\u00e8n: LED 2*2W<\/span><\/li>\n<li><span style=\"font-weight: 400;\">\u0110\u1ed9 \u1ed3n: &lt;46dB<\/span><\/li>\n<li><span style=\"font-weight: 400;\">Ti\u1ec7n \u00edch: Ch\u1ebf \u0111\u1ed9 h\u00fat \u0111\u1ea9y ra ngo\u00e0i qua \u1ed1ng tho\u00e1t<\/span><\/li>\n<li><span style=\"font-weight: 400;\">K\u00edch th\u01b0\u1edbc \u1ed1ng tho\u00e1t: 150mm<\/span><\/li>\n<li><span style=\"font-weight: 400;\">K\u00edch th\u01b0\u1edbc s\u1ea3n ph\u1ea9m: 695R x 500S x 560 -1040C mm<\/span><\/li>\n<li><span style=\"font-weight: 400;\">B\u1ea3o h\u00e0nh ch\u00ednh h\u00e3ng: 2 n\u0103m<\/span><\/li>\n<\/ul>\n<p><img loading=\"lazy\" decoding=\"async\" class=\"alignnone size-full wp-image-21471\" src=\"https:\/\/livinghome.vn\/thiet-bi\/wp-content\/uploads\/2024\/05\/may-hut-mui-kinh-cong-tomate-tom-3690-2.jpg\" alt=\"M\u00e1y h\u00fat m\u00f9i Tomate TOM 3690, k\u00ednh cong treo t\u01b0\u1eddng\" width=\"1200\" height=\"900\" title=\"\" srcset=\"https:\/\/livinghome.vn\/thiet-bi\/wp-content\/uploads\/2024\/05\/may-hut-mui-kinh-cong-tomate-tom-3690-2.jpg 1200w, https:\/\/livinghome.vn\/thiet-bi\/wp-content\/uploads\/2024\/05\/may-hut-mui-kinh-cong-tomate-tom-3690-2-533x400.jpg 533w, https:\/\/livinghome.vn\/thiet-bi\/wp-content\/uploads\/2024\/05\/may-hut-mui-kinh-cong-tomate-tom-3690-2-1067x800.jpg 1067w, https:\/\/livinghome.vn\/thiet-bi\/wp-content\/uploads\/2024\/05\/may-hut-mui-kinh-cong-tomate-tom-3690-2-768x576.jpg 768w, https:\/\/livinghome.vn\/thiet-bi\/wp-content\/uploads\/2024\/05\/may-hut-mui-kinh-cong-tomate-tom-3690-2-600x450.jpg 600w\" sizes=\"auto, (max-width: 1200px) 100vw, 1200px\" \/><\/p>\n","protected":false},"excerpt":{"rendered":"<p><span style=\"font-weight: 400;\">Ki\u1ec3u d\u00e1n: M\u00e1y h\u00fat m\u00f9i k\u00ednh cong<\/span><\/p>\n<p><span style=\"font-weight: 400;\">S\u1ea3n xu\u1ea5t t\u1ea1i: Th\u1ed5 Nh\u0129 K\u1ef3<\/span><\/p>\n<p><span style=\"font-weight: 400;\">Ch\u1ea5t li\u1ec7u: Inox, k\u00ednh<\/span><\/p>\n<p><span style=\"font-weight: 400;\">C\u00f4ng su\u1ea5t: 850 m3\/h<\/span><\/p>\n<p><span style=\"font-weight: 400;\">Ch\u1ebf \u0111\u1ed9 h\u00fat kh\u1eed m\u00f9i: Kh\u1eed m\u00f9i b\u1eb1ng than ho\u1ea1t t\u00ednh<\/span><\/p>\n<p><span style=\"font-weight: 400;\">B\u1ea3ng \u0111i\u1ec1u khi\u1ec3n: C\u1ea3m \u1ee9ng<\/span><\/p>\n<p><span style=\"font-weight: 400;\">L\u01b0\u1edbi l\u1ecdc d\u1ea7u m\u1ee1: Nh\u00f4m<\/span><\/p>\n<p><span style=\"font-weight: 400;\">\u0110\u00e8n: LED 2*2W<\/span><\/p>\n<p><span style=\"font-weight: 400;\">\u0110\u1ed9 \u1ed3n: &lt;46dB<\/span><\/p>\n<p><span style=\"font-weight: 400;\">Ti\u1ec7n \u00edch: Ch\u1ebf \u0111\u1ed9 h\u00fat \u0111\u1ea9y ra ngo\u00e0i qua \u1ed1ng tho\u00e1t<\/span><\/p>\n<p><span style=\"font-weight: 400;\">K\u00edch th\u01b0\u1edbc \u1ed1ng tho\u00e1t: 150mm<\/span><\/p>\n<p><span style=\"font-weight: 400;\">K\u00edch th\u01b0\u1edbc s\u1ea3n ph\u1ea9m: 695R x 500S x 560 -1040C mm<\/span><\/p>\n<p><span style=\"font-weight: 400;\">B\u1ea3o h\u00e0nh ch\u00ednh h\u00e3ng: 2 n\u0103m<\/span><\/p>\n","protected":false},"featured_media":21472,"comment_status":"open","ping_status":"closed","template":"","meta":[],"product_brand":[],"product_cat":[84,2010,602,71,364],"product_tag":[86,2011,370,2009],"class_list":{"0":"post-21465","1":"product","2":"type-product","3":"status-publish","4":"has-post-thumbnail","6":"product_cat-may-hut-mui","7":"product_cat-may-hut-mui-kinh-cong","8":"product_cat-may-hut-mui-tomate","9":"product_cat-thuong-hieu","10":"product_cat-thuong-hieu-tomate","11":"product_tag-may-hut-mui","12":"product_tag-may-hut-mui-kinh-cong","13":"product_tag-may-hut-mui-tomate","14":"product_tag-may-khu-mui","16":"first","17":"instock","18":"sale","19":"shipping-taxable","20":"purchasable","21":"product-type-simple"},"_links":{"self":[{"href":"https:\/\/livinghome.vn\/thiet-bi\/wp-json\/wp\/v2\/product\/21465","targetHints":{"allow":["GET"]}}],"collection":[{"href":"https:\/\/livinghome.vn\/thiet-bi\/wp-json\/wp\/v2\/product"}],"about":[{"href":"https:\/\/livinghome.vn\/thiet-bi\/wp-json\/wp\/v2\/types\/product"}],"replies":[{"embeddable":true,"href":"https:\/\/livinghome.vn\/thiet-bi\/wp-json\/wp\/v2\/comments?post=21465"}],"wp:featuredmedia":[{"embeddable":true,"href":"https:\/\/livinghome.vn\/thiet-bi\/wp-json\/wp\/v2\/media\/21472"}],"wp:attachment":[{"href":"https:\/\/livinghome.vn\/thiet-bi\/wp-json\/wp\/v2\/media?parent=21465"}],"wp:term":[{"taxonomy":"product_brand","embeddable":true,"href":"https:\/\/livinghome.vn\/thiet-bi\/wp-json\/wp\/v2\/product_brand?post=21465"},{"taxonomy":"product_cat","embeddable":true,"href":"https:\/\/livinghome.vn\/thiet-bi\/wp-json\/wp\/v2\/product_cat?post=21465"},{"taxonomy":"product_tag","embeddable":true,"href":"https:\/\/livinghome.vn\/thiet-bi\/wp-json\/wp\/v2\/product_tag?post=21465"}],"curies":[{"name":"wp","href":"https:\/\/api.w.org\/{rel}","templated":true}]}}