{"id":21461,"date":"2024-05-06T11:20:30","date_gmt":"2024-05-06T04:20:30","guid":{"rendered":"https:\/\/livinghome.vn\/thiet-bi\/?post_type=product&#038;p=21461"},"modified":"2024-11-29T14:18:52","modified_gmt":"2024-11-29T07:18:52","slug":"may-hut-mui-kaff-kf-gbt7007","status":"publish","type":"product","link":"https:\/\/livinghome.vn\/thiet-bi\/may-hut-mui-kaff-kf-gbt7007\/","title":{"rendered":"M\u00e1y h\u00fat m\u00f9i Kaff KF-GBT7007"},"content":{"rendered":"<div class=\"avatar-gutter ng-tns-c777316009-90 ng-star-inserted\">\n<div class=\"resize-observable\"><\/div>\n<\/div>\n<div class=\"response-container-content ng-tns-c777316009-90\">\n<div class=\"response-content ng-tns-c777316009-90\">\n<div class=\"markdown markdown-main-panel\" dir=\"ltr\">\n<h2 data-sourcepos=\"1:1-1:86\">M\u00e1y h\u00fat m\u00f9i k\u00ednh cong c\u1ea3m \u1ee9ng v\u1eaby tay Kaff KF-GBT7007 &#8211; B\u1ebfp sang, kh\u00f4ng gian tho\u00e1ng<\/h2>\n<h4 data-sourcepos=\"3:1-3:34\"><strong>Thi\u1ebft k\u1ebf hi\u1ec7n \u0111\u1ea1i, sang tr\u1ecdng:<\/strong><\/h4>\n<ul data-sourcepos=\"5:1-8:0\">\n<li data-sourcepos=\"5:1-5:93\">Ki\u1ec3u d\u00e1ng k\u00ednh cong bo g\u00f3c m\u1ec1m m\u1ea1i, tinh t\u1ebf, g\u00f3p ph\u1ea7n t\u00f4 \u0111i\u1ec3m cho gian b\u1ebfp th\u00eam sang tr\u1ecdng.<\/li>\n<li data-sourcepos=\"6:1-6:69\">Th\u00e2n m\u00e1y b\u1eb1ng inox s\u00e1ng b\u00f3ng, d\u1ec5 lau ch\u00f9i, ch\u1ed1ng b\u00e1m d\u00ednh hi\u1ec7u qu\u1ea3.<\/li>\n<li data-sourcepos=\"7:1-8:0\">K\u00ednh c\u01b0\u1eddng l\u1ef1c d\u00e0y 6mm, ch\u1ecbu nhi\u1ec7t t\u1ed1t, an to\u00e0n khi s\u1eed d\u1ee5ng.<\/li>\n<\/ul>\n<h4 data-sourcepos=\"9:1-9:24\"><strong>C\u00f4ng ngh\u1ec7 ti\u00ean ti\u1ebfn:<\/strong><\/h4>\n<ul data-sourcepos=\"11:1-14:0\">\n<li data-sourcepos=\"11:1-11:99\">\u0110i\u1ec1u khi\u1ec3n c\u1ea3m \u1ee9ng v\u00e0 v\u1eaby tay kh\u00f4ng ch\u1ea1m si\u00eau nh\u1ea1y 3 t\u1ed1c \u0111\u1ed9, cho ph\u00e9p thao t\u00e1c d\u1ec5 d\u00e0ng, ti\u1ec7n l\u1ee3i.<\/li>\n<li data-sourcepos=\"12:1-12:112\">L\u01b0\u1edbi l\u1ecdc d\u1ea1ng thang inox v\u00e0 than ho\u1ea1t t\u00ednh, gi\u00fap lo\u1ea1i b\u1ecf hi\u1ec7u qu\u1ea3 m\u1ee1 th\u1eeba, m\u00f9i h\u00f4i v\u00e0 b\u1ee5i b\u1ea9n trong kh\u00f4ng kh\u00ed.<\/li>\n<li data-sourcepos=\"13:1-14:0\">\u0110\u00e8n LED bar ti\u1ebft ki\u1ec7m \u0111i\u1ec7n, chi\u1ebfu s\u00e1ng khu v\u1ef1c n\u1ea5u n\u01b0\u1edbng hi\u1ec7u qu\u1ea3.<\/li>\n<\/ul>\n<h4 data-sourcepos=\"15:1-15:22\"><strong>Hi\u1ec7u n\u0103ng m\u1ea1nh m\u1ebd:<\/strong><\/h4>\n<ul data-sourcepos=\"17:1-19:0\">\n<li data-sourcepos=\"17:1-17:117\">C\u00f4ng su\u1ea5t h\u00fat t\u1ed1i \u0111a l\u00ean \u0111\u1ebfn 1000m\u00b3\/h, nhanh ch\u00f3ng lo\u1ea1i b\u1ecf kh\u00f3i b\u1ee5i, tr\u1ea3 l\u1ea1i b\u1ea7u kh\u00f4ng kh\u00ed trong l\u00e0nh cho gian b\u1ebfp.<\/li>\n<li data-sourcepos=\"18:1-19:0\">\u0110\u1ed9 \u1ed3n t\u1ed1i \u0111a 68 dB, ho\u1ea1t \u0111\u1ed9ng \u00eam \u00e1i, kh\u00f4ng g\u00e2y \u1ea3nh h\u01b0\u1edfng \u0111\u1ebfn sinh ho\u1ea1t.<\/li>\n<\/ul>\n<h4 data-sourcepos=\"20:1-20:22\"><strong>Th\u00f4ng s\u1ed1 k\u1ef9 thu\u1eadt:<\/strong><\/h4>\n<ul data-sourcepos=\"22:1-26:0\">\n<li data-sourcepos=\"22:1-22:24\">K\u00edch th\u01b0\u1edbc: 480&#215;700 mm<\/li>\n<li data-sourcepos=\"23:1-23:38\">\u1ed0ng tho\u00e1t D150 + 2m \u1ed1ng m\u1ec1m k\u00e8m theo<\/li>\n<li data-sourcepos=\"24:1-24:34\">\u1ed0p \u1ed1ng kh\u00f3i inox 2x270x300x500mm<\/li>\n<li data-sourcepos=\"25:1-26:0\">C\u00f4ng su\u1ea5t motor: 170W<\/li>\n<\/ul>\n<p><img loading=\"lazy\" decoding=\"async\" class=\"alignnone size-full wp-image-21462\" src=\"https:\/\/livinghome.vn\/thiet-bi\/wp-content\/uploads\/2024\/05\/may-hut-mui-kaff-kf-gbt7007-2.jpg\" alt=\"\" width=\"1200\" height=\"1200\" title=\"\" srcset=\"https:\/\/livinghome.vn\/thiet-bi\/wp-content\/uploads\/2024\/05\/may-hut-mui-kaff-kf-gbt7007-2.jpg 1200w, https:\/\/livinghome.vn\/thiet-bi\/wp-content\/uploads\/2024\/05\/may-hut-mui-kaff-kf-gbt7007-2-400x400.jpg 400w, https:\/\/livinghome.vn\/thiet-bi\/wp-content\/uploads\/2024\/05\/may-hut-mui-kaff-kf-gbt7007-2-800x800.jpg 800w, https:\/\/livinghome.vn\/thiet-bi\/wp-content\/uploads\/2024\/05\/may-hut-mui-kaff-kf-gbt7007-2-280x280.jpg 280w, https:\/\/livinghome.vn\/thiet-bi\/wp-content\/uploads\/2024\/05\/may-hut-mui-kaff-kf-gbt7007-2-768x768.jpg 768w, https:\/\/livinghome.vn\/thiet-bi\/wp-content\/uploads\/2024\/05\/may-hut-mui-kaff-kf-gbt7007-2-300x300.jpg 300w, https:\/\/livinghome.vn\/thiet-bi\/wp-content\/uploads\/2024\/05\/may-hut-mui-kaff-kf-gbt7007-2-600x600.jpg 600w, https:\/\/livinghome.vn\/thiet-bi\/wp-content\/uploads\/2024\/05\/may-hut-mui-kaff-kf-gbt7007-2-100x100.jpg 100w\" sizes=\"auto, (max-width: 1200px) 100vw, 1200px\" \/><\/p>\n<\/div>\n<\/div>\n<\/div>\n","protected":false},"excerpt":{"rendered":"<p>\u2022 M\u00e1y h\u00fat m\u00f9i k\u00ednh cong<br \/>\n\u2022 Th\u00e2n m\u00e1y b\u1eb1ng inox s\u00e1ng \u0111\u1eb9p<br \/>\n\u2022 K\u00ednh c\u01b0\u1eddng l\u1ef1c d\u00e0y 06mm tr\u00e1ng men b\u00f3ng cao c\u1ea5p<br \/>\n\u2022 \u0110i\u1ec1u khi\u1ec3n c\u1ea3m \u1ee9ng v\u00e0 v\u1eaby tay si\u00eau nh\u1ea1y 3 t\u1ed1c \u0111\u1ed9<br \/>\n\u2022 L\u01b0\u1edbi l\u1ecdc inox + than ho\u1ea1t t\u00ednh<br \/>\n\u2022 \u0110\u00e8n led bar 1x4Wx402mm<br \/>\n\u2022 Motor 1x170W<br \/>\n\u2022 C\u00f4ng su\u1ea5t h\u00fat t\u1ed1i \u0111a 1000m\u00b3\/h<br \/>\n\u2022 \u0110\u1ed9 \u1ed3n maximum 68 dB<br \/>\n\u2022 \u1ed0ng tho\u00e1t D150 + 2m \u1ed1ng m\u1ec1m k\u00e8m theo<br \/>\n\u2022 \u1ed0p \u1ed1ng kh\u00f3i inox 2x270x300x500mm<br \/>\n\u2022 K\u00edch th\u01b0\u1edbc: 480&#215;700\/900 mm<br \/>\n\u2022 Ngu\u1ed3n \u0111i\u1ec7n: 220V &#8211; 240V AC\/50 &#8211; 60Hz<\/p>\n","protected":false},"featured_media":21463,"comment_status":"open","ping_status":"closed","template":"","meta":[],"product_brand":[],"product_cat":[84,600,164],"product_tag":[],"class_list":{"0":"post-21461","1":"product","2":"type-product","3":"status-publish","4":"has-post-thumbnail","6":"product_cat-may-hut-mui","7":"product_cat-may-hut-mui-kaff","8":"product_cat-thuong-hieu-kaff","10":"first","11":"instock","12":"sale","13":"shipping-taxable","14":"purchasable","15":"product-type-simple"},"_links":{"self":[{"href":"https:\/\/livinghome.vn\/thiet-bi\/wp-json\/wp\/v2\/product\/21461","targetHints":{"allow":["GET"]}}],"collection":[{"href":"https:\/\/livinghome.vn\/thiet-bi\/wp-json\/wp\/v2\/product"}],"about":[{"href":"https:\/\/livinghome.vn\/thiet-bi\/wp-json\/wp\/v2\/types\/product"}],"replies":[{"embeddable":true,"href":"https:\/\/livinghome.vn\/thiet-bi\/wp-json\/wp\/v2\/comments?post=21461"}],"wp:featuredmedia":[{"embeddable":true,"href":"https:\/\/livinghome.vn\/thiet-bi\/wp-json\/wp\/v2\/media\/21463"}],"wp:attachment":[{"href":"https:\/\/livinghome.vn\/thiet-bi\/wp-json\/wp\/v2\/media?parent=21461"}],"wp:term":[{"taxonomy":"product_brand","embeddable":true,"href":"https:\/\/livinghome.vn\/thiet-bi\/wp-json\/wp\/v2\/product_brand?post=21461"},{"taxonomy":"product_cat","embeddable":true,"href":"https:\/\/livinghome.vn\/thiet-bi\/wp-json\/wp\/v2\/product_cat?post=21461"},{"taxonomy":"product_tag","embeddable":true,"href":"https:\/\/livinghome.vn\/thiet-bi\/wp-json\/wp\/v2\/product_tag?post=21461"}],"curies":[{"name":"wp","href":"https:\/\/api.w.org\/{rel}","templated":true}]}}