{"id":21436,"date":"2024-05-06T10:54:09","date_gmt":"2024-05-06T03:54:09","guid":{"rendered":"https:\/\/livinghome.vn\/thiet-bi\/?post_type=product&#038;p=21436"},"modified":"2024-11-29T14:18:52","modified_gmt":"2024-11-29T07:18:52","slug":"bep-gas-am-kaff-kf-620-detime","status":"publish","type":"product","link":"https:\/\/livinghome.vn\/thiet-bi\/bep-gas-am-kaff-kf-620-detime\/","title":{"rendered":"B\u1ebfp Gas \u00c2m Kaff KF &#8211; 620 DETIME"},"content":{"rendered":"<p data-sourcepos=\"3:1-3:23\"><strong>B\u1ebfp gas \u00e2m KAFF KF-620 DETIME<\/strong> n\u1ed5i b\u1eadt v\u1edbi <strong>3 l\u00f2 n\u1ea5u<\/strong>, mang \u0111\u1ebfn s\u1ef1 ti\u1ec7n l\u1ee3i cho gian b\u1ebfp nh\u00e0 b\u1ea1n. B\u1ebfp \u0111\u01b0\u1ee3c trang b\u1ecb nhi\u1ec1u t\u00ednh n\u0103ng an to\u00e0n v\u00e0 ti\u1ebft ki\u1ec7m, l\u00e0 l\u1ef1a ch\u1ecdn l\u00fd t\u01b0\u1edfng cho gia \u0111\u00ecnh b\u1ea1n.<\/p>\n<h4 data-sourcepos=\"5:1-5:22\"><strong>T\u00ednh n\u0103ng n\u1ed5i b\u1eadt:<\/strong><\/h4>\n<ul data-sourcepos=\"7:1-7:38\">\n<li data-sourcepos=\"7:1-7:38\"><strong>H\u1ec7 th\u1ed1ng m\u00e2m chia l\u1eeda<\/strong> b\u1eb1ng \u0111\u1ed3ng 2 Horisun (HS173A+HS173B2-1-A1 + HS173A) gi\u00fap ng\u1ecdn l\u1eeda \u0111\u1ec1u v\u00e0 m\u1ea1nh, n\u1ea5u n\u01b0\u1edbng nhanh ch\u00edn.<\/li>\n<li data-sourcepos=\"8:1-8:136\"><strong>H\u1ec7 th\u1ed1ng c\u1ea3m \u1ee9ng ng\u1eaft gas t\u1ef1 \u0111\u1ed9ng FFD<\/strong> an to\u00e0n: T\u1ef1 \u0111\u1ed9ng ng\u1eaft gas khi c\u00f3 s\u1ef1 c\u1ed1 b\u1ea5t th\u01b0\u1eddng v\u1ec1 l\u1eeda, \u0111\u1ea3m b\u1ea3o an to\u00e0n cho ng\u01b0\u1eddi s\u1eed d\u1ee5ng.<\/li>\n<li data-sourcepos=\"9:1-9:100\"><strong>Ch\u1ebf \u0111\u1ed9 h\u1ea7m ti\u1ebft ki\u1ec7m gas<\/strong>: Ti\u1ebft ki\u1ec7m gas t\u1ed1i \u0111a, ch\u1ec9 0.3kg\/h\/l\u00f2, gi\u00fap b\u1ea1n n\u1ea5u \u0103n ti\u1ebft ki\u1ec7m h\u01a1n.<\/li>\n<li data-sourcepos=\"10:1-10:76\"><strong>M\u1eb7t k\u00ednh<\/strong> m\u00e0u x\u00e1m sang tr\u1ecdng, ch\u1ecbu l\u1ef1c ch\u1ecbu nhi\u1ec7t t\u1ed1t, d\u1ec5 d\u00e0ng v\u1ec7 sinh.<\/li>\n<li data-sourcepos=\"11:1-11:61\"><strong>Khay ch\u1ed1ng tr\u00e0n<\/strong> inox 304 gi\u00fap gi\u1eef cho b\u1ebfp lu\u00f4n s\u1ea1ch s\u1ebd.<\/li>\n<li data-sourcepos=\"12:1-12:95\"><strong>Ki\u1ec1ng gang si\u00eau b\u1ec1n<\/strong>: Ch\u1eafc ch\u1eafn, ch\u1ecbu l\u1ef1c t\u1ed1t, kh\u00f4ng b\u1ecb cong v\u00eanh trong qu\u00e1 tr\u00ecnh s\u1eed d\u1ee5ng.<\/li>\n<li data-sourcepos=\"13:1-13:52\"><strong>N\u00fat b\u1ea5m h\u1ee3p kim si\u00eau b\u1ec1n<\/strong>: \u0110\u1eb9p m\u1eaft, d\u1ec5 s\u1eed d\u1ee5ng.<\/li>\n<li data-sourcepos=\"14:1-15:0\"><strong>H\u1ec7 th\u1ed1ng \u0111\u00e1nh l\u1eeda pin<\/strong>: D\u1ec5 d\u00e0ng kh\u1edfi \u0111\u1ed9ng b\u1ebfp.<\/li>\n<\/ul>\n<p><img loading=\"lazy\" decoding=\"async\" class=\"alignnone size-full wp-image-21441\" src=\"https:\/\/livinghome.vn\/thiet-bi\/wp-content\/uploads\/2024\/05\/bep-gas-am-kaff-kf-620-detime-2.jpg\" alt=\"\" width=\"1200\" height=\"761\" title=\"\" srcset=\"https:\/\/livinghome.vn\/thiet-bi\/wp-content\/uploads\/2024\/05\/bep-gas-am-kaff-kf-620-detime-2.jpg 1200w, https:\/\/livinghome.vn\/thiet-bi\/wp-content\/uploads\/2024\/05\/bep-gas-am-kaff-kf-620-detime-2-631x400.jpg 631w, https:\/\/livinghome.vn\/thiet-bi\/wp-content\/uploads\/2024\/05\/bep-gas-am-kaff-kf-620-detime-2-768x487.jpg 768w, https:\/\/livinghome.vn\/thiet-bi\/wp-content\/uploads\/2024\/05\/bep-gas-am-kaff-kf-620-detime-2-600x381.jpg 600w\" sizes=\"auto, (max-width: 1200px) 100vw, 1200px\" \/><\/p>\n<h4 data-sourcepos=\"16:1-16:22\"><strong>Th\u00f4ng s\u1ed1 k\u1ef9 thu\u1eadt:<\/strong><\/h4>\n<ul data-sourcepos=\"18:1-21:0\">\n<li data-sourcepos=\"18:1-18:32\">L\u01b0\u1ee3ng gas ti\u00eau th\u1ee5: 0.3kg\/h\/l\u00f2<\/li>\n<li data-sourcepos=\"19:1-19:32\">K\u00edch th\u01b0\u1edbc m\u1eb7t k\u00ednh: 780x450mm<\/li>\n<li data-sourcepos=\"20:1-21:0\">K\u00edch th\u01b0\u1edbc kho\u00e9t \u0111\u00e1: 690x400xR15mm<\/li>\n<\/ul>\n<p data-sourcepos=\"22:1-22:131\"><strong>B\u1ebfp gas \u00e2m KAFF KF-620 DETIME<\/strong> l\u00e0 l\u1ef1a ch\u1ecdn ho\u00e0n h\u1ea3o cho nh\u1eefng ai \u0111ang t\u00ecm ki\u1ebfm m\u1ed9t chi\u1ebfc b\u1ebfp gas an to\u00e0n, ti\u1ebft ki\u1ec7m v\u00e0 ti\u1ec7n l\u1ee3i.<\/p>\n","protected":false},"excerpt":{"rendered":"<p>\u2022 B\u1ebfp gas \u00e2m 03 l\u00f2<br \/>\n\u2022 M\u1eb7t k\u00ednh m\u00e0u x\u00e1m ch\u1ecbu l\u1ef1c ch\u1ecbu nhi\u1ec7t 8mm<br \/>\n\u2022 H\u1ec7 th\u1ed1ng m\u00e2m chia l\u1eeda 2 Horisun (HS173A + HS173B2-1-A1 + HS173A)<br \/>\n\u2022 H\u1ec7 th\u1ed1ng c\u1ea3m \u1ee9ng ng\u1eaft gas t\u1ef1 \u0111\u1ed9ng FFD an to\u00e0n<br \/>\n\u2022 Ch\u1ee9c n\u0103ng h\u1eb9n gi\u1edd cho t\u1eebng v\u00f9ng n\u1ea5u<br \/>\n\u2022 Khay ch\u1ed1ng tr\u00e0n inox<br \/>\n\u2022 Ki\u1ec1ng gang si\u00eau b\u1ec1n<br \/>\n\u2022 \u0110\u00e1nh l\u1eeda b\u1eb1ng Pin IC 1.5V<br \/>\n\u2022 N\u00fat b\u1ea5m h\u1ee3p kim si\u00eau b\u1ec1n, \u0111\u1eb9p<br \/>\n\u2022 L\u01b0\u1ee3ng gas ti\u00eau th\u1ee5 0.3 Kg\/h\/l\u00f2<br \/>\n\u2022 Ch\u1ebf \u0111\u1ed9 h\u1ea7m ti\u1ebft ki\u1ec7m gas<br \/>\n\u2022 K\u00edch th\u01b0\u1edbc m\u1eb7t k\u00ednh: 780 x 450 mm<br \/>\n\u2022 K\u00edch th\u01b0\u1edbc c\u1eaft \u0111\u00e1: 680 x 390 mm<\/p>\n","protected":false},"featured_media":21442,"comment_status":"open","ping_status":"closed","template":"","meta":[],"product_brand":[],"product_cat":[123,730,164],"product_tag":[],"class_list":{"0":"post-21436","1":"product","2":"type-product","3":"status-publish","4":"has-post-thumbnail","6":"product_cat-bep-gas","7":"product_cat-bep-gas-kaff","8":"product_cat-thuong-hieu-kaff","10":"first","11":"instock","12":"sale","13":"shipping-taxable","14":"purchasable","15":"product-type-simple"},"_links":{"self":[{"href":"https:\/\/livinghome.vn\/thiet-bi\/wp-json\/wp\/v2\/product\/21436","targetHints":{"allow":["GET"]}}],"collection":[{"href":"https:\/\/livinghome.vn\/thiet-bi\/wp-json\/wp\/v2\/product"}],"about":[{"href":"https:\/\/livinghome.vn\/thiet-bi\/wp-json\/wp\/v2\/types\/product"}],"replies":[{"embeddable":true,"href":"https:\/\/livinghome.vn\/thiet-bi\/wp-json\/wp\/v2\/comments?post=21436"}],"wp:featuredmedia":[{"embeddable":true,"href":"https:\/\/livinghome.vn\/thiet-bi\/wp-json\/wp\/v2\/media\/21442"}],"wp:attachment":[{"href":"https:\/\/livinghome.vn\/thiet-bi\/wp-json\/wp\/v2\/media?parent=21436"}],"wp:term":[{"taxonomy":"product_brand","embeddable":true,"href":"https:\/\/livinghome.vn\/thiet-bi\/wp-json\/wp\/v2\/product_brand?post=21436"},{"taxonomy":"product_cat","embeddable":true,"href":"https:\/\/livinghome.vn\/thiet-bi\/wp-json\/wp\/v2\/product_cat?post=21436"},{"taxonomy":"product_tag","embeddable":true,"href":"https:\/\/livinghome.vn\/thiet-bi\/wp-json\/wp\/v2\/product_tag?post=21436"}],"curies":[{"name":"wp","href":"https:\/\/api.w.org\/{rel}","templated":true}]}}