{"id":21423,"date":"2024-05-06T10:43:50","date_gmt":"2024-05-06T03:43:50","guid":{"rendered":"https:\/\/livinghome.vn\/thiet-bi\/?post_type=product&#038;p=21423"},"modified":"2024-11-29T14:18:52","modified_gmt":"2024-11-29T07:18:52","slug":"bep-gas-am-kaff-kf-330gdh","status":"publish","type":"product","link":"https:\/\/livinghome.vn\/thiet-bi\/bep-gas-am-kaff-kf-330gdh\/","title":{"rendered":"B\u1ebfp Gas \u00c2m Kaff KF-330GDH"},"content":{"rendered":"<h4 data-sourcepos=\"5:1-5:17\"><strong>\u0110i\u1ec3m n\u1ed5i b\u1eadt:<\/strong><\/h4>\n<ul data-sourcepos=\"7:1-14:0\">\n<li data-sourcepos=\"7:1-7:90\"><strong>Thi\u1ebft k\u1ebf domino 2 l\u00f2:<\/strong> Ti\u1ebft ki\u1ec7m di\u1ec7n t\u00edch, ph\u00f9 h\u1ee3p v\u1edbi nh\u1eefng kh\u00f4ng gian b\u1ebfp nh\u1ecf g\u1ecdn.<\/li>\n<li data-sourcepos=\"8:1-8:96\"><strong>H\u1ec7 th\u1ed1ng m\u00e2m chia l\u1eeda 2 Horisun:<\/strong> Ph\u00e2n b\u1ed1 nhi\u1ec7t \u0111\u1ec1u, n\u1ea5u n\u01b0\u1edbng nhanh ch\u00edn v\u00e0 ti\u1ebft ki\u1ec7m gas.<\/li>\n<li data-sourcepos=\"9:1-9:76\"><strong>Ch\u1ebf \u0111\u1ed9 p\u00e9p h\u1ea7m ti\u1ebft ki\u1ec7m gas:<\/strong> Gi\u00fap b\u1ea1n ti\u1ebft ki\u1ec7m chi ph\u00ed gas hi\u1ec7u qu\u1ea3.<\/li>\n<li data-sourcepos=\"10:1-10:102\"><strong>C\u1ea3m \u1ee9ng ng\u1eaft gas t\u1ef1 \u0111\u1ed9ng FFD:<\/strong> \u0110\u1ea3m b\u1ea3o an to\u00e0n cho ng\u01b0\u1eddi s\u1eed d\u1ee5ng khi l\u1eeda gas b\u1ecb d\u1eadp t\u1eaft \u0111\u1ed9t ng\u1ed9t.<\/li>\n<li data-sourcepos=\"11:1-11:59\"><strong>H\u1ec7 th\u1ed1ng \u0111\u00e1nh l\u1eeda Pin (IC):<\/strong> \u0110\u00e1nh l\u1eeda nhanh, nh\u1ea1y b\u00e9n.<\/li>\n<li data-sourcepos=\"12:1-12:74\"><strong>M\u1eb7t k\u00ednh m\u00e0u \u0111en ch\u1ecbu l\u1ef1c ch\u1ecbu nhi\u1ec7t 8mm:<\/strong> D\u1ec5 d\u00e0ng v\u1ec7 sinh, lau ch\u00f9i.<\/li>\n<li data-sourcepos=\"13:1-14:0\"><strong>L\u01b0\u1ee3ng gas ti\u00eau th\u1ee5: 0.30 kg\/h\/l\u00f2:<\/strong> Ti\u1ebft ki\u1ec7m gas hi\u1ec7u qu\u1ea3.<\/li>\n<\/ul>\n<p><img loading=\"lazy\" decoding=\"async\" class=\"alignnone size-full wp-image-21433\" src=\"https:\/\/livinghome.vn\/thiet-bi\/wp-content\/uploads\/2024\/05\/bep-gas-am-kaff-kf-330gdh-2.jpg\" alt=\"\" width=\"1200\" height=\"559\" title=\"\" srcset=\"https:\/\/livinghome.vn\/thiet-bi\/wp-content\/uploads\/2024\/05\/bep-gas-am-kaff-kf-330gdh-2.jpg 1200w, https:\/\/livinghome.vn\/thiet-bi\/wp-content\/uploads\/2024\/05\/bep-gas-am-kaff-kf-330gdh-2-800x373.jpg 800w, https:\/\/livinghome.vn\/thiet-bi\/wp-content\/uploads\/2024\/05\/bep-gas-am-kaff-kf-330gdh-2-768x358.jpg 768w, https:\/\/livinghome.vn\/thiet-bi\/wp-content\/uploads\/2024\/05\/bep-gas-am-kaff-kf-330gdh-2-600x280.jpg 600w\" sizes=\"auto, (max-width: 1200px) 100vw, 1200px\" \/><\/p>\n<h4 data-sourcepos=\"15:1-15:22\"><strong>Th\u00f4ng s\u1ed1 k\u1ef9 thu\u1eadt:<\/strong><\/h4>\n<ul data-sourcepos=\"17:1-26:0\">\n<li data-sourcepos=\"17:1-17:29\">Lo\u1ea1i b\u1ebfp: B\u1ebfp gas \u00e2m domino<\/li>\n<li data-sourcepos=\"18:1-18:15\">S\u1ed1 b\u1ebfp: 2 b\u1ebfp<\/li>\n<li data-sourcepos=\"19:1-19:58\">H\u1ec7 th\u1ed1ng m\u00e2m chia l\u1eeda: 2 Horisun (HS173A + HS173B2-1-A1)<\/li>\n<li data-sourcepos=\"20:1-20:21\">Ch\u1ebf \u0111\u1ed9 n\u1ea5u: P\u00e9p h\u1ea7m<\/li>\n<li data-sourcepos=\"21:1-21:29\">H\u1ec7 th\u1ed1ng \u0111\u00e1nh l\u1eeda: Pin (IC)<\/li>\n<li data-sourcepos=\"22:1-22:44\">M\u1eb7t k\u00ednh: K\u00ednh \u0111en ch\u1ecbu l\u1ef1c ch\u1ecbu nhi\u1ec7t 8mm<\/li>\n<li data-sourcepos=\"23:1-23:34\">L\u01b0\u1ee3ng gas ti\u00eau th\u1ee5: 0.30 kg\/h\/l\u00f2<\/li>\n<li data-sourcepos=\"24:1-24:33\">K\u00edch th\u01b0\u1edbc m\u1eb7t k\u00ednh: 310&#215;550 mm<\/li>\n<li data-sourcepos=\"25:1-26:0\">K\u00edch th\u01b0\u1edbc kho\u00e9t \u0111\u00e1: 485 x 285 x R15 mm<\/li>\n<\/ul>\n<p data-sourcepos=\"27:1-27:153\"><strong>B\u1ebfp gas \u00e2m Kaff KF-330GDH<\/strong> l\u00e0 l\u1ef1a ch\u1ecdn ho\u00e0n h\u1ea3o cho nh\u1eefng ai \u0111ang t\u00ecm ki\u1ebfm m\u1ed9t chi\u1ebfc b\u1ebfp gas \u00e2m ti\u1ec7n l\u1ee3i, an to\u00e0n v\u00e0 sang tr\u1ecdng cho gian b\u1ebfp c\u1ee7a m\u00ecnh.<\/p>\n","protected":false},"excerpt":{"rendered":"<p>\u2022 B\u1ebfp Gas \u00e2m Domino 02 b\u1ebfp<br \/>\n\u2022 H\u1ec7 th\u1ed1ng m\u00e2m chia l\u1eeda 2 Horisun (HS173A + HS173B2-1-A1)<br \/>\n\u2022 Ch\u1ebf \u0111\u1ed9 p\u00e9p h\u1ea7m ti\u1ebft ki\u1ec7m gas<br \/>\n\u2022 C\u1ea3m \u1ee9ng ng\u1eaft gas t\u1ef1 \u0111\u1ed9ng FFD an to\u00e0n<br \/>\n\u2022 H\u1ec7 th\u1ed1ng \u0111\u00e1nh l\u1eeda Pin (IC)<br \/>\n\u2022 M\u1eb7t k\u00ednh m\u00e0u \u0111en ch\u1ecbu l\u1ef1c ch\u1ecbu nhi\u1ec7t 8mm<br \/>\n\u2022 L\u01b0\u1ee3ng gas ti\u00eau th\u1ee5: 0.30 kg\/h\/l\u00f2<br \/>\n\u2022 K\u00edch th\u01b0\u1edbc m\u1eb7t k\u00ednh: 310 x 550 mm<br \/>\n\u2022 K\u00edch th\u01b0\u1edbc kho\u00e9t \u0111\u00e1: 280 x 500 mm<\/p>\n","protected":false},"featured_media":21434,"comment_status":"open","ping_status":"closed","template":"","meta":[],"product_brand":[],"product_cat":[123,730,164],"product_tag":[],"class_list":{"0":"post-21423","1":"product","2":"type-product","3":"status-publish","4":"has-post-thumbnail","6":"product_cat-bep-gas","7":"product_cat-bep-gas-kaff","8":"product_cat-thuong-hieu-kaff","10":"first","11":"instock","12":"sale","13":"shipping-taxable","14":"purchasable","15":"product-type-simple"},"_links":{"self":[{"href":"https:\/\/livinghome.vn\/thiet-bi\/wp-json\/wp\/v2\/product\/21423","targetHints":{"allow":["GET"]}}],"collection":[{"href":"https:\/\/livinghome.vn\/thiet-bi\/wp-json\/wp\/v2\/product"}],"about":[{"href":"https:\/\/livinghome.vn\/thiet-bi\/wp-json\/wp\/v2\/types\/product"}],"replies":[{"embeddable":true,"href":"https:\/\/livinghome.vn\/thiet-bi\/wp-json\/wp\/v2\/comments?post=21423"}],"wp:featuredmedia":[{"embeddable":true,"href":"https:\/\/livinghome.vn\/thiet-bi\/wp-json\/wp\/v2\/media\/21434"}],"wp:attachment":[{"href":"https:\/\/livinghome.vn\/thiet-bi\/wp-json\/wp\/v2\/media?parent=21423"}],"wp:term":[{"taxonomy":"product_brand","embeddable":true,"href":"https:\/\/livinghome.vn\/thiet-bi\/wp-json\/wp\/v2\/product_brand?post=21423"},{"taxonomy":"product_cat","embeddable":true,"href":"https:\/\/livinghome.vn\/thiet-bi\/wp-json\/wp\/v2\/product_cat?post=21423"},{"taxonomy":"product_tag","embeddable":true,"href":"https:\/\/livinghome.vn\/thiet-bi\/wp-json\/wp\/v2\/product_tag?post=21423"}],"curies":[{"name":"wp","href":"https:\/\/api.w.org\/{rel}","templated":true}]}}