{"id":21420,"date":"2024-05-06T10:44:29","date_gmt":"2024-05-06T03:44:29","guid":{"rendered":"https:\/\/livinghome.vn\/thiet-bi\/?post_type=product&#038;p=21420"},"modified":"2024-11-29T14:18:52","modified_gmt":"2024-11-29T07:18:52","slug":"bep-kinh-am-3-tu-malloca-skylux-mh-803","status":"publish","type":"product","link":"https:\/\/livinghome.vn\/thiet-bi\/bep-kinh-am-3-tu-malloca-skylux-mh-803\/","title":{"rendered":"B\u1ebfp K\u00ednh \u00c2m 3 T\u1eeb Malloca Skylux MH-803"},"content":{"rendered":"<h2>B\u1ebfp K\u00ednh \u00c2m 3 T\u1eeb Malloca Skylux MH-803<\/h2>\n<figure id=\"attachment_21428\" aria-describedby=\"caption-attachment-21428\" style=\"width: 900px\" class=\"wp-caption aligncenter\"><img loading=\"lazy\" decoding=\"async\" class=\"size-full wp-image-21428\" src=\"https:\/\/livinghome.vn\/thiet-bi\/wp-content\/uploads\/2024\/05\/bep-kinh-am-3-tu-malloca-skylux-mh-803-4.jpg\" alt=\"B\u1ebfp K\u00ednh \u00c2m 3 T\u1eeb Malloca Skylux MH-803\" width=\"900\" height=\"900\" title=\"\" srcset=\"https:\/\/livinghome.vn\/thiet-bi\/wp-content\/uploads\/2024\/05\/bep-kinh-am-3-tu-malloca-skylux-mh-803-4.jpg 900w, https:\/\/livinghome.vn\/thiet-bi\/wp-content\/uploads\/2024\/05\/bep-kinh-am-3-tu-malloca-skylux-mh-803-4-400x400.jpg 400w, https:\/\/livinghome.vn\/thiet-bi\/wp-content\/uploads\/2024\/05\/bep-kinh-am-3-tu-malloca-skylux-mh-803-4-800x800.jpg 800w, https:\/\/livinghome.vn\/thiet-bi\/wp-content\/uploads\/2024\/05\/bep-kinh-am-3-tu-malloca-skylux-mh-803-4-280x280.jpg 280w, https:\/\/livinghome.vn\/thiet-bi\/wp-content\/uploads\/2024\/05\/bep-kinh-am-3-tu-malloca-skylux-mh-803-4-768x768.jpg 768w, https:\/\/livinghome.vn\/thiet-bi\/wp-content\/uploads\/2024\/05\/bep-kinh-am-3-tu-malloca-skylux-mh-803-4-300x300.jpg 300w, https:\/\/livinghome.vn\/thiet-bi\/wp-content\/uploads\/2024\/05\/bep-kinh-am-3-tu-malloca-skylux-mh-803-4-600x600.jpg 600w, https:\/\/livinghome.vn\/thiet-bi\/wp-content\/uploads\/2024\/05\/bep-kinh-am-3-tu-malloca-skylux-mh-803-4-100x100.jpg 100w\" sizes=\"auto, (max-width: 900px) 100vw, 900px\" \/><figcaption id=\"caption-attachment-21428\" class=\"wp-caption-text\">B\u1ebfp K\u00ednh \u00c2m 3 T\u1eeb Malloca Skylux MH-803<\/figcaption><\/figure>\n<h3>T\u00ednh n\u0103ng c\u01a1 b\u1ea3n<\/h3>\n<p>B\u1ebfp k\u00ednh \u00e2m 3 t\u1eeb<\/p>\n<p>M\u1eb7t k\u00ednh EuroKera \u2013 m\u00e0u Double Black<\/p>\n<p>H\u1ec7 th\u1ed1ng \u0111i\u1ec1u khi\u1ec3n c\u1ea3m \u1ee9ng d\u1ea1ng tr\u01b0\u1ee3t<\/p>\n<p>M\u00e0n h\u00ecnh hi\u1ec3n th\u1ecb LED<\/p>\n<h3>Th\u00f4ng s\u1ed1 k\u1ef9 thu\u1eadt<\/h3>\n<p>C\u00f4ng su\u1ea5t: 2.3kW + 1.4kW + 2.3kW<\/p>\n<p>(\u00d8200) + (\u00d8160) + (\u00d8200)<\/p>\n<p>T\u1ed5ng c\u00f4ng su\u1ea5t: 6.4kW<\/p>\n<p>K\u00edch th\u01b0\u1edbc b\u1ebfp: W800 x D450 x H56mm<\/p>\n<p>K\u00edch th\u01b0\u1edbc c\u1eaft \u0111\u00e1: W776 x D426mm<\/p>\n<figure id=\"attachment_21426\" aria-describedby=\"caption-attachment-21426\" style=\"width: 900px\" class=\"wp-caption aligncenter\"><img loading=\"lazy\" decoding=\"async\" class=\"size-full wp-image-21426\" src=\"https:\/\/livinghome.vn\/thiet-bi\/wp-content\/uploads\/2024\/05\/bep-kinh-am-3-tu-malloca-skylux-mh-803-2.jpg\" alt=\"B\u1ebfp K\u00ednh \u00c2m 3 T\u1eeb Malloca Skylux MH-803\" width=\"900\" height=\"900\" title=\"\" srcset=\"https:\/\/livinghome.vn\/thiet-bi\/wp-content\/uploads\/2024\/05\/bep-kinh-am-3-tu-malloca-skylux-mh-803-2.jpg 900w, https:\/\/livinghome.vn\/thiet-bi\/wp-content\/uploads\/2024\/05\/bep-kinh-am-3-tu-malloca-skylux-mh-803-2-400x400.jpg 400w, https:\/\/livinghome.vn\/thiet-bi\/wp-content\/uploads\/2024\/05\/bep-kinh-am-3-tu-malloca-skylux-mh-803-2-800x800.jpg 800w, https:\/\/livinghome.vn\/thiet-bi\/wp-content\/uploads\/2024\/05\/bep-kinh-am-3-tu-malloca-skylux-mh-803-2-280x280.jpg 280w, https:\/\/livinghome.vn\/thiet-bi\/wp-content\/uploads\/2024\/05\/bep-kinh-am-3-tu-malloca-skylux-mh-803-2-768x768.jpg 768w, https:\/\/livinghome.vn\/thiet-bi\/wp-content\/uploads\/2024\/05\/bep-kinh-am-3-tu-malloca-skylux-mh-803-2-300x300.jpg 300w, https:\/\/livinghome.vn\/thiet-bi\/wp-content\/uploads\/2024\/05\/bep-kinh-am-3-tu-malloca-skylux-mh-803-2-600x600.jpg 600w, https:\/\/livinghome.vn\/thiet-bi\/wp-content\/uploads\/2024\/05\/bep-kinh-am-3-tu-malloca-skylux-mh-803-2-100x100.jpg 100w\" sizes=\"auto, (max-width: 900px) 100vw, 900px\" \/><figcaption id=\"caption-attachment-21426\" class=\"wp-caption-text\">B\u1ebfp K\u00ednh \u00c2m 3 T\u1eeb Malloca Skylux MH-803<\/figcaption><\/figure>\n<h3>Xu\u1ea5t x\u1ee9 : L\u1eafp r\u00e1p t\u1ea1i Vi\u1ec7t Nam theo b\u1ea3n quy\u1ec1n Malloca Vi\u1ec7t Nam<\/h3>\n<p>&nbsp;<\/p>\n","protected":false},"excerpt":{"rendered":"<h2>B\u1ebfp K\u00ednh \u00c2m 3 T\u1eeb Malloca Skylux MH-803<\/h2>\n<ul>\n<li>B\u1ebfp k\u00ednh \u00e2m 3 t\u1eeb<\/li>\n<li>M\u1eb7t k\u00ednh EuroKera &#8211; Double Black<\/li>\n<li>C\u00f4ng su\u1ea5t: 2.3kW + 1.4kW + 2.3kW (\u00d8200) + (\u00d8160) + (\u00d8200)<\/li>\n<li>T\u1ed5ng c\u00f4ng su\u1ea5t: 6.4kW<\/li>\n<li>K\u00edch th\u01b0\u1edbc b\u1ebfp: W800 x D450 x H56mm<\/li>\n<li>K\u00edch th\u01b0\u1edbc c\u1eaft \u0111\u00e1: W776 x D426mm<\/li>\n<\/ul>\n","protected":false},"featured_media":21425,"comment_status":"open","ping_status":"closed","template":"","meta":[],"product_brand":[],"product_cat":[868,75,720],"product_tag":[76,266],"class_list":{"0":"post-21420","1":"product","2":"type-product","3":"status-publish","4":"has-post-thumbnail","6":"product_cat-bep-3-tu","7":"product_cat-bep-tu","8":"product_cat-bep-tu-malloca","9":"product_tag-bep-tu","10":"product_tag-bep-tu-malloca","12":"first","13":"instock","14":"sale","15":"shipping-taxable","16":"purchasable","17":"product-type-simple"},"_links":{"self":[{"href":"https:\/\/livinghome.vn\/thiet-bi\/wp-json\/wp\/v2\/product\/21420","targetHints":{"allow":["GET"]}}],"collection":[{"href":"https:\/\/livinghome.vn\/thiet-bi\/wp-json\/wp\/v2\/product"}],"about":[{"href":"https:\/\/livinghome.vn\/thiet-bi\/wp-json\/wp\/v2\/types\/product"}],"replies":[{"embeddable":true,"href":"https:\/\/livinghome.vn\/thiet-bi\/wp-json\/wp\/v2\/comments?post=21420"}],"wp:featuredmedia":[{"embeddable":true,"href":"https:\/\/livinghome.vn\/thiet-bi\/wp-json\/wp\/v2\/media\/21425"}],"wp:attachment":[{"href":"https:\/\/livinghome.vn\/thiet-bi\/wp-json\/wp\/v2\/media?parent=21420"}],"wp:term":[{"taxonomy":"product_brand","embeddable":true,"href":"https:\/\/livinghome.vn\/thiet-bi\/wp-json\/wp\/v2\/product_brand?post=21420"},{"taxonomy":"product_cat","embeddable":true,"href":"https:\/\/livinghome.vn\/thiet-bi\/wp-json\/wp\/v2\/product_cat?post=21420"},{"taxonomy":"product_tag","embeddable":true,"href":"https:\/\/livinghome.vn\/thiet-bi\/wp-json\/wp\/v2\/product_tag?post=21420"}],"curies":[{"name":"wp","href":"https:\/\/api.w.org\/{rel}","templated":true}]}}