{"id":21397,"date":"2024-05-06T10:33:19","date_gmt":"2024-05-06T03:33:19","guid":{"rendered":"https:\/\/livinghome.vn\/thiet-bi\/?post_type=product&#038;p=21397"},"modified":"2024-11-29T14:18:52","modified_gmt":"2024-11-29T07:18:52","slug":"bep-gas-am-kaff-kf-321","status":"publish","type":"product","link":"https:\/\/livinghome.vn\/thiet-bi\/bep-gas-am-kaff-kf-321\/","title":{"rendered":"B\u1ebfp gas \u00e2m Kaff KF-321"},"content":{"rendered":"<p data-sourcepos=\"3:1-3:171\"><strong>B\u1ebfp gas \u00e2m 3 l\u00f2 KAFF KF-321<\/strong> l\u00e0 s\u1ea3n ph\u1ea9m cao c\u1ea5p \u0111\u1ebfn t\u1eeb th\u01b0\u01a1ng hi\u1ec7u Kaff n\u1ed5i ti\u1ebfng c\u1ee7a \u0110\u1ee9c, \u0111\u00e1p \u1ee9ng ti\u00eau chu\u1ea9n Ch\u00e2u \u00c2u, mang \u0111\u1ebfn cho b\u1ea1n tr\u1ea3i nghi\u1ec7m n\u1ea5u n\u01b0\u1edbng ho\u00e0n h\u1ea3o.<\/p>\n<p data-sourcepos=\"5:1-5:20\"><strong>\u01afu \u0111i\u1ec3m n\u1ed5i b\u1eadt:<\/strong><\/p>\n<ul data-sourcepos=\"7:1-19:0\">\n<li data-sourcepos=\"7:1-7:171\"><strong>Thi\u1ebft k\u1ebf sang tr\u1ecdng, hi\u1ec7n \u0111\u1ea1i:<\/strong> B\u1ebfp s\u1edf h\u1eefu m\u1eb7t k\u00ednh \u0111en k\u1ebft h\u1ee3p hoa v\u0103n trang nh\u00e3, c\u00f9ng ki\u1ec1ng gang si\u00eau b\u1ec1n b\u1ec9, mang \u0111\u1ebfn v\u1ebb \u0111\u1eb9p sang tr\u1ecdng cho kh\u00f4ng gian b\u1ebfp c\u1ee7a b\u1ea1n.<\/li>\n<li data-sourcepos=\"8:1-8:161\"><strong>N\u1ea5u n\u01b0\u1edbng ti\u1ec7n l\u1ee3i:<\/strong> 3 l\u00f2 n\u1ea5u v\u1edbi 2 b\u1ebfp l\u1edbn v\u00e0 1 b\u1ebfp nh\u1ecf gi\u00fap b\u1ea1n d\u1ec5 d\u00e0ng n\u1ea5u n\u01b0\u1edbng nhi\u1ec1u m\u00f3n \u0103n c\u00f9ng l\u00fac, ph\u00f9 h\u1ee3p v\u1edbi nhu c\u1ea7u c\u1ee7a gia \u0111\u00ecnh \u0111\u00f4ng th\u00e0nh vi\u00ean.<\/li>\n<li data-sourcepos=\"9:1-9:148\"><strong>Ti\u1ebft ki\u1ec7m gas hi\u1ec7u qu\u1ea3:<\/strong> H\u1ec7 th\u1ed1ng m\u00e2m chia l\u1eeda Sabaf si\u00eau b\u1ec1n gi\u00fap \u0111\u1ed1t ch\u00e1y gas t\u1ed1i \u01b0u, ti\u1ebft ki\u1ec7m gas hi\u1ec7u qu\u1ea3 h\u01a1n so v\u1edbi b\u1ebfp gas th\u00f4ng th\u01b0\u1eddng.<\/li>\n<li data-sourcepos=\"10:1-12:77\"><strong>An to\u00e0n khi s\u1eed d\u1ee5ng:<\/strong>\n<ul data-sourcepos=\"11:5-12:77\">\n<li data-sourcepos=\"11:5-11:132\">H\u1ec7 th\u1ed1ng ng\u1eaft gas t\u1ef1 \u0111\u1ed9ng an to\u00e0n theo c\u00f4ng ngh\u1ec7 ti\u00ean ti\u1ebfn \u0111\u1ea3m b\u1ea3o ng\u1eaft gas khi c\u00f3 s\u1ef1 c\u1ed1 tr\u00e0n th\u1ee9c \u0103n hay ng\u1ecdn l\u1eeda b\u1ecb d\u1eadp t\u1eaft.<\/li>\n<li data-sourcepos=\"12:5-12:77\">Ch\u1ebf \u0111\u1ed9 t\u1ef1 \u0111\u1ed9ng ng\u1eaft gas khi qu\u00e1 nhi\u1ec7t gi\u00fap b\u1ea3o v\u1ec7 b\u1ebfp v\u00e0 ng\u01b0\u1eddi s\u1eed d\u1ee5ng.<\/li>\n<\/ul>\n<\/li>\n<li data-sourcepos=\"13:1-13:133\"><strong>D\u1ec5 d\u00e0ng v\u1ec7 sinh:<\/strong> M\u1eb7t k\u00ednh c\u01b0\u1eddng l\u1ef1c d\u00e0y 8mm ch\u1ecbu nhi\u1ec7t t\u1ed1t, d\u1ec5 d\u00e0ng lau ch\u00f9i, gi\u00fap b\u1ea1n lu\u00f4n gi\u1eef cho b\u1ebfp \u0111\u01b0\u1ee3c s\u00e1ng b\u00f3ng nh\u01b0 m\u1edbi.<\/li>\n<li data-sourcepos=\"14:1-19:0\"><strong>T\u00ednh n\u0103ng kh\u00e1c:<\/strong>\n<ul data-sourcepos=\"15:5-19:0\">\n<li data-sourcepos=\"15:5-15:31\">Ch\u1ebf \u0111\u1ed9 h\u00e2m ti\u1ebft ki\u1ec7m gas.<\/li>\n<li data-sourcepos=\"16:5-16:53\">Khay ch\u1ed1ng tr\u00e0n b\u1eb1ng Inox cao c\u1ea5p ch\u1ed1ng g\u1ec9 s\u00e9t.<\/li>\n<li data-sourcepos=\"17:5-17:44\">H\u1ec7 th\u1ed1ng \u0111\u00e1nh l\u1eeda IC s\u1eed d\u1ee5ng pin 1.5V.<\/li>\n<li data-sourcepos=\"18:5-19:0\">N\u00fat b\u1ea5m h\u1ee3p kim si\u00eau b\u1ec1n, \u0111\u1eb9p.<\/li>\n<\/ul>\n<\/li>\n<\/ul>\n<p><img loading=\"lazy\" decoding=\"async\" class=\"alignnone size-full wp-image-21422\" src=\"https:\/\/livinghome.vn\/thiet-bi\/wp-content\/uploads\/2024\/05\/bep-ga-am-kaff-kf-321-2.jpg\" alt=\"\" width=\"1200\" height=\"618\" title=\"\" srcset=\"https:\/\/livinghome.vn\/thiet-bi\/wp-content\/uploads\/2024\/05\/bep-ga-am-kaff-kf-321-2.jpg 1200w, https:\/\/livinghome.vn\/thiet-bi\/wp-content\/uploads\/2024\/05\/bep-ga-am-kaff-kf-321-2-777x400.jpg 777w, https:\/\/livinghome.vn\/thiet-bi\/wp-content\/uploads\/2024\/05\/bep-ga-am-kaff-kf-321-2-768x396.jpg 768w, https:\/\/livinghome.vn\/thiet-bi\/wp-content\/uploads\/2024\/05\/bep-ga-am-kaff-kf-321-2-600x309.jpg 600w\" sizes=\"auto, (max-width: 1200px) 100vw, 1200px\" \/><\/p>\n<p data-sourcepos=\"20:1-20:22\"><strong>Th\u00f4ng s\u1ed1 k\u1ef9 thu\u1eadt:<\/strong><\/p>\n<ul data-sourcepos=\"22:1-33:0\">\n<li data-sourcepos=\"22:1-22:34\">K\u00edch th\u01b0\u1edbc m\u1eb7t b\u1ebfp: 750 x 440 mm<\/li>\n<li data-sourcepos=\"23:1-23:35\">K\u00edch th\u01b0\u1edbc kho\u00e9t \u0111\u00e1: 680 x 380 mm<\/li>\n<li data-sourcepos=\"24:1-24:45\">S\u1ed1 l\u01b0\u1ee3ng b\u1ebfp n\u1ea5u: 3 l\u00f2 (2 l\u00f2 l\u1edbn, 1 l\u00f2 nh\u1ecf)<\/li>\n<li data-sourcepos=\"25:1-25:31\">M\u1ee9c ti\u00eau th\u1ee5 gas: 0.3 kg\/h\/l\u00f2<\/li>\n<li data-sourcepos=\"26:1-26:23\">H\u1ec7 th\u1ed1ng \u0111\u00e1nh l\u1eeda: IC<\/li>\n<li data-sourcepos=\"27:1-27:20\">Ki\u1ec3u d\u00e1ng: \u00c2m k\u00ednh<\/li>\n<li data-sourcepos=\"28:1-28:35\">Ch\u1ea5t li\u1ec7u m\u1eb7t b\u1ebfp: K\u00ednh c\u01b0\u1eddng l\u1ef1c<\/li>\n<li data-sourcepos=\"29:1-29:23\">Ch\u1ea5t li\u1ec7u ki\u1ec1ng: Gang<\/li>\n<li data-sourcepos=\"30:1-30:17\">L\u00f2 n\u01b0\u1edbng: Kh\u00f4ng<\/li>\n<li data-sourcepos=\"31:1-31:27\">H\u00e3ng s\u1ea3n xu\u1ea5t: Kaff (\u0110\u1ee9c)<\/li>\n<li data-sourcepos=\"32:1-33:0\">B\u1ea3o h\u00e0nh: 2 n\u0103m<\/li>\n<\/ul>\n<p data-sourcepos=\"34:1-34:120\"><strong>B\u1ebfp gas \u00e2m 3 l\u00f2 KAFF KF-321<\/strong> l\u00e0 s\u1ef1 l\u1ef1a ch\u1ecdn ho\u00e0n h\u1ea3o cho gia \u0111\u00ecnh b\u1ea1n, gi\u00fap b\u1ea1n n\u1ea5u n\u01b0\u1edbng ngon, ti\u1ebft ki\u1ec7m v\u00e0 an to\u00e0n.<\/p>\n","protected":false},"excerpt":{"rendered":"<p>\u2022 B\u1ebfp gas \u00e2m 03 l\u00f2<br \/>\n\u2022 K\u00ednh d\u00e0y 8mm<br \/>\n\u2022 H\u1ec7 th\u1ed1ng m\u00e2m chia l\u1eeda Sabaf<br \/>\n\u2022 H\u1ec7 th\u1ed1ng c\u1ea3m \u1ee9ng ng\u1eaft gas t\u1ef1 \u0111\u1ed9ng FFD an to\u00e0n<br \/>\n\u2022 Khay ch\u1ed1ng tr\u00e0n inox 304<br \/>\n\u2022 Ki\u1ec1ng gang si\u00eau b\u1ec1n<br \/>\n\u2022 \u0110\u00e1nh l\u1eeda b\u1eb1ng Pin IC 1.5V<br \/>\n\u2022 N\u00fat b\u1ea5m h\u1ee3p kim si\u00eau b\u1ec1n, \u0111\u1eb9p<br \/>\n\u2022 L\u01b0\u1ee3ng gas ti\u00eau th\u1ee5 0.3 Kg\/h\/l\u00f2<br \/>\n\u2022 Ch\u1ebf \u0111\u1ed9 h\u1ea7m ti\u1ebft ki\u1ec7m gas<br \/>\n\u2022 K\u00edch th\u01b0\u1edbc m\u1eb7t k\u00ednh: 780 x 460 mm<br \/>\n\u2022 K\u00edch th\u01b0\u1edbc c\u1eaft \u0111\u00e1: 690 x 375 mm<\/p>\n","protected":false},"featured_media":21421,"comment_status":"open","ping_status":"closed","template":"","meta":[],"product_brand":[],"product_cat":[123,730,164],"product_tag":[],"class_list":{"0":"post-21397","1":"product","2":"type-product","3":"status-publish","4":"has-post-thumbnail","6":"product_cat-bep-gas","7":"product_cat-bep-gas-kaff","8":"product_cat-thuong-hieu-kaff","10":"first","11":"instock","12":"sale","13":"shipping-taxable","14":"purchasable","15":"product-type-simple"},"_links":{"self":[{"href":"https:\/\/livinghome.vn\/thiet-bi\/wp-json\/wp\/v2\/product\/21397","targetHints":{"allow":["GET"]}}],"collection":[{"href":"https:\/\/livinghome.vn\/thiet-bi\/wp-json\/wp\/v2\/product"}],"about":[{"href":"https:\/\/livinghome.vn\/thiet-bi\/wp-json\/wp\/v2\/types\/product"}],"replies":[{"embeddable":true,"href":"https:\/\/livinghome.vn\/thiet-bi\/wp-json\/wp\/v2\/comments?post=21397"}],"wp:featuredmedia":[{"embeddable":true,"href":"https:\/\/livinghome.vn\/thiet-bi\/wp-json\/wp\/v2\/media\/21421"}],"wp:attachment":[{"href":"https:\/\/livinghome.vn\/thiet-bi\/wp-json\/wp\/v2\/media?parent=21397"}],"wp:term":[{"taxonomy":"product_brand","embeddable":true,"href":"https:\/\/livinghome.vn\/thiet-bi\/wp-json\/wp\/v2\/product_brand?post=21397"},{"taxonomy":"product_cat","embeddable":true,"href":"https:\/\/livinghome.vn\/thiet-bi\/wp-json\/wp\/v2\/product_cat?post=21397"},{"taxonomy":"product_tag","embeddable":true,"href":"https:\/\/livinghome.vn\/thiet-bi\/wp-json\/wp\/v2\/product_tag?post=21397"}],"curies":[{"name":"wp","href":"https:\/\/api.w.org\/{rel}","templated":true}]}}