{"id":21391,"date":"2024-05-06T10:12:19","date_gmt":"2024-05-06T03:12:19","guid":{"rendered":"https:\/\/livinghome.vn\/thiet-bi\/?post_type=product&#038;p=21391"},"modified":"2024-11-29T14:18:53","modified_gmt":"2024-11-29T07:18:53","slug":"bep-tu-malloca-skylux-mh-92tft-da-diem","status":"publish","type":"product","link":"https:\/\/livinghome.vn\/thiet-bi\/bep-tu-malloca-skylux-mh-92tft-da-diem\/","title":{"rendered":"B\u1ebfp T\u1eeb Malloca Skylux Mh-92tft \u0110a \u0110i\u1ec3m"},"content":{"rendered":"<h2>B\u1ebfp T\u1eeb Malloca Skylux Mh-92tft \u0110a \u0110i\u1ec3m<\/h2>\n<figure id=\"attachment_21400\" aria-describedby=\"caption-attachment-21400\" style=\"width: 900px\" class=\"wp-caption aligncenter\"><img loading=\"lazy\" decoding=\"async\" class=\"size-full wp-image-21400\" src=\"https:\/\/livinghome.vn\/thiet-bi\/wp-content\/uploads\/2024\/05\/bep-tu-malloca-skylux-mh-92tft-3.jpg\" alt=\"B\u1ebfp T\u1eeb Malloca Skylux Mh-92tft \u0110a \u0110i\u1ec3m\" width=\"900\" height=\"900\" title=\"\" srcset=\"https:\/\/livinghome.vn\/thiet-bi\/wp-content\/uploads\/2024\/05\/bep-tu-malloca-skylux-mh-92tft-3.jpg 900w, https:\/\/livinghome.vn\/thiet-bi\/wp-content\/uploads\/2024\/05\/bep-tu-malloca-skylux-mh-92tft-3-400x400.jpg 400w, https:\/\/livinghome.vn\/thiet-bi\/wp-content\/uploads\/2024\/05\/bep-tu-malloca-skylux-mh-92tft-3-800x800.jpg 800w, https:\/\/livinghome.vn\/thiet-bi\/wp-content\/uploads\/2024\/05\/bep-tu-malloca-skylux-mh-92tft-3-280x280.jpg 280w, https:\/\/livinghome.vn\/thiet-bi\/wp-content\/uploads\/2024\/05\/bep-tu-malloca-skylux-mh-92tft-3-768x768.jpg 768w, https:\/\/livinghome.vn\/thiet-bi\/wp-content\/uploads\/2024\/05\/bep-tu-malloca-skylux-mh-92tft-3-300x300.jpg 300w, https:\/\/livinghome.vn\/thiet-bi\/wp-content\/uploads\/2024\/05\/bep-tu-malloca-skylux-mh-92tft-3-600x600.jpg 600w, https:\/\/livinghome.vn\/thiet-bi\/wp-content\/uploads\/2024\/05\/bep-tu-malloca-skylux-mh-92tft-3-100x100.jpg 100w\" sizes=\"auto, (max-width: 900px) 100vw, 900px\" \/><figcaption id=\"caption-attachment-21400\" class=\"wp-caption-text\">B\u1ebfp T\u1eeb Malloca Skylux Mh-92tft \u0110a \u0110i\u1ec3m<\/figcaption><\/figure>\n<h3>T\u00ednh n\u0103ng c\u01a1 b\u1ea3n<\/h3>\n<p>B\u1ebfp t\u1eeb \u0111a \u0111i\u1ec3m k\u1ebft h\u1ee3p m\u00e0n h\u00ecnh TFT<\/p>\n<p>M\u1eb7t k\u00ednh EuroKera Resin \u2013 m\u00e0u Anthrazit<\/p>\n<p>Hi\u1ec3n th\u1ecb v\u00e0 \u0111i\u1ec1u khi\u1ec3n c\u1ea3m \u1ee9ng tr\u00ean m\u00e0n h\u00ecnh TFT<\/p>\n<p>B\u1ebfp t\u1eeb \u0111a \u0111i\u1ec3m n\u1ea5u t\u1ed1i \u0111a 6 n\u1ed3i ho\u1eb7c ch\u1ea3o<\/p>\n<h3>Th\u00f4ng s\u1ed1 k\u1ef9 thu\u1eadt<\/h3>\n<p>C\u00f4ng su\u1ea5t: 4 x 2.1kW + 4 x 2.1kW + 4 x 2.1kW<\/p>\n<p>T\u1ed5ng c\u00f4ng su\u1ea5t: 9.2kW<\/p>\n<p>K\u00edch th\u01b0\u1edbc b\u1ebfp: W920 x D510 x H54mm<\/p>\n<p>K\u00edch th\u01b0\u1edbc c\u1eaft \u0111\u00e1: W895 x D490mm<\/p>\n<figure id=\"attachment_21399\" aria-describedby=\"caption-attachment-21399\" style=\"width: 900px\" class=\"wp-caption aligncenter\"><img loading=\"lazy\" decoding=\"async\" class=\"size-full wp-image-21399\" src=\"https:\/\/livinghome.vn\/thiet-bi\/wp-content\/uploads\/2024\/05\/bep-tu-malloca-skylux-mh-92tft-2.jpg\" alt=\"B\u1ebfp T\u1eeb Malloca Skylux Mh-92tft \u0110a \u0110i\u1ec3m\" width=\"900\" height=\"900\" title=\"\" srcset=\"https:\/\/livinghome.vn\/thiet-bi\/wp-content\/uploads\/2024\/05\/bep-tu-malloca-skylux-mh-92tft-2.jpg 900w, https:\/\/livinghome.vn\/thiet-bi\/wp-content\/uploads\/2024\/05\/bep-tu-malloca-skylux-mh-92tft-2-400x400.jpg 400w, https:\/\/livinghome.vn\/thiet-bi\/wp-content\/uploads\/2024\/05\/bep-tu-malloca-skylux-mh-92tft-2-800x800.jpg 800w, https:\/\/livinghome.vn\/thiet-bi\/wp-content\/uploads\/2024\/05\/bep-tu-malloca-skylux-mh-92tft-2-280x280.jpg 280w, https:\/\/livinghome.vn\/thiet-bi\/wp-content\/uploads\/2024\/05\/bep-tu-malloca-skylux-mh-92tft-2-768x768.jpg 768w, https:\/\/livinghome.vn\/thiet-bi\/wp-content\/uploads\/2024\/05\/bep-tu-malloca-skylux-mh-92tft-2-300x300.jpg 300w, https:\/\/livinghome.vn\/thiet-bi\/wp-content\/uploads\/2024\/05\/bep-tu-malloca-skylux-mh-92tft-2-600x600.jpg 600w, https:\/\/livinghome.vn\/thiet-bi\/wp-content\/uploads\/2024\/05\/bep-tu-malloca-skylux-mh-92tft-2-100x100.jpg 100w\" sizes=\"auto, (max-width: 900px) 100vw, 900px\" \/><figcaption id=\"caption-attachment-21399\" class=\"wp-caption-text\">B\u1ebfp T\u1eeb Malloca Skylux Mh-92tft \u0110a \u0110i\u1ec3m<\/figcaption><\/figure>\n<h3>Xu\u1ea5t x\u1ee9: L\u1eafp r\u00e1p t\u1ea1i Vi\u1ec7t Nam theo b\u1ea3n quy\u1ec1n Malloca Vi\u1ec7t Nam<\/h3>\n","protected":false},"excerpt":{"rendered":"<h2>B\u1ebfp T\u1eeb Malloca Skylux Mh-92tft \u0110a \u0110i\u1ec3m<\/h2>\n<ul>\n<li>B\u1ebfp t\u1eeb \u0111a \u0111i\u1ec3m t\u00edch h\u1ee3p m\u00e0n h\u00ecnh TFT<\/li>\n<li>M\u1eb7t k\u00ednh EuroKera<\/li>\n<li>C\u00f4ng su\u1ea5t: 4 x 2.1kW + 4 x 2.1kW + 4 x 2.1kW<\/li>\n<li>T\u1ed5ng c\u00f4ng su\u1ea5t: 9.2kW<\/li>\n<li>K\u00edch th\u01b0\u1edbc b\u1ebfp: W920 x D510 x H54mm<\/li>\n<li>K\u00edch th\u01b0\u1edbc c\u1eaft \u0111\u00e1: W895 x D490mm<\/li>\n<\/ul>\n","protected":false},"featured_media":21398,"comment_status":"open","ping_status":"closed","template":"","meta":[],"product_brand":[],"product_cat":[75,720,262],"product_tag":[76,266],"class_list":{"0":"post-21391","1":"product","2":"type-product","3":"status-publish","4":"has-post-thumbnail","6":"product_cat-bep-tu","7":"product_cat-bep-tu-malloca","8":"product_cat-thuong-hieu-malloca","9":"product_tag-bep-tu","10":"product_tag-bep-tu-malloca","12":"first","13":"instock","14":"sale","15":"shipping-taxable","16":"purchasable","17":"product-type-simple"},"_links":{"self":[{"href":"https:\/\/livinghome.vn\/thiet-bi\/wp-json\/wp\/v2\/product\/21391","targetHints":{"allow":["GET"]}}],"collection":[{"href":"https:\/\/livinghome.vn\/thiet-bi\/wp-json\/wp\/v2\/product"}],"about":[{"href":"https:\/\/livinghome.vn\/thiet-bi\/wp-json\/wp\/v2\/types\/product"}],"replies":[{"embeddable":true,"href":"https:\/\/livinghome.vn\/thiet-bi\/wp-json\/wp\/v2\/comments?post=21391"}],"wp:featuredmedia":[{"embeddable":true,"href":"https:\/\/livinghome.vn\/thiet-bi\/wp-json\/wp\/v2\/media\/21398"}],"wp:attachment":[{"href":"https:\/\/livinghome.vn\/thiet-bi\/wp-json\/wp\/v2\/media?parent=21391"}],"wp:term":[{"taxonomy":"product_brand","embeddable":true,"href":"https:\/\/livinghome.vn\/thiet-bi\/wp-json\/wp\/v2\/product_brand?post=21391"},{"taxonomy":"product_cat","embeddable":true,"href":"https:\/\/livinghome.vn\/thiet-bi\/wp-json\/wp\/v2\/product_cat?post=21391"},{"taxonomy":"product_tag","embeddable":true,"href":"https:\/\/livinghome.vn\/thiet-bi\/wp-json\/wp\/v2\/product_tag?post=21391"}],"curies":[{"name":"wp","href":"https:\/\/api.w.org\/{rel}","templated":true}]}}