{"id":2139,"date":"2023-01-12T16:46:17","date_gmt":"2023-01-12T16:46:17","guid":{"rendered":"https:\/\/livinghome.vn\/thiet-bi\/?post_type=product&#038;p=2139"},"modified":"2024-11-29T14:20:33","modified_gmt":"2024-11-29T07:20:33","slug":"lo-nuong-teka-pizza-hlb-8510-p-nuong-pizza-chuyen-nghiep-dung-tich-71l","status":"publish","type":"product","link":"https:\/\/livinghome.vn\/thiet-bi\/lo-nuong-teka-pizza-hlb-8510-p-nuong-pizza-chuyen-nghiep-dung-tich-71l\/","title":{"rendered":"L\u00f2 n\u01b0\u1edbng Teka PIZZA HLB 8510 P n\u01b0\u1edbng Pizza chuy\u00ean nghi\u1ec7p dung t\u00edch 71L"},"content":{"rendered":"<h3>L\u00f2 n\u01b0\u1edbng Teka PIZZA HLB 8510 P n\u01b0\u1edbng Pizza chuy\u00ean nghi\u1ec7p dung t\u00edch 71L<\/h3>\n<figure id=\"attachment_65827\" aria-describedby=\"caption-attachment-65827\" style=\"width: 900px\" class=\"wp-caption alignnone\"><img loading=\"lazy\" decoding=\"async\" class=\"wp-image-65827\" src=\"https:\/\/livinghome.vn\/thiet-bi\/wp-content\/uploads\/nha-bep\/teka\/lo-nuong\/lo-nuong-teka-pizza-hlb-8510-p\/lo-nuong-teka-pizza-hlb-8510-p-4.jpg\" alt=\"L\u00f2 n\u01b0\u1edbng Teka PIZZA HLB 8510 P n\u01b0\u1edbng Pizza chuy\u00ean nghi\u1ec7p dung t\u00edch 71L\" width=\"900\" height=\"506\" title=\"\"><figcaption id=\"caption-attachment-65827\" class=\"wp-caption-text\">L\u00f2 n\u01b0\u1edbng Teka PIZZA HLB 8510 P n\u01b0\u1edbng Pizza chuy\u00ean nghi\u1ec7p dung t\u00edch 71L<\/figcaption><\/figure>\n<p>C\u00f3 nhi\u1ec1u s\u1ef1 l\u1ef1a ch\u1ecdn v\u1edbi 8 ch\u1ee9c n\u0103ng n\u01b0\u1edbng tr\u00ean m\u1ed9t s\u1ea3n ph\u1ea9m, l\u00f2 n\u01b0\u1edbng Teka PIZZA HLB 8510 P gi\u00fap b\u1ea1n c\u00f3 n\u1ea5u \u0111\u01b0\u1ee3c \u0111a d\u1ea1ng c\u00e1c m\u00f3n \u0103n ph\u00f9 h\u1ee3p<\/p>\n<h3>T\u00ednh n\u0103ng c\u01a1 b\u1ea3n<\/h3>\n<ul>\n<li><a href=\"https:\/\/livinghome.vn\/thiet-bi\/lo-nuong-am\/\">L\u00f2 n\u01b0\u1edbng<\/a> &#8211; L\u00f2 n\u01b0\u1edbng \u00e2m t\u1ee7<\/li>\n<li>Ch\u1ee9c n\u0103ng t\u1ef1 l\u00e0m n\u00f3ng l\u00f2<\/li>\n<li>B\u1ea3ng \u0111i\u1ec1u khi\u1ec3n c\u1ea3m \u1ee9ng<\/li>\n<li>M\u1ee9c n\u0103ng l\u01b0\u1ee3ng A+ ti\u1ebft ki\u1ec7m 20% \u0111i\u1ec7n n\u0103ng<\/li>\n<li>Khay n\u01b0\u1edbng \u0111\u1eb7c bi\u1ec7t cho b\u00e1nh Pizza<\/li>\n<li>Dao c\u1eaft b\u00e1nh Pizza b\u1eb1ng th\u00e9p kh\u00f4ng g\u1ec9<\/li>\n<li>Khoang l\u00f2 tr\u00e1ng men ch\u1ed1ng d\u00ednh<\/li>\n<li>C\u1eeda l\u00f2 4 l\u1edbp c\u00f3 th\u1ec3 th\u00e1o r\u1eddi v\u00e0 c\u00e1ch nhi\u1ec7t<\/li>\n<li>H\u1ec7 th\u1ed1ng t\u1ef1 \u0111\u1ed9ng ng\u1eaft ngu\u1ed3n an to\u00e0n.<\/li>\n<li>Kh\u00f3a c\u1eeda l\u00f2 t\u1ef1 \u0111\u1ed9ng v\u00e0 kh\u00f3a an to\u00e0n cho tr\u1ebb em<\/li>\n<li>C\u00f4ng ngh\u1ec7 v\u1ec7 sinh k\u00e9p: nhi\u1ec7t ph\u00e2n v\u00e0 h\u01a1i n\u01b0\u1edbc.<\/li>\n<\/ul>\n<figure id=\"attachment_65829\" aria-describedby=\"caption-attachment-65829\" style=\"width: 900px\" class=\"wp-caption alignnone\"><img loading=\"lazy\" decoding=\"async\" class=\"wp-image-65829\" src=\"https:\/\/livinghome.vn\/thiet-bi\/wp-content\/uploads\/nha-bep\/teka\/lo-nuong\/lo-nuong-teka-pizza-hlb-8510-p\/lo-nuong-teka-pizza-hlb-8510-p-5.jpg\" alt=\"L\u00f2 n\u01b0\u1edbng Teka PIZZA HLB 8510 P n\u01b0\u1edbng Pizza chuy\u00ean nghi\u1ec7p dung t\u00edch 71L\" width=\"900\" height=\"506\" title=\"\"><figcaption id=\"caption-attachment-65829\" class=\"wp-caption-text\">L\u00f2 n\u01b0\u1edbng Teka PIZZA HLB 8510 P n\u01b0\u1edbng Pizza chuy\u00ean nghi\u1ec7p dung t\u00edch 71L<\/figcaption><\/figure>\n<p>Nhi\u1ec7t \u0111\u1ed9 ho\u00e0n h\u1ea3o:\u00a0Ch\u1ee9c n\u0103ng pizza t\u1ef1 \u0111\u1ed9ng v\u1edbi nhi\u1ec7t 340\u00baC;\u00a0b\u1ea1n c\u00f3 th\u1ec3 \u0111\u1ea1t t\u1edbi 340\u00baC, nhi\u1ec7t \u0111\u1ed9 ho\u00e0n h\u1ea3o \u0111\u1ec3 n\u1ea5u m\u1ed9t chi\u1ebfc b\u00e1nh pizza v\u1edbi k\u1ebft qu\u1ea3 ho\u00e0n h\u1ea3o.<\/p>\n<h3>Th\u00f4ng s\u1ed1 k\u1ef9 thu\u1eadt<\/h3>\n<ul>\n<li>Dung t\u00edch l\u00f2 : 71 l\u00edt<\/li>\n<li>C\u00f4ng su\u1ea5t n\u01b0\u1edbng cao nh\u1ea5t 340\u00baC<\/li>\n<li>8 ch\u1ee9c n\u0103ng n\u01b0\u1edbng v\u1edbi c\u00f4ng su\u1ea5t 3552W<\/li>\n<\/ul>\n<h4 class=\"et_pb_toggle_title\">K\u00edch th\u01b0\u1edbc chung<\/h4>\n<div class=\"et_pb_toggle_content clearfix\">\n<ul>\n<li>Chi\u1ec1u cao(mm):\u00a0595<\/li>\n<li>Chi\u1ec1u r\u1ed9ng (mm):\u00a0595<\/li>\n<li>\u0110\u1ed9 s\u00e2u (mm):\u00a0537+22<\/li>\n<li>Tr\u1ecdng l\u01b0\u1ee3ng (Kgs):\u00a034<\/li>\n<\/ul>\n<h4 class=\"et_pb_toggle_title\"><span style=\"font-size: 14.4px;\">K\u1ebft n\u1ed1i \u0111i\u1ec7n<\/span><\/h4>\n<div class=\"et_pb_toggle_content clearfix\">\n<div class=\"et_pb_toggle_content clearfix\">\n<ul>\n<li>C\u00f4ng su\u1ea5t ti\u00eau chu\u1ea9n t\u1ed1i \u0111a (W):\u00a03552<\/li>\n<li>T\u1ea7n s\u1ed1 (Hz):\u00a050\/60<\/li>\n<li>C\u00f4ng su\u1ea5t (V):\u00a0220\/240<\/li>\n<li>Chi\u1ec1u d\u00e0i d\u00e2y c\u00e1p (cm):\u00a0110<\/li>\n<\/ul>\n<h4 class=\"et_pb_toggle_title\">Ti\u00eau th\u1ee5 n\u0103ng l\u01b0\u1ee3ng<\/h4>\n<div class=\"et_pb_toggle_content clearfix\">\n<ul>\n<li>\u0110i\u1ec7n n\u0103ng thanh nhi\u1ec7t d\u01b0\u1edbi (W):\u00a01050<\/li>\n<li>N\u01b0\u1edbng (W):\u00a01400<\/li>\n<li>N\u01b0\u1edbng l\u1eeda l\u1edbn Maxi (W):\u00a02450<\/li>\n<li>Truy\u1ec1n th\u1ed1ng (W):\u00a02450<\/li>\n<li>N\u01b0\u1edbng \u0111\u1ed1i l\u01b0u Turbo (W):\u00a02000<\/li>\n<li>\u0110a ch\u1ee9c n\u0103ng Turbo (W):\u00a025<\/li>\n<li>\u0110\u1ed9ng c\u01a1 qu\u1ea1t l\u00e0m m\u00e1t (W):\u00a030<\/li>\n<\/ul>\n<figure id=\"attachment_66899\" aria-describedby=\"caption-attachment-66899\" style=\"width: 800px\" class=\"wp-caption alignnone\"><img loading=\"lazy\" decoding=\"async\" class=\"wp-image-66899 size-large\" src=\"https:\/\/livinghome.vn\/thiet-bi\/wp-content\/uploads\/nha-bep\/teka\/lo-nuong\/lo-nuong-teka-pizza-hlb-8510-p\/lo-nuong-teka-pizza-hlb-8510-p-8-800x800.jpg\" alt=\"L\u00f2 n\u01b0\u1edbng Teka PIZZA HLB 8510 P n\u01b0\u1edbng Pizza chuy\u00ean nghi\u1ec7p dung t\u00edch 71L\" width=\"800\" height=\"800\" title=\"\"><figcaption id=\"caption-attachment-66899\" class=\"wp-caption-text\">L\u00f2 n\u01b0\u1edbng Teka PIZZA HLB 8510 P n\u01b0\u1edbng Pizza chuy\u00ean nghi\u1ec7p dung t\u00edch 71L<\/figcaption><\/figure>\n<\/div>\n<\/div>\n<\/div>\n<\/div>\n<h3>Xu\u1ea5t x\u1ee9:\u00a0T\u00e2y Ban Nha<\/h3>\n<div><\/div>\n","protected":false},"excerpt":{"rendered":"<div id=\"product-title\" class=\"et_pb_module et_pb_text et_pb_bg_layout_light et_pb_text_align_left\">\n<div class=\"et_pb_text_inner\">\n<h1>L\u00f2 n\u01b0\u1edbng Pizza chuy\u00ean nghi\u1ec7p<\/h1>\n<\/div>\n<\/div>\n<div class=\"et_pb_module et_pb_text et_pb_text_1 et_pb_bg_layout_light et_pb_text_align_left\">\n<div class=\"et_pb_text_inner\">\n<div id=\"product-content\">\n<ul>\n<li>Dung t\u00edch l\u00f2 : 71 l\u00edt<\/li>\n<li>C\u00f4ng su\u1ea5t n\u01b0\u1edbng cao nh\u1ea5t 340\u00baC<\/li>\n<li>8 ch\u1ee9c n\u0103ng n\u01b0\u1edbng v\u1edbi c\u00f4ng su\u1ea5t 3552W<\/li>\n<li>Khay n\u01b0\u1edbng \u0111\u1eb7c bi\u1ec7t cho b\u00e1nh Pizza<\/li>\n<li>B\u1ea3ng \u0111i\u1ec1u khi\u1ec3n c\u1ea3m \u1ee9ng<\/li>\n<li>M\u1ee9c n\u0103ng l\u01b0\u1ee3ng A+ ti\u1ebft ki\u1ec7m 20% \u0111i\u1ec7n n\u0103ng<\/li>\n<li>Xu\u1ea5t x\u1ee9 : T\u00e2y Ban Nha<\/li>\n<\/ul>\n<\/div>\n<\/div>\n<\/div>\n","protected":false},"featured_media":2316,"comment_status":"open","ping_status":"closed","template":"","meta":[],"product_brand":[],"product_cat":[95,328,311],"product_tag":[96,154,330,313],"class_list":{"0":"post-2139","1":"product","2":"type-product","3":"status-publish","4":"has-post-thumbnail","6":"product_cat-lo-nuong","7":"product_cat-lo-nuong-teka","8":"product_cat-thuong-hieu-teka","9":"product_tag-lo-nuong","10":"product_tag-lo-nuong-am","11":"product_tag-lo-nuong-teka","12":"product_tag-teka","14":"first","15":"instock","16":"sale","17":"shipping-taxable","18":"purchasable","19":"product-type-simple"},"_links":{"self":[{"href":"https:\/\/livinghome.vn\/thiet-bi\/wp-json\/wp\/v2\/product\/2139","targetHints":{"allow":["GET"]}}],"collection":[{"href":"https:\/\/livinghome.vn\/thiet-bi\/wp-json\/wp\/v2\/product"}],"about":[{"href":"https:\/\/livinghome.vn\/thiet-bi\/wp-json\/wp\/v2\/types\/product"}],"replies":[{"embeddable":true,"href":"https:\/\/livinghome.vn\/thiet-bi\/wp-json\/wp\/v2\/comments?post=2139"}],"wp:featuredmedia":[{"embeddable":true,"href":"https:\/\/livinghome.vn\/thiet-bi\/wp-json\/wp\/v2\/media\/2316"}],"wp:attachment":[{"href":"https:\/\/livinghome.vn\/thiet-bi\/wp-json\/wp\/v2\/media?parent=2139"}],"wp:term":[{"taxonomy":"product_brand","embeddable":true,"href":"https:\/\/livinghome.vn\/thiet-bi\/wp-json\/wp\/v2\/product_brand?post=2139"},{"taxonomy":"product_cat","embeddable":true,"href":"https:\/\/livinghome.vn\/thiet-bi\/wp-json\/wp\/v2\/product_cat?post=2139"},{"taxonomy":"product_tag","embeddable":true,"href":"https:\/\/livinghome.vn\/thiet-bi\/wp-json\/wp\/v2\/product_tag?post=2139"}],"curies":[{"name":"wp","href":"https:\/\/api.w.org\/{rel}","templated":true}]}}