{"id":21389,"date":"2024-05-06T09:57:05","date_gmt":"2024-05-06T02:57:05","guid":{"rendered":"https:\/\/livinghome.vn\/thiet-bi\/?post_type=product&#038;p=21389"},"modified":"2024-11-29T14:18:53","modified_gmt":"2024-11-29T07:18:53","slug":"bep-tu-kaff-kf-h33is","status":"publish","type":"product","link":"https:\/\/livinghome.vn\/thiet-bi\/bep-tu-kaff-kf-h33is\/","title":{"rendered":"B\u1ebfp T\u1eeb Kaff KF-H33IS"},"content":{"rendered":"<h4><strong>TH\u00d4NG S\u1ed0 K\u1ef8 THU\u1eacT B\u1ebeP T\u1eea DOMINO KAFF KF-H33IS (1 B\u1ebeP N\u1ea4U)<\/strong><\/h4>\n<p>Model : KF-H33IS<br \/>\nMade in : Malaysia<br \/>\nTh\u01b0\u01a1ng Hi\u1ec7u : KAFF<br \/>\nB\u1ea3o h\u00e0nh : 05 n\u0103m<br \/>\nS\u1ed1 v\u00f9ng n\u1ea5u : 01 (1 b\u1ebfp t\u1eeb)<\/p>\n<p><img loading=\"lazy\" decoding=\"async\" class=\"size-full wp-image-21392 aligncenter\" src=\"https:\/\/livinghome.vn\/thiet-bi\/wp-content\/uploads\/2024\/05\/bep-tu-kaff-kf-h33is-1.jpg\" alt=\"\" width=\"800\" height=\"800\" title=\"\" srcset=\"https:\/\/livinghome.vn\/thiet-bi\/wp-content\/uploads\/2024\/05\/bep-tu-kaff-kf-h33is-1.jpg 800w, https:\/\/livinghome.vn\/thiet-bi\/wp-content\/uploads\/2024\/05\/bep-tu-kaff-kf-h33is-1-400x400.jpg 400w, https:\/\/livinghome.vn\/thiet-bi\/wp-content\/uploads\/2024\/05\/bep-tu-kaff-kf-h33is-1-280x280.jpg 280w, https:\/\/livinghome.vn\/thiet-bi\/wp-content\/uploads\/2024\/05\/bep-tu-kaff-kf-h33is-1-768x768.jpg 768w, https:\/\/livinghome.vn\/thiet-bi\/wp-content\/uploads\/2024\/05\/bep-tu-kaff-kf-h33is-1-300x300.jpg 300w, https:\/\/livinghome.vn\/thiet-bi\/wp-content\/uploads\/2024\/05\/bep-tu-kaff-kf-h33is-1-600x600.jpg 600w, https:\/\/livinghome.vn\/thiet-bi\/wp-content\/uploads\/2024\/05\/bep-tu-kaff-kf-h33is-1-100x100.jpg 100w\" sizes=\"auto, (max-width: 800px) 100vw, 800px\" \/><\/p>\n<h4><strong>\u0110\u1eb7c t\u00ednh n\u1ed5i b\u1eadt c\u1ee7a b\u1ebfp t\u1eeb KAFF KF-H33IS<\/strong><\/h4>\n<p>\u2013 Thi\u1ebft k\u1ebf d\u1ea1ng \u00e2m, ki\u1ec3u d\u00e1ng sang tr\u1ecdng, m\u1eb7t b\u1ebfp b\u1eb1ng k\u00ednh Crystal m\u00e0u \u0111en cao c\u1ea5p ch\u1ed1ng s\u1ed1c nhi\u1ec7t<br \/>\n\u2013 \u0110\u01b0\u1ee3c thi\u1ebft k\u1ebf 01 b\u1ebfp n\u1ea5u v\u1edbi c\u00f4ng su\u1ea5t 2000 W<br \/>\n\u2013 \u0110i\u1ec1u khi\u1ec3n nhi\u1ec7t \u0111\u1ed9 c\u1ea3m \u1ee9ng Slider trung t\u00e2m<br \/>\n\u2013 09 m\u1ee9c c\u00f4ng su\u1ea5t \u0111i\u1ec1u ch\u1ec9nh nhi\u1ec7t \u0111\u1ed9<br \/>\n\u2013 Bo m\u1ea1ch IGB SIMENS Madein Germany<br \/>\n\u2013 Ch\u1ee9c n\u0103ng gia nhi\u1ec7t nhanh, gi\u1eef \u1ea5m th\u1ef1c ph\u1ea9m<br \/>\n\u2013 Ch\u1ee9c n\u0103ng ki\u1ec3m so\u00e1t ch\u1ebf \u0111\u1ed9 chi\u00ean, x\u00e0o<br \/>\n\u2013 Ch\u1ee9c n\u0103ng h\u00e2m n\u00f3ng<br \/>\n\u2013 Ch\u1ee9c n\u0103ng t\u1ea1m d\u1eebng nhi\u1ec7t \u0111\u1ed9 khi \u0111un n\u1ea5u<\/p>\n<h4><strong>Ch\u1ee9c n\u0103ng an to\u00e0n b\u1ebfp t\u1eeb KAFF KF-H33IS<\/strong><\/h4>\n<p>\u2013 T\u1ef1 t\u1eaft khi \u0111un n\u1ea5u b\u1ecb tr\u00e0o ra b\u1ebfp<br \/>\n\u2013 V\u1ec7 sinh b\u1ebfp d\u1ec5 d\u00e0ng, m\u1eb7t b\u1ebfp b\u1eb1ng k\u00ednh m\u00e0u \u0111en<br \/>\n\u2013 H\u1ec7 th\u1ed1ng c\u1ea3nh b\u00e1o nhi\u1ec7t<br \/>\n\u2013 T\u1ef1 \u0111\u1ed9ng t\u1eaft b\u00e1o hi\u1ec7u khi b\u1ebfp kh\u1edfi \u0111\u1ed9ng kh\u00f4ng c\u00f3 xoong n\u1ed3i<br \/>\n\u2013 Ch\u1ee9c n\u0103ng t\u1ef1 nh\u1eadn di\u1ec7n v\u00f9ng n\u1ea5u<br \/>\n\u2013 Ch\u1ee9c n\u0103ng kh\u00f3a tr\u1ebb em th\u00f4ng minh<br \/>\n\u2013 Ch\u1ee9c n\u0103ng h\u1eb9n gi\u1edd cho t\u1eebng v\u00f9ng n\u1ea5u<\/p>\n<h4><strong>K\u00edch th\u01b0\u1edbc b\u1ebfp T\u1eeb KF-H33IS<\/strong><\/h4>\n<p>\u2013 K\u00edch th\u01b0\u1edbc t\u1ed5ng: 390 x 325 mm<br \/>\n\u2013 K\u00edch th\u01b0\u1edbc kho\u00e9t l\u1ed7 : 360 x 295 mm<br \/>\n\u2013 C\u00f4ng su\u1ea5t b\u1ebfp : 2000 W<br \/>\n\u2013 \u0110i\u1ec7n \u00e1p : 220 \u2013 240 V \/ 50 \u2013 60 Hz<\/p>\n","protected":false},"excerpt":{"rendered":"<div id=\"input_line_0\"><span id=\"input_part_0\" class=\"\" data-mention=\"\u2022 B\u1ebfp t\u1eeb Domino: 01 t\u1eeb - Made in Malaysia\">\u2022 B\u1ebfp t\u1eeb Domino: 01 t\u1eeb \u2013 Made in Malaysia<\/span><\/div>\n<div id=\"input_line_1\"><span id=\"input_part_0\" class=\"\" data-mention=\"\u2022 M\u1eb7t k\u00ednh Crystal si\u00eau b\u1ec1n, ch\u1ecbu l\u1ef1c ch\u1ecbu s\u1ed1c nhi\u1ec7t\">\u2022 M\u1eb7t k\u00ednh Crystal si\u00eau b\u1ec1n, ch\u1ecbu l\u1ef1c ch\u1ecbu s\u1ed1c nhi\u1ec7t<\/span><\/div>\n<div id=\"input_line_2\"><span id=\"input_part_0\" class=\"\" data-mention=\"\u2022 IGBT SIMENS Made in Germany\">\u2022 IGBT SIMENS Made in Germany<\/span><\/div>\n<div id=\"input_line_3\"><span id=\"input_part_0\" class=\"\" data-mention=\"\u2022 C\u00f4ng ngh\u1ec7 bi\u1ebfn t\u1ea7n INVERTER ti\u1ebft ki\u1ec7m 40% \u0111i\u1ec7n n\u0103ng\">\u2022 C\u00f4ng ngh\u1ec7 bi\u1ebfn t\u1ea7n INVERTER ti\u1ebft ki\u1ec7m 40% \u0111i\u1ec7n n\u0103ng<\/span><\/div>\n<div id=\"input_line_4\"><span id=\"input_part_0\" class=\"\" data-mention=\"\u2022 9 d\u00e3y c\u00f4ng su\u1ea5t + Booster c\u1ef1c nhanh\">\u2022 9 d\u00e3y c\u00f4ng su\u1ea5t + Booster c\u1ef1c nhanh<\/span><\/div>\n<div id=\"input_line_5\"><span id=\"input_part_0\" class=\"\" data-mention=\"\u2022 \u0110i\u1ec1u khi\u1ec3n c\u1ea3m \u1ee9ng d\u1ea1ng tr\u01b0\u1ee3t Slider \u1ea9n tr\u00ean m\u1eb7t b\u1ebfp\">\u2022 \u0110i\u1ec1u khi\u1ec3n c\u1ea3m \u1ee9ng d\u1ea1ng tr\u01b0\u1ee3t Slider \u1ea9n tr\u00ean m\u1eb7t b\u1ebfp<\/span><\/div>\n<div id=\"input_line_6\"><span id=\"input_part_0\" class=\"\" data-mention=\"\u2022 Ch\u1ee9c n\u0103ng h\u1eb9n gi\u1edd 99 ph\u00fat v\u00e0 kh\u00f3a tr\u1ebb em th\u00f4ng minh\">\u2022 Ch\u1ee9c n\u0103ng h\u1eb9n gi\u1edd 99 ph\u00fat v\u00e0 kh\u00f3a tr\u1ebb em th\u00f4ng minh<\/span><\/div>\n<div id=\"input_line_7\"><span id=\"input_part_0\" class=\"\" data-mention=\"\u2022 Ch\u1ee9c n\u0103ng chi\u00ean x\u00e0o\">\u2022 Ch\u1ee9c n\u0103ng chi\u00ean x\u00e0o<\/span><\/div>\n<div id=\"input_line_8\"><span id=\"input_part_0\" class=\"\" data-mention=\"\u2022 Ch\u1ee9c n\u0103ng t\u1ea1m d\u1eebng\">\u2022 Ch\u1ee9c n\u0103ng t\u1ea1m d\u1eebng<\/span><\/div>\n<div id=\"input_line_9\"><span id=\"input_part_0\" class=\"\" data-mention=\"\u2022 Ch\u1ee9c n\u0103ng h\u1eb9n gi\u1edd\">\u2022 Ch\u1ee9c n\u0103ng h\u1eb9n gi\u1edd<\/span><\/div>\n<div id=\"input_line_10\"><span id=\"input_part_0\" class=\"\" data-mention=\"\u2022 C\u1ea3m \u1ee9ng qu\u00e1 nhi\u1ec7t, qu\u00e1 \u0111i\u1ec7n \u00e1p an to\u00e0n b\u1ea3o v\u1ec7 b\u1ebfp\">\u2022 C\u1ea3m \u1ee9ng qu\u00e1 nhi\u1ec7t, qu\u00e1 \u0111i\u1ec7n \u00e1p an to\u00e0n b\u1ea3o v\u1ec7 b\u1ebfp<\/span><\/div>\n<div id=\"input_line_11\"><span id=\"input_part_0\" class=\"\" data-mention=\"\u2022 C\u00f4ng su\u1ea5t b\u1ebfp: 2200W (Booster 3200W)\">\u2022 C\u00f4ng su\u1ea5t b\u1ebfp: 2200W (Booster 3200W)<\/span><\/div>\n<div id=\"input_line_12\"><span id=\"input_part_0\" class=\"\" data-mention=\"\u2022 Ngu\u1ed3n \u0111i\u1ec7n: 220V - 240V AC\/50 - 60Hz\">\u2022 Ngu\u1ed3n \u0111i\u1ec7n: 220V \u2013 240V AC\/50 \u2013 60Hz<\/span><\/div>\n<div id=\"input_line_13\"><span id=\"input_part_0\" class=\"\" data-mention=\"\u2022 K\u00edch th\u01b0\u1edbc m\u1eb7t k\u00ednh: 390x320 mm\">\u2022 K\u00edch th\u01b0\u1edbc m\u1eb7t k\u00ednh: 390\u00d7320 mm<\/span><\/div>\n<div id=\"input_line_14\"><span id=\"input_part_0\" class=\"\" data-mention=\"\u2022 K\u00edch th\u01b0\u1edbc kho\u00e9t \u0111\u00e1: 370x300 mm\">\u2022 K\u00edch th\u01b0\u1edbc kho\u00e9t \u0111\u00e1: 370\u00d7300 mm<\/span><\/div>\n","protected":false},"featured_media":21392,"comment_status":"open","ping_status":"closed","template":"","meta":[],"product_brand":[],"product_cat":[75,717,164],"product_tag":[],"class_list":{"0":"post-21389","1":"product","2":"type-product","3":"status-publish","4":"has-post-thumbnail","6":"product_cat-bep-tu","7":"product_cat-bep-tu-kaff","8":"product_cat-thuong-hieu-kaff","10":"first","11":"instock","12":"sale","13":"shipping-taxable","14":"purchasable","15":"product-type-simple"},"_links":{"self":[{"href":"https:\/\/livinghome.vn\/thiet-bi\/wp-json\/wp\/v2\/product\/21389","targetHints":{"allow":["GET"]}}],"collection":[{"href":"https:\/\/livinghome.vn\/thiet-bi\/wp-json\/wp\/v2\/product"}],"about":[{"href":"https:\/\/livinghome.vn\/thiet-bi\/wp-json\/wp\/v2\/types\/product"}],"replies":[{"embeddable":true,"href":"https:\/\/livinghome.vn\/thiet-bi\/wp-json\/wp\/v2\/comments?post=21389"}],"wp:featuredmedia":[{"embeddable":true,"href":"https:\/\/livinghome.vn\/thiet-bi\/wp-json\/wp\/v2\/media\/21392"}],"wp:attachment":[{"href":"https:\/\/livinghome.vn\/thiet-bi\/wp-json\/wp\/v2\/media?parent=21389"}],"wp:term":[{"taxonomy":"product_brand","embeddable":true,"href":"https:\/\/livinghome.vn\/thiet-bi\/wp-json\/wp\/v2\/product_brand?post=21389"},{"taxonomy":"product_cat","embeddable":true,"href":"https:\/\/livinghome.vn\/thiet-bi\/wp-json\/wp\/v2\/product_cat?post=21389"},{"taxonomy":"product_tag","embeddable":true,"href":"https:\/\/livinghome.vn\/thiet-bi\/wp-json\/wp\/v2\/product_tag?post=21389"}],"curies":[{"name":"wp","href":"https:\/\/api.w.org\/{rel}","templated":true}]}}